{"id":955,"date":"2023-01-19T19:31:00","date_gmt":"2023-01-19T18:31:00","guid":{"rendered":"https:\/\/splitboarding.rs\/?page_id=955"},"modified":"2023-01-25T19:07:50","modified_gmt":"2023-01-25T18:07:50","slug":"lavinska-oprema","status":"publish","type":"page","link":"https:\/\/splitboarding.rs\/en\/lavinska-oprema\/","title":{"rendered":"Avalanche equipment"},"content":{"rendered":"<p>Za bek-kantri skijanje (ski-turing, splitbording) posebno va\u017ean deo opreme jeste lavinska oprema. Prakti\u010dno, bez ove opreme ne bi trebalo uop\u0161te kretati na turu. Lavine su jedna od najve\u0107ih opasnosti zimi u planinama. Mogu\u0107nost da se sne\u017eni pokriva\u010d pokrene i obru\u0161i na vas zavisi od vi\u0161e faktora (koli\u010dina snega, temperatura, vetrovi, kretanje ljudi, \u017eivotinje, doba dana). Vi\u0161e o samim lavinama obradi\u0107emo u drugom tekstu, a ovde govorimo o opremi koja vam mo\u017ee bukvalno spasiti \u017eivot, ukoliko se na\u0111ete u situaciji da vas pokupi lavina.<\/p>\n\n\n\n<figure class=\"wp-block-gallery has-nested-images columns-default is-cropped wp-block-gallery-1 is-layout-flex wp-block-gallery-is-layout-flex\">\n<figure class=\"wp-block-image size-full\"><a href=\"https:\/\/splitboarding.rs\/wp-content\/uploads\/2023\/01\/Lavinska-oprema.jpg\"><img loading=\"lazy\" decoding=\"async\" width=\"1920\" height=\"1080\" data-id=\"1103\" src=\"https:\/\/splitboarding.rs\/wp-content\/uploads\/2023\/01\/Lavinska-oprema.jpg\" alt=\"\" class=\"wp-image-1103\" srcset=\"https:\/\/splitboarding.rs\/wp-content\/uploads\/2023\/01\/Lavinska-oprema.jpg 1920w, https:\/\/splitboarding.rs\/wp-content\/uploads\/2023\/01\/Lavinska-oprema-300x169.jpg 300w, https:\/\/splitboarding.rs\/wp-content\/uploads\/2023\/01\/Lavinska-oprema-1024x576.jpg 1024w, https:\/\/splitboarding.rs\/wp-content\/uploads\/2023\/01\/Lavinska-oprema-768x432.jpg 768w, https:\/\/splitboarding.rs\/wp-content\/uploads\/2023\/01\/Lavinska-oprema-1536x864.jpg 1536w\" sizes=\"auto, (max-width: 1920px) 100vw, 1920px\" \/><\/a><\/figure>\n<\/figure>\n\n\n\n<p>Standarni deo osnovne li\u010dne lavinske opreme za sve turno skija\u0161e, splitbordere, frirajdere, alpiniste i planinare koji se zimi kre\u0107u u planini, se sastoji iz slede\u0107ih delova:<\/p>\n\n\n\n<ul class=\"wp-block-list\">\n<li><strong>Primopredajnik, biper ili transiver<\/strong> je elektronski ure\u0111aj koji radi na principu emitovanja i prijema radio talasa i omogu\u0107ava lak\u0161e pronala\u017eenje zatrpanog skija\u0161a pod snegom. Biper se nosi zaka\u010den posebnim gurtnama za telo skija\u0161a \/ bordera tako da ne mo\u017ee da spadne. Nije preporu\u010dljivo dr\u017eati ga u rancu, jakni i sl., jer ukoliko vam ranac ispadne osta\u0107ete i bez bipera. Da bi kori\u0161\u0107enje bipera imalo smisla potrebno je da u grupi koja ide na turu svi imaju ovaj ure\u0111aj. Prilikom prelaska preko lavinoznog terena svima je biper uklju\u010den i radi kao predajnik. U slu\u010daju da jednog \u010dlana grupe (ili vi\u0161e njih) zatrpa lavina, svi ostali prebacuju prekida\u010d na svom biperu u status prijema i zapo\u010dinju pretragu. Veoma je va\u017eno da pre nego \u0161to krenete na turu proverite da su vam baterije u ure\u0111aju napunjene, a pametno je imati i rezervne sa sobom. Postoji vi\u0161e proizvo\u0111a\u010da ovih ure\u0111aja (Pieps, Black Diamond, Arva, Mammut i dr.) i smatramo da nije samo preporu\u010dljivo, ve\u0107 apsolutno neophodno imati ovaj komad opreme.<\/li>\n\n\n\n<li><strong>Lavinska sonda<\/strong> se sastoji od 6-7 cevi (\u0161ipki) koje su povezane unutra\u0161njom vezom (kanap). Na nekim do \u0161ipki utisnuta je merna linija (u cm ili u in\u010dima) za potrebe lak\u0161eg kori\u0161\u0107enja sonde u slu\u010daju pretra\u017eivanja snega u potrazi za zatrpanom osobom. Sonda se nosi rasklopljena, obi\u010dno u posebnoj vre\u0107ici u rancu, a kada je potrebno da se koristi onda se prvo rasprostre celom du\u017einom a potom se, pomo\u0107u sajle (kanapa) zategne tako da se, u su\u0161tini, dobije jedna duga\u010dka \u0161ipka. Pretra\u017eivanje terena se vr\u0161i tako \u0161to se sonda zabada u sneg sa ciljem da se \u201enapipa\u201c zatrpana osoba. Sondiranje terena se mora v\u0161iti sistemati\u010dno i uredno kako ne bi neka zona ostala neispitana, \u0161to je posebno va\u017eno kada sondiranje radi vi\u0161e osoba. Naravno, pre no \u0161to se po\u010dne sa sondiranjem vr\u0161i se lociranje unesre\u0107enog pomo\u0107u bipera.<\/li>\n\n\n\n<li><strong>Lopata <\/strong>je tre\u0107i deo osnovnog lavinskog kompleta koji svaki skija\u0161 \/ border mora imati sa sobom. Lopata ima vi\u0161estruku primenu, a u slu\u010daju lavina potrebna je za \u0161to br\u017ee otkopavanje zatrpane osobe. Osim toga, lopata se koristi i za izradu bivaka u snegu (iglo, vu\u010dja jama i dr.), kao i za postavljanje sidri\u0161ta. Izra\u0111uje se od laganih a \u010dvrstih materijala, kao \u0161to je aluminijum ili odre\u0111ene vrste plastike i kompozitnih materijala, a konstruisana je tako da se mo\u017ee rasklopiti na vi\u0161e delova, radi lak\u0161eg pakovanja i no\u0161enja.<\/li>\n<\/ul>\n\n\n\n<p>Osim ova tri dela lavinske opreme, po\u017eeljno je imati i <strong>lavinski vazdu\u0161ni jastuk (avalanche airbag)<\/strong>, koji se obi\u010dno pakuje u posebne skija\u0161ke ran\u010deve. Erbeg slu\u017ei da, kada se aktivira, za\u0161titi skija\u0161a od povreda (pre svega vratni deo ki\u010dme i glavu), da omogu\u0107i da se u predelu glave (usta, nos) prilikom zatrpavanja formira dovoljno velika \u0161upljina u snegu da bi ostalo dovoljno vazduha za disanje i da osobu, koju zatrpava sneg u toku samog tog procesa izbaci na povr\u0161inu i ne dozvoli da ga sneg zatrpa duboko. Ova neosporno korisna stvar\u010dica je apsolutno neophodna skija\u0161ima \/ borderima koji planiraju da voze velike planine i strme padine sa velikim koli\u010dinama snega.<\/p>\n\n\n\n<p>Od ostale opreme, koja mo\u017ee biti veoma korisna u slu\u010daju lavina, jesu bivak vre\u0107a i astro-folija za utopljavanje povre\u0111ene osobe, kao i komplet prve pomo\u0107i koju svako mora imati sa sobom.<\/p>\n\n\n\n<p>Na kraju, \u017eelimo da istaknemo da bez obzira kakvu opremu imate i koliko ste fizi\u010dki i tehni\u010dki spremni, najva\u017enije je da znate i umete da procenite stanje na terenu i da doneste ispravnu odluku, jer nijedna vas oprema ne \u0161titi 100 %. Zbog toga je potrebno iznova i iznova u\u010diti, skupljati iskustvo, kako svoje tako i iskustva drugih skija\u0161a, bordera, alpinista&#8230; Skijajte pametno, ne ludo.<\/p>\n\n\n\n<div class=\"wp-block-buttons is-layout-flex wp-block-buttons-is-layout-flex\">\n<div class=\"wp-block-button\"><a class=\"wp-block-button__link wp-element-button\" href=\"https:\/\/splitboarding.rs\/en\/oprema\/\">Ostala oprema \u21b2<\/a><\/div>\n<\/div>\n\n\n\n<div style=\"height:64px\" aria-hidden=\"true\" class=\"wp-block-spacer\"><\/div>","protected":false},"excerpt":{"rendered":"<p>Za bek-kantri skijanje (ski-turing, splitbording) posebno va\u017ean deo opreme jeste lavinska oprema. Prakti\u010dno, bez ove opreme ne bi trebalo uop\u0161te kretati na turu. Lavine su jedna od najve\u0107ih opasnosti zimi u planinama. Mogu\u0107nost da se sne\u017eni pokriva\u010d pokrene i obru\u0161i na vas zavisi od vi\u0161e faktora (koli\u010dina snega, temperatura, vetrovi, kretanje ljudi, \u017eivotinje, doba dana). [&hellip;]<\/p>\n","protected":false},"author":2,"featured_media":0,"parent":0,"menu_order":8,"comment_status":"closed","ping_status":"closed","template":"","meta":{"_uag_custom_page_level_css":"","site-sidebar-layout":"default","site-content-layout":"","ast-site-content-layout":"default","site-content-style":"default","site-sidebar-style":"default","ast-global-header-display":"","ast-banner-title-visibility":"","ast-main-header-display":"","ast-hfb-above-header-display":"","ast-hfb-below-header-display":"","ast-hfb-mobile-header-display":"","site-post-title":"","ast-breadcrumbs-content":"","ast-featured-img":"","footer-sml-layout":"","ast-disable-related-posts":"","theme-transparent-header-meta":"","adv-header-id-meta":"","stick-header-meta":"","header-above-stick-meta":"","header-main-stick-meta":"","header-below-stick-meta":"","astra-migrate-meta-layouts":"default","ast-page-background-enabled":"default","ast-page-background-meta":{"desktop":{"background-color":"var(--ast-global-color-4)","background-image":"","background-repeat":"repeat","background-position":"center center","background-size":"auto","background-attachment":"scroll","background-type":"","background-media":"","overlay-type":"","overlay-color":"","overlay-opacity":"","overlay-gradient":""},"tablet":{"background-color":"","background-image":"","background-repeat":"repeat","background-position":"center center","background-size":"auto","background-attachment":"scroll","background-type":"","background-media":"","overlay-type":"","overlay-color":"","overlay-opacity":"","overlay-gradient":""},"mobile":{"background-color":"","background-image":"","background-repeat":"repeat","background-position":"center center","background-size":"auto","background-attachment":"scroll","background-type":"","background-media":"","overlay-type":"","overlay-color":"","overlay-opacity":"","overlay-gradient":""}},"ast-content-background-meta":{"desktop":{"background-color":"var(--ast-global-color-5)","background-image":"","background-repeat":"repeat","background-position":"center center","background-size":"auto","background-attachment":"scroll","background-type":"","background-media":"","overlay-type":"","overlay-color":"","overlay-opacity":"","overlay-gradient":""},"tablet":{"background-color":"var(--ast-global-color-5)","background-image":"","background-repeat":"repeat","background-position":"center center","background-size":"auto","background-attachment":"scroll","background-type":"","background-media":"","overlay-type":"","overlay-color":"","overlay-opacity":"","overlay-gradient":""},"mobile":{"background-color":"var(--ast-global-color-5)","background-image":"","background-repeat":"repeat","background-position":"center center","background-size":"auto","background-attachment":"scroll","background-type":"","background-media":"","overlay-type":"","overlay-color":"","overlay-opacity":"","overlay-gradient":""}},"footnotes":""},"class_list":["post-955","page","type-page","status-publish","hentry"],"featured_image_src":null,"yoast_head":"<!-- This site is optimized with the Yoast SEO plugin v27.4 - https:\/\/yoast.com\/product\/yoast-seo-wordpress\/ -->\n<title>Lavinska oprema - Splitboarding &amp; Skitouring<\/title>\n<meta name=\"robots\" content=\"index, follow, max-snippet:-1, max-image-preview:large, max-video-preview:-1\" \/>\n<link rel=\"canonical\" href=\"https:\/\/splitboarding.rs\/en\/lavinska-oprema\/\" \/>\n<meta property=\"og:locale\" content=\"en_US\" \/>\n<meta property=\"og:type\" content=\"article\" \/>\n<meta property=\"og:title\" content=\"Lavinska oprema - Splitboarding &amp; Skitouring\" \/>\n<meta property=\"og:description\" content=\"Za bek-kantri skijanje (ski-turing, splitbording) posebno va\u017ean deo opreme jeste lavinska oprema. Prakti\u010dno, bez ove opreme ne bi trebalo uop\u0161te kretati na turu. Lavine su jedna od najve\u0107ih opasnosti zimi u planinama. Mogu\u0107nost da se sne\u017eni pokriva\u010d pokrene i obru\u0161i na vas zavisi od vi\u0161e faktora (koli\u010dina snega, temperatura, vetrovi, kretanje ljudi, \u017eivotinje, doba dana). [&hellip;]\" \/>\n<meta property=\"og:url\" content=\"https:\/\/splitboarding.rs\/en\/lavinska-oprema\/\" \/>\n<meta property=\"og:site_name\" content=\"Splitboarding &amp; Skitouring\" \/>\n<meta property=\"article:publisher\" content=\"https:\/\/www.facebook.com\/skitouringsplitboardingBalkans\" \/>\n<meta property=\"article:modified_time\" content=\"2023-01-25T18:07:50+00:00\" \/>\n<meta property=\"og:image\" content=\"https:\/\/splitboarding.rs\/wp-content\/uploads\/2023\/01\/Lavinska-oprema.jpg\" \/>\n<meta name=\"twitter:card\" content=\"summary_large_image\" \/>\n<meta name=\"twitter:label1\" content=\"Est. reading time\" \/>\n\t<meta name=\"twitter:data1\" content=\"4 minutes\" \/>\n<script type=\"application\/ld+json\" class=\"yoast-schema-graph\">{\"@context\":\"https:\\\/\\\/schema.org\",\"@graph\":[{\"@type\":\"WebPage\",\"@id\":\"https:\\\/\\\/splitboarding.rs\\\/lavinska-oprema\\\/\",\"url\":\"https:\\\/\\\/splitboarding.rs\\\/lavinska-oprema\\\/\",\"name\":\"Lavinska oprema - Splitboarding &amp; Skitouring\",\"isPartOf\":{\"@id\":\"https:\\\/\\\/splitboarding.rs\\\/#website\"},\"primaryImageOfPage\":{\"@id\":\"https:\\\/\\\/splitboarding.rs\\\/lavinska-oprema\\\/#primaryimage\"},\"image\":{\"@id\":\"https:\\\/\\\/splitboarding.rs\\\/lavinska-oprema\\\/#primaryimage\"},\"thumbnailUrl\":\"https:\\\/\\\/splitboarding.rs\\\/wp-content\\\/uploads\\\/2023\\\/01\\\/Lavinska-oprema.jpg\",\"datePublished\":\"2023-01-19T18:31:00+00:00\",\"dateModified\":\"2023-01-25T18:07:50+00:00\",\"breadcrumb\":{\"@id\":\"https:\\\/\\\/splitboarding.rs\\\/lavinska-oprema\\\/#breadcrumb\"},\"inLanguage\":\"en-US\",\"potentialAction\":[{\"@type\":\"ReadAction\",\"target\":[\"https:\\\/\\\/splitboarding.rs\\\/lavinska-oprema\\\/\"]}]},{\"@type\":\"ImageObject\",\"inLanguage\":\"en-US\",\"@id\":\"https:\\\/\\\/splitboarding.rs\\\/lavinska-oprema\\\/#primaryimage\",\"url\":\"https:\\\/\\\/splitboarding.rs\\\/wp-content\\\/uploads\\\/2023\\\/01\\\/Lavinska-oprema.jpg\",\"contentUrl\":\"https:\\\/\\\/splitboarding.rs\\\/wp-content\\\/uploads\\\/2023\\\/01\\\/Lavinska-oprema.jpg\"},{\"@type\":\"BreadcrumbList\",\"@id\":\"https:\\\/\\\/splitboarding.rs\\\/lavinska-oprema\\\/#breadcrumb\",\"itemListElement\":[{\"@type\":\"ListItem\",\"position\":1,\"name\":\"Home\",\"item\":\"https:\\\/\\\/splitboarding.rs\\\/\"},{\"@type\":\"ListItem\",\"position\":2,\"name\":\"Lavinska oprema\"}]},{\"@type\":\"WebSite\",\"@id\":\"https:\\\/\\\/splitboarding.rs\\\/#website\",\"url\":\"https:\\\/\\\/splitboarding.rs\\\/\",\"name\":\"Splitboarding & Skitouring\",\"description\":\"Tra\u017eite netaknute sne\u017ene padine Balkana, na pravom ste mestu!\",\"publisher\":{\"@id\":\"https:\\\/\\\/splitboarding.rs\\\/#organization\"},\"potentialAction\":[{\"@type\":\"SearchAction\",\"target\":{\"@type\":\"EntryPoint\",\"urlTemplate\":\"https:\\\/\\\/splitboarding.rs\\\/?s={search_term_string}\"},\"query-input\":{\"@type\":\"PropertyValueSpecification\",\"valueRequired\":true,\"valueName\":\"search_term_string\"}}],\"inLanguage\":\"en-US\"},{\"@type\":\"Organization\",\"@id\":\"https:\\\/\\\/splitboarding.rs\\\/#organization\",\"name\":\"Splitboarding & Skitouring\",\"url\":\"https:\\\/\\\/splitboarding.rs\\\/\",\"logo\":{\"@type\":\"ImageObject\",\"inLanguage\":\"en-US\",\"@id\":\"https:\\\/\\\/splitboarding.rs\\\/#\\\/schema\\\/logo\\\/image\\\/\",\"url\":\"https:\\\/\\\/splitboarding.rs\\\/wp-content\\\/uploads\\\/2023\\\/01\\\/logo_full.png\",\"contentUrl\":\"https:\\\/\\\/splitboarding.rs\\\/wp-content\\\/uploads\\\/2023\\\/01\\\/logo_full.png\",\"width\":1000,\"height\":250,\"caption\":\"Splitboarding & Skitouring\"},\"image\":{\"@id\":\"https:\\\/\\\/splitboarding.rs\\\/#\\\/schema\\\/logo\\\/image\\\/\"},\"sameAs\":[\"https:\\\/\\\/www.facebook.com\\\/skitouringsplitboardingBalkans\",\"https:\\\/\\\/www.instagram.com\\\/backcountry_balkans\\\/\"]}]}<\/script>\n<!-- \/ Yoast SEO plugin. -->","yoast_head_json":{"title":"Lavinska oprema - Splitboarding &amp; Skitouring","robots":{"index":"index","follow":"follow","max-snippet":"max-snippet:-1","max-image-preview":"max-image-preview:large","max-video-preview":"max-video-preview:-1"},"canonical":"https:\/\/splitboarding.rs\/en\/lavinska-oprema\/","og_locale":"en_US","og_type":"article","og_title":"Lavinska oprema - Splitboarding &amp; Skitouring","og_description":"Za bek-kantri skijanje (ski-turing, splitbording) posebno va\u017ean deo opreme jeste lavinska oprema. Prakti\u010dno, bez ove opreme ne bi trebalo uop\u0161te kretati na turu. Lavine su jedna od najve\u0107ih opasnosti zimi u planinama. Mogu\u0107nost da se sne\u017eni pokriva\u010d pokrene i obru\u0161i na vas zavisi od vi\u0161e faktora (koli\u010dina snega, temperatura, vetrovi, kretanje ljudi, \u017eivotinje, doba dana). [&hellip;]","og_url":"https:\/\/splitboarding.rs\/en\/lavinska-oprema\/","og_site_name":"Splitboarding &amp; Skitouring","article_publisher":"https:\/\/www.facebook.com\/skitouringsplitboardingBalkans","article_modified_time":"2023-01-25T18:07:50+00:00","og_image":[{"url":"https:\/\/splitboarding.rs\/wp-content\/uploads\/2023\/01\/Lavinska-oprema.jpg","type":"","width":"","height":""}],"twitter_card":"summary_large_image","twitter_misc":{"Est. reading time":"4 minutes"},"schema":{"@context":"https:\/\/schema.org","@graph":[{"@type":"WebPage","@id":"https:\/\/splitboarding.rs\/lavinska-oprema\/","url":"https:\/\/splitboarding.rs\/lavinska-oprema\/","name":"Lavinska oprema - Splitboarding &amp; Skitouring","isPartOf":{"@id":"https:\/\/splitboarding.rs\/#website"},"primaryImageOfPage":{"@id":"https:\/\/splitboarding.rs\/lavinska-oprema\/#primaryimage"},"image":{"@id":"https:\/\/splitboarding.rs\/lavinska-oprema\/#primaryimage"},"thumbnailUrl":"https:\/\/splitboarding.rs\/wp-content\/uploads\/2023\/01\/Lavinska-oprema.jpg","datePublished":"2023-01-19T18:31:00+00:00","dateModified":"2023-01-25T18:07:50+00:00","breadcrumb":{"@id":"https:\/\/splitboarding.rs\/lavinska-oprema\/#breadcrumb"},"inLanguage":"en-US","potentialAction":[{"@type":"ReadAction","target":["https:\/\/splitboarding.rs\/lavinska-oprema\/"]}]},{"@type":"ImageObject","inLanguage":"en-US","@id":"https:\/\/splitboarding.rs\/lavinska-oprema\/#primaryimage","url":"https:\/\/splitboarding.rs\/wp-content\/uploads\/2023\/01\/Lavinska-oprema.jpg","contentUrl":"https:\/\/splitboarding.rs\/wp-content\/uploads\/2023\/01\/Lavinska-oprema.jpg"},{"@type":"BreadcrumbList","@id":"https:\/\/splitboarding.rs\/lavinska-oprema\/#breadcrumb","itemListElement":[{"@type":"ListItem","position":1,"name":"Home","item":"https:\/\/splitboarding.rs\/"},{"@type":"ListItem","position":2,"name":"Lavinska oprema"}]},{"@type":"WebSite","@id":"https:\/\/splitboarding.rs\/#website","url":"https:\/\/splitboarding.rs\/","name":"Splitboarding & Skitouring","description":"If you are looking for untouched snowy slopes of the Balkans, you are in the right place!","publisher":{"@id":"https:\/\/splitboarding.rs\/#organization"},"potentialAction":[{"@type":"SearchAction","target":{"@type":"EntryPoint","urlTemplate":"https:\/\/splitboarding.rs\/?s={search_term_string}"},"query-input":{"@type":"PropertyValueSpecification","valueRequired":true,"valueName":"search_term_string"}}],"inLanguage":"en-US"},{"@type":"Organization","@id":"https:\/\/splitboarding.rs\/#organization","name":"Splitboarding & Skitouring","url":"https:\/\/splitboarding.rs\/","logo":{"@type":"ImageObject","inLanguage":"en-US","@id":"https:\/\/splitboarding.rs\/#\/schema\/logo\/image\/","url":"https:\/\/splitboarding.rs\/wp-content\/uploads\/2023\/01\/logo_full.png","contentUrl":"https:\/\/splitboarding.rs\/wp-content\/uploads\/2023\/01\/logo_full.png","width":1000,"height":250,"caption":"Splitboarding & Skitouring"},"image":{"@id":"https:\/\/splitboarding.rs\/#\/schema\/logo\/image\/"},"sameAs":["https:\/\/www.facebook.com\/skitouringsplitboardingBalkans","https:\/\/www.instagram.com\/backcountry_balkans\/"]}]}},"uagb_featured_image_src":{"full":false,"thumbnail":false,"medium":false,"medium_large":false,"large":false,"1536x1536":false,"2048x2048":false,"trp-custom-language-flag":false},"uagb_author_info":{"display_name":"Ivan Antonijevi\u0107","author_link":"https:\/\/splitboarding.rs\/en\/author\/ivan\/"},"uagb_comment_info":0,"uagb_excerpt":"Za bek-kantri skijanje (ski-turing, splitbording) posebno va\u017ean deo opreme jeste lavinska oprema. Prakti\u010dno, bez ove opreme ne bi trebalo uop\u0161te kretati na turu. Lavine su jedna od najve\u0107ih opasnosti zimi u planinama. Mogu\u0107nost da se sne\u017eni pokriva\u010d pokrene i obru\u0161i na vas zavisi od vi\u0161e faktora (koli\u010dina snega, temperatura, vetrovi, kretanje ljudi, \u017eivotinje, doba dana).&hellip;","_links":{"self":[{"href":"https:\/\/splitboarding.rs\/en\/wp-json\/wp\/v2\/pages\/955","targetHints":{"allow":["GET"]}}],"collection":[{"href":"https:\/\/splitboarding.rs\/en\/wp-json\/wp\/v2\/pages"}],"about":[{"href":"https:\/\/splitboarding.rs\/en\/wp-json\/wp\/v2\/types\/page"}],"author":[{"embeddable":true,"href":"https:\/\/splitboarding.rs\/en\/wp-json\/wp\/v2\/users\/2"}],"replies":[{"embeddable":true,"href":"https:\/\/splitboarding.rs\/en\/wp-json\/wp\/v2\/comments?post=955"}],"version-history":[{"count":6,"href":"https:\/\/splitboarding.rs\/en\/wp-json\/wp\/v2\/pages\/955\/revisions"}],"predecessor-version":[{"id":1105,"href":"https:\/\/splitboarding.rs\/en\/wp-json\/wp\/v2\/pages\/955\/revisions\/1105"}],"wp:attachment":[{"href":"https:\/\/splitboarding.rs\/en\/wp-json\/wp\/v2\/media?parent=955"}],"curies":[{"name":"wp","href":"https:\/\/api.w.org\/{rel}","templated":true}]}}