{"id":416,"date":"2022-12-27T06:20:43","date_gmt":"2022-12-27T05:20:43","guid":{"rendered":"https:\/\/splitboarding.rs\/?page_id=416"},"modified":"2023-01-25T17:02:08","modified_gmt":"2023-01-25T16:02:08","slug":"krzna","status":"publish","type":"page","link":"https:\/\/splitboarding.rs\/en\/krzna\/","title":{"rendered":"Fur"},"content":{"rendered":"<p>Mo\u017eda i krucijalna stvar kad je u pitanju bek-kantri (backcountry, off-piste) na vlastiti pogon. \u201eFreedom tool\u201c \u2013 krzna. Ona vam omogu\u0107avaju pristup najboljim linijama za spust. Olak\u0161avaju trening i \u0161tede snagu.<\/p>\n\n\n\n<figure class=\"wp-block-gallery has-nested-images columns-default is-cropped wp-block-gallery-1 is-layout-flex wp-block-gallery-is-layout-flex\">\n<figure class=\"wp-block-image size-full\"><a href=\"https:\/\/splitboarding.rs\/wp-content\/uploads\/2023\/01\/Krzna.jpg\"><img loading=\"lazy\" decoding=\"async\" width=\"1920\" height=\"1080\" data-id=\"1064\" src=\"https:\/\/splitboarding.rs\/wp-content\/uploads\/2023\/01\/Krzna.jpg\" alt=\"\" class=\"wp-image-1064\" srcset=\"https:\/\/splitboarding.rs\/wp-content\/uploads\/2023\/01\/Krzna.jpg 1920w, https:\/\/splitboarding.rs\/wp-content\/uploads\/2023\/01\/Krzna-300x169.jpg 300w, https:\/\/splitboarding.rs\/wp-content\/uploads\/2023\/01\/Krzna-1024x576.jpg 1024w, https:\/\/splitboarding.rs\/wp-content\/uploads\/2023\/01\/Krzna-768x432.jpg 768w, https:\/\/splitboarding.rs\/wp-content\/uploads\/2023\/01\/Krzna-1536x864.jpg 1536w\" sizes=\"auto, (max-width: 1920px) 100vw, 1920px\" \/><\/a><\/figure>\n<\/figure>\n\n\n\n<p>Ukoliko krzna nisu adekvatna ili su potro\u0161ena, to mo\u017ee znatno ote\u017eati u\u017eitak u planini. Tura se mo\u017ee pretvoriti u pravi pakao. Ne \u017eelite da koristite lepljive trake (duck tape) i da primenjujete majstorske fore usred snega i strmina. Jo\u0161 ako je velik minus i jak vetar, ima da vam presedne.<br>Najbolja je kombinacija mohera (krzno angorske koze, mnogo lak\u0161e omogu\u0107ava klizanje po podlozi) i sinteti\u010dko-najlonskog fibera (dok ovaj materijal obezbe\u0111uje vrhunsko trenje i vodootpornost). Odnos je uglavnom 2:1 u korist mohera. Ovaj odnos svakako obezbe\u0111uje savr\u0161en balans klizanja, trenja i postojanosti. Na taj na\u010din dlake (\u010dekinje) rade najbolji posao.<\/p>\n\n\n\n<p>Ukoliko je jo\u0161 pro\u0161la dodatne obrade i tehnologije pripreme (EVER DRY 3.0, GLIDE TECH, GRIP TECH, RUBBER SAFER SKIN itd.), budite sigurni da ne\u0107ete imati veliki problem.<\/p>\n\n\n\n<p>Naravno, razli\u010diti su sistemi ka\u010denja u zavisnosti od proizvo\u0111a\u010da. Sad nije nikakav problem srediti opremu po\u0161to je internet prepun tutorijala.<br>Jedino \u0161to ne smete pogre\u0161iti jeste odgovaraju\u0107e krzno za va\u0161 tip, model i du\u017einu skija\/borda. Jedna od najboljih i najstarijih kompanija na svetu za izradu krzna je \u0161vajcarska POMOCA. Vi\u0161e od 4 decenije rada na ovom polju.<\/p>\n\n\n\n<p><strong>Bitne stavke:<\/strong><\/p>\n\n\n\n<ul class=\"wp-block-list\">\n<li>Skrejper za skidanje leda i snega je \u201emust have\u201c.<\/li>\n\n\n\n<li>Mre\u017eica se stavlja izmedju krzna sa lepljive strane.<\/li>\n\n\n\n<li>Uvek imati vosak za toplo vreme i vla\u017ean sneg. Dosta \u0107e vam olak\u0161ati kretanje, bez obzira na kvalitet i starost krzna.<\/li>\n\n\n\n<li>Kantne uvek moraju biti slobodne, krzno ne sme prelaziti preko njih.<\/li>\n\n\n\n<li>Lepak na krznu mora biti suv i \u010dist. Treba izbegavati blato, kamenje, pra\u0161inu i prljava mesta. Jako je lo\u0161e ako vam se lepak napuni sitnom pra\u0161inom, travom, trun\u010dicama.<\/li>\n\n\n\n<li>Obavezno skinuti sav sneg i led sa krzna pre pakovanja i frirajda.<\/li>\n\n\n\n<li>Najbolja je opcija uhvatiti krzna za krajeve sa obe ruke i prevu\u0107i preko kantne za \u010di\u0161\u0107enje snega i leda.<\/li>\n\n\n\n<li>Skladi\u0161tenje \u2013 mo\u017eda i najbitnija stavka. Su\u0161iti ih na sobnoj temperaturi gde postoji protok vazduha. Nikako direkt na suncu, pored pe\u0107i i jakih izvora toplote. Nikad ih ne pakujte vla\u017ene u njihovu vre\u0107icu. Postavite mre\u017eicu izme\u0111u krzana (gde je lepak) ako \u0107ete ih skorije vreme koristiti. Kad odla\u017eete na prole\u0107e krzna, \u010duvajte ih u mra\u010dnim i hladnijim prostorijama gde ne postoji izvor vlage. Tad ih ne stavljate lepak na lepak sa mre\u017eicom izme\u0111u.<\/li>\n\n\n\n<li>Na jakim uzbrdicama koristite \u0161tiklu (heel raisers) i penjite cik-cak. Cilj je sti\u0107i efikasno i bez rasipanja energije u planini.<\/li>\n\n\n\n<li>Skije se ne odi\u017eu, ve\u0107 treba da klizaju po snegu.<\/li>\n\n\n\n<li>Ukoliko traverzirate, krzna se odjavljuju i gornje kantne preuzimaju radnju. Dakle, te\u017ei\u0161te vam je na gornjim kantnama ne na bazi tj. krznima.<\/li>\n\n\n\n<li>Ukoliko je teren tvrd i zale\u0111en, dereze su neophodne (postoje specijalne za split i za skije). Ako je ba\u0161 strmo i tvrdo, stavljaju se standardne dereze na \u010dizme (u zavisnosti od modela mogu biti obi\u010dne, polu ili automatske), a skije pakujete u A-frejm polo\u017eaj na ranac.\n<p>Generalno, nemojte se bojati ovog segmenta i tranzicije \u201ehike to ride\u201c i obrnuto. Sve je poprili\u010dno intuitivno i brzo se uigravate.<\/p>\n<\/li>\n<\/ul>\n\n\n\n<div class=\"wp-block-buttons is-layout-flex wp-block-buttons-is-layout-flex\">\n<div class=\"wp-block-button\"><a class=\"wp-block-button__link wp-element-button\" href=\"https:\/\/splitboarding.rs\/en\/oprema\/splitboard-cizme\/\">Splitboard \u010dizme \u2192<\/a><\/div>\n<\/div>\n\n\n\n<div style=\"height:64px\" aria-hidden=\"true\" class=\"wp-block-spacer\"><\/div>","protected":false},"excerpt":{"rendered":"<p>Mo\u017eda i krucijalna stvar kad je u pitanju bek-kantri (backcountry, off-piste) na vlastiti pogon. \u201eFreedom tool\u201c \u2013 krzna. Ona vam omogu\u0107avaju pristup najboljim linijama za spust. Olak\u0161avaju trening i \u0161tede snagu. Ukoliko krzna nisu adekvatna ili su potro\u0161ena, to mo\u017ee znatno ote\u017eati u\u017eitak u planini. Tura se mo\u017ee pretvoriti u pravi pakao. Ne \u017eelite da [&hellip;]<\/p>\n","protected":false},"author":1,"featured_media":0,"parent":0,"menu_order":0,"comment_status":"closed","ping_status":"closed","template":"","meta":{"_uag_custom_page_level_css":"","site-sidebar-layout":"default","site-content-layout":"","ast-site-content-layout":"default","site-content-style":"default","site-sidebar-style":"default","ast-global-header-display":"","ast-banner-title-visibility":"","ast-main-header-display":"","ast-hfb-above-header-display":"","ast-hfb-below-header-display":"","ast-hfb-mobile-header-display":"","site-post-title":"","ast-breadcrumbs-content":"","ast-featured-img":"","footer-sml-layout":"","ast-disable-related-posts":"","theme-transparent-header-meta":"","adv-header-id-meta":"","stick-header-meta":"","header-above-stick-meta":"","header-main-stick-meta":"","header-below-stick-meta":"","astra-migrate-meta-layouts":"default","ast-page-background-enabled":"default","ast-page-background-meta":{"desktop":{"background-color":"var(--ast-global-color-4)","background-image":"","background-repeat":"repeat","background-position":"center center","background-size":"auto","background-attachment":"scroll","background-type":"","background-media":"","overlay-type":"","overlay-color":"","overlay-opacity":"","overlay-gradient":""},"tablet":{"background-color":"","background-image":"","background-repeat":"repeat","background-position":"center center","background-size":"auto","background-attachment":"scroll","background-type":"","background-media":"","overlay-type":"","overlay-color":"","overlay-opacity":"","overlay-gradient":""},"mobile":{"background-color":"","background-image":"","background-repeat":"repeat","background-position":"center center","background-size":"auto","background-attachment":"scroll","background-type":"","background-media":"","overlay-type":"","overlay-color":"","overlay-opacity":"","overlay-gradient":""}},"ast-content-background-meta":{"desktop":{"background-color":"var(--ast-global-color-5)","background-image":"","background-repeat":"repeat","background-position":"center center","background-size":"auto","background-attachment":"scroll","background-type":"","background-media":"","overlay-type":"","overlay-color":"","overlay-opacity":"","overlay-gradient":""},"tablet":{"background-color":"var(--ast-global-color-5)","background-image":"","background-repeat":"repeat","background-position":"center center","background-size":"auto","background-attachment":"scroll","background-type":"","background-media":"","overlay-type":"","overlay-color":"","overlay-opacity":"","overlay-gradient":""},"mobile":{"background-color":"var(--ast-global-color-5)","background-image":"","background-repeat":"repeat","background-position":"center center","background-size":"auto","background-attachment":"scroll","background-type":"","background-media":"","overlay-type":"","overlay-color":"","overlay-opacity":"","overlay-gradient":""}},"footnotes":""},"class_list":["post-416","page","type-page","status-publish","hentry"],"featured_image_src":null,"yoast_head":"<!-- This site is optimized with the Yoast SEO plugin v27.4 - https:\/\/yoast.com\/product\/yoast-seo-wordpress\/ -->\n<title>Krzna - Splitboarding &amp; Skitouring<\/title>\n<meta name=\"robots\" content=\"index, follow, max-snippet:-1, max-image-preview:large, max-video-preview:-1\" \/>\n<link rel=\"canonical\" href=\"https:\/\/splitboarding.rs\/en\/krzna\/\" \/>\n<meta property=\"og:locale\" content=\"en_US\" \/>\n<meta property=\"og:type\" content=\"article\" \/>\n<meta property=\"og:title\" content=\"Krzna - Splitboarding &amp; Skitouring\" \/>\n<meta property=\"og:description\" content=\"Mo\u017eda i krucijalna stvar kad je u pitanju bek-kantri (backcountry, off-piste) na vlastiti pogon. \u201eFreedom tool\u201c \u2013 krzna. Ona vam omogu\u0107avaju pristup najboljim linijama za spust. Olak\u0161avaju trening i \u0161tede snagu. Ukoliko krzna nisu adekvatna ili su potro\u0161ena, to mo\u017ee znatno ote\u017eati u\u017eitak u planini. Tura se mo\u017ee pretvoriti u pravi pakao. Ne \u017eelite da [&hellip;]\" \/>\n<meta property=\"og:url\" content=\"https:\/\/splitboarding.rs\/en\/krzna\/\" \/>\n<meta property=\"og:site_name\" content=\"Splitboarding &amp; Skitouring\" \/>\n<meta property=\"article:publisher\" content=\"https:\/\/www.facebook.com\/skitouringsplitboardingBalkans\" \/>\n<meta property=\"article:modified_time\" content=\"2023-01-25T16:02:08+00:00\" \/>\n<meta property=\"og:image\" content=\"https:\/\/splitboarding.rs\/wp-content\/uploads\/2023\/01\/Krzna.jpg\" \/>\n<meta name=\"twitter:card\" content=\"summary_large_image\" \/>\n<meta name=\"twitter:label1\" content=\"Est. reading time\" \/>\n\t<meta name=\"twitter:data1\" content=\"3 minutes\" \/>\n<script type=\"application\/ld+json\" class=\"yoast-schema-graph\">{\"@context\":\"https:\\\/\\\/schema.org\",\"@graph\":[{\"@type\":\"WebPage\",\"@id\":\"https:\\\/\\\/splitboarding.rs\\\/krzna\\\/\",\"url\":\"https:\\\/\\\/splitboarding.rs\\\/krzna\\\/\",\"name\":\"Krzna - Splitboarding &amp; Skitouring\",\"isPartOf\":{\"@id\":\"https:\\\/\\\/splitboarding.rs\\\/#website\"},\"primaryImageOfPage\":{\"@id\":\"https:\\\/\\\/splitboarding.rs\\\/krzna\\\/#primaryimage\"},\"image\":{\"@id\":\"https:\\\/\\\/splitboarding.rs\\\/krzna\\\/#primaryimage\"},\"thumbnailUrl\":\"https:\\\/\\\/splitboarding.rs\\\/wp-content\\\/uploads\\\/2023\\\/01\\\/Krzna.jpg\",\"datePublished\":\"2022-12-27T05:20:43+00:00\",\"dateModified\":\"2023-01-25T16:02:08+00:00\",\"breadcrumb\":{\"@id\":\"https:\\\/\\\/splitboarding.rs\\\/krzna\\\/#breadcrumb\"},\"inLanguage\":\"en-US\",\"potentialAction\":[{\"@type\":\"ReadAction\",\"target\":[\"https:\\\/\\\/splitboarding.rs\\\/krzna\\\/\"]}]},{\"@type\":\"ImageObject\",\"inLanguage\":\"en-US\",\"@id\":\"https:\\\/\\\/splitboarding.rs\\\/krzna\\\/#primaryimage\",\"url\":\"https:\\\/\\\/splitboarding.rs\\\/wp-content\\\/uploads\\\/2023\\\/01\\\/Krzna.jpg\",\"contentUrl\":\"https:\\\/\\\/splitboarding.rs\\\/wp-content\\\/uploads\\\/2023\\\/01\\\/Krzna.jpg\"},{\"@type\":\"BreadcrumbList\",\"@id\":\"https:\\\/\\\/splitboarding.rs\\\/krzna\\\/#breadcrumb\",\"itemListElement\":[{\"@type\":\"ListItem\",\"position\":1,\"name\":\"Home\",\"item\":\"https:\\\/\\\/splitboarding.rs\\\/\"},{\"@type\":\"ListItem\",\"position\":2,\"name\":\"Krzna\"}]},{\"@type\":\"WebSite\",\"@id\":\"https:\\\/\\\/splitboarding.rs\\\/#website\",\"url\":\"https:\\\/\\\/splitboarding.rs\\\/\",\"name\":\"Splitboarding & Skitouring\",\"description\":\"Tra\u017eite netaknute sne\u017ene padine Balkana, na pravom ste mestu!\",\"publisher\":{\"@id\":\"https:\\\/\\\/splitboarding.rs\\\/#organization\"},\"potentialAction\":[{\"@type\":\"SearchAction\",\"target\":{\"@type\":\"EntryPoint\",\"urlTemplate\":\"https:\\\/\\\/splitboarding.rs\\\/?s={search_term_string}\"},\"query-input\":{\"@type\":\"PropertyValueSpecification\",\"valueRequired\":true,\"valueName\":\"search_term_string\"}}],\"inLanguage\":\"en-US\"},{\"@type\":\"Organization\",\"@id\":\"https:\\\/\\\/splitboarding.rs\\\/#organization\",\"name\":\"Splitboarding & Skitouring\",\"url\":\"https:\\\/\\\/splitboarding.rs\\\/\",\"logo\":{\"@type\":\"ImageObject\",\"inLanguage\":\"en-US\",\"@id\":\"https:\\\/\\\/splitboarding.rs\\\/#\\\/schema\\\/logo\\\/image\\\/\",\"url\":\"https:\\\/\\\/splitboarding.rs\\\/wp-content\\\/uploads\\\/2023\\\/01\\\/logo_full.png\",\"contentUrl\":\"https:\\\/\\\/splitboarding.rs\\\/wp-content\\\/uploads\\\/2023\\\/01\\\/logo_full.png\",\"width\":1000,\"height\":250,\"caption\":\"Splitboarding & Skitouring\"},\"image\":{\"@id\":\"https:\\\/\\\/splitboarding.rs\\\/#\\\/schema\\\/logo\\\/image\\\/\"},\"sameAs\":[\"https:\\\/\\\/www.facebook.com\\\/skitouringsplitboardingBalkans\",\"https:\\\/\\\/www.instagram.com\\\/backcountry_balkans\\\/\"]}]}<\/script>\n<!-- \/ Yoast SEO plugin. -->","yoast_head_json":{"title":"Krzna - Splitboarding &amp; Skitouring","robots":{"index":"index","follow":"follow","max-snippet":"max-snippet:-1","max-image-preview":"max-image-preview:large","max-video-preview":"max-video-preview:-1"},"canonical":"https:\/\/splitboarding.rs\/en\/krzna\/","og_locale":"en_US","og_type":"article","og_title":"Krzna - Splitboarding &amp; Skitouring","og_description":"Mo\u017eda i krucijalna stvar kad je u pitanju bek-kantri (backcountry, off-piste) na vlastiti pogon. \u201eFreedom tool\u201c \u2013 krzna. Ona vam omogu\u0107avaju pristup najboljim linijama za spust. Olak\u0161avaju trening i \u0161tede snagu. Ukoliko krzna nisu adekvatna ili su potro\u0161ena, to mo\u017ee znatno ote\u017eati u\u017eitak u planini. Tura se mo\u017ee pretvoriti u pravi pakao. Ne \u017eelite da [&hellip;]","og_url":"https:\/\/splitboarding.rs\/en\/krzna\/","og_site_name":"Splitboarding &amp; Skitouring","article_publisher":"https:\/\/www.facebook.com\/skitouringsplitboardingBalkans","article_modified_time":"2023-01-25T16:02:08+00:00","og_image":[{"url":"https:\/\/splitboarding.rs\/wp-content\/uploads\/2023\/01\/Krzna.jpg","type":"","width":"","height":""}],"twitter_card":"summary_large_image","twitter_misc":{"Est. reading time":"3 minutes"},"schema":{"@context":"https:\/\/schema.org","@graph":[{"@type":"WebPage","@id":"https:\/\/splitboarding.rs\/krzna\/","url":"https:\/\/splitboarding.rs\/krzna\/","name":"Krzna - Splitboarding &amp; Skitouring","isPartOf":{"@id":"https:\/\/splitboarding.rs\/#website"},"primaryImageOfPage":{"@id":"https:\/\/splitboarding.rs\/krzna\/#primaryimage"},"image":{"@id":"https:\/\/splitboarding.rs\/krzna\/#primaryimage"},"thumbnailUrl":"https:\/\/splitboarding.rs\/wp-content\/uploads\/2023\/01\/Krzna.jpg","datePublished":"2022-12-27T05:20:43+00:00","dateModified":"2023-01-25T16:02:08+00:00","breadcrumb":{"@id":"https:\/\/splitboarding.rs\/krzna\/#breadcrumb"},"inLanguage":"en-US","potentialAction":[{"@type":"ReadAction","target":["https:\/\/splitboarding.rs\/krzna\/"]}]},{"@type":"ImageObject","inLanguage":"en-US","@id":"https:\/\/splitboarding.rs\/krzna\/#primaryimage","url":"https:\/\/splitboarding.rs\/wp-content\/uploads\/2023\/01\/Krzna.jpg","contentUrl":"https:\/\/splitboarding.rs\/wp-content\/uploads\/2023\/01\/Krzna.jpg"},{"@type":"BreadcrumbList","@id":"https:\/\/splitboarding.rs\/krzna\/#breadcrumb","itemListElement":[{"@type":"ListItem","position":1,"name":"Home","item":"https:\/\/splitboarding.rs\/"},{"@type":"ListItem","position":2,"name":"Krzna"}]},{"@type":"WebSite","@id":"https:\/\/splitboarding.rs\/#website","url":"https:\/\/splitboarding.rs\/","name":"Splitboarding & Skitouring","description":"If you are looking for untouched snowy slopes of the Balkans, you are in the right place!","publisher":{"@id":"https:\/\/splitboarding.rs\/#organization"},"potentialAction":[{"@type":"SearchAction","target":{"@type":"EntryPoint","urlTemplate":"https:\/\/splitboarding.rs\/?s={search_term_string}"},"query-input":{"@type":"PropertyValueSpecification","valueRequired":true,"valueName":"search_term_string"}}],"inLanguage":"en-US"},{"@type":"Organization","@id":"https:\/\/splitboarding.rs\/#organization","name":"Splitboarding & Skitouring","url":"https:\/\/splitboarding.rs\/","logo":{"@type":"ImageObject","inLanguage":"en-US","@id":"https:\/\/splitboarding.rs\/#\/schema\/logo\/image\/","url":"https:\/\/splitboarding.rs\/wp-content\/uploads\/2023\/01\/logo_full.png","contentUrl":"https:\/\/splitboarding.rs\/wp-content\/uploads\/2023\/01\/logo_full.png","width":1000,"height":250,"caption":"Splitboarding & Skitouring"},"image":{"@id":"https:\/\/splitboarding.rs\/#\/schema\/logo\/image\/"},"sameAs":["https:\/\/www.facebook.com\/skitouringsplitboardingBalkans","https:\/\/www.instagram.com\/backcountry_balkans\/"]}]}},"uagb_featured_image_src":{"full":false,"thumbnail":false,"medium":false,"medium_large":false,"large":false,"1536x1536":false,"2048x2048":false,"trp-custom-language-flag":false},"uagb_author_info":{"display_name":"splitboarding \/ skitouring","author_link":"https:\/\/splitboarding.rs\/en\/author\/splitboarding\/"},"uagb_comment_info":0,"uagb_excerpt":"Mo\u017eda i krucijalna stvar kad je u pitanju bek-kantri (backcountry, off-piste) na vlastiti pogon. \u201eFreedom tool\u201c \u2013 krzna. Ona vam omogu\u0107avaju pristup najboljim linijama za spust. Olak\u0161avaju trening i \u0161tede snagu. Ukoliko krzna nisu adekvatna ili su potro\u0161ena, to mo\u017ee znatno ote\u017eati u\u017eitak u planini. Tura se mo\u017ee pretvoriti u pravi pakao. Ne \u017eelite da&hellip;","_links":{"self":[{"href":"https:\/\/splitboarding.rs\/en\/wp-json\/wp\/v2\/pages\/416","targetHints":{"allow":["GET"]}}],"collection":[{"href":"https:\/\/splitboarding.rs\/en\/wp-json\/wp\/v2\/pages"}],"about":[{"href":"https:\/\/splitboarding.rs\/en\/wp-json\/wp\/v2\/types\/page"}],"author":[{"embeddable":true,"href":"https:\/\/splitboarding.rs\/en\/wp-json\/wp\/v2\/users\/1"}],"replies":[{"embeddable":true,"href":"https:\/\/splitboarding.rs\/en\/wp-json\/wp\/v2\/comments?post=416"}],"version-history":[{"count":5,"href":"https:\/\/splitboarding.rs\/en\/wp-json\/wp\/v2\/pages\/416\/revisions"}],"predecessor-version":[{"id":1066,"href":"https:\/\/splitboarding.rs\/en\/wp-json\/wp\/v2\/pages\/416\/revisions\/1066"}],"wp:attachment":[{"href":"https:\/\/splitboarding.rs\/en\/wp-json\/wp\/v2\/media?parent=416"}],"curies":[{"name":"wp","href":"https:\/\/api.w.org\/{rel}","templated":true}]}}