{"id":953,"date":"2023-01-19T19:30:03","date_gmt":"2023-01-19T18:30:03","guid":{"rendered":"https:\/\/splitboarding.rs\/?page_id=953"},"modified":"2023-01-25T19:08:26","modified_gmt":"2023-01-25T18:08:26","slug":"turn-vezovi","status":"publish","type":"page","link":"http:\/\/splitboarding.rs\/en\/turn-vezovi\/","title":{"rendered":"Turno vezovi (Ski touring bindings)"},"content":{"rendered":"<p>Vezovi (bindings) su verovatno najkomplikovaniji deo skija\u0161ke opreme u konstrukcijskom i mehani\u010dkom smislu. Radi se o mehani\u010dkom sklopu kojim su skije pouzdano i sigurno prika\u010dene na skija\u0161kim cipelama. Kompletan vez se sastoji od prednjeg i zadnjeg dela, koji mogu da se montiraju direktno na skiju ili na posebnu platformu koja se prethodno ugradi na skiju. Vezovi za ski-turing su malo komplikovaniji u odnosu na vezove za alpsko skijanje jer svojom konstrukcijom moraju da obezbede dva moda kori\u0161\u0107enja:<\/p>\n\n\n\n<ul class=\"wp-block-list\">\n<li>walk mode \u2013 u kome skija\u0161 mo\u017ee da pomera petu gore-dole, \u0161to mu omogu\u0107ava da kora\u010da<\/li>\n\n\n\n<li>ski mode \u2013 u kome je peta skija\u0161a zaklju\u010dana u vez i tada se skija koristi kao u alpskom skijanju.<\/li>\n<\/ul>\n\n\n\n<figure class=\"wp-block-gallery has-nested-images columns-default is-cropped wp-block-gallery-1 is-layout-flex wp-block-gallery-is-layout-flex\">\n<figure class=\"wp-block-image size-full\"><a href=\"https:\/\/splitboarding.rs\/wp-content\/uploads\/2023\/01\/Turno-vezovi.jpg\"><img loading=\"lazy\" decoding=\"async\" width=\"1920\" height=\"1280\" data-id=\"1101\" src=\"https:\/\/splitboarding.rs\/wp-content\/uploads\/2023\/01\/Turno-vezovi.jpg\" alt=\"\" class=\"wp-image-1101\" srcset=\"https:\/\/splitboarding.rs\/wp-content\/uploads\/2023\/01\/Turno-vezovi.jpg 1920w, https:\/\/splitboarding.rs\/wp-content\/uploads\/2023\/01\/Turno-vezovi-300x200.jpg 300w, https:\/\/splitboarding.rs\/wp-content\/uploads\/2023\/01\/Turno-vezovi-1024x683.jpg 1024w, https:\/\/splitboarding.rs\/wp-content\/uploads\/2023\/01\/Turno-vezovi-768x512.jpg 768w, https:\/\/splitboarding.rs\/wp-content\/uploads\/2023\/01\/Turno-vezovi-1536x1024.jpg 1536w\" sizes=\"auto, (max-width: 1920px) 100vw, 1920px\" \/><\/a><\/figure>\n<\/figure>\n\n\n\n<p>Postoje razli\u010dite vrste vezova, ali neka osnovna podela bi bila na frejm (frame) vezove i na vezove sa pinovima (tech). Naravno, postoji \u010ditava paleta hibridnih vezova izme\u0111u ova dva konstrukcijska re\u0161enja.<\/p>\n\n\n\n<p>U bezbednosnom smislu funkcionisanje vezova mora biti besprekorno. To podrazumeva da vez bude zaklju\u010dan (zakop\u010dan) prilikom normalne upotrebe (\u010ditaj: vo\u017enje skija), ali da se pravovremeno otklju\u010da prilikom padova. Ukoliko se vez ne otvoti pravilno i na vreme, mo\u017ee do\u0107i do ozbiljnih povreda skija\u0161a. Kompromis izme\u0111u ova dva opre\u010dna zahteva se posti\u017ee konstrukcijskim re\u0161enjima i pravilnim prora\u010dunima sila koje deluju na vezove tokom skijanja. Poenta je da se vez otvara onda kada skija\u0161, usled gubitka ravnote\u017ee iz bIlo kog razloga, cipelom napravi pritisak u pravcu u kojem nije predvi\u0111eno da se noga kre\u0107e, naj\u010de\u0161\u0107e ulevo ili udesno u odnosu na uzdu\u017enu osu skije.<\/p>\n\n\n\n<p><strong>Vezovi sa pinovima (tech bindings)<\/strong> imaju dva metalna zupca (pina) na prstima i dva na peti, koji se u\u017elebljuju u odgovaraju\u0107e \u017elebove na turno cipeli. Prili\u010dno su jednostavni za kori\u0161\u0107enje, a glavna prednost im je to \u0161to su lagani, zbog \u010dega su omiljeni kod skija\u0161kih planinara. Problem mo\u017ee nastati prilikom vo\u017enje nizbrdo, kada su sile koje skija\u0161 proizvodi na vezovima znatno ve\u0107e. Lagana konstrukcija i pokretljivost delova veza mo\u017ee dovesti do toga da se on otklju\u010da i onda kada to ne bi trebalo da se dogodi, posebno prilikom skokova ili kada se vozi po razli\u010ditim vrstama snega. Postoji na\u010din da se vez zaklju\u010da potpuno, ali u tom slu\u010daju skija\u0161 u slu\u010daju pada rizikuje povre\u0111ivanje. Va\u017eno je napomenuti da ako se odlu\u010dite za ovu vrstu vezova morate imati turno cipelu koja ima odgovaraju\u0107e \u017elebove (za pinove).<\/p>\n\n\n\n<p><strong>Frejm vezovi (frame bindings)<\/strong> su konstruisani tako da je kompletna skija\u0161ka cipela ukop\u010dana u vez, koji mo\u017ee da se otka\u010di od zadnjeg dela, \u0161to omogu\u0107ava skija\u0161u da podi\u017ee petu prilikom hodanja u \u201ewalk\u201c modu. Dakle, za razliku od pin (tech) vezova, cipela je sve vreme ukop\u010dna u vez. Frejm vezovi imaju ve\u0107u te\u017einu od tehni\u010dkih \u0161to posebno dolazi do izra\u017eaja na du\u017eim turama. Osim toga, po\u0161to je vez montiran sa krutom \u0161inom samo hodanje mo\u017ee biti nezgrapnije i napornije. Tranzicija izme\u0111u \u201ewalk\u201c i \u201eski\u201c moda je malo sporija nego sa tehni\u010dkim vezovima. Za spust, frejm vezovi su sigurniji u odnosu na pin vezove, jer se pona\u0161aju identi\u010dno alpskim vezovima i mogu da trpe ve\u0107e sile. Tako\u0111e, kao i na alpskim vezovima, mogu\u0107e je podesiti optere\u0107enje pri kome se vez otklju\u010dava u slu\u010daju pada. Prednost frejm vezova je i u tome \u0161to su kompatibilni sa razli\u010ditim vrstama skija\u0161kih cipela.<\/p>\n\n\n\n<p><strong>Hibridni vezovi (hybrid bindings) <\/strong>nastali su kao poku\u0161aj spajanja najboljih performansi obe vrste vezova, sa ciljem da se dobije vez male te\u017eine, a ve\u0107e pouzdanosti u \u201eski\u201c modu. Mo\u017ee se re\u0107i da su proizvo\u0111a\u010di uspeli u tome, \u0161to posebno raduje skija\u0161e koji vole da agresivno skijaju na padinama u velikim planinama daleko od skija\u0161kih centara. Na\u017ealost nisu sve skija\u0161ke cipele kompatibilne sa hibridnim vezovima \u0161to posebno treba imati u vidu prilikom uparivanja opreme. Pojedini proizvo\u0111a\u010di daju spisak skija\u0161kih cipela koje su kompatibilne sa njihovim vezovima.<\/p>\n\n\n\n<p>U tabeli mo\u017eete videti orijentacione uporedne karakteristike sve tri vrste veza:<\/p>\n\n\n\n<figure class=\"wp-block-table\"><table><tbody><tr><td><strong>Karakteristike<\/strong><\/td><td><strong>Tech<\/strong><\/td><td><strong>Frame<\/strong><\/td><td><strong>Hybrid<\/strong><\/td><\/tr><tr><td><strong>Te\u017eina<\/strong><\/td><td><em>Manja<\/em><\/td><td><em>Ve\u0107a<\/em><\/td><td><em>Srednja<\/em><\/td><\/tr><tr><td><strong>Tranzicija<\/strong><\/td><td><em>Br\u017ea<\/em><\/td><td><em>Sporija<\/em><\/td><td><em>Br\u017ea<\/em><\/td><\/tr><tr><td><a><\/a> \u201e<strong>Downhill\u201c performanse<\/strong><\/td><td><em>Manje siguran, lak\u0161e otvaranje<\/em><\/td><td><em>Siguran<\/em><\/td><td><em>Siguran<\/em><\/td><\/tr><tr><td><strong>Kompatibilnost sa ski-cipelama<\/strong><\/td><td><em>Samo cipele sa \u017elebovima za pinove<\/em><\/td><td><em>Bilo koje ski-cipele<\/em><\/td><td><em>Ve\u0107i izbor nego za pin vezove, ali potrebno voditi ra\u010duna pri uparivanju<\/em><\/td><\/tr><tr><td><strong>Aktivnost<\/strong><\/td><td><em>Duge ture, usponi, skija\u0161ko planinarenje<\/em><\/td><td><em>Kra\u0107e ture, frirajd<\/em><\/td><td><em>Ture srednje du\u017eine, frirajd<\/em><\/td><\/tr><tr><td><strong>Vrsta snega<\/strong><\/td><td><em>Lagani pr\u0161i\u0107<\/em><\/td><td><em>Sve vrste snega<\/em><\/td><td><em>Sve vrste snega<\/em><\/td><\/tr><tr><td><strong>Strmina terena<\/strong><\/td><td><em>Ve\u0107a za uspon, blaga za ski<\/em><\/td><td><em>Manja za uspon, ve\u0107a za ski<\/em><\/td><td><em>Ve\u0107a za uspon, ve\u0107a za ski<\/em><\/td><\/tr><\/tbody><\/table><\/figure>\n\n\n\n<p>Koje \u0107ete vezove odabrati na kraju, zavisi od toga gde nameravate da skijate, da li vi\u0161e volite agresivno skijanje na strmim netaknutim padinama ili da planinarite na skijama, kao i od va\u0161eg skija\u0161kog ume\u0107a. Me\u0111u poznatijim proizvo\u0111a\u010dima vezova za turno skijanje su Salomon, Marker, Fritschi, Dynafit, Armada, Black Diamond i drugi. U \u0161irokoj lepezi njihovih proizvoda sasvim sigurno \u0107ete prona\u0107i ono \u0161to vama odgovara.<\/p>\n\n\n\n<div class=\"wp-block-buttons is-layout-flex wp-block-buttons-is-layout-flex\">\n<div class=\"wp-block-button\"><a class=\"wp-block-button__link wp-element-button\" href=\"https:\/\/splitboarding.rs\/en\/oprema\/lavinska-oprema\/\">Lavinska oprema \u2192<\/a><\/div>\n<\/div>\n\n\n\n<div style=\"height:64px\" aria-hidden=\"true\" class=\"wp-block-spacer\"><\/div>","protected":false},"excerpt":{"rendered":"<p>Vezovi (bindings) su verovatno najkomplikovaniji deo skija\u0161ke opreme u konstrukcijskom i mehani\u010dkom smislu. Radi se o mehani\u010dkom sklopu kojim su skije pouzdano i sigurno prika\u010dene na skija\u0161kim cipelama. Kompletan vez se sastoji od prednjeg i zadnjeg dela, koji mogu da se montiraju direktno na skiju ili na posebnu platformu koja se prethodno ugradi na skiju. [&hellip;]<\/p>\n","protected":false},"author":2,"featured_media":0,"parent":0,"menu_order":7,"comment_status":"closed","ping_status":"closed","template":"","meta":{"_uag_custom_page_level_css":"","site-sidebar-layout":"default","site-content-layout":"","ast-site-content-layout":"default","site-content-style":"default","site-sidebar-style":"default","ast-global-header-display":"","ast-banner-title-visibility":"","ast-main-header-display":"","ast-hfb-above-header-display":"","ast-hfb-below-header-display":"","ast-hfb-mobile-header-display":"","site-post-title":"","ast-breadcrumbs-content":"","ast-featured-img":"","footer-sml-layout":"","ast-disable-related-posts":"","theme-transparent-header-meta":"","adv-header-id-meta":"","stick-header-meta":"","header-above-stick-meta":"","header-main-stick-meta":"","header-below-stick-meta":"","astra-migrate-meta-layouts":"default","ast-page-background-enabled":"default","ast-page-background-meta":{"desktop":{"background-color":"var(--ast-global-color-4)","background-image":"","background-repeat":"repeat","background-position":"center center","background-size":"auto","background-attachment":"scroll","background-type":"","background-media":"","overlay-type":"","overlay-color":"","overlay-opacity":"","overlay-gradient":""},"tablet":{"background-color":"","background-image":"","background-repeat":"repeat","background-position":"center center","background-size":"auto","background-attachment":"scroll","background-type":"","background-media":"","overlay-type":"","overlay-color":"","overlay-opacity":"","overlay-gradient":""},"mobile":{"background-color":"","background-image":"","background-repeat":"repeat","background-position":"center center","background-size":"auto","background-attachment":"scroll","background-type":"","background-media":"","overlay-type":"","overlay-color":"","overlay-opacity":"","overlay-gradient":""}},"ast-content-background-meta":{"desktop":{"background-color":"var(--ast-global-color-5)","background-image":"","background-repeat":"repeat","background-position":"center center","background-size":"auto","background-attachment":"scroll","background-type":"","background-media":"","overlay-type":"","overlay-color":"","overlay-opacity":"","overlay-gradient":""},"tablet":{"background-color":"var(--ast-global-color-5)","background-image":"","background-repeat":"repeat","background-position":"center center","background-size":"auto","background-attachment":"scroll","background-type":"","background-media":"","overlay-type":"","overlay-color":"","overlay-opacity":"","overlay-gradient":""},"mobile":{"background-color":"var(--ast-global-color-5)","background-image":"","background-repeat":"repeat","background-position":"center center","background-size":"auto","background-attachment":"scroll","background-type":"","background-media":"","overlay-type":"","overlay-color":"","overlay-opacity":"","overlay-gradient":""}},"footnotes":""},"class_list":["post-953","page","type-page","status-publish","hentry"],"featured_image_src":null,"yoast_head":"<!-- This site is optimized with the Yoast SEO plugin v27.4 - https:\/\/yoast.com\/product\/yoast-seo-wordpress\/ -->\n<title>Turno vezovi (Ski touring bindings) - Splitboarding &amp; Skitouring<\/title>\n<meta name=\"robots\" content=\"index, follow, max-snippet:-1, max-image-preview:large, max-video-preview:-1\" \/>\n<link rel=\"canonical\" href=\"https:\/\/splitboarding.rs\/en\/turn-vezovi\/\" \/>\n<meta property=\"og:locale\" content=\"en_US\" \/>\n<meta property=\"og:type\" content=\"article\" \/>\n<meta property=\"og:title\" content=\"Turno vezovi (Ski touring bindings) - Splitboarding &amp; Skitouring\" \/>\n<meta property=\"og:description\" content=\"Vezovi (bindings) su verovatno najkomplikovaniji deo skija\u0161ke opreme u konstrukcijskom i mehani\u010dkom smislu. Radi se o mehani\u010dkom sklopu kojim su skije pouzdano i sigurno prika\u010dene na skija\u0161kim cipelama. Kompletan vez se sastoji od prednjeg i zadnjeg dela, koji mogu da se montiraju direktno na skiju ili na posebnu platformu koja se prethodno ugradi na skiju. [&hellip;]\" \/>\n<meta property=\"og:url\" content=\"https:\/\/splitboarding.rs\/en\/turn-vezovi\/\" \/>\n<meta property=\"og:site_name\" content=\"Splitboarding &amp; Skitouring\" \/>\n<meta property=\"article:publisher\" content=\"https:\/\/www.facebook.com\/skitouringsplitboardingBalkans\" \/>\n<meta property=\"article:modified_time\" content=\"2023-01-25T18:08:26+00:00\" \/>\n<meta property=\"og:image\" content=\"https:\/\/splitboarding.rs\/wp-content\/uploads\/2023\/01\/Turno-vezovi.jpg\" \/>\n<meta name=\"twitter:card\" content=\"summary_large_image\" \/>\n<meta name=\"twitter:label1\" content=\"Est. reading time\" \/>\n\t<meta name=\"twitter:data1\" content=\"4 minutes\" \/>\n<script type=\"application\/ld+json\" class=\"yoast-schema-graph\">{\"@context\":\"https:\\\/\\\/schema.org\",\"@graph\":[{\"@type\":\"WebPage\",\"@id\":\"https:\\\/\\\/splitboarding.rs\\\/turn-vezovi\\\/\",\"url\":\"https:\\\/\\\/splitboarding.rs\\\/turn-vezovi\\\/\",\"name\":\"Turno vezovi (Ski touring bindings) - Splitboarding &amp; Skitouring\",\"isPartOf\":{\"@id\":\"https:\\\/\\\/splitboarding.rs\\\/#website\"},\"primaryImageOfPage\":{\"@id\":\"https:\\\/\\\/splitboarding.rs\\\/turn-vezovi\\\/#primaryimage\"},\"image\":{\"@id\":\"https:\\\/\\\/splitboarding.rs\\\/turn-vezovi\\\/#primaryimage\"},\"thumbnailUrl\":\"https:\\\/\\\/splitboarding.rs\\\/wp-content\\\/uploads\\\/2023\\\/01\\\/Turno-vezovi.jpg\",\"datePublished\":\"2023-01-19T18:30:03+00:00\",\"dateModified\":\"2023-01-25T18:08:26+00:00\",\"breadcrumb\":{\"@id\":\"https:\\\/\\\/splitboarding.rs\\\/turn-vezovi\\\/#breadcrumb\"},\"inLanguage\":\"en-US\",\"potentialAction\":[{\"@type\":\"ReadAction\",\"target\":[\"https:\\\/\\\/splitboarding.rs\\\/turn-vezovi\\\/\"]}]},{\"@type\":\"ImageObject\",\"inLanguage\":\"en-US\",\"@id\":\"https:\\\/\\\/splitboarding.rs\\\/turn-vezovi\\\/#primaryimage\",\"url\":\"https:\\\/\\\/splitboarding.rs\\\/wp-content\\\/uploads\\\/2023\\\/01\\\/Turno-vezovi.jpg\",\"contentUrl\":\"https:\\\/\\\/splitboarding.rs\\\/wp-content\\\/uploads\\\/2023\\\/01\\\/Turno-vezovi.jpg\"},{\"@type\":\"BreadcrumbList\",\"@id\":\"https:\\\/\\\/splitboarding.rs\\\/turn-vezovi\\\/#breadcrumb\",\"itemListElement\":[{\"@type\":\"ListItem\",\"position\":1,\"name\":\"Home\",\"item\":\"https:\\\/\\\/splitboarding.rs\\\/\"},{\"@type\":\"ListItem\",\"position\":2,\"name\":\"Turno vezovi (Ski touring bindings)\"}]},{\"@type\":\"WebSite\",\"@id\":\"https:\\\/\\\/splitboarding.rs\\\/#website\",\"url\":\"https:\\\/\\\/splitboarding.rs\\\/\",\"name\":\"Splitboarding & Skitouring\",\"description\":\"Tra\u017eite netaknute sne\u017ene padine Balkana, na pravom ste mestu!\",\"publisher\":{\"@id\":\"https:\\\/\\\/splitboarding.rs\\\/#organization\"},\"potentialAction\":[{\"@type\":\"SearchAction\",\"target\":{\"@type\":\"EntryPoint\",\"urlTemplate\":\"https:\\\/\\\/splitboarding.rs\\\/?s={search_term_string}\"},\"query-input\":{\"@type\":\"PropertyValueSpecification\",\"valueRequired\":true,\"valueName\":\"search_term_string\"}}],\"inLanguage\":\"en-US\"},{\"@type\":\"Organization\",\"@id\":\"https:\\\/\\\/splitboarding.rs\\\/#organization\",\"name\":\"Splitboarding & Skitouring\",\"url\":\"https:\\\/\\\/splitboarding.rs\\\/\",\"logo\":{\"@type\":\"ImageObject\",\"inLanguage\":\"en-US\",\"@id\":\"https:\\\/\\\/splitboarding.rs\\\/#\\\/schema\\\/logo\\\/image\\\/\",\"url\":\"https:\\\/\\\/splitboarding.rs\\\/wp-content\\\/uploads\\\/2023\\\/01\\\/logo_full.png\",\"contentUrl\":\"https:\\\/\\\/splitboarding.rs\\\/wp-content\\\/uploads\\\/2023\\\/01\\\/logo_full.png\",\"width\":1000,\"height\":250,\"caption\":\"Splitboarding & Skitouring\"},\"image\":{\"@id\":\"https:\\\/\\\/splitboarding.rs\\\/#\\\/schema\\\/logo\\\/image\\\/\"},\"sameAs\":[\"https:\\\/\\\/www.facebook.com\\\/skitouringsplitboardingBalkans\",\"https:\\\/\\\/www.instagram.com\\\/backcountry_balkans\\\/\"]}]}<\/script>\n<!-- \/ Yoast SEO plugin. -->","yoast_head_json":{"title":"Turno vezovi (Ski touring bindings) - Splitboarding &amp; Skitouring","robots":{"index":"index","follow":"follow","max-snippet":"max-snippet:-1","max-image-preview":"max-image-preview:large","max-video-preview":"max-video-preview:-1"},"canonical":"https:\/\/splitboarding.rs\/en\/turn-vezovi\/","og_locale":"en_US","og_type":"article","og_title":"Turno vezovi (Ski touring bindings) - Splitboarding &amp; Skitouring","og_description":"Vezovi (bindings) su verovatno najkomplikovaniji deo skija\u0161ke opreme u konstrukcijskom i mehani\u010dkom smislu. Radi se o mehani\u010dkom sklopu kojim su skije pouzdano i sigurno prika\u010dene na skija\u0161kim cipelama. Kompletan vez se sastoji od prednjeg i zadnjeg dela, koji mogu da se montiraju direktno na skiju ili na posebnu platformu koja se prethodno ugradi na skiju. [&hellip;]","og_url":"https:\/\/splitboarding.rs\/en\/turn-vezovi\/","og_site_name":"Splitboarding &amp; Skitouring","article_publisher":"https:\/\/www.facebook.com\/skitouringsplitboardingBalkans","article_modified_time":"2023-01-25T18:08:26+00:00","og_image":[{"url":"https:\/\/splitboarding.rs\/wp-content\/uploads\/2023\/01\/Turno-vezovi.jpg","type":"","width":"","height":""}],"twitter_card":"summary_large_image","twitter_misc":{"Est. reading time":"4 minutes"},"schema":{"@context":"https:\/\/schema.org","@graph":[{"@type":"WebPage","@id":"https:\/\/splitboarding.rs\/turn-vezovi\/","url":"https:\/\/splitboarding.rs\/turn-vezovi\/","name":"Turno vezovi (Ski touring bindings) - Splitboarding &amp; Skitouring","isPartOf":{"@id":"https:\/\/splitboarding.rs\/#website"},"primaryImageOfPage":{"@id":"https:\/\/splitboarding.rs\/turn-vezovi\/#primaryimage"},"image":{"@id":"https:\/\/splitboarding.rs\/turn-vezovi\/#primaryimage"},"thumbnailUrl":"https:\/\/splitboarding.rs\/wp-content\/uploads\/2023\/01\/Turno-vezovi.jpg","datePublished":"2023-01-19T18:30:03+00:00","dateModified":"2023-01-25T18:08:26+00:00","breadcrumb":{"@id":"https:\/\/splitboarding.rs\/turn-vezovi\/#breadcrumb"},"inLanguage":"en-US","potentialAction":[{"@type":"ReadAction","target":["https:\/\/splitboarding.rs\/turn-vezovi\/"]}]},{"@type":"ImageObject","inLanguage":"en-US","@id":"https:\/\/splitboarding.rs\/turn-vezovi\/#primaryimage","url":"https:\/\/splitboarding.rs\/wp-content\/uploads\/2023\/01\/Turno-vezovi.jpg","contentUrl":"https:\/\/splitboarding.rs\/wp-content\/uploads\/2023\/01\/Turno-vezovi.jpg"},{"@type":"BreadcrumbList","@id":"https:\/\/splitboarding.rs\/turn-vezovi\/#breadcrumb","itemListElement":[{"@type":"ListItem","position":1,"name":"Home","item":"https:\/\/splitboarding.rs\/"},{"@type":"ListItem","position":2,"name":"Turno vezovi (Ski touring bindings)"}]},{"@type":"WebSite","@id":"https:\/\/splitboarding.rs\/#website","url":"https:\/\/splitboarding.rs\/","name":"Splitboarding & Skitouring","description":"If you are looking for untouched snowy slopes of the Balkans, you are in the right place!","publisher":{"@id":"https:\/\/splitboarding.rs\/#organization"},"potentialAction":[{"@type":"SearchAction","target":{"@type":"EntryPoint","urlTemplate":"https:\/\/splitboarding.rs\/?s={search_term_string}"},"query-input":{"@type":"PropertyValueSpecification","valueRequired":true,"valueName":"search_term_string"}}],"inLanguage":"en-US"},{"@type":"Organization","@id":"https:\/\/splitboarding.rs\/#organization","name":"Splitboarding & Skitouring","url":"https:\/\/splitboarding.rs\/","logo":{"@type":"ImageObject","inLanguage":"en-US","@id":"https:\/\/splitboarding.rs\/#\/schema\/logo\/image\/","url":"https:\/\/splitboarding.rs\/wp-content\/uploads\/2023\/01\/logo_full.png","contentUrl":"https:\/\/splitboarding.rs\/wp-content\/uploads\/2023\/01\/logo_full.png","width":1000,"height":250,"caption":"Splitboarding & Skitouring"},"image":{"@id":"https:\/\/splitboarding.rs\/#\/schema\/logo\/image\/"},"sameAs":["https:\/\/www.facebook.com\/skitouringsplitboardingBalkans","https:\/\/www.instagram.com\/backcountry_balkans\/"]}]}},"uagb_featured_image_src":{"full":false,"thumbnail":false,"medium":false,"medium_large":false,"large":false,"1536x1536":false,"2048x2048":false,"trp-custom-language-flag":false},"uagb_author_info":{"display_name":"Ivan Antonijevi\u0107","author_link":"http:\/\/splitboarding.rs\/en\/author\/ivan\/"},"uagb_comment_info":0,"uagb_excerpt":"Vezovi (bindings) su verovatno najkomplikovaniji deo skija\u0161ke opreme u konstrukcijskom i mehani\u010dkom smislu. Radi se o mehani\u010dkom sklopu kojim su skije pouzdano i sigurno prika\u010dene na skija\u0161kim cipelama. Kompletan vez se sastoji od prednjeg i zadnjeg dela, koji mogu da se montiraju direktno na skiju ili na posebnu platformu koja se prethodno ugradi na skiju.&hellip;","_links":{"self":[{"href":"http:\/\/splitboarding.rs\/en\/wp-json\/wp\/v2\/pages\/953","targetHints":{"allow":["GET"]}}],"collection":[{"href":"http:\/\/splitboarding.rs\/en\/wp-json\/wp\/v2\/pages"}],"about":[{"href":"http:\/\/splitboarding.rs\/en\/wp-json\/wp\/v2\/types\/page"}],"author":[{"embeddable":true,"href":"http:\/\/splitboarding.rs\/en\/wp-json\/wp\/v2\/users\/2"}],"replies":[{"embeddable":true,"href":"http:\/\/splitboarding.rs\/en\/wp-json\/wp\/v2\/comments?post=953"}],"version-history":[{"count":6,"href":"http:\/\/splitboarding.rs\/en\/wp-json\/wp\/v2\/pages\/953\/revisions"}],"predecessor-version":[{"id":1102,"href":"http:\/\/splitboarding.rs\/en\/wp-json\/wp\/v2\/pages\/953\/revisions\/1102"}],"wp:attachment":[{"href":"http:\/\/splitboarding.rs\/en\/wp-json\/wp\/v2\/media?parent=953"}],"curies":[{"name":"wp","href":"https:\/\/api.w.org\/{rel}","templated":true}]}}