{"id":8,"date":"2023-01-16T12:21:51","date_gmt":"2023-01-16T11:21:51","guid":{"rendered":"https:\/\/splitboarding.rs\/?page_id=8"},"modified":"2023-01-25T19:04:21","modified_gmt":"2023-01-25T18:04:21","slug":"turno-skije","status":"publish","type":"page","link":"http:\/\/splitboarding.rs\/en\/turno-skije\/","title":{"rendered":"Touring skis"},"content":{"rendered":"<p>Bez alata nema ni zanata, stara je mudrost, koja se mo\u017ee primeniti i na ski-turing jer, jednostavno, bez turno skija ne mo\u017eete upra\u017enjavati ski-turing. Ovde govorimo o kakvoj se vrsti skija radi i koje su njihove osnovne karakteristike.<\/p>\n\n\n\n<figure class=\"wp-block-gallery has-nested-images columns-default is-cropped wp-block-gallery-1 is-layout-flex wp-block-gallery-is-layout-flex\">\n<figure class=\"wp-block-image size-full\"><a href=\"https:\/\/splitboarding.rs\/wp-content\/uploads\/2023\/01\/Turno-skije.jpg\"><img loading=\"lazy\" decoding=\"async\" width=\"1920\" height=\"1080\" data-id=\"1097\" src=\"https:\/\/splitboarding.rs\/wp-content\/uploads\/2023\/01\/Turno-skije.jpg\" alt=\"\" class=\"wp-image-1097\" srcset=\"https:\/\/splitboarding.rs\/wp-content\/uploads\/2023\/01\/Turno-skije.jpg 1920w, https:\/\/splitboarding.rs\/wp-content\/uploads\/2023\/01\/Turno-skije-300x169.jpg 300w, https:\/\/splitboarding.rs\/wp-content\/uploads\/2023\/01\/Turno-skije-1024x576.jpg 1024w, https:\/\/splitboarding.rs\/wp-content\/uploads\/2023\/01\/Turno-skije-768x432.jpg 768w, https:\/\/splitboarding.rs\/wp-content\/uploads\/2023\/01\/Turno-skije-1536x864.jpg 1536w\" sizes=\"auto, (max-width: 1920px) 100vw, 1920px\" \/><\/a><\/figure>\n<\/figure>\n\n\n\n<p>Ve\u0107ina ljudi, \u010dak i onih koji su se oprobali u skijanju ili snoubordu na nekom skijali\u0161tu, kada im pomenete ski-turing prvo pomisli da govorite o nordijskom skijanju \u2013 langlaufu, skija\u0161kom tr\u010danju (cross country skiing). Obi\u010dno ka\u017eu, da znam, to je ono kada mo\u017ee\u0161 da tr\u010di\u0161 sa skijama, a peta nije fiksirana na skiji&#8230;<\/p>\n\n\n\n<p>Da, jeste, ali nije! No, idemo redom.<\/p>\n\n\n\n<p>Danas ve\u0107 postoji vi\u0161e stilova skijanja ili je bolje re\u0107i skija\u0161kih disciplina, koje su prili\u010dno jasno izdiferencirane me\u0111u sobom. Ovde ne\u0107emo razmatrati strogu podelu u smislu sportskih disciplina, ve\u0107 da uka\u017eemo na razne na\u010dine skijanja koje uslovljavaju i razli\u010dite vrste skija.<\/p>\n\n\n\n<p>Prva asocijacija za skijanje jesu alpske discipline, koje su bar kod nas i najpopularnije. Njima se bavi najve\u0107i broj rekreativaca, a skijali\u0161ta su upravo izgra\u0111ena u funkciji alpskog skijanja. Nordijske skija\u0161ke discipline spadaju u drugu grupu: ve\u0107 pomenuti kros-kantri (ili langlauf), a tu su i ski-skokovi. Posebnu grupu \u010dine telemark skija\u0161i, \u010dija je skija\u0161ka tehnika poprili\u010dno razli\u010dita od alpske. U poslednjih nekoliko decenija javlja se i fristajl (freestyle) skijanje koje se odvija na posebno ure\u0111enim ski i snoubord parkovima, dok sa druge strane frirajderi (freeriders) tra\u017ee divlje i netaknute padine sa puno snega. A na kraju tu je i turno skijanje (ski touring, backcountry skiing), koje predstavlja verovatno najop\u0161tiji vid skijanja, jer uslovno unutar sebe mo\u017ee uklju\u010divati ostale skija\u0161ke discipline. Poenta ove pri\u010de o raznim vrstama skijanja je slede\u0107a: za svaku skija\u0161ku disciplinu postoji posebna skija prilago\u0111ena ba\u0161 takvom na\u010dinu skijanja!<\/p>\n\n\n\n<p>Da bi opisali turno skije prvo moramo salgedati o kakvoj se to aktivnosti radi, tj. \u0161ta je ski-turing. Ski- turing je na\u010din kretanja po snegu upravo uz pomo\u0107 posebno dizajnirne opreme koji podrazumeva i uspon i spust. Zaklju\u010dujemo da skija koja treba da poslu\u017ei za ova dva prili\u010dno razli\u010dita na\u010dina kretanja po snegu mora da ispuni nekoliko uslova:<br>&#8211; da bude lagana \u2013 kako bi uspon bio lak\u0161i i kako bi skija\u0161 sa\u010duvao dovoljno energije da u\u017eiva u spustu.<br>&#8211; da bude upravljiva prilikom vo\u017enje nizbrdo \u2013 to osim konstrukcijskih re\u0161enja (radijus, roker, kamber, tvrdo\u0107a, \u0161irina, du\u017eina i sl.) zahteva i da skija ima odre\u0111enu te\u017einu kako bi se lak\u0161e i sigurnije probijala kroz sneg, a posebno pri velikim brzinama.<\/p>\n\n\n\n<p>Ve\u0107 uvi\u0111amo da postoji kontradiktorni zahtev za skiju: potrebno je da bude lagana (lak\u0161i uspon) i te\u0161ka (sigurniji spust). Naravno, ova komplikacija se prevazilazi uspe\u0161no na nekoliko na\u010dina, a pre svega tako \u0161to se konstrukcijskim karakteristikama obezbe\u0111uje bolja upravljivost bez bitnog pove\u0107anja te\u017eine. Drugi na\u010din je proizvodnja razli\u010ditih vrsta turno skija prema specifi\u010dnim zahtevima ski-turing disciplina. Osim toga turno skije se prave i za razli\u010dite nivoe skija\u0161ke tehnike, razli\u010dite vrste snega itd.<\/p>\n\n\n\n<p><strong>U tom smislu turno skije mo\u017eemo podeliti uslovno na nekoliko grupa:<\/strong><\/p>\n\n\n\n<ul class=\"wp-block-list\">\n<li><strong>Turno skije za trke (ski mountaineering)<\/strong>: Spadaju u grupu najlak\u0161ih (ispod kg) i pravljene su za brze uspone. \u0160irina ide do oko 80 cm (\u0161irina se meri na delu skije gde se poklapa sa sredinom veza). Konstrukcijska re\u0161enja ka\u010denja krzana na ove skije su takva da omogu\u0107avaju izuzetno brzu tranziciju iz \u201ewalk mode-a\u201c u \u201eski mode\u201c. Naravno, kao i skija i ostala oprema (vezovi, ski-cipele) koja se koristi u ovoj disciplini te\u017ei da bude \u0161to lak\u0161a. S obzirom na sve to, ove skije nisu ba\u0161 pogodne za vo\u017enju nizbrdo, posebno ne za velike padine prepune snega.<\/li>\n\n\n\n<li><strong>Turno skije za frirajd (freeride):<\/strong> Ove skije su, u principu, kontrast u odnosu na skije za trke. Uglavnom su te\u017ee (oko 1.5 kg pa i do 2 kg), du\u017ee i zna\u010dajno \u0161ire. \u0160irina skija za frirajd ide ve\u0107 od 90 cm do 120 cm, zbog \u010dega su dobile kolokvijalni naziv \u201efat\u201c. Ove skije su, tako\u0111e, i ve\u0107e du\u017eine, a kombinacijama konstrukcijskih re\u0161enja po principu roker \u2013 kamber proizvo\u0111a\u010di pronalaze razna re\u0161enja koja omogu\u0107avaju skija\u0161u \u0161to bolju upravljivost skije prilikom spusta, pri \u010demu je klju\u010dno da skija ne tone u sneg i da se njome mo\u017ee izvesti zaokret sa \u0161to manjom potro\u0161njom energije. Naravno, za ovu vrstu skijanja potrebno je imati robusniju i \u010dvr\u0161\u0107u ski cipelu, a ponekad su i vezovi gabaritniji od uobi\u010dajenih turno vezova. Shvatili ste, sa ovakvom opremom \u0107ete se vi\u0161e znojiti uzbrdo, ali zato u\u017eivate nizbrdo u pravom frirajdu.<\/li>\n\n\n\n<li><strong>Turno skije za all-around (all-mountain):<\/strong> Ova vrsta skija je neki kompromis izme\u0111u laganih turno skija za skimo-trke i \u0161irokih \u201efat\u201c skija za frirajd. Te\u017eina im obi\u010dno varira u rasponu od 1 do 1.5 kg, a \u0161irina ide od 80 cm do oko 95 cm, grubo re\u010deno. Sa ovim skijama se lak\u0161e kre\u0107ete na usponu, a prilikom spusta pru\u017eaju dovoljno sigurnosti da mo\u017eete savladati bilo koju padinu, a da pri tome i u\u017eivate. Osim toga, ove skije su veoma zgodne kad imate situaciju da vam se na jednoj turi menja kvalitet snega, sa njima mo\u017eete voziti i pr\u0161i\u0107 i tvrdu podlogu, pa ih \u010dak mo\u017eete probati i na ure\u0111enoj stazi. Ova skija je pravo re\u0161enje za sve ljubitelje ski-turinga koji ne nameravaju ili nemaju prilike da \u010desto voze \u201ebig mountain\u201c padine i obilan pr\u0161i\u0107 (powder). Ostala oprema, vezovi i ski cipele, mogu se prilagoditi onome \u0161to \u017eelite: ukoliko vam je namera da vi\u0161e penjete i da manje vozite frirajd mo\u017eete uzeti lak\u0161u opremu, a u suprotnom slobodno montirajte ozbiljnu frirajd opremu na skiju.<\/li>\n<\/ul>\n\n\n\n<p>\u0160to se ti\u010de radijusa turno skija, obi\u010dno je znatno ve\u0107i u odnosu na klasi\u010dne alpske skije koje se koriste na ure\u0111enim skija\u0161kim terenima, uglavnom je preko 16\u201317 m pa i do 30 m. No, treba imati u vidu da veli\u010dina radijusa ne igra tako va\u017enu ulogu u ski turingu u odnosu na klasi\u010dno alpsko skijanje.<\/p>\n\n\n\n<p>Danas mnogi proizvo\u0111a\u010di nude razli\u010dite modele skija za ski-turing, tako da skija\u0161i imaju veliku mogu\u0107nost izbora. Prilikom nabavke turno skija potrebno je da realno procenite svoje mogu\u0107nosti i \u017eelje i da odaberete skije koja \u0107e vama najvi\u0161e odgovarati. Prilikom procene u obzir treba uzeti va\u0161e skija\u0161ko ume\u0107e i u kakvoj ste kondiciji, na kom terenu najvi\u0161e planirate da idete na ture, da li su vam skije potrebne za takmi\u010denja, treninge, pristup alpinisti\u010dkim smerima, frirajd ili za, recimo, planinarenje u zimskim uslovima. Me\u0111u poznatijim proizvo\u0111a\u010dima opreme za ski-turing su Elan, Blizzard, Dynafit, Ski Trab, Salomon, Hagan, Fischer, K2 i mnogi drugi, tako da je pre kupovine skija po\u017eeljno istra\u017eiti ponudu.<\/p>\n\n\n\n<div class=\"wp-block-buttons is-layout-flex wp-block-buttons-is-layout-flex\">\n<div class=\"wp-block-button\"><a class=\"wp-block-button__link wp-element-button\" href=\"https:\/\/splitboarding.rs\/en\/oprema\/turno-cipele\/\">Turno cipele \u2192<\/a><\/div>\n<\/div>\n\n\n\n<div style=\"height:64px\" aria-hidden=\"true\" class=\"wp-block-spacer\"><\/div>","protected":false},"excerpt":{"rendered":"<p>Bez alata nema ni zanata, stara je mudrost, koja se mo\u017ee primeniti i na ski-turing jer, jednostavno, bez turno skija ne mo\u017eete upra\u017enjavati ski-turing. Ovde govorimo o kakvoj se vrsti skija radi i koje su njihove osnovne karakteristike. Ve\u0107ina ljudi, \u010dak i onih koji su se oprobali u skijanju ili snoubordu na nekom skijali\u0161tu, kada [&hellip;]<\/p>\n","protected":false},"author":1,"featured_media":0,"parent":0,"menu_order":5,"comment_status":"closed","ping_status":"closed","template":"","meta":{"_uag_custom_page_level_css":"","site-sidebar-layout":"default","site-content-layout":"","ast-site-content-layout":"default","site-content-style":"default","site-sidebar-style":"default","ast-global-header-display":"","ast-banner-title-visibility":"","ast-main-header-display":"","ast-hfb-above-header-display":"","ast-hfb-below-header-display":"","ast-hfb-mobile-header-display":"","site-post-title":"","ast-breadcrumbs-content":"","ast-featured-img":"","footer-sml-layout":"","ast-disable-related-posts":"","theme-transparent-header-meta":"","adv-header-id-meta":"","stick-header-meta":"","header-above-stick-meta":"","header-main-stick-meta":"","header-below-stick-meta":"","astra-migrate-meta-layouts":"default","ast-page-background-enabled":"default","ast-page-background-meta":{"desktop":{"background-color":"var(--ast-global-color-4)","background-image":"","background-repeat":"repeat","background-position":"center center","background-size":"auto","background-attachment":"scroll","background-type":"","background-media":"","overlay-type":"","overlay-color":"","overlay-opacity":"","overlay-gradient":""},"tablet":{"background-color":"","background-image":"","background-repeat":"repeat","background-position":"center center","background-size":"auto","background-attachment":"scroll","background-type":"","background-media":"","overlay-type":"","overlay-color":"","overlay-opacity":"","overlay-gradient":""},"mobile":{"background-color":"","background-image":"","background-repeat":"repeat","background-position":"center center","background-size":"auto","background-attachment":"scroll","background-type":"","background-media":"","overlay-type":"","overlay-color":"","overlay-opacity":"","overlay-gradient":""}},"ast-content-background-meta":{"desktop":{"background-color":"var(--ast-global-color-5)","background-image":"","background-repeat":"repeat","background-position":"center center","background-size":"auto","background-attachment":"scroll","background-type":"","background-media":"","overlay-type":"","overlay-color":"","overlay-opacity":"","overlay-gradient":""},"tablet":{"background-color":"var(--ast-global-color-5)","background-image":"","background-repeat":"repeat","background-position":"center center","background-size":"auto","background-attachment":"scroll","background-type":"","background-media":"","overlay-type":"","overlay-color":"","overlay-opacity":"","overlay-gradient":""},"mobile":{"background-color":"var(--ast-global-color-5)","background-image":"","background-repeat":"repeat","background-position":"center center","background-size":"auto","background-attachment":"scroll","background-type":"","background-media":"","overlay-type":"","overlay-color":"","overlay-opacity":"","overlay-gradient":""}},"footnotes":""},"class_list":["post-8","page","type-page","status-publish","hentry"],"featured_image_src":null,"yoast_head":"<!-- This site is optimized with the Yoast SEO plugin v27.4 - https:\/\/yoast.com\/product\/yoast-seo-wordpress\/ -->\n<title>Turno skije - Splitboarding &amp; Skitouring<\/title>\n<meta name=\"robots\" content=\"index, follow, max-snippet:-1, max-image-preview:large, max-video-preview:-1\" \/>\n<link rel=\"canonical\" href=\"https:\/\/splitboarding.rs\/en\/turno-skije\/\" \/>\n<meta property=\"og:locale\" content=\"en_US\" \/>\n<meta property=\"og:type\" content=\"article\" \/>\n<meta property=\"og:title\" content=\"Turno skije - Splitboarding &amp; Skitouring\" \/>\n<meta property=\"og:description\" content=\"Bez alata nema ni zanata, stara je mudrost, koja se mo\u017ee primeniti i na ski-turing jer, jednostavno, bez turno skija ne mo\u017eete upra\u017enjavati ski-turing. Ovde govorimo o kakvoj se vrsti skija radi i koje su njihove osnovne karakteristike. Ve\u0107ina ljudi, \u010dak i onih koji su se oprobali u skijanju ili snoubordu na nekom skijali\u0161tu, kada [&hellip;]\" \/>\n<meta property=\"og:url\" content=\"https:\/\/splitboarding.rs\/en\/turno-skije\/\" \/>\n<meta property=\"og:site_name\" content=\"Splitboarding &amp; Skitouring\" \/>\n<meta property=\"article:publisher\" content=\"https:\/\/www.facebook.com\/skitouringsplitboardingBalkans\" \/>\n<meta property=\"article:modified_time\" content=\"2023-01-25T18:04:21+00:00\" \/>\n<meta property=\"og:image\" content=\"https:\/\/splitboarding.rs\/wp-content\/uploads\/2023\/01\/Turno-skije.jpg\" \/>\n<meta name=\"twitter:card\" content=\"summary_large_image\" \/>\n<meta name=\"twitter:label1\" content=\"Est. reading time\" \/>\n\t<meta name=\"twitter:data1\" content=\"6 minutes\" \/>\n<script type=\"application\/ld+json\" class=\"yoast-schema-graph\">{\"@context\":\"https:\\\/\\\/schema.org\",\"@graph\":[{\"@type\":\"WebPage\",\"@id\":\"https:\\\/\\\/splitboarding.rs\\\/turno-skije\\\/\",\"url\":\"https:\\\/\\\/splitboarding.rs\\\/turno-skije\\\/\",\"name\":\"Turno skije - Splitboarding &amp; Skitouring\",\"isPartOf\":{\"@id\":\"https:\\\/\\\/splitboarding.rs\\\/#website\"},\"primaryImageOfPage\":{\"@id\":\"https:\\\/\\\/splitboarding.rs\\\/turno-skije\\\/#primaryimage\"},\"image\":{\"@id\":\"https:\\\/\\\/splitboarding.rs\\\/turno-skije\\\/#primaryimage\"},\"thumbnailUrl\":\"https:\\\/\\\/splitboarding.rs\\\/wp-content\\\/uploads\\\/2023\\\/01\\\/Turno-skije.jpg\",\"datePublished\":\"2023-01-16T11:21:51+00:00\",\"dateModified\":\"2023-01-25T18:04:21+00:00\",\"breadcrumb\":{\"@id\":\"https:\\\/\\\/splitboarding.rs\\\/turno-skije\\\/#breadcrumb\"},\"inLanguage\":\"en-US\",\"potentialAction\":[{\"@type\":\"ReadAction\",\"target\":[\"https:\\\/\\\/splitboarding.rs\\\/turno-skije\\\/\"]}]},{\"@type\":\"ImageObject\",\"inLanguage\":\"en-US\",\"@id\":\"https:\\\/\\\/splitboarding.rs\\\/turno-skije\\\/#primaryimage\",\"url\":\"https:\\\/\\\/splitboarding.rs\\\/wp-content\\\/uploads\\\/2023\\\/01\\\/Turno-skije.jpg\",\"contentUrl\":\"https:\\\/\\\/splitboarding.rs\\\/wp-content\\\/uploads\\\/2023\\\/01\\\/Turno-skije.jpg\"},{\"@type\":\"BreadcrumbList\",\"@id\":\"https:\\\/\\\/splitboarding.rs\\\/turno-skije\\\/#breadcrumb\",\"itemListElement\":[{\"@type\":\"ListItem\",\"position\":1,\"name\":\"Home\",\"item\":\"https:\\\/\\\/splitboarding.rs\\\/\"},{\"@type\":\"ListItem\",\"position\":2,\"name\":\"Turno skije\"}]},{\"@type\":\"WebSite\",\"@id\":\"https:\\\/\\\/splitboarding.rs\\\/#website\",\"url\":\"https:\\\/\\\/splitboarding.rs\\\/\",\"name\":\"Splitboarding & Skitouring\",\"description\":\"Tra\u017eite netaknute sne\u017ene padine Balkana, na pravom ste mestu!\",\"publisher\":{\"@id\":\"https:\\\/\\\/splitboarding.rs\\\/#organization\"},\"potentialAction\":[{\"@type\":\"SearchAction\",\"target\":{\"@type\":\"EntryPoint\",\"urlTemplate\":\"https:\\\/\\\/splitboarding.rs\\\/?s={search_term_string}\"},\"query-input\":{\"@type\":\"PropertyValueSpecification\",\"valueRequired\":true,\"valueName\":\"search_term_string\"}}],\"inLanguage\":\"en-US\"},{\"@type\":\"Organization\",\"@id\":\"https:\\\/\\\/splitboarding.rs\\\/#organization\",\"name\":\"Splitboarding & Skitouring\",\"url\":\"https:\\\/\\\/splitboarding.rs\\\/\",\"logo\":{\"@type\":\"ImageObject\",\"inLanguage\":\"en-US\",\"@id\":\"https:\\\/\\\/splitboarding.rs\\\/#\\\/schema\\\/logo\\\/image\\\/\",\"url\":\"https:\\\/\\\/splitboarding.rs\\\/wp-content\\\/uploads\\\/2023\\\/01\\\/logo_full.png\",\"contentUrl\":\"https:\\\/\\\/splitboarding.rs\\\/wp-content\\\/uploads\\\/2023\\\/01\\\/logo_full.png\",\"width\":1000,\"height\":250,\"caption\":\"Splitboarding & Skitouring\"},\"image\":{\"@id\":\"https:\\\/\\\/splitboarding.rs\\\/#\\\/schema\\\/logo\\\/image\\\/\"},\"sameAs\":[\"https:\\\/\\\/www.facebook.com\\\/skitouringsplitboardingBalkans\",\"https:\\\/\\\/www.instagram.com\\\/backcountry_balkans\\\/\"]}]}<\/script>\n<!-- \/ Yoast SEO plugin. -->","yoast_head_json":{"title":"Turno skije - Splitboarding &amp; Skitouring","robots":{"index":"index","follow":"follow","max-snippet":"max-snippet:-1","max-image-preview":"max-image-preview:large","max-video-preview":"max-video-preview:-1"},"canonical":"https:\/\/splitboarding.rs\/en\/turno-skije\/","og_locale":"en_US","og_type":"article","og_title":"Turno skije - Splitboarding &amp; Skitouring","og_description":"Bez alata nema ni zanata, stara je mudrost, koja se mo\u017ee primeniti i na ski-turing jer, jednostavno, bez turno skija ne mo\u017eete upra\u017enjavati ski-turing. Ovde govorimo o kakvoj se vrsti skija radi i koje su njihove osnovne karakteristike. Ve\u0107ina ljudi, \u010dak i onih koji su se oprobali u skijanju ili snoubordu na nekom skijali\u0161tu, kada [&hellip;]","og_url":"https:\/\/splitboarding.rs\/en\/turno-skije\/","og_site_name":"Splitboarding &amp; Skitouring","article_publisher":"https:\/\/www.facebook.com\/skitouringsplitboardingBalkans","article_modified_time":"2023-01-25T18:04:21+00:00","og_image":[{"url":"https:\/\/splitboarding.rs\/wp-content\/uploads\/2023\/01\/Turno-skije.jpg","type":"","width":"","height":""}],"twitter_card":"summary_large_image","twitter_misc":{"Est. reading time":"6 minutes"},"schema":{"@context":"https:\/\/schema.org","@graph":[{"@type":"WebPage","@id":"https:\/\/splitboarding.rs\/turno-skije\/","url":"https:\/\/splitboarding.rs\/turno-skije\/","name":"Turno skije - Splitboarding &amp; Skitouring","isPartOf":{"@id":"https:\/\/splitboarding.rs\/#website"},"primaryImageOfPage":{"@id":"https:\/\/splitboarding.rs\/turno-skije\/#primaryimage"},"image":{"@id":"https:\/\/splitboarding.rs\/turno-skije\/#primaryimage"},"thumbnailUrl":"https:\/\/splitboarding.rs\/wp-content\/uploads\/2023\/01\/Turno-skije.jpg","datePublished":"2023-01-16T11:21:51+00:00","dateModified":"2023-01-25T18:04:21+00:00","breadcrumb":{"@id":"https:\/\/splitboarding.rs\/turno-skije\/#breadcrumb"},"inLanguage":"en-US","potentialAction":[{"@type":"ReadAction","target":["https:\/\/splitboarding.rs\/turno-skije\/"]}]},{"@type":"ImageObject","inLanguage":"en-US","@id":"https:\/\/splitboarding.rs\/turno-skije\/#primaryimage","url":"https:\/\/splitboarding.rs\/wp-content\/uploads\/2023\/01\/Turno-skije.jpg","contentUrl":"https:\/\/splitboarding.rs\/wp-content\/uploads\/2023\/01\/Turno-skije.jpg"},{"@type":"BreadcrumbList","@id":"https:\/\/splitboarding.rs\/turno-skije\/#breadcrumb","itemListElement":[{"@type":"ListItem","position":1,"name":"Home","item":"https:\/\/splitboarding.rs\/"},{"@type":"ListItem","position":2,"name":"Turno skije"}]},{"@type":"WebSite","@id":"https:\/\/splitboarding.rs\/#website","url":"https:\/\/splitboarding.rs\/","name":"Splitboarding & Skitouring","description":"If you are looking for untouched snowy slopes of the Balkans, you are in the right place!","publisher":{"@id":"https:\/\/splitboarding.rs\/#organization"},"potentialAction":[{"@type":"SearchAction","target":{"@type":"EntryPoint","urlTemplate":"https:\/\/splitboarding.rs\/?s={search_term_string}"},"query-input":{"@type":"PropertyValueSpecification","valueRequired":true,"valueName":"search_term_string"}}],"inLanguage":"en-US"},{"@type":"Organization","@id":"https:\/\/splitboarding.rs\/#organization","name":"Splitboarding & Skitouring","url":"https:\/\/splitboarding.rs\/","logo":{"@type":"ImageObject","inLanguage":"en-US","@id":"https:\/\/splitboarding.rs\/#\/schema\/logo\/image\/","url":"https:\/\/splitboarding.rs\/wp-content\/uploads\/2023\/01\/logo_full.png","contentUrl":"https:\/\/splitboarding.rs\/wp-content\/uploads\/2023\/01\/logo_full.png","width":1000,"height":250,"caption":"Splitboarding & Skitouring"},"image":{"@id":"https:\/\/splitboarding.rs\/#\/schema\/logo\/image\/"},"sameAs":["https:\/\/www.facebook.com\/skitouringsplitboardingBalkans","https:\/\/www.instagram.com\/backcountry_balkans\/"]}]}},"uagb_featured_image_src":{"full":false,"thumbnail":false,"medium":false,"medium_large":false,"large":false,"1536x1536":false,"2048x2048":false,"trp-custom-language-flag":false},"uagb_author_info":{"display_name":"splitboarding \/ skitouring","author_link":"http:\/\/splitboarding.rs\/en\/author\/splitboarding\/"},"uagb_comment_info":0,"uagb_excerpt":"Bez alata nema ni zanata, stara je mudrost, koja se mo\u017ee primeniti i na ski-turing jer, jednostavno, bez turno skija ne mo\u017eete upra\u017enjavati ski-turing. Ovde govorimo o kakvoj se vrsti skija radi i koje su njihove osnovne karakteristike. Ve\u0107ina ljudi, \u010dak i onih koji su se oprobali u skijanju ili snoubordu na nekom skijali\u0161tu, kada&hellip;","_links":{"self":[{"href":"http:\/\/splitboarding.rs\/en\/wp-json\/wp\/v2\/pages\/8","targetHints":{"allow":["GET"]}}],"collection":[{"href":"http:\/\/splitboarding.rs\/en\/wp-json\/wp\/v2\/pages"}],"about":[{"href":"http:\/\/splitboarding.rs\/en\/wp-json\/wp\/v2\/types\/page"}],"author":[{"embeddable":true,"href":"http:\/\/splitboarding.rs\/en\/wp-json\/wp\/v2\/users\/1"}],"replies":[{"embeddable":true,"href":"http:\/\/splitboarding.rs\/en\/wp-json\/wp\/v2\/comments?post=8"}],"version-history":[{"count":6,"href":"http:\/\/splitboarding.rs\/en\/wp-json\/wp\/v2\/pages\/8\/revisions"}],"predecessor-version":[{"id":1098,"href":"http:\/\/splitboarding.rs\/en\/wp-json\/wp\/v2\/pages\/8\/revisions\/1098"}],"wp:attachment":[{"href":"http:\/\/splitboarding.rs\/en\/wp-json\/wp\/v2\/media?parent=8"}],"curies":[{"name":"wp","href":"https:\/\/api.w.org\/{rel}","templated":true}]}}