{"id":631,"date":"2023-01-16T12:18:19","date_gmt":"2023-01-16T11:18:19","guid":{"rendered":"https:\/\/splitboarding.rs\/?page_id=631"},"modified":"2023-01-25T17:06:20","modified_gmt":"2023-01-25T16:06:20","slug":"splitboard-vezovi","status":"publish","type":"page","link":"http:\/\/splitboarding.rs\/en\/splitboard-vezovi\/","title":{"rendered":"Splitboard bindings"},"content":{"rendered":"<p>Najkomplikovaniji deo splitbord opreme. Sva sre\u0107a, pa se u poslednjih 10 godina puno toga promenilo, napredak je neverovatan.<\/p>\n\n\n\n<figure class=\"wp-block-gallery has-nested-images columns-default is-cropped wp-block-gallery-1 is-layout-flex wp-block-gallery-is-layout-flex\">\n<figure class=\"wp-block-image size-full\"><a href=\"https:\/\/splitboarding.rs\/wp-content\/uploads\/2023\/01\/Split-Vezovi.jpg\"><img loading=\"lazy\" decoding=\"async\" width=\"1920\" height=\"1080\" data-id=\"1072\" src=\"https:\/\/splitboarding.rs\/wp-content\/uploads\/2023\/01\/Split-Vezovi.jpg\" alt=\"\" class=\"wp-image-1072\" srcset=\"https:\/\/splitboarding.rs\/wp-content\/uploads\/2023\/01\/Split-Vezovi.jpg 1920w, https:\/\/splitboarding.rs\/wp-content\/uploads\/2023\/01\/Split-Vezovi-300x169.jpg 300w, https:\/\/splitboarding.rs\/wp-content\/uploads\/2023\/01\/Split-Vezovi-1024x576.jpg 1024w, https:\/\/splitboarding.rs\/wp-content\/uploads\/2023\/01\/Split-Vezovi-768x432.jpg 768w, https:\/\/splitboarding.rs\/wp-content\/uploads\/2023\/01\/Split-Vezovi-1536x864.jpg 1536w\" sizes=\"auto, (max-width: 1920px) 100vw, 1920px\" \/><\/a><\/figure>\n<\/figure>\n\n\n\n<p>Nove tehnologije su zna\u010dajno olak\u0161ale kretanje splitborderima. Idemo redom:<\/p>\n\n\n\n<p>&#8211; Da, trebaju vam posebni vezovi za split!<br>&#8211; Postoje opcije gde ve\u0107 dobijate deo konektora na dasci (daskama) koji su vrlo bitni. Dobro proverite da l\u2019 je to u paketu.<br>&#8211; Ukoliko nije i to morate dokupiti (klipovi za nos, rep, baze na sredini, dodatni klipovi izme\u0111u baze i krajeva).<br>&#8211; Vez se sklapa i proverava kako radi u walk i ride mode-u. Dakle savr\u0161eno se mora uklapati u obe tranzicije.<br>&#8211; \u0160to je lak\u0161i, naravno bolje za vas. Ukoliko ima i dobar sistem bez pina (igle) za izbacivanje snega u promeni na terenu, utoliko bolje.<br>&#8211; Novi modeli (pogotovo Karakoram) imaju neverovatnu nadogradnju koju smo dugo \u010dekali. Fiksiranje pete u walking opciji, sad mo\u017eete slobodno odskijavati blaga brda i traverzirati bez prepakivanja. Imate fiksaciju \u010dizme za uzbrdice, gde od meke \u010dizme dobijate skoro pa pancericu.<br>&#8211; Svaki vez ima \u201e\u0161tiklu\u201c (ve\u0107u i manju) za uspone koja znatno olak\u0161ava va\u0161 rad uzbrdo.<br>&#8211; Nakon svake vo\u017enje, uve\u010de u sme\u0161taju dobro proverite sve \u0161rafove i konekcije.<\/p>\n\n\n\n<p>Koristan link: <a href=\"https:\/\/aqoutdoors.com\/a\/blog\/what-are-splitboard-bindings-a-quick-look\" target=\"_blank\" rel=\"noopener\">https:\/\/aqoutdoors.com\/a\/blog\/what-are-splitboard-bindings-a-quick-look<\/a><\/p>\n\n\n\n<p>*Pri\u010damo o vezovima isklju\u010dimo za <em>soft boots.<\/em><\/p>\n\n\n\n<div class=\"wp-block-buttons is-layout-flex wp-block-buttons-is-layout-flex\">\n<div class=\"wp-block-button\"><a class=\"wp-block-button__link wp-element-button\" href=\"https:\/\/splitboarding.rs\/en\/oprema\/turno-skije\/\">Turno skije \u2192<\/a><\/div>\n<\/div>\n\n\n\n<div style=\"height:64px\" aria-hidden=\"true\" class=\"wp-block-spacer\"><\/div>","protected":false},"excerpt":{"rendered":"<p>Najkomplikovaniji deo splitbord opreme. Sva sre\u0107a, pa se u poslednjih 10 godina puno toga promenilo, napredak je neverovatan. Nove tehnologije su zna\u010dajno olak\u0161ale kretanje splitborderima. Idemo redom: &#8211; Da, trebaju vam posebni vezovi za split!&#8211; Postoje opcije gde ve\u0107 dobijate deo konektora na dasci (daskama) koji su vrlo bitni. Dobro proverite da l\u2019 je to [&hellip;]<\/p>\n","protected":false},"author":1,"featured_media":0,"parent":0,"menu_order":4,"comment_status":"closed","ping_status":"closed","template":"","meta":{"_uag_custom_page_level_css":"","site-sidebar-layout":"default","site-content-layout":"","ast-site-content-layout":"default","site-content-style":"default","site-sidebar-style":"default","ast-global-header-display":"","ast-banner-title-visibility":"","ast-main-header-display":"","ast-hfb-above-header-display":"","ast-hfb-below-header-display":"","ast-hfb-mobile-header-display":"","site-post-title":"","ast-breadcrumbs-content":"","ast-featured-img":"","footer-sml-layout":"","ast-disable-related-posts":"","theme-transparent-header-meta":"","adv-header-id-meta":"","stick-header-meta":"","header-above-stick-meta":"","header-main-stick-meta":"","header-below-stick-meta":"","astra-migrate-meta-layouts":"default","ast-page-background-enabled":"default","ast-page-background-meta":{"desktop":{"background-color":"var(--ast-global-color-4)","background-image":"","background-repeat":"repeat","background-position":"center center","background-size":"auto","background-attachment":"scroll","background-type":"","background-media":"","overlay-type":"","overlay-color":"","overlay-opacity":"","overlay-gradient":""},"tablet":{"background-color":"","background-image":"","background-repeat":"repeat","background-position":"center center","background-size":"auto","background-attachment":"scroll","background-type":"","background-media":"","overlay-type":"","overlay-color":"","overlay-opacity":"","overlay-gradient":""},"mobile":{"background-color":"","background-image":"","background-repeat":"repeat","background-position":"center center","background-size":"auto","background-attachment":"scroll","background-type":"","background-media":"","overlay-type":"","overlay-color":"","overlay-opacity":"","overlay-gradient":""}},"ast-content-background-meta":{"desktop":{"background-color":"var(--ast-global-color-5)","background-image":"","background-repeat":"repeat","background-position":"center center","background-size":"auto","background-attachment":"scroll","background-type":"","background-media":"","overlay-type":"","overlay-color":"","overlay-opacity":"","overlay-gradient":""},"tablet":{"background-color":"var(--ast-global-color-5)","background-image":"","background-repeat":"repeat","background-position":"center center","background-size":"auto","background-attachment":"scroll","background-type":"","background-media":"","overlay-type":"","overlay-color":"","overlay-opacity":"","overlay-gradient":""},"mobile":{"background-color":"var(--ast-global-color-5)","background-image":"","background-repeat":"repeat","background-position":"center center","background-size":"auto","background-attachment":"scroll","background-type":"","background-media":"","overlay-type":"","overlay-color":"","overlay-opacity":"","overlay-gradient":""}},"footnotes":""},"class_list":["post-631","page","type-page","status-publish","hentry"],"featured_image_src":null,"yoast_head":"<!-- This site is optimized with the Yoast SEO plugin v27.4 - https:\/\/yoast.com\/product\/yoast-seo-wordpress\/ -->\n<title>Splitboard vezovi - Splitboarding &amp; Skitouring<\/title>\n<meta name=\"robots\" content=\"index, follow, max-snippet:-1, max-image-preview:large, max-video-preview:-1\" \/>\n<link rel=\"canonical\" href=\"https:\/\/splitboarding.rs\/en\/splitboard-vezovi\/\" \/>\n<meta property=\"og:locale\" content=\"en_US\" \/>\n<meta property=\"og:type\" content=\"article\" \/>\n<meta property=\"og:title\" content=\"Splitboard vezovi - Splitboarding &amp; Skitouring\" \/>\n<meta property=\"og:description\" content=\"Najkomplikovaniji deo splitbord opreme. Sva sre\u0107a, pa se u poslednjih 10 godina puno toga promenilo, napredak je neverovatan. Nove tehnologije su zna\u010dajno olak\u0161ale kretanje splitborderima. Idemo redom: &#8211; Da, trebaju vam posebni vezovi za split!&#8211; Postoje opcije gde ve\u0107 dobijate deo konektora na dasci (daskama) koji su vrlo bitni. Dobro proverite da l\u2019 je to [&hellip;]\" \/>\n<meta property=\"og:url\" content=\"https:\/\/splitboarding.rs\/en\/splitboard-vezovi\/\" \/>\n<meta property=\"og:site_name\" content=\"Splitboarding &amp; Skitouring\" \/>\n<meta property=\"article:publisher\" content=\"https:\/\/www.facebook.com\/skitouringsplitboardingBalkans\" \/>\n<meta property=\"article:modified_time\" content=\"2023-01-25T16:06:20+00:00\" \/>\n<meta property=\"og:image\" content=\"https:\/\/splitboarding.rs\/wp-content\/uploads\/2023\/01\/Split-Vezovi.jpg\" \/>\n<meta name=\"twitter:card\" content=\"summary_large_image\" \/>\n<meta name=\"twitter:label1\" content=\"Est. reading time\" \/>\n\t<meta name=\"twitter:data1\" content=\"1 minute\" \/>\n<script type=\"application\/ld+json\" class=\"yoast-schema-graph\">{\"@context\":\"https:\\\/\\\/schema.org\",\"@graph\":[{\"@type\":\"WebPage\",\"@id\":\"https:\\\/\\\/splitboarding.rs\\\/splitboard-vezovi\\\/\",\"url\":\"https:\\\/\\\/splitboarding.rs\\\/splitboard-vezovi\\\/\",\"name\":\"Splitboard vezovi - Splitboarding &amp; Skitouring\",\"isPartOf\":{\"@id\":\"https:\\\/\\\/splitboarding.rs\\\/#website\"},\"primaryImageOfPage\":{\"@id\":\"https:\\\/\\\/splitboarding.rs\\\/splitboard-vezovi\\\/#primaryimage\"},\"image\":{\"@id\":\"https:\\\/\\\/splitboarding.rs\\\/splitboard-vezovi\\\/#primaryimage\"},\"thumbnailUrl\":\"https:\\\/\\\/splitboarding.rs\\\/wp-content\\\/uploads\\\/2023\\\/01\\\/Split-Vezovi.jpg\",\"datePublished\":\"2023-01-16T11:18:19+00:00\",\"dateModified\":\"2023-01-25T16:06:20+00:00\",\"breadcrumb\":{\"@id\":\"https:\\\/\\\/splitboarding.rs\\\/splitboard-vezovi\\\/#breadcrumb\"},\"inLanguage\":\"en-US\",\"potentialAction\":[{\"@type\":\"ReadAction\",\"target\":[\"https:\\\/\\\/splitboarding.rs\\\/splitboard-vezovi\\\/\"]}]},{\"@type\":\"ImageObject\",\"inLanguage\":\"en-US\",\"@id\":\"https:\\\/\\\/splitboarding.rs\\\/splitboard-vezovi\\\/#primaryimage\",\"url\":\"https:\\\/\\\/splitboarding.rs\\\/wp-content\\\/uploads\\\/2023\\\/01\\\/Split-Vezovi.jpg\",\"contentUrl\":\"https:\\\/\\\/splitboarding.rs\\\/wp-content\\\/uploads\\\/2023\\\/01\\\/Split-Vezovi.jpg\"},{\"@type\":\"BreadcrumbList\",\"@id\":\"https:\\\/\\\/splitboarding.rs\\\/splitboard-vezovi\\\/#breadcrumb\",\"itemListElement\":[{\"@type\":\"ListItem\",\"position\":1,\"name\":\"Home\",\"item\":\"https:\\\/\\\/splitboarding.rs\\\/\"},{\"@type\":\"ListItem\",\"position\":2,\"name\":\"Splitboard vezovi\"}]},{\"@type\":\"WebSite\",\"@id\":\"https:\\\/\\\/splitboarding.rs\\\/#website\",\"url\":\"https:\\\/\\\/splitboarding.rs\\\/\",\"name\":\"Splitboarding & Skitouring\",\"description\":\"Tra\u017eite netaknute sne\u017ene padine Balkana, na pravom ste mestu!\",\"publisher\":{\"@id\":\"https:\\\/\\\/splitboarding.rs\\\/#organization\"},\"potentialAction\":[{\"@type\":\"SearchAction\",\"target\":{\"@type\":\"EntryPoint\",\"urlTemplate\":\"https:\\\/\\\/splitboarding.rs\\\/?s={search_term_string}\"},\"query-input\":{\"@type\":\"PropertyValueSpecification\",\"valueRequired\":true,\"valueName\":\"search_term_string\"}}],\"inLanguage\":\"en-US\"},{\"@type\":\"Organization\",\"@id\":\"https:\\\/\\\/splitboarding.rs\\\/#organization\",\"name\":\"Splitboarding & Skitouring\",\"url\":\"https:\\\/\\\/splitboarding.rs\\\/\",\"logo\":{\"@type\":\"ImageObject\",\"inLanguage\":\"en-US\",\"@id\":\"https:\\\/\\\/splitboarding.rs\\\/#\\\/schema\\\/logo\\\/image\\\/\",\"url\":\"https:\\\/\\\/splitboarding.rs\\\/wp-content\\\/uploads\\\/2023\\\/01\\\/logo_full.png\",\"contentUrl\":\"https:\\\/\\\/splitboarding.rs\\\/wp-content\\\/uploads\\\/2023\\\/01\\\/logo_full.png\",\"width\":1000,\"height\":250,\"caption\":\"Splitboarding & Skitouring\"},\"image\":{\"@id\":\"https:\\\/\\\/splitboarding.rs\\\/#\\\/schema\\\/logo\\\/image\\\/\"},\"sameAs\":[\"https:\\\/\\\/www.facebook.com\\\/skitouringsplitboardingBalkans\",\"https:\\\/\\\/www.instagram.com\\\/backcountry_balkans\\\/\"]}]}<\/script>\n<!-- \/ Yoast SEO plugin. -->","yoast_head_json":{"title":"Splitboard vezovi - Splitboarding &amp; Skitouring","robots":{"index":"index","follow":"follow","max-snippet":"max-snippet:-1","max-image-preview":"max-image-preview:large","max-video-preview":"max-video-preview:-1"},"canonical":"https:\/\/splitboarding.rs\/en\/splitboard-vezovi\/","og_locale":"en_US","og_type":"article","og_title":"Splitboard vezovi - Splitboarding &amp; Skitouring","og_description":"Najkomplikovaniji deo splitbord opreme. Sva sre\u0107a, pa se u poslednjih 10 godina puno toga promenilo, napredak je neverovatan. Nove tehnologije su zna\u010dajno olak\u0161ale kretanje splitborderima. Idemo redom: &#8211; Da, trebaju vam posebni vezovi za split!&#8211; Postoje opcije gde ve\u0107 dobijate deo konektora na dasci (daskama) koji su vrlo bitni. Dobro proverite da l\u2019 je to [&hellip;]","og_url":"https:\/\/splitboarding.rs\/en\/splitboard-vezovi\/","og_site_name":"Splitboarding &amp; Skitouring","article_publisher":"https:\/\/www.facebook.com\/skitouringsplitboardingBalkans","article_modified_time":"2023-01-25T16:06:20+00:00","og_image":[{"url":"https:\/\/splitboarding.rs\/wp-content\/uploads\/2023\/01\/Split-Vezovi.jpg","type":"","width":"","height":""}],"twitter_card":"summary_large_image","twitter_misc":{"Est. reading time":"1 minute"},"schema":{"@context":"https:\/\/schema.org","@graph":[{"@type":"WebPage","@id":"https:\/\/splitboarding.rs\/splitboard-vezovi\/","url":"https:\/\/splitboarding.rs\/splitboard-vezovi\/","name":"Splitboard vezovi - Splitboarding &amp; Skitouring","isPartOf":{"@id":"https:\/\/splitboarding.rs\/#website"},"primaryImageOfPage":{"@id":"https:\/\/splitboarding.rs\/splitboard-vezovi\/#primaryimage"},"image":{"@id":"https:\/\/splitboarding.rs\/splitboard-vezovi\/#primaryimage"},"thumbnailUrl":"https:\/\/splitboarding.rs\/wp-content\/uploads\/2023\/01\/Split-Vezovi.jpg","datePublished":"2023-01-16T11:18:19+00:00","dateModified":"2023-01-25T16:06:20+00:00","breadcrumb":{"@id":"https:\/\/splitboarding.rs\/splitboard-vezovi\/#breadcrumb"},"inLanguage":"en-US","potentialAction":[{"@type":"ReadAction","target":["https:\/\/splitboarding.rs\/splitboard-vezovi\/"]}]},{"@type":"ImageObject","inLanguage":"en-US","@id":"https:\/\/splitboarding.rs\/splitboard-vezovi\/#primaryimage","url":"https:\/\/splitboarding.rs\/wp-content\/uploads\/2023\/01\/Split-Vezovi.jpg","contentUrl":"https:\/\/splitboarding.rs\/wp-content\/uploads\/2023\/01\/Split-Vezovi.jpg"},{"@type":"BreadcrumbList","@id":"https:\/\/splitboarding.rs\/splitboard-vezovi\/#breadcrumb","itemListElement":[{"@type":"ListItem","position":1,"name":"Home","item":"https:\/\/splitboarding.rs\/"},{"@type":"ListItem","position":2,"name":"Splitboard vezovi"}]},{"@type":"WebSite","@id":"https:\/\/splitboarding.rs\/#website","url":"https:\/\/splitboarding.rs\/","name":"Splitboarding & Skitouring","description":"If you are looking for untouched snowy slopes of the Balkans, you are in the right place!","publisher":{"@id":"https:\/\/splitboarding.rs\/#organization"},"potentialAction":[{"@type":"SearchAction","target":{"@type":"EntryPoint","urlTemplate":"https:\/\/splitboarding.rs\/?s={search_term_string}"},"query-input":{"@type":"PropertyValueSpecification","valueRequired":true,"valueName":"search_term_string"}}],"inLanguage":"en-US"},{"@type":"Organization","@id":"https:\/\/splitboarding.rs\/#organization","name":"Splitboarding & Skitouring","url":"https:\/\/splitboarding.rs\/","logo":{"@type":"ImageObject","inLanguage":"en-US","@id":"https:\/\/splitboarding.rs\/#\/schema\/logo\/image\/","url":"https:\/\/splitboarding.rs\/wp-content\/uploads\/2023\/01\/logo_full.png","contentUrl":"https:\/\/splitboarding.rs\/wp-content\/uploads\/2023\/01\/logo_full.png","width":1000,"height":250,"caption":"Splitboarding & Skitouring"},"image":{"@id":"https:\/\/splitboarding.rs\/#\/schema\/logo\/image\/"},"sameAs":["https:\/\/www.facebook.com\/skitouringsplitboardingBalkans","https:\/\/www.instagram.com\/backcountry_balkans\/"]}]}},"uagb_featured_image_src":{"full":false,"thumbnail":false,"medium":false,"medium_large":false,"large":false,"1536x1536":false,"2048x2048":false,"trp-custom-language-flag":false},"uagb_author_info":{"display_name":"splitboarding \/ skitouring","author_link":"http:\/\/splitboarding.rs\/en\/author\/splitboarding\/"},"uagb_comment_info":0,"uagb_excerpt":"Najkomplikovaniji deo splitbord opreme. Sva sre\u0107a, pa se u poslednjih 10 godina puno toga promenilo, napredak je neverovatan. Nove tehnologije su zna\u010dajno olak\u0161ale kretanje splitborderima. Idemo redom: &#8211; Da, trebaju vam posebni vezovi za split!&#8211; Postoje opcije gde ve\u0107 dobijate deo konektora na dasci (daskama) koji su vrlo bitni. Dobro proverite da l\u2019 je to&hellip;","_links":{"self":[{"href":"http:\/\/splitboarding.rs\/en\/wp-json\/wp\/v2\/pages\/631","targetHints":{"allow":["GET"]}}],"collection":[{"href":"http:\/\/splitboarding.rs\/en\/wp-json\/wp\/v2\/pages"}],"about":[{"href":"http:\/\/splitboarding.rs\/en\/wp-json\/wp\/v2\/types\/page"}],"author":[{"embeddable":true,"href":"http:\/\/splitboarding.rs\/en\/wp-json\/wp\/v2\/users\/1"}],"replies":[{"embeddable":true,"href":"http:\/\/splitboarding.rs\/en\/wp-json\/wp\/v2\/comments?post=631"}],"version-history":[{"count":4,"href":"http:\/\/splitboarding.rs\/en\/wp-json\/wp\/v2\/pages\/631\/revisions"}],"predecessor-version":[{"id":1073,"href":"http:\/\/splitboarding.rs\/en\/wp-json\/wp\/v2\/pages\/631\/revisions\/1073"}],"wp:attachment":[{"href":"http:\/\/splitboarding.rs\/en\/wp-json\/wp\/v2\/media?parent=631"}],"curies":[{"name":"wp","href":"https:\/\/api.w.org\/{rel}","templated":true}]}}