{"id":497,"date":"2023-01-04T17:36:43","date_gmt":"2023-01-04T17:36:43","guid":{"rendered":"https:\/\/splitboarding.rs\/?page_id=497"},"modified":"2023-01-26T13:30:11","modified_gmt":"2023-01-26T12:30:11","slug":"zasto-sa-nama","status":"publish","type":"page","link":"http:\/\/splitboarding.rs\/en\/zasto-sa-nama\/","title":{"rendered":"Why with us?"},"content":{"rendered":"<p>Thanks to our many years of experience in various mountaineering activities, you will definitely enjoy true \"outdoor\" adventures with us, of course in a safe and secure way. We take you to the beautiful and rarely visited mountains of the Balkans, where the view takes your breath away and you charge your \"batteries\" with the primordial energy of nature.<\/p>\n\n\n\n<div class=\"wp-block-columns is-layout-flex wp-container-core-columns-is-layout-28f84493 wp-block-columns-is-layout-flex\">\n<div class=\"wp-block-column is-layout-flow wp-block-column-is-layout-flow\" style=\"flex-basis:33.33%\">\n<figure class=\"wp-block-gallery has-nested-images columns-default is-cropped wp-block-gallery-1 is-layout-flex wp-block-gallery-is-layout-flex\">\n<figure class=\"wp-block-image size-full\"><a href=\"https:\/\/splitboarding.rs\/wp-content\/uploads\/2023\/01\/Zasto-sa-nama.jpg\"><img loading=\"lazy\" decoding=\"async\" width=\"1200\" height=\"1600\" data-id=\"1107\" src=\"https:\/\/splitboarding.rs\/wp-content\/uploads\/2023\/01\/Zasto-sa-nama.jpg\" alt=\"\" class=\"wp-image-1107\" srcset=\"https:\/\/splitboarding.rs\/wp-content\/uploads\/2023\/01\/Zasto-sa-nama.jpg 1200w, https:\/\/splitboarding.rs\/wp-content\/uploads\/2023\/01\/Zasto-sa-nama-225x300.jpg 225w, https:\/\/splitboarding.rs\/wp-content\/uploads\/2023\/01\/Zasto-sa-nama-768x1024.jpg 768w, https:\/\/splitboarding.rs\/wp-content\/uploads\/2023\/01\/Zasto-sa-nama-1152x1536.jpg 1152w\" sizes=\"auto, (max-width: 1200px) 100vw, 1200px\" \/><\/a><\/figure>\n<\/figure>\n<\/div>\n\n\n\n<div class=\"wp-block-column is-layout-flow wp-block-column-is-layout-flow\" style=\"flex-basis:66.66%\">\n<p>We want to bring people closer to the mountains in a special way, to show that you can enjoy the beauty of the mountains even in winter. On our adventures, you can feel like the first explorers of unknown and distant areas, of which there are a large number in the Balkans, despite the achievements of modern society. With an unforgettable adventure, you can certainly learn a lot about the mountains, different localities, natural beauties and specifics, meet new people and their way of life.<\/p>\n\n\n\n<p>Staying in the mountains during winter is a challenge in itself and requires a lot of knowledge and skills, as well as special equipment. Apart from adventurism, our work is also aimed at educating and training everyone who wants to learn new skills and acquire useful knowledge, which will enable them to engage in winter mountain activities safely. Besides wanting to share our knowledge with others, we are aware that the learning process is always two-way. We know that we can always learn something new and useful from others, and that's why we strive to share experience and knowledge with others. Cooperation is the key word for the success of any action in the mountain.<\/p>\n<\/div>\n<\/div>\n\n\n\n<p>So far, at our camps, participants have had the opportunity to learn from:<\/p>\n\n\n\n<ul class=\"wp-block-list\">\n<li>Nathan Fry, AMGA Assistant Alpine Guide, highest avalanche training license on the planet (Avalanche PRO 2, full education Chamonix).<\/li>\n\n\n\n<li class=\"translation-block\">Marco Milanese, <a href=\"https:\/\/www.marcomilanese.com\/\" target=\"_blank\" rel=\"noreferrer noopener\">https:\/\/www.marcomilanese.com\/<\/a> professional mountain guide and freerider . A man who makes an \"avalanche bulletin\" in his part of Italy. Ambassador for \"North Face\".<\/li>\n\n\n\n<li><a><\/a> Slobodan Glumac, level IV snowboard instructor (international professional license ISIA).<\/li>\n\n\n\n<li>Vladimir Rankovi\u0107, professional speleologist, the only one with a French license as a monitor in ji. Europe. Doctor for the technical part of the training (anchorage, pulling out of crevices, abseiling, etc.).<\/li>\n<\/ul>\n\n\n\n<p>As you can see, we have a lot to learn from the best in order to pack your \"skill set\" for this sport, and that is crucial.<\/p>\n\n\n\n<p>We have a special program and offer for everyone who wants to improve work in their companies and work teams, through the organization of team-building activities. Thanks to the adventurism, mountain ambience, dynamic and carefully designed content, you will definitely improve your team. In the conditions and actions we offer, focus on each other and teamwork become a necessity, which guarantees that you will build a quality team with good fun.<\/p>\n\n\n\n<div style=\"height:64px\" aria-hidden=\"true\" class=\"wp-block-spacer\"><\/div>","protected":false},"excerpt":{"rendered":"<p>Zahvaljuju\u0107i dugogodi\u0161njem iskustvu u razli\u010ditim planinarskim aktivnostima sa nama \u0107ete posve sigurno u\u017eivati u istinskim \u201eoutdoor\u201c avanturama, naravno na bezbedan i siguran na\u010din. Vodimo vas na predivne i retko pose\u0107ene planine Balkana, na kojima od pogleda zastaje dah i punite svoje \u201ebaterije\u201c iskonskom energijom prirode. \u017delimo da ljudima pribli\u017eimo planine na poseban na\u010din, da poka\u017eemo [&hellip;]<\/p>\n","protected":false},"author":1,"featured_media":1107,"parent":0,"menu_order":0,"comment_status":"closed","ping_status":"closed","template":"","meta":{"_uag_custom_page_level_css":"","site-sidebar-layout":"default","site-content-layout":"","ast-site-content-layout":"default","site-content-style":"default","site-sidebar-style":"default","ast-global-header-display":"","ast-banner-title-visibility":"","ast-main-header-display":"","ast-hfb-above-header-display":"","ast-hfb-below-header-display":"","ast-hfb-mobile-header-display":"","site-post-title":"","ast-breadcrumbs-content":"","ast-featured-img":"disabled","footer-sml-layout":"","ast-disable-related-posts":"","theme-transparent-header-meta":"","adv-header-id-meta":"","stick-header-meta":"","header-above-stick-meta":"","header-main-stick-meta":"","header-below-stick-meta":"","astra-migrate-meta-layouts":"default","ast-page-background-enabled":"default","ast-page-background-meta":{"desktop":{"background-color":"var(--ast-global-color-4)","background-image":"","background-repeat":"repeat","background-position":"center center","background-size":"auto","background-attachment":"scroll","background-type":"","background-media":"","overlay-type":"","overlay-color":"","overlay-opacity":"","overlay-gradient":""},"tablet":{"background-color":"","background-image":"","background-repeat":"repeat","background-position":"center center","background-size":"auto","background-attachment":"scroll","background-type":"","background-media":"","overlay-type":"","overlay-color":"","overlay-opacity":"","overlay-gradient":""},"mobile":{"background-color":"","background-image":"","background-repeat":"repeat","background-position":"center center","background-size":"auto","background-attachment":"scroll","background-type":"","background-media":"","overlay-type":"","overlay-color":"","overlay-opacity":"","overlay-gradient":""}},"ast-content-background-meta":{"desktop":{"background-color":"var(--ast-global-color-5)","background-image":"","background-repeat":"repeat","background-position":"center center","background-size":"auto","background-attachment":"scroll","background-type":"","background-media":"","overlay-type":"","overlay-color":"","overlay-opacity":"","overlay-gradient":""},"tablet":{"background-color":"var(--ast-global-color-5)","background-image":"","background-repeat":"repeat","background-position":"center center","background-size":"auto","background-attachment":"scroll","background-type":"","background-media":"","overlay-type":"","overlay-color":"","overlay-opacity":"","overlay-gradient":""},"mobile":{"background-color":"var(--ast-global-color-5)","background-image":"","background-repeat":"repeat","background-position":"center center","background-size":"auto","background-attachment":"scroll","background-type":"","background-media":"","overlay-type":"","overlay-color":"","overlay-opacity":"","overlay-gradient":""}},"footnotes":""},"class_list":["post-497","page","type-page","status-publish","has-post-thumbnail","hentry"],"featured_image_src":"https:\/\/splitboarding.rs\/wp-content\/uploads\/2023\/01\/Zasto-sa-nama.jpg","yoast_head":"<!-- This site is optimized with the Yoast SEO plugin v27.4 - https:\/\/yoast.com\/product\/yoast-seo-wordpress\/ -->\n<title>Za\u0161to sa nama? - Splitboarding &amp; Skitouring<\/title>\n<meta name=\"description\" content=\"Zahvaljuju\u0107i dugogodi\u0161njem iskustvu u razli\u010ditim planinarskim aktivnostima sa nama \u0107ete posve sigurno u\u017eivati u istinskim \u201eoutdoor\u201c avanturama\" \/>\n<meta name=\"robots\" content=\"index, follow, max-snippet:-1, max-image-preview:large, max-video-preview:-1\" \/>\n<link rel=\"canonical\" href=\"https:\/\/splitboarding.rs\/en\/zasto-sa-nama\/\" \/>\n<meta property=\"og:locale\" content=\"en_US\" \/>\n<meta property=\"og:type\" content=\"article\" \/>\n<meta property=\"og:title\" content=\"Za\u0161to sa nama? - Splitboarding &amp; Skitouring\" \/>\n<meta property=\"og:description\" content=\"Zahvaljuju\u0107i dugogodi\u0161njem iskustvu u razli\u010ditim planinarskim aktivnostima sa nama \u0107ete posve sigurno u\u017eivati u istinskim \u201eoutdoor\u201c avanturama\" \/>\n<meta property=\"og:url\" content=\"https:\/\/splitboarding.rs\/en\/zasto-sa-nama\/\" \/>\n<meta property=\"og:site_name\" content=\"Splitboarding &amp; Skitouring\" \/>\n<meta property=\"article:publisher\" content=\"https:\/\/www.facebook.com\/skitouringsplitboardingBalkans\" \/>\n<meta property=\"article:modified_time\" content=\"2023-01-26T12:30:11+00:00\" \/>\n<meta property=\"og:image\" content=\"https:\/\/splitboarding.rs\/wp-content\/uploads\/2023\/01\/Zasto-sa-nama.jpg\" \/>\n\t<meta property=\"og:image:width\" content=\"1200\" \/>\n\t<meta property=\"og:image:height\" content=\"1600\" \/>\n\t<meta property=\"og:image:type\" content=\"image\/jpeg\" \/>\n<meta name=\"twitter:card\" content=\"summary_large_image\" \/>\n<meta name=\"twitter:title\" content=\"Za\u0161to sa nama? - Splitboarding &amp; Skitouring\" \/>\n<meta name=\"twitter:description\" content=\"Zahvaljuju\u0107i dugogodi\u0161njem iskustvu u razli\u010ditim planinarskim aktivnostima sa nama \u0107ete posve sigurno u\u017eivati u istinskim \u201eoutdoor\u201c avanturama\" \/>\n<meta name=\"twitter:image\" content=\"https:\/\/splitboarding.rs\/wp-content\/uploads\/2023\/01\/Zasto-sa-nama.jpg\" \/>\n<meta name=\"twitter:label1\" content=\"Est. reading time\" \/>\n\t<meta name=\"twitter:data1\" content=\"2 minutes\" \/>\n<script type=\"application\/ld+json\" class=\"yoast-schema-graph\">{\"@context\":\"https:\\\/\\\/schema.org\",\"@graph\":[{\"@type\":\"WebPage\",\"@id\":\"https:\\\/\\\/splitboarding.rs\\\/zasto-sa-nama\\\/\",\"url\":\"https:\\\/\\\/splitboarding.rs\\\/zasto-sa-nama\\\/\",\"name\":\"Za\u0161to sa nama? - Splitboarding &amp; Skitouring\",\"isPartOf\":{\"@id\":\"https:\\\/\\\/splitboarding.rs\\\/#website\"},\"primaryImageOfPage\":{\"@id\":\"https:\\\/\\\/splitboarding.rs\\\/zasto-sa-nama\\\/#primaryimage\"},\"image\":{\"@id\":\"https:\\\/\\\/splitboarding.rs\\\/zasto-sa-nama\\\/#primaryimage\"},\"thumbnailUrl\":\"https:\\\/\\\/splitboarding.rs\\\/wp-content\\\/uploads\\\/2023\\\/01\\\/Zasto-sa-nama.jpg\",\"datePublished\":\"2023-01-04T17:36:43+00:00\",\"dateModified\":\"2023-01-26T12:30:11+00:00\",\"description\":\"Zahvaljuju\u0107i dugogodi\u0161njem iskustvu u razli\u010ditim planinarskim aktivnostima sa nama \u0107ete posve sigurno u\u017eivati u istinskim \u201eoutdoor\u201c avanturama\",\"breadcrumb\":{\"@id\":\"https:\\\/\\\/splitboarding.rs\\\/zasto-sa-nama\\\/#breadcrumb\"},\"inLanguage\":\"en-US\",\"potentialAction\":[{\"@type\":\"ReadAction\",\"target\":[\"https:\\\/\\\/splitboarding.rs\\\/zasto-sa-nama\\\/\"]}]},{\"@type\":\"ImageObject\",\"inLanguage\":\"en-US\",\"@id\":\"https:\\\/\\\/splitboarding.rs\\\/zasto-sa-nama\\\/#primaryimage\",\"url\":\"https:\\\/\\\/splitboarding.rs\\\/wp-content\\\/uploads\\\/2023\\\/01\\\/Zasto-sa-nama.jpg\",\"contentUrl\":\"https:\\\/\\\/splitboarding.rs\\\/wp-content\\\/uploads\\\/2023\\\/01\\\/Zasto-sa-nama.jpg\",\"width\":1200,\"height\":1600},{\"@type\":\"BreadcrumbList\",\"@id\":\"https:\\\/\\\/splitboarding.rs\\\/zasto-sa-nama\\\/#breadcrumb\",\"itemListElement\":[{\"@type\":\"ListItem\",\"position\":1,\"name\":\"Home\",\"item\":\"https:\\\/\\\/splitboarding.rs\\\/\"},{\"@type\":\"ListItem\",\"position\":2,\"name\":\"Za\u0161to sa nama?\"}]},{\"@type\":\"WebSite\",\"@id\":\"https:\\\/\\\/splitboarding.rs\\\/#website\",\"url\":\"https:\\\/\\\/splitboarding.rs\\\/\",\"name\":\"Splitboarding & Skitouring\",\"description\":\"Tra\u017eite netaknute sne\u017ene padine Balkana, na pravom ste mestu!\",\"publisher\":{\"@id\":\"https:\\\/\\\/splitboarding.rs\\\/#organization\"},\"potentialAction\":[{\"@type\":\"SearchAction\",\"target\":{\"@type\":\"EntryPoint\",\"urlTemplate\":\"https:\\\/\\\/splitboarding.rs\\\/?s={search_term_string}\"},\"query-input\":{\"@type\":\"PropertyValueSpecification\",\"valueRequired\":true,\"valueName\":\"search_term_string\"}}],\"inLanguage\":\"en-US\"},{\"@type\":\"Organization\",\"@id\":\"https:\\\/\\\/splitboarding.rs\\\/#organization\",\"name\":\"Splitboarding & Skitouring\",\"url\":\"https:\\\/\\\/splitboarding.rs\\\/\",\"logo\":{\"@type\":\"ImageObject\",\"inLanguage\":\"en-US\",\"@id\":\"https:\\\/\\\/splitboarding.rs\\\/#\\\/schema\\\/logo\\\/image\\\/\",\"url\":\"https:\\\/\\\/splitboarding.rs\\\/wp-content\\\/uploads\\\/2023\\\/01\\\/logo_full.png\",\"contentUrl\":\"https:\\\/\\\/splitboarding.rs\\\/wp-content\\\/uploads\\\/2023\\\/01\\\/logo_full.png\",\"width\":1000,\"height\":250,\"caption\":\"Splitboarding & Skitouring\"},\"image\":{\"@id\":\"https:\\\/\\\/splitboarding.rs\\\/#\\\/schema\\\/logo\\\/image\\\/\"},\"sameAs\":[\"https:\\\/\\\/www.facebook.com\\\/skitouringsplitboardingBalkans\",\"https:\\\/\\\/www.instagram.com\\\/backcountry_balkans\\\/\"]}]}<\/script>\n<!-- \/ Yoast SEO plugin. -->","yoast_head_json":{"title":"Za\u0161to sa nama? - Splitboarding &amp; Skitouring","description":"Zahvaljuju\u0107i dugogodi\u0161njem iskustvu u razli\u010ditim planinarskim aktivnostima sa nama \u0107ete posve sigurno u\u017eivati u istinskim \u201eoutdoor\u201c avanturama","robots":{"index":"index","follow":"follow","max-snippet":"max-snippet:-1","max-image-preview":"max-image-preview:large","max-video-preview":"max-video-preview:-1"},"canonical":"https:\/\/splitboarding.rs\/en\/zasto-sa-nama\/","og_locale":"en_US","og_type":"article","og_title":"Za\u0161to sa nama? - Splitboarding &amp; Skitouring","og_description":"Zahvaljuju\u0107i dugogodi\u0161njem iskustvu u razli\u010ditim planinarskim aktivnostima sa nama \u0107ete posve sigurno u\u017eivati u istinskim \u201eoutdoor\u201c avanturama","og_url":"https:\/\/splitboarding.rs\/en\/zasto-sa-nama\/","og_site_name":"Splitboarding &amp; Skitouring","article_publisher":"https:\/\/www.facebook.com\/skitouringsplitboardingBalkans","article_modified_time":"2023-01-26T12:30:11+00:00","og_image":[{"width":1200,"height":1600,"url":"https:\/\/splitboarding.rs\/wp-content\/uploads\/2023\/01\/Zasto-sa-nama.jpg","type":"image\/jpeg"}],"twitter_card":"summary_large_image","twitter_title":"Za\u0161to sa nama? - Splitboarding &amp; Skitouring","twitter_description":"Zahvaljuju\u0107i dugogodi\u0161njem iskustvu u razli\u010ditim planinarskim aktivnostima sa nama \u0107ete posve sigurno u\u017eivati u istinskim \u201eoutdoor\u201c avanturama","twitter_image":"https:\/\/splitboarding.rs\/wp-content\/uploads\/2023\/01\/Zasto-sa-nama.jpg","twitter_misc":{"Est. reading time":"2 minutes"},"schema":{"@context":"https:\/\/schema.org","@graph":[{"@type":"WebPage","@id":"https:\/\/splitboarding.rs\/zasto-sa-nama\/","url":"https:\/\/splitboarding.rs\/zasto-sa-nama\/","name":"Za\u0161to sa nama? - Splitboarding &amp; Skitouring","isPartOf":{"@id":"https:\/\/splitboarding.rs\/#website"},"primaryImageOfPage":{"@id":"https:\/\/splitboarding.rs\/zasto-sa-nama\/#primaryimage"},"image":{"@id":"https:\/\/splitboarding.rs\/zasto-sa-nama\/#primaryimage"},"thumbnailUrl":"https:\/\/splitboarding.rs\/wp-content\/uploads\/2023\/01\/Zasto-sa-nama.jpg","datePublished":"2023-01-04T17:36:43+00:00","dateModified":"2023-01-26T12:30:11+00:00","description":"Zahvaljuju\u0107i dugogodi\u0161njem iskustvu u razli\u010ditim planinarskim aktivnostima sa nama \u0107ete posve sigurno u\u017eivati u istinskim \u201eoutdoor\u201c avanturama","breadcrumb":{"@id":"https:\/\/splitboarding.rs\/zasto-sa-nama\/#breadcrumb"},"inLanguage":"en-US","potentialAction":[{"@type":"ReadAction","target":["https:\/\/splitboarding.rs\/zasto-sa-nama\/"]}]},{"@type":"ImageObject","inLanguage":"en-US","@id":"https:\/\/splitboarding.rs\/zasto-sa-nama\/#primaryimage","url":"https:\/\/splitboarding.rs\/wp-content\/uploads\/2023\/01\/Zasto-sa-nama.jpg","contentUrl":"https:\/\/splitboarding.rs\/wp-content\/uploads\/2023\/01\/Zasto-sa-nama.jpg","width":1200,"height":1600},{"@type":"BreadcrumbList","@id":"https:\/\/splitboarding.rs\/zasto-sa-nama\/#breadcrumb","itemListElement":[{"@type":"ListItem","position":1,"name":"Home","item":"https:\/\/splitboarding.rs\/"},{"@type":"ListItem","position":2,"name":"Za\u0161to sa nama?"}]},{"@type":"WebSite","@id":"https:\/\/splitboarding.rs\/#website","url":"https:\/\/splitboarding.rs\/","name":"Splitboarding & Skitouring","description":"If you are looking for untouched snowy slopes of the Balkans, you are in the right place!","publisher":{"@id":"https:\/\/splitboarding.rs\/#organization"},"potentialAction":[{"@type":"SearchAction","target":{"@type":"EntryPoint","urlTemplate":"https:\/\/splitboarding.rs\/?s={search_term_string}"},"query-input":{"@type":"PropertyValueSpecification","valueRequired":true,"valueName":"search_term_string"}}],"inLanguage":"en-US"},{"@type":"Organization","@id":"https:\/\/splitboarding.rs\/#organization","name":"Splitboarding & Skitouring","url":"https:\/\/splitboarding.rs\/","logo":{"@type":"ImageObject","inLanguage":"en-US","@id":"https:\/\/splitboarding.rs\/#\/schema\/logo\/image\/","url":"https:\/\/splitboarding.rs\/wp-content\/uploads\/2023\/01\/logo_full.png","contentUrl":"https:\/\/splitboarding.rs\/wp-content\/uploads\/2023\/01\/logo_full.png","width":1000,"height":250,"caption":"Splitboarding & Skitouring"},"image":{"@id":"https:\/\/splitboarding.rs\/#\/schema\/logo\/image\/"},"sameAs":["https:\/\/www.facebook.com\/skitouringsplitboardingBalkans","https:\/\/www.instagram.com\/backcountry_balkans\/"]}]}},"uagb_featured_image_src":{"full":["https:\/\/splitboarding.rs\/wp-content\/uploads\/2023\/01\/Zasto-sa-nama.jpg",1200,1600,false],"thumbnail":["https:\/\/splitboarding.rs\/wp-content\/uploads\/2023\/01\/Zasto-sa-nama-150x150.jpg",150,150,true],"medium":["https:\/\/splitboarding.rs\/wp-content\/uploads\/2023\/01\/Zasto-sa-nama-225x300.jpg",225,300,true],"medium_large":["https:\/\/splitboarding.rs\/wp-content\/uploads\/2023\/01\/Zasto-sa-nama-768x1024.jpg",768,1024,true],"large":["https:\/\/splitboarding.rs\/wp-content\/uploads\/2023\/01\/Zasto-sa-nama-768x1024.jpg",768,1024,true],"1536x1536":["https:\/\/splitboarding.rs\/wp-content\/uploads\/2023\/01\/Zasto-sa-nama-1152x1536.jpg",1152,1536,true],"2048x2048":["https:\/\/splitboarding.rs\/wp-content\/uploads\/2023\/01\/Zasto-sa-nama.jpg",1200,1600,false],"trp-custom-language-flag":["https:\/\/splitboarding.rs\/wp-content\/uploads\/2023\/01\/Zasto-sa-nama.jpg",9,12,false]},"uagb_author_info":{"display_name":"splitboarding \/ skitouring","author_link":"http:\/\/splitboarding.rs\/en\/author\/splitboarding\/"},"uagb_comment_info":0,"uagb_excerpt":"Zahvaljuju\u0107i dugogodi\u0161njem iskustvu u razli\u010ditim planinarskim aktivnostima sa nama \u0107ete posve sigurno u\u017eivati u istinskim \u201eoutdoor\u201c avanturama, naravno na bezbedan i siguran na\u010din. Vodimo vas na predivne i retko pose\u0107ene planine Balkana, na kojima od pogleda zastaje dah i punite svoje \u201ebaterije\u201c iskonskom energijom prirode. \u017delimo da ljudima pribli\u017eimo planine na poseban na\u010din, da poka\u017eemo&hellip;","_links":{"self":[{"href":"http:\/\/splitboarding.rs\/en\/wp-json\/wp\/v2\/pages\/497","targetHints":{"allow":["GET"]}}],"collection":[{"href":"http:\/\/splitboarding.rs\/en\/wp-json\/wp\/v2\/pages"}],"about":[{"href":"http:\/\/splitboarding.rs\/en\/wp-json\/wp\/v2\/types\/page"}],"author":[{"embeddable":true,"href":"http:\/\/splitboarding.rs\/en\/wp-json\/wp\/v2\/users\/1"}],"replies":[{"embeddable":true,"href":"http:\/\/splitboarding.rs\/en\/wp-json\/wp\/v2\/comments?post=497"}],"version-history":[{"count":5,"href":"http:\/\/splitboarding.rs\/en\/wp-json\/wp\/v2\/pages\/497\/revisions"}],"predecessor-version":[{"id":1148,"href":"http:\/\/splitboarding.rs\/en\/wp-json\/wp\/v2\/pages\/497\/revisions\/1148"}],"wp:featuredmedia":[{"embeddable":true,"href":"http:\/\/splitboarding.rs\/en\/wp-json\/wp\/v2\/media\/1107"}],"wp:attachment":[{"href":"http:\/\/splitboarding.rs\/en\/wp-json\/wp\/v2\/media?parent=497"}],"curies":[{"name":"wp","href":"https:\/\/api.w.org\/{rel}","templated":true}]}}