{"id":477,"date":"2023-01-04T17:25:40","date_gmt":"2023-01-04T17:25:40","guid":{"rendered":"https:\/\/splitboarding.rs\/?page_id=477"},"modified":"2023-01-26T13:23:14","modified_gmt":"2023-01-26T12:23:14","slug":"predavanja","status":"publish","type":"page","link":"http:\/\/splitboarding.rs\/en\/predavanja\/","title":{"rendered":"Lectures"},"content":{"rendered":"<p class=\"has-text-align-center\"><strong><a href=\"https:\/\/splitboarding.rs\/en\/obuke\/\">Camp<\/a> &#8211; <a href=\"https:\/\/splitboarding.rs\/en\/ture\/\" data-type=\"page\" data-id=\"475\">Tours<\/a> &#8211; Predavanja &#8211; <a href=\"https:\/\/splitboarding.rs\/en\/konsalting\/\">Consulting<\/a> &#8211; <a href=\"https:\/\/splitboarding.rs\/en\/tim-bilding\/\">Team building<\/a><\/strong><\/p>\n\n\n\n<figure class=\"wp-block-gallery has-nested-images columns-default is-cropped wp-block-gallery-1 is-layout-flex wp-block-gallery-is-layout-flex\">\n<figure class=\"wp-block-image size-full\"><img loading=\"lazy\" decoding=\"async\" width=\"2000\" height=\"1333\" data-id=\"655\" src=\"https:\/\/splitboarding.rs\/wp-content\/uploads\/2023\/01\/4K5A7305-1.jpg\" alt=\"\" class=\"wp-image-655\" srcset=\"https:\/\/splitboarding.rs\/wp-content\/uploads\/2023\/01\/4K5A7305-1.jpg 2000w, https:\/\/splitboarding.rs\/wp-content\/uploads\/2023\/01\/4K5A7305-1-300x200.jpg 300w, https:\/\/splitboarding.rs\/wp-content\/uploads\/2023\/01\/4K5A7305-1-1024x682.jpg 1024w, https:\/\/splitboarding.rs\/wp-content\/uploads\/2023\/01\/4K5A7305-1-768x512.jpg 768w, https:\/\/splitboarding.rs\/wp-content\/uploads\/2023\/01\/4K5A7305-1-1536x1024.jpg 1536w, https:\/\/splitboarding.rs\/wp-content\/uploads\/2023\/01\/4K5A7305-1-272x182.jpg 272w\" sizes=\"auto, (max-width: 2000px) 100vw, 2000px\" \/><\/figure>\n<\/figure>\n\n\n\n<p>Svaku priliku koristimo da edukujemo ljude ali da i mi unapredjujemo na\u0161e znanje i idemo na obuke i predavanja \u201epreko\u201c.<\/p>\n\n\n\n<p>Uvek smo raspolo\u017eeni da odr\u017eimo predavanje u va\u0161em gradu ili planinskom centru. Bilo da su u pitanju fakulteti, klubovi, radnje, kompanije, turisti\u010dke agencije \/ organizacije i sl.<\/p>\n\n\n\n<p>Razmena iskustva i konstantna pri\u010da o ovoj temi \u0107e zna\u010dajno uticati da se novi ljudi uklju\u010duju u backcountry. Tako\u0111e kvalitet i bezbednost \u0107e uvek i\u0107i na gore.<\/p>\n\n\n\n<div style=\"height:64px\" aria-hidden=\"true\" class=\"wp-block-spacer\"><\/div>","protected":false},"excerpt":{"rendered":"<p>Obuke &#8211; Ture &#8211; Predavanja &#8211; Konsalting &#8211; Tim bilding Svaku priliku koristimo da edukujemo ljude ali da i mi unapredjujemo na\u0161e znanje i idemo na obuke i predavanja \u201epreko\u201c. Uvek smo raspolo\u017eeni da odr\u017eimo predavanje u va\u0161em gradu ili planinskom centru. Bilo da su u pitanju fakulteti, klubovi, radnje, kompanije, turisti\u010dke agencije \/ organizacije [&hellip;]<\/p>\n","protected":false},"author":1,"featured_media":655,"parent":0,"menu_order":0,"comment_status":"closed","ping_status":"closed","template":"","meta":{"_uag_custom_page_level_css":"","site-sidebar-layout":"default","site-content-layout":"","ast-site-content-layout":"default","site-content-style":"default","site-sidebar-style":"default","ast-global-header-display":"","ast-banner-title-visibility":"","ast-main-header-display":"","ast-hfb-above-header-display":"","ast-hfb-below-header-display":"","ast-hfb-mobile-header-display":"","site-post-title":"","ast-breadcrumbs-content":"","ast-featured-img":"disabled","footer-sml-layout":"","ast-disable-related-posts":"","theme-transparent-header-meta":"","adv-header-id-meta":"","stick-header-meta":"","header-above-stick-meta":"","header-main-stick-meta":"","header-below-stick-meta":"","astra-migrate-meta-layouts":"default","ast-page-background-enabled":"default","ast-page-background-meta":{"desktop":{"background-color":"var(--ast-global-color-4)","background-image":"","background-repeat":"repeat","background-position":"center center","background-size":"auto","background-attachment":"scroll","background-type":"","background-media":"","overlay-type":"","overlay-color":"","overlay-opacity":"","overlay-gradient":""},"tablet":{"background-color":"","background-image":"","background-repeat":"repeat","background-position":"center center","background-size":"auto","background-attachment":"scroll","background-type":"","background-media":"","overlay-type":"","overlay-color":"","overlay-opacity":"","overlay-gradient":""},"mobile":{"background-color":"","background-image":"","background-repeat":"repeat","background-position":"center center","background-size":"auto","background-attachment":"scroll","background-type":"","background-media":"","overlay-type":"","overlay-color":"","overlay-opacity":"","overlay-gradient":""}},"ast-content-background-meta":{"desktop":{"background-color":"var(--ast-global-color-5)","background-image":"","background-repeat":"repeat","background-position":"center center","background-size":"auto","background-attachment":"scroll","background-type":"","background-media":"","overlay-type":"","overlay-color":"","overlay-opacity":"","overlay-gradient":""},"tablet":{"background-color":"var(--ast-global-color-5)","background-image":"","background-repeat":"repeat","background-position":"center center","background-size":"auto","background-attachment":"scroll","background-type":"","background-media":"","overlay-type":"","overlay-color":"","overlay-opacity":"","overlay-gradient":""},"mobile":{"background-color":"var(--ast-global-color-5)","background-image":"","background-repeat":"repeat","background-position":"center center","background-size":"auto","background-attachment":"scroll","background-type":"","background-media":"","overlay-type":"","overlay-color":"","overlay-opacity":"","overlay-gradient":""}},"footnotes":""},"class_list":["post-477","page","type-page","status-publish","has-post-thumbnail","hentry"],"featured_image_src":"https:\/\/splitboarding.rs\/wp-content\/uploads\/2023\/01\/4K5A7305-1.jpg","yoast_head":"<!-- This site is optimized with the Yoast SEO plugin v27.4 - https:\/\/yoast.com\/product\/yoast-seo-wordpress\/ -->\n<title>Predavanja - Splitboarding &amp; Skitouring<\/title>\n<meta name=\"description\" content=\"Svaku priliku koristimo da edukujemo ljude ali da i mi unapredjujemo na\u0161e znanje i idemo na obuke i predavanja \u201epreko\u201c.\" \/>\n<meta name=\"robots\" content=\"index, follow, max-snippet:-1, max-image-preview:large, max-video-preview:-1\" \/>\n<link rel=\"canonical\" href=\"https:\/\/splitboarding.rs\/en\/predavanja\/\" \/>\n<meta property=\"og:locale\" content=\"en_US\" \/>\n<meta property=\"og:type\" content=\"article\" \/>\n<meta property=\"og:title\" content=\"Predavanja - Splitboarding &amp; Skitouring\" \/>\n<meta property=\"og:description\" content=\"Svaku priliku koristimo da edukujemo ljude ali da i mi unapredjujemo na\u0161e znanje i idemo na obuke i predavanja \u201epreko\u201c.\" \/>\n<meta property=\"og:url\" content=\"https:\/\/splitboarding.rs\/en\/predavanja\/\" \/>\n<meta property=\"og:site_name\" content=\"Splitboarding &amp; Skitouring\" \/>\n<meta property=\"article:publisher\" content=\"https:\/\/www.facebook.com\/skitouringsplitboardingBalkans\" \/>\n<meta property=\"article:modified_time\" content=\"2023-01-26T12:23:14+00:00\" \/>\n<meta property=\"og:image\" content=\"https:\/\/splitboarding.rs\/wp-content\/uploads\/2023\/01\/4K5A7305-1.jpg\" \/>\n\t<meta property=\"og:image:width\" content=\"2000\" \/>\n\t<meta property=\"og:image:height\" content=\"1333\" \/>\n\t<meta property=\"og:image:type\" content=\"image\/jpeg\" \/>\n<meta name=\"twitter:card\" content=\"summary_large_image\" \/>\n<meta name=\"twitter:title\" content=\"Predavanja - Splitboarding &amp; Skitouring\" \/>\n<meta name=\"twitter:description\" content=\"Svaku priliku koristimo da edukujemo ljude ali da i mi unapredjujemo na\u0161e znanje i idemo na obuke i predavanja \u201epreko\u201c.\" \/>\n<meta name=\"twitter:image\" content=\"https:\/\/splitboarding.rs\/wp-content\/uploads\/2023\/01\/4K5A7305-1.jpg\" \/>\n<meta name=\"twitter:label1\" content=\"Est. reading time\" \/>\n\t<meta name=\"twitter:data1\" content=\"1 minute\" \/>\n<script type=\"application\/ld+json\" class=\"yoast-schema-graph\">{\"@context\":\"https:\\\/\\\/schema.org\",\"@graph\":[{\"@type\":\"WebPage\",\"@id\":\"https:\\\/\\\/splitboarding.rs\\\/predavanja\\\/\",\"url\":\"https:\\\/\\\/splitboarding.rs\\\/predavanja\\\/\",\"name\":\"Predavanja - Splitboarding &amp; Skitouring\",\"isPartOf\":{\"@id\":\"https:\\\/\\\/splitboarding.rs\\\/#website\"},\"primaryImageOfPage\":{\"@id\":\"https:\\\/\\\/splitboarding.rs\\\/predavanja\\\/#primaryimage\"},\"image\":{\"@id\":\"https:\\\/\\\/splitboarding.rs\\\/predavanja\\\/#primaryimage\"},\"thumbnailUrl\":\"https:\\\/\\\/splitboarding.rs\\\/wp-content\\\/uploads\\\/2023\\\/01\\\/4K5A7305-1.jpg\",\"datePublished\":\"2023-01-04T17:25:40+00:00\",\"dateModified\":\"2023-01-26T12:23:14+00:00\",\"description\":\"Svaku priliku koristimo da edukujemo ljude ali da i mi unapredjujemo na\u0161e znanje i idemo na obuke i predavanja \u201epreko\u201c.\",\"breadcrumb\":{\"@id\":\"https:\\\/\\\/splitboarding.rs\\\/predavanja\\\/#breadcrumb\"},\"inLanguage\":\"en-US\",\"potentialAction\":[{\"@type\":\"ReadAction\",\"target\":[\"https:\\\/\\\/splitboarding.rs\\\/predavanja\\\/\"]}]},{\"@type\":\"ImageObject\",\"inLanguage\":\"en-US\",\"@id\":\"https:\\\/\\\/splitboarding.rs\\\/predavanja\\\/#primaryimage\",\"url\":\"https:\\\/\\\/splitboarding.rs\\\/wp-content\\\/uploads\\\/2023\\\/01\\\/4K5A7305-1.jpg\",\"contentUrl\":\"https:\\\/\\\/splitboarding.rs\\\/wp-content\\\/uploads\\\/2023\\\/01\\\/4K5A7305-1.jpg\",\"width\":2000,\"height\":1333},{\"@type\":\"BreadcrumbList\",\"@id\":\"https:\\\/\\\/splitboarding.rs\\\/predavanja\\\/#breadcrumb\",\"itemListElement\":[{\"@type\":\"ListItem\",\"position\":1,\"name\":\"Home\",\"item\":\"https:\\\/\\\/splitboarding.rs\\\/\"},{\"@type\":\"ListItem\",\"position\":2,\"name\":\"Predavanja\"}]},{\"@type\":\"WebSite\",\"@id\":\"https:\\\/\\\/splitboarding.rs\\\/#website\",\"url\":\"https:\\\/\\\/splitboarding.rs\\\/\",\"name\":\"Splitboarding & Skitouring\",\"description\":\"Tra\u017eite netaknute sne\u017ene padine Balkana, na pravom ste mestu!\",\"publisher\":{\"@id\":\"https:\\\/\\\/splitboarding.rs\\\/#organization\"},\"potentialAction\":[{\"@type\":\"SearchAction\",\"target\":{\"@type\":\"EntryPoint\",\"urlTemplate\":\"https:\\\/\\\/splitboarding.rs\\\/?s={search_term_string}\"},\"query-input\":{\"@type\":\"PropertyValueSpecification\",\"valueRequired\":true,\"valueName\":\"search_term_string\"}}],\"inLanguage\":\"en-US\"},{\"@type\":\"Organization\",\"@id\":\"https:\\\/\\\/splitboarding.rs\\\/#organization\",\"name\":\"Splitboarding & Skitouring\",\"url\":\"https:\\\/\\\/splitboarding.rs\\\/\",\"logo\":{\"@type\":\"ImageObject\",\"inLanguage\":\"en-US\",\"@id\":\"https:\\\/\\\/splitboarding.rs\\\/#\\\/schema\\\/logo\\\/image\\\/\",\"url\":\"https:\\\/\\\/splitboarding.rs\\\/wp-content\\\/uploads\\\/2023\\\/01\\\/logo_full.png\",\"contentUrl\":\"https:\\\/\\\/splitboarding.rs\\\/wp-content\\\/uploads\\\/2023\\\/01\\\/logo_full.png\",\"width\":1000,\"height\":250,\"caption\":\"Splitboarding & Skitouring\"},\"image\":{\"@id\":\"https:\\\/\\\/splitboarding.rs\\\/#\\\/schema\\\/logo\\\/image\\\/\"},\"sameAs\":[\"https:\\\/\\\/www.facebook.com\\\/skitouringsplitboardingBalkans\",\"https:\\\/\\\/www.instagram.com\\\/backcountry_balkans\\\/\"]}]}<\/script>\n<!-- \/ Yoast SEO plugin. -->","yoast_head_json":{"title":"Predavanja - Splitboarding &amp; Skitouring","description":"Svaku priliku koristimo da edukujemo ljude ali da i mi unapredjujemo na\u0161e znanje i idemo na obuke i predavanja \u201epreko\u201c.","robots":{"index":"index","follow":"follow","max-snippet":"max-snippet:-1","max-image-preview":"max-image-preview:large","max-video-preview":"max-video-preview:-1"},"canonical":"https:\/\/splitboarding.rs\/en\/predavanja\/","og_locale":"en_US","og_type":"article","og_title":"Predavanja - Splitboarding &amp; Skitouring","og_description":"Svaku priliku koristimo da edukujemo ljude ali da i mi unapredjujemo na\u0161e znanje i idemo na obuke i predavanja \u201epreko\u201c.","og_url":"https:\/\/splitboarding.rs\/en\/predavanja\/","og_site_name":"Splitboarding &amp; Skitouring","article_publisher":"https:\/\/www.facebook.com\/skitouringsplitboardingBalkans","article_modified_time":"2023-01-26T12:23:14+00:00","og_image":[{"width":2000,"height":1333,"url":"https:\/\/splitboarding.rs\/wp-content\/uploads\/2023\/01\/4K5A7305-1.jpg","type":"image\/jpeg"}],"twitter_card":"summary_large_image","twitter_title":"Predavanja - Splitboarding &amp; Skitouring","twitter_description":"Svaku priliku koristimo da edukujemo ljude ali da i mi unapredjujemo na\u0161e znanje i idemo na obuke i predavanja \u201epreko\u201c.","twitter_image":"https:\/\/splitboarding.rs\/wp-content\/uploads\/2023\/01\/4K5A7305-1.jpg","twitter_misc":{"Est. reading time":"1 minute"},"schema":{"@context":"https:\/\/schema.org","@graph":[{"@type":"WebPage","@id":"https:\/\/splitboarding.rs\/predavanja\/","url":"https:\/\/splitboarding.rs\/predavanja\/","name":"Predavanja - Splitboarding &amp; Skitouring","isPartOf":{"@id":"https:\/\/splitboarding.rs\/#website"},"primaryImageOfPage":{"@id":"https:\/\/splitboarding.rs\/predavanja\/#primaryimage"},"image":{"@id":"https:\/\/splitboarding.rs\/predavanja\/#primaryimage"},"thumbnailUrl":"https:\/\/splitboarding.rs\/wp-content\/uploads\/2023\/01\/4K5A7305-1.jpg","datePublished":"2023-01-04T17:25:40+00:00","dateModified":"2023-01-26T12:23:14+00:00","description":"Svaku priliku koristimo da edukujemo ljude ali da i mi unapredjujemo na\u0161e znanje i idemo na obuke i predavanja \u201epreko\u201c.","breadcrumb":{"@id":"https:\/\/splitboarding.rs\/predavanja\/#breadcrumb"},"inLanguage":"en-US","potentialAction":[{"@type":"ReadAction","target":["https:\/\/splitboarding.rs\/predavanja\/"]}]},{"@type":"ImageObject","inLanguage":"en-US","@id":"https:\/\/splitboarding.rs\/predavanja\/#primaryimage","url":"https:\/\/splitboarding.rs\/wp-content\/uploads\/2023\/01\/4K5A7305-1.jpg","contentUrl":"https:\/\/splitboarding.rs\/wp-content\/uploads\/2023\/01\/4K5A7305-1.jpg","width":2000,"height":1333},{"@type":"BreadcrumbList","@id":"https:\/\/splitboarding.rs\/predavanja\/#breadcrumb","itemListElement":[{"@type":"ListItem","position":1,"name":"Home","item":"https:\/\/splitboarding.rs\/"},{"@type":"ListItem","position":2,"name":"Predavanja"}]},{"@type":"WebSite","@id":"https:\/\/splitboarding.rs\/#website","url":"https:\/\/splitboarding.rs\/","name":"Splitboarding & Skitouring","description":"If you are looking for untouched snowy slopes of the Balkans, you are in the right place!","publisher":{"@id":"https:\/\/splitboarding.rs\/#organization"},"potentialAction":[{"@type":"SearchAction","target":{"@type":"EntryPoint","urlTemplate":"https:\/\/splitboarding.rs\/?s={search_term_string}"},"query-input":{"@type":"PropertyValueSpecification","valueRequired":true,"valueName":"search_term_string"}}],"inLanguage":"en-US"},{"@type":"Organization","@id":"https:\/\/splitboarding.rs\/#organization","name":"Splitboarding & Skitouring","url":"https:\/\/splitboarding.rs\/","logo":{"@type":"ImageObject","inLanguage":"en-US","@id":"https:\/\/splitboarding.rs\/#\/schema\/logo\/image\/","url":"https:\/\/splitboarding.rs\/wp-content\/uploads\/2023\/01\/logo_full.png","contentUrl":"https:\/\/splitboarding.rs\/wp-content\/uploads\/2023\/01\/logo_full.png","width":1000,"height":250,"caption":"Splitboarding & Skitouring"},"image":{"@id":"https:\/\/splitboarding.rs\/#\/schema\/logo\/image\/"},"sameAs":["https:\/\/www.facebook.com\/skitouringsplitboardingBalkans","https:\/\/www.instagram.com\/backcountry_balkans\/"]}]}},"uagb_featured_image_src":{"full":["https:\/\/splitboarding.rs\/wp-content\/uploads\/2023\/01\/4K5A7305-1.jpg",2000,1333,false],"thumbnail":["https:\/\/splitboarding.rs\/wp-content\/uploads\/2023\/01\/4K5A7305-1-150x150.jpg",150,150,true],"medium":["https:\/\/splitboarding.rs\/wp-content\/uploads\/2023\/01\/4K5A7305-1-300x200.jpg",300,200,true],"medium_large":["https:\/\/splitboarding.rs\/wp-content\/uploads\/2023\/01\/4K5A7305-1-768x512.jpg",768,512,true],"large":["https:\/\/splitboarding.rs\/wp-content\/uploads\/2023\/01\/4K5A7305-1-1024x682.jpg",1024,682,true],"1536x1536":["https:\/\/splitboarding.rs\/wp-content\/uploads\/2023\/01\/4K5A7305-1-1536x1024.jpg",1536,1024,true],"2048x2048":["https:\/\/splitboarding.rs\/wp-content\/uploads\/2023\/01\/4K5A7305-1.jpg",2000,1333,false],"trp-custom-language-flag":["https:\/\/splitboarding.rs\/wp-content\/uploads\/2023\/01\/4K5A7305-1.jpg",18,12,false]},"uagb_author_info":{"display_name":"splitboarding \/ skitouring","author_link":"http:\/\/splitboarding.rs\/en\/author\/splitboarding\/"},"uagb_comment_info":0,"uagb_excerpt":"Obuke &#8211; Ture &#8211; Predavanja &#8211; Konsalting &#8211; Tim bilding Svaku priliku koristimo da edukujemo ljude ali da i mi unapredjujemo na\u0161e znanje i idemo na obuke i predavanja \u201epreko\u201c. Uvek smo raspolo\u017eeni da odr\u017eimo predavanje u va\u0161em gradu ili planinskom centru. Bilo da su u pitanju fakulteti, klubovi, radnje, kompanije, turisti\u010dke agencije \/ organizacije&hellip;","_links":{"self":[{"href":"http:\/\/splitboarding.rs\/en\/wp-json\/wp\/v2\/pages\/477","targetHints":{"allow":["GET"]}}],"collection":[{"href":"http:\/\/splitboarding.rs\/en\/wp-json\/wp\/v2\/pages"}],"about":[{"href":"http:\/\/splitboarding.rs\/en\/wp-json\/wp\/v2\/types\/page"}],"author":[{"embeddable":true,"href":"http:\/\/splitboarding.rs\/en\/wp-json\/wp\/v2\/users\/1"}],"replies":[{"embeddable":true,"href":"http:\/\/splitboarding.rs\/en\/wp-json\/wp\/v2\/comments?post=477"}],"version-history":[{"count":8,"href":"http:\/\/splitboarding.rs\/en\/wp-json\/wp\/v2\/pages\/477\/revisions"}],"predecessor-version":[{"id":987,"href":"http:\/\/splitboarding.rs\/en\/wp-json\/wp\/v2\/pages\/477\/revisions\/987"}],"wp:featuredmedia":[{"embeddable":true,"href":"http:\/\/splitboarding.rs\/en\/wp-json\/wp\/v2\/media\/655"}],"wp:attachment":[{"href":"http:\/\/splitboarding.rs\/en\/wp-json\/wp\/v2\/media?parent=477"}],"curies":[{"name":"wp","href":"https:\/\/api.w.org\/{rel}","templated":true}]}}