{"id":464,"date":"2023-01-04T17:22:46","date_gmt":"2023-01-04T17:22:46","guid":{"rendered":"https:\/\/splitboarding.rs\/?page_id=464"},"modified":"2023-01-26T12:45:50","modified_gmt":"2023-01-26T11:45:50","slug":"ekologija","status":"publish","type":"page","link":"http:\/\/splitboarding.rs\/en\/ekologija\/","title":{"rendered":"Ecology"},"content":{"rendered":"<p>Postoji li \u010distije kretanje zimi od bek-kantri turinga? Ne!<\/p>\n\n\n\n<p>Idete na \u201esvoj pogon\u201c, ne brujite, ne pla\u0161ite \u017eivotinje. Kad krene spust, ne naru\u0161avate floru, samo \u010dujete cepanje snega i vetar koji \u010desto ba\u0161 vi proizvodite. \ud83d\ude09<\/p>\n\n\n\n<p>Ne tro\u0161ite struju, ugalj, drva, benzin, naftu. Ostavljate netaknutnu prirodu iza sebe. Dobro \u2019ajde, ne ba\u0161 netaknutu. Bi\u0107e tu gomila nekih dubokih sne\u017enih linija po padinama. <\/p>\n\n\n\n<p>E sad, ipak jednim delom uti\u010dete na \u017eivotinjski svet. Naravno, ni pribli\u017eno kao ski-centri, motorne sanke, taba\u010di i helikopteri. Postoje odre\u0111ena pravila kako da po\u0161tujete \u017eivotnjski svet u zimskom periodu. Iako su \u010detinari puni snega tu se negde i dalje kriju veverice, sove, lisice, ze\u010devi, jeleni, vukovi pa i medvedi. To je njihov dom, vi ste gosti.<\/p>\n\n\n\n<figure class=\"wp-block-gallery has-nested-images columns-default is-cropped wp-block-gallery-1 is-layout-flex wp-block-gallery-is-layout-flex\">\n<figure class=\"wp-block-image size-full\"><a href=\"https:\/\/splitboarding.rs\/wp-content\/uploads\/2023\/01\/Ekologija.jpg\"><img loading=\"lazy\" decoding=\"async\" width=\"1920\" height=\"1080\" data-id=\"1079\" src=\"https:\/\/splitboarding.rs\/wp-content\/uploads\/2023\/01\/Ekologija.jpg\" alt=\"\" class=\"wp-image-1079\" srcset=\"https:\/\/splitboarding.rs\/wp-content\/uploads\/2023\/01\/Ekologija.jpg 1920w, https:\/\/splitboarding.rs\/wp-content\/uploads\/2023\/01\/Ekologija-300x169.jpg 300w, https:\/\/splitboarding.rs\/wp-content\/uploads\/2023\/01\/Ekologija-1024x576.jpg 1024w, https:\/\/splitboarding.rs\/wp-content\/uploads\/2023\/01\/Ekologija-768x432.jpg 768w, https:\/\/splitboarding.rs\/wp-content\/uploads\/2023\/01\/Ekologija-1536x864.jpg 1536w\" sizes=\"auto, (max-width: 1920px) 100vw, 1920px\" \/><\/a><\/figure>\n<\/figure>\n\n\n\n<p>Zima je i ovako sama po sebi te\u0161ka, tako da i taj \u017eivotinjski svet vodi zimsku bitku da ugleda prole\u0107e i pre\u017eivi. \u010cesto je ve\u0107ina \u017eivotinja u \u201esaving mode-u\u201c tj. nekoj vrsti hibernacije. Ukoliko se i kre\u0107u, gledaju da to bude minimalno i nalaze se uglavnom u svojim zimskim skloni\u0161tima.<\/p>\n\n\n\n<p>Vrlo \u010desto prolazimo pored njih, a da nismo ni svesni, niti ih mo\u017eemo lako uo\u010diti. Ukoliko ih ipak ugrozimo na\u0161im kretanjem i upla\u0161imo ih, stresna reakcije je neminovna i rezultira pani\u010dnim be\u017eanjem. Npr. nama se de\u0161avalo sa ze\u010devima i vevericama.<\/p>\n\n\n\n<p>Tad \u017eivotinje prolaze malu golgotu i gube veliku energiju.<\/p>\n\n\n\n<p>Kako mo\u017eemo da redukujemo negativan uticaj na \u017eivotinje?<\/p>\n\n\n\n<p>1. Prou\u010dimo park prirode u kom planiramo turu. Ukoliko postoje crvene zone, gde ne bi trebalo da se kre\u0107emo, to zna\u010di da se na toj lokaciji nalaze specifi\u010dne vrste. Konsultujte se sa lokalnim rend\u017eerima, ukoliko je u pitanju biljni svet, nema problema. Ukoliko je \u017eivotinjski, gledajte da koristite tu regiju ili koristite samo deo gde se nalazi komercijalna staza.<\/p>\n\n\n\n<p>2. Dr\u017eite se padina i regija gde su ina\u010de pe\u0161a\u010dke staze \u0161to \u010de\u0161\u0107e, \u017eivotinje su navikle da tuda prolaze ljudi i izbegavaju ih svakako. Postoji jedna vrlo zanimljiva studija, da \u010dak i u ski-centrima \u017eivotinje usvajaju navike i prate ritam ljudi. Znaju kad je radno vreme skijali\u0161ta, aktivne su uve\u010de ili rano ujutru u ski-centrima.<\/p>\n\n\n\n<p>3. Izbegavajte sumrak. Tad \u017eivotinje bivaju aktivne u potrazi za hranom.<\/p>\n\n\n\n<p>4. Izbegavajte krajeve \u0161uma i \u201ekrpe\u201c bez snega. Dobro bi bilo da se dr\u017eite dalje od tih lokacija zato \u0161to su to retki izvori hrane za \u017eivotinje. Za deo travnatih delova planine je jasno, ali \u0161ta je to \u0161to \u010dini ivice \u0161uma tako posebnim? Tu nastaje spoj dva razli\u010dita tla, u specifi\u010dnim uslovima rastu specifi\u010dne biljke. Razli\u010ditost u temperaturi i zemlji rezultira da imamo vrlo bogat biodiverzitet na ovim lokacijama.<\/p>\n\n\n\n<p>5. Ukoliko ipak naletite na divlju \u017eivotinju, potrudite se da dr\u017eite distancu. Nemojte je pla\u0161iti jer \u0107e be\u017eati i time do\u017eiveti veliki stres. Dakle bez pribli\u017eavanja, nije vredno lajkova na instagramu.<\/p>\n\n\n\n<p>6. Nemojte vikati i urlati od sre\u0107e ako vas pukne adrenalin u toku dobre vo\u017enje ili na vrhu. Trudite se da ne pravite buku. Buku uvek imate u gradovima i ski-centrima, na netaknutim padinama gledajte da u\u017eivate ba\u0161 u toj privilegiji. Ti\u0161ini i savr\u0161eno \u010distoj prirodi.<\/p>\n\n\n\n<p>\u0160to vi\u0161e pri\u010damo o ovoj temi, to \u0107e ljudi vi\u0161e nau\u010diti i po\u0161tovati prirodu. Cilj je da pre svega edukujemo budu\u0107e generacije.<\/p>\n\n\n\n<div class=\"wp-block-buttons is-layout-flex wp-block-buttons-is-layout-flex\">\n<div class=\"wp-block-button\"><a class=\"wp-block-button__link wp-element-button\" href=\"https:\/\/splitboarding.rs\/en\/korisni-linkovi\/\">Korisni linkovi \u2192<\/a><\/div>\n<\/div>\n\n\n\n<div style=\"height:64px\" aria-hidden=\"true\" class=\"wp-block-spacer\"><\/div>","protected":false},"excerpt":{"rendered":"<p>Postoji li \u010distije kretanje zimi od bek-kantri turinga? Ne! Idete na \u201esvoj pogon\u201c, ne brujite, ne pla\u0161ite \u017eivotinje. Kad krene spust, ne naru\u0161avate floru, samo \u010dujete cepanje snega i vetar koji \u010desto ba\u0161 vi proizvodite. \ud83d\ude09 Ne tro\u0161ite struju, ugalj, drva, benzin, naftu. Ostavljate netaknutnu prirodu iza sebe. Dobro \u2019ajde, ne ba\u0161 netaknutu. Bi\u0107e tu [&hellip;]<\/p>\n","protected":false},"author":1,"featured_media":1079,"parent":0,"menu_order":0,"comment_status":"closed","ping_status":"closed","template":"","meta":{"_uag_custom_page_level_css":"","site-sidebar-layout":"default","site-content-layout":"","ast-site-content-layout":"default","site-content-style":"default","site-sidebar-style":"default","ast-global-header-display":"","ast-banner-title-visibility":"","ast-main-header-display":"","ast-hfb-above-header-display":"","ast-hfb-below-header-display":"","ast-hfb-mobile-header-display":"","site-post-title":"","ast-breadcrumbs-content":"","ast-featured-img":"disabled","footer-sml-layout":"","ast-disable-related-posts":"","theme-transparent-header-meta":"","adv-header-id-meta":"","stick-header-meta":"","header-above-stick-meta":"","header-main-stick-meta":"","header-below-stick-meta":"","astra-migrate-meta-layouts":"default","ast-page-background-enabled":"default","ast-page-background-meta":{"desktop":{"background-color":"var(--ast-global-color-4)","background-image":"","background-repeat":"repeat","background-position":"center center","background-size":"auto","background-attachment":"scroll","background-type":"","background-media":"","overlay-type":"","overlay-color":"","overlay-opacity":"","overlay-gradient":""},"tablet":{"background-color":"","background-image":"","background-repeat":"repeat","background-position":"center center","background-size":"auto","background-attachment":"scroll","background-type":"","background-media":"","overlay-type":"","overlay-color":"","overlay-opacity":"","overlay-gradient":""},"mobile":{"background-color":"","background-image":"","background-repeat":"repeat","background-position":"center center","background-size":"auto","background-attachment":"scroll","background-type":"","background-media":"","overlay-type":"","overlay-color":"","overlay-opacity":"","overlay-gradient":""}},"ast-content-background-meta":{"desktop":{"background-color":"var(--ast-global-color-5)","background-image":"","background-repeat":"repeat","background-position":"center center","background-size":"auto","background-attachment":"scroll","background-type":"","background-media":"","overlay-type":"","overlay-color":"","overlay-opacity":"","overlay-gradient":""},"tablet":{"background-color":"var(--ast-global-color-5)","background-image":"","background-repeat":"repeat","background-position":"center center","background-size":"auto","background-attachment":"scroll","background-type":"","background-media":"","overlay-type":"","overlay-color":"","overlay-opacity":"","overlay-gradient":""},"mobile":{"background-color":"var(--ast-global-color-5)","background-image":"","background-repeat":"repeat","background-position":"center center","background-size":"auto","background-attachment":"scroll","background-type":"","background-media":"","overlay-type":"","overlay-color":"","overlay-opacity":"","overlay-gradient":""}},"footnotes":""},"class_list":["post-464","page","type-page","status-publish","has-post-thumbnail","hentry"],"featured_image_src":"https:\/\/splitboarding.rs\/wp-content\/uploads\/2023\/01\/Ekologija.jpg","yoast_head":"<!-- This site is optimized with the Yoast SEO plugin v27.4 - https:\/\/yoast.com\/product\/yoast-seo-wordpress\/ -->\n<title>Ekologija - Splitboarding &amp; Skitouring<\/title>\n<meta name=\"description\" content=\"Idete na \u201esvoj pogon\u201c, ne brujite, ne pla\u0161ite \u017eivotinje. Kad krene spust, ne naru\u0161avate floru, samo \u010dujete cepanje snega\" \/>\n<meta name=\"robots\" content=\"index, follow, max-snippet:-1, max-image-preview:large, max-video-preview:-1\" \/>\n<link rel=\"canonical\" href=\"https:\/\/splitboarding.rs\/en\/ekologija\/\" \/>\n<meta property=\"og:locale\" content=\"en_US\" \/>\n<meta property=\"og:type\" content=\"article\" \/>\n<meta property=\"og:title\" content=\"Ekologija - Splitboarding &amp; Skitouring\" \/>\n<meta property=\"og:description\" content=\"Idete na \u201esvoj pogon\u201c, ne brujite, ne pla\u0161ite \u017eivotinje. Kad krene spust, ne naru\u0161avate floru, samo \u010dujete cepanje snega\" \/>\n<meta property=\"og:url\" content=\"https:\/\/splitboarding.rs\/en\/ekologija\/\" \/>\n<meta property=\"og:site_name\" content=\"Splitboarding &amp; Skitouring\" \/>\n<meta property=\"article:publisher\" content=\"https:\/\/www.facebook.com\/skitouringsplitboardingBalkans\" \/>\n<meta property=\"article:modified_time\" content=\"2023-01-26T11:45:50+00:00\" \/>\n<meta property=\"og:image\" content=\"https:\/\/splitboarding.rs\/wp-content\/uploads\/2023\/01\/Ekologija.jpg\" \/>\n\t<meta property=\"og:image:width\" content=\"1920\" \/>\n\t<meta property=\"og:image:height\" content=\"1080\" \/>\n\t<meta property=\"og:image:type\" content=\"image\/jpeg\" \/>\n<meta name=\"twitter:card\" content=\"summary_large_image\" \/>\n<meta name=\"twitter:title\" content=\"Ekologija - Splitboarding &amp; Skitouring\" \/>\n<meta name=\"twitter:description\" content=\"Idete na \u201esvoj pogon\u201c, ne brujite, ne pla\u0161ite \u017eivotinje. Kad krene spust, ne naru\u0161avate floru, samo \u010dujete cepanje snega\" \/>\n<meta name=\"twitter:image\" content=\"https:\/\/splitboarding.rs\/wp-content\/uploads\/2023\/01\/Ekologija.jpg\" \/>\n<meta name=\"twitter:label1\" content=\"Est. reading time\" \/>\n\t<meta name=\"twitter:data1\" content=\"3 minutes\" \/>\n<script type=\"application\/ld+json\" class=\"yoast-schema-graph\">{\"@context\":\"https:\\\/\\\/schema.org\",\"@graph\":[{\"@type\":\"WebPage\",\"@id\":\"https:\\\/\\\/splitboarding.rs\\\/ekologija\\\/\",\"url\":\"https:\\\/\\\/splitboarding.rs\\\/ekologija\\\/\",\"name\":\"Ekologija - Splitboarding &amp; Skitouring\",\"isPartOf\":{\"@id\":\"https:\\\/\\\/splitboarding.rs\\\/#website\"},\"primaryImageOfPage\":{\"@id\":\"https:\\\/\\\/splitboarding.rs\\\/ekologija\\\/#primaryimage\"},\"image\":{\"@id\":\"https:\\\/\\\/splitboarding.rs\\\/ekologija\\\/#primaryimage\"},\"thumbnailUrl\":\"https:\\\/\\\/splitboarding.rs\\\/wp-content\\\/uploads\\\/2023\\\/01\\\/Ekologija.jpg\",\"datePublished\":\"2023-01-04T17:22:46+00:00\",\"dateModified\":\"2023-01-26T11:45:50+00:00\",\"description\":\"Idete na \u201esvoj pogon\u201c, ne brujite, ne pla\u0161ite \u017eivotinje. Kad krene spust, ne naru\u0161avate floru, samo \u010dujete cepanje snega\",\"breadcrumb\":{\"@id\":\"https:\\\/\\\/splitboarding.rs\\\/ekologija\\\/#breadcrumb\"},\"inLanguage\":\"en-US\",\"potentialAction\":[{\"@type\":\"ReadAction\",\"target\":[\"https:\\\/\\\/splitboarding.rs\\\/ekologija\\\/\"]}]},{\"@type\":\"ImageObject\",\"inLanguage\":\"en-US\",\"@id\":\"https:\\\/\\\/splitboarding.rs\\\/ekologija\\\/#primaryimage\",\"url\":\"https:\\\/\\\/splitboarding.rs\\\/wp-content\\\/uploads\\\/2023\\\/01\\\/Ekologija.jpg\",\"contentUrl\":\"https:\\\/\\\/splitboarding.rs\\\/wp-content\\\/uploads\\\/2023\\\/01\\\/Ekologija.jpg\",\"width\":1920,\"height\":1080},{\"@type\":\"BreadcrumbList\",\"@id\":\"https:\\\/\\\/splitboarding.rs\\\/ekologija\\\/#breadcrumb\",\"itemListElement\":[{\"@type\":\"ListItem\",\"position\":1,\"name\":\"Home\",\"item\":\"https:\\\/\\\/splitboarding.rs\\\/\"},{\"@type\":\"ListItem\",\"position\":2,\"name\":\"Ekologija\"}]},{\"@type\":\"WebSite\",\"@id\":\"https:\\\/\\\/splitboarding.rs\\\/#website\",\"url\":\"https:\\\/\\\/splitboarding.rs\\\/\",\"name\":\"Splitboarding & Skitouring\",\"description\":\"Tra\u017eite netaknute sne\u017ene padine Balkana, na pravom ste mestu!\",\"publisher\":{\"@id\":\"https:\\\/\\\/splitboarding.rs\\\/#organization\"},\"potentialAction\":[{\"@type\":\"SearchAction\",\"target\":{\"@type\":\"EntryPoint\",\"urlTemplate\":\"https:\\\/\\\/splitboarding.rs\\\/?s={search_term_string}\"},\"query-input\":{\"@type\":\"PropertyValueSpecification\",\"valueRequired\":true,\"valueName\":\"search_term_string\"}}],\"inLanguage\":\"en-US\"},{\"@type\":\"Organization\",\"@id\":\"https:\\\/\\\/splitboarding.rs\\\/#organization\",\"name\":\"Splitboarding & Skitouring\",\"url\":\"https:\\\/\\\/splitboarding.rs\\\/\",\"logo\":{\"@type\":\"ImageObject\",\"inLanguage\":\"en-US\",\"@id\":\"https:\\\/\\\/splitboarding.rs\\\/#\\\/schema\\\/logo\\\/image\\\/\",\"url\":\"https:\\\/\\\/splitboarding.rs\\\/wp-content\\\/uploads\\\/2023\\\/01\\\/logo_full.png\",\"contentUrl\":\"https:\\\/\\\/splitboarding.rs\\\/wp-content\\\/uploads\\\/2023\\\/01\\\/logo_full.png\",\"width\":1000,\"height\":250,\"caption\":\"Splitboarding & Skitouring\"},\"image\":{\"@id\":\"https:\\\/\\\/splitboarding.rs\\\/#\\\/schema\\\/logo\\\/image\\\/\"},\"sameAs\":[\"https:\\\/\\\/www.facebook.com\\\/skitouringsplitboardingBalkans\",\"https:\\\/\\\/www.instagram.com\\\/backcountry_balkans\\\/\"]}]}<\/script>\n<!-- \/ Yoast SEO plugin. -->","yoast_head_json":{"title":"Ekologija - Splitboarding &amp; Skitouring","description":"Idete na \u201esvoj pogon\u201c, ne brujite, ne pla\u0161ite \u017eivotinje. Kad krene spust, ne naru\u0161avate floru, samo \u010dujete cepanje snega","robots":{"index":"index","follow":"follow","max-snippet":"max-snippet:-1","max-image-preview":"max-image-preview:large","max-video-preview":"max-video-preview:-1"},"canonical":"https:\/\/splitboarding.rs\/en\/ekologija\/","og_locale":"en_US","og_type":"article","og_title":"Ekologija - Splitboarding &amp; Skitouring","og_description":"Idete na \u201esvoj pogon\u201c, ne brujite, ne pla\u0161ite \u017eivotinje. Kad krene spust, ne naru\u0161avate floru, samo \u010dujete cepanje snega","og_url":"https:\/\/splitboarding.rs\/en\/ekologija\/","og_site_name":"Splitboarding &amp; Skitouring","article_publisher":"https:\/\/www.facebook.com\/skitouringsplitboardingBalkans","article_modified_time":"2023-01-26T11:45:50+00:00","og_image":[{"width":1920,"height":1080,"url":"https:\/\/splitboarding.rs\/wp-content\/uploads\/2023\/01\/Ekologija.jpg","type":"image\/jpeg"}],"twitter_card":"summary_large_image","twitter_title":"Ekologija - Splitboarding &amp; Skitouring","twitter_description":"Idete na \u201esvoj pogon\u201c, ne brujite, ne pla\u0161ite \u017eivotinje. Kad krene spust, ne naru\u0161avate floru, samo \u010dujete cepanje snega","twitter_image":"https:\/\/splitboarding.rs\/wp-content\/uploads\/2023\/01\/Ekologija.jpg","twitter_misc":{"Est. reading time":"3 minutes"},"schema":{"@context":"https:\/\/schema.org","@graph":[{"@type":"WebPage","@id":"https:\/\/splitboarding.rs\/ekologija\/","url":"https:\/\/splitboarding.rs\/ekologija\/","name":"Ekologija - Splitboarding &amp; Skitouring","isPartOf":{"@id":"https:\/\/splitboarding.rs\/#website"},"primaryImageOfPage":{"@id":"https:\/\/splitboarding.rs\/ekologija\/#primaryimage"},"image":{"@id":"https:\/\/splitboarding.rs\/ekologija\/#primaryimage"},"thumbnailUrl":"https:\/\/splitboarding.rs\/wp-content\/uploads\/2023\/01\/Ekologija.jpg","datePublished":"2023-01-04T17:22:46+00:00","dateModified":"2023-01-26T11:45:50+00:00","description":"Idete na \u201esvoj pogon\u201c, ne brujite, ne pla\u0161ite \u017eivotinje. Kad krene spust, ne naru\u0161avate floru, samo \u010dujete cepanje snega","breadcrumb":{"@id":"https:\/\/splitboarding.rs\/ekologija\/#breadcrumb"},"inLanguage":"en-US","potentialAction":[{"@type":"ReadAction","target":["https:\/\/splitboarding.rs\/ekologija\/"]}]},{"@type":"ImageObject","inLanguage":"en-US","@id":"https:\/\/splitboarding.rs\/ekologija\/#primaryimage","url":"https:\/\/splitboarding.rs\/wp-content\/uploads\/2023\/01\/Ekologija.jpg","contentUrl":"https:\/\/splitboarding.rs\/wp-content\/uploads\/2023\/01\/Ekologija.jpg","width":1920,"height":1080},{"@type":"BreadcrumbList","@id":"https:\/\/splitboarding.rs\/ekologija\/#breadcrumb","itemListElement":[{"@type":"ListItem","position":1,"name":"Home","item":"https:\/\/splitboarding.rs\/"},{"@type":"ListItem","position":2,"name":"Ekologija"}]},{"@type":"WebSite","@id":"https:\/\/splitboarding.rs\/#website","url":"https:\/\/splitboarding.rs\/","name":"Splitboarding & Skitouring","description":"If you are looking for untouched snowy slopes of the Balkans, you are in the right place!","publisher":{"@id":"https:\/\/splitboarding.rs\/#organization"},"potentialAction":[{"@type":"SearchAction","target":{"@type":"EntryPoint","urlTemplate":"https:\/\/splitboarding.rs\/?s={search_term_string}"},"query-input":{"@type":"PropertyValueSpecification","valueRequired":true,"valueName":"search_term_string"}}],"inLanguage":"en-US"},{"@type":"Organization","@id":"https:\/\/splitboarding.rs\/#organization","name":"Splitboarding & Skitouring","url":"https:\/\/splitboarding.rs\/","logo":{"@type":"ImageObject","inLanguage":"en-US","@id":"https:\/\/splitboarding.rs\/#\/schema\/logo\/image\/","url":"https:\/\/splitboarding.rs\/wp-content\/uploads\/2023\/01\/logo_full.png","contentUrl":"https:\/\/splitboarding.rs\/wp-content\/uploads\/2023\/01\/logo_full.png","width":1000,"height":250,"caption":"Splitboarding & Skitouring"},"image":{"@id":"https:\/\/splitboarding.rs\/#\/schema\/logo\/image\/"},"sameAs":["https:\/\/www.facebook.com\/skitouringsplitboardingBalkans","https:\/\/www.instagram.com\/backcountry_balkans\/"]}]}},"uagb_featured_image_src":{"full":["https:\/\/splitboarding.rs\/wp-content\/uploads\/2023\/01\/Ekologija.jpg",1920,1080,false],"thumbnail":["https:\/\/splitboarding.rs\/wp-content\/uploads\/2023\/01\/Ekologija-150x150.jpg",150,150,true],"medium":["https:\/\/splitboarding.rs\/wp-content\/uploads\/2023\/01\/Ekologija-300x169.jpg",300,169,true],"medium_large":["https:\/\/splitboarding.rs\/wp-content\/uploads\/2023\/01\/Ekologija-768x432.jpg",768,432,true],"large":["https:\/\/splitboarding.rs\/wp-content\/uploads\/2023\/01\/Ekologija-1024x576.jpg",1024,576,true],"1536x1536":["https:\/\/splitboarding.rs\/wp-content\/uploads\/2023\/01\/Ekologija-1536x864.jpg",1536,864,true],"2048x2048":["https:\/\/splitboarding.rs\/wp-content\/uploads\/2023\/01\/Ekologija.jpg",1920,1080,false],"trp-custom-language-flag":["https:\/\/splitboarding.rs\/wp-content\/uploads\/2023\/01\/Ekologija.jpg",18,10,false]},"uagb_author_info":{"display_name":"splitboarding \/ skitouring","author_link":"http:\/\/splitboarding.rs\/en\/author\/splitboarding\/"},"uagb_comment_info":0,"uagb_excerpt":"Postoji li \u010distije kretanje zimi od bek-kantri turinga? Ne! Idete na \u201esvoj pogon\u201c, ne brujite, ne pla\u0161ite \u017eivotinje. Kad krene spust, ne naru\u0161avate floru, samo \u010dujete cepanje snega i vetar koji \u010desto ba\u0161 vi proizvodite. \ud83d\ude09 Ne tro\u0161ite struju, ugalj, drva, benzin, naftu. Ostavljate netaknutnu prirodu iza sebe. Dobro \u2019ajde, ne ba\u0161 netaknutu. Bi\u0107e tu&hellip;","_links":{"self":[{"href":"http:\/\/splitboarding.rs\/en\/wp-json\/wp\/v2\/pages\/464","targetHints":{"allow":["GET"]}}],"collection":[{"href":"http:\/\/splitboarding.rs\/en\/wp-json\/wp\/v2\/pages"}],"about":[{"href":"http:\/\/splitboarding.rs\/en\/wp-json\/wp\/v2\/types\/page"}],"author":[{"embeddable":true,"href":"http:\/\/splitboarding.rs\/en\/wp-json\/wp\/v2\/users\/1"}],"replies":[{"embeddable":true,"href":"http:\/\/splitboarding.rs\/en\/wp-json\/wp\/v2\/comments?post=464"}],"version-history":[{"count":5,"href":"http:\/\/splitboarding.rs\/en\/wp-json\/wp\/v2\/pages\/464\/revisions"}],"predecessor-version":[{"id":1087,"href":"http:\/\/splitboarding.rs\/en\/wp-json\/wp\/v2\/pages\/464\/revisions\/1087"}],"wp:featuredmedia":[{"embeddable":true,"href":"http:\/\/splitboarding.rs\/en\/wp-json\/wp\/v2\/media\/1079"}],"wp:attachment":[{"href":"http:\/\/splitboarding.rs\/en\/wp-json\/wp\/v2\/media?parent=464"}],"curies":[{"name":"wp","href":"https:\/\/api.w.org\/{rel}","templated":true}]}}