{"id":462,"date":"2023-01-04T17:22:37","date_gmt":"2023-01-04T17:22:37","guid":{"rendered":"https:\/\/splitboarding.rs\/?page_id=462"},"modified":"2023-01-26T12:44:39","modified_gmt":"2023-01-26T11:44:39","slug":"bezbednost","status":"publish","type":"page","link":"http:\/\/splitboarding.rs\/en\/bezbednost\/","title":{"rendered":"Safety"},"content":{"rendered":"<p><strong>Bezbednost na ski-turingu \/ splitbordingu<\/strong><\/p>\n\n\n\n<p>Najbitnija stvar, glupo je to i napisati, ali moramo. Treba uvek imati kao mentalnu zabele\u0161ku \u201evodi ra\u010duna\u201c. Iskustvo je pokazalo tako, treba da trajete i u\u017eivate u ovoj aktivnosti \u010dak i u penziji. To je su\u0161tina.<\/p>\n\n\n\n<figure class=\"wp-block-gallery has-nested-images columns-default is-cropped wp-block-gallery-1 is-layout-flex wp-block-gallery-is-layout-flex\">\n<figure class=\"wp-block-image size-full\"><a href=\"https:\/\/splitboarding.rs\/wp-content\/uploads\/2023\/01\/Bezbednost.jpg\"><img loading=\"lazy\" decoding=\"async\" width=\"1920\" height=\"1080\" data-id=\"1077\" src=\"https:\/\/splitboarding.rs\/wp-content\/uploads\/2023\/01\/Bezbednost.jpg\" alt=\"\" class=\"wp-image-1077\" srcset=\"https:\/\/splitboarding.rs\/wp-content\/uploads\/2023\/01\/Bezbednost.jpg 1920w, https:\/\/splitboarding.rs\/wp-content\/uploads\/2023\/01\/Bezbednost-300x169.jpg 300w, https:\/\/splitboarding.rs\/wp-content\/uploads\/2023\/01\/Bezbednost-1024x576.jpg 1024w, https:\/\/splitboarding.rs\/wp-content\/uploads\/2023\/01\/Bezbednost-768x432.jpg 768w, https:\/\/splitboarding.rs\/wp-content\/uploads\/2023\/01\/Bezbednost-1536x864.jpg 1536w\" sizes=\"auto, (max-width: 1920px) 100vw, 1920px\" \/><\/a><\/figure>\n<\/figure>\n\n\n\n<p>Bezbednost u planini, a posebno u aktivnostima poput ski-turinga i splitbordinga, zavisi od niza razli\u010ditih faktora, me\u0111u kojima se posebno izdvaja jedan \u2013 a to ste vi! Ovde vam ukratko navodimo nekoliko pravila koja treba ispo\u0161tovati kada se pripremate za turu, kada ste na turi, ali i posle ture, sa ciljem da vam pomognemo da pravilno procenite rizike i doneste ispravne odluke. Kada govorimo o bezbednosti na ski-turingu \/ splitbordingu va\u017eno je pro\u0107i kroz nekoliko faza:<\/p>\n\n\n\n<ul class=\"wp-block-list\">\n<li>da racionalno sagledamo potencijalne opasnosti (objektivne i subjektivne),<\/li>\n\n\n\n<li>da ustanovimo kojim merama i postupcima mo\u017eemo smanjiti njihov uticaj na bezbednost,<\/li>\n\n\n\n<li>i na kraju, kada ocenimo koliki rizik postoji, potrebno je da donesemo odluku da li to prihvatamo i kre\u0107emo u akciju ili je rizik preveliki i odustajemo od akcije do slede\u0107e prilike.<\/li>\n<\/ul>\n\n\n\n<p><strong>Evo osnovnih postulata:<\/strong><\/p>\n\n\n\n<ul class=\"wp-block-list\">\n<li>Procenjujte racionalno, donosite odluke hladne glave, ne dozvolite da vas vode emocije, trenutak, adrenalin&#8230;;<\/li>\n\n\n\n<li>Pravilno procenite sebe: ne poistove\u0107ujte se sa profesinalcima koje gledate u video klipovima, a u koje brendovi ula\u017eu stotine hiljada evra; ne kopirajte njihove vratolomije, budite svesni svojih mogu\u0107nosti;<\/li>\n\n\n\n<li>Edukujte se stalno: poha\u0111ajte obuke i edukacije o lavinama, tehni\u010dkoj opremi, vremenskoj prognozi, prvoj pomo\u0107i,&#8230; u\u010dite stalno, jednom \u0107e vam to vredeti;<\/li>\n\n\n\n<li>Investirajte u kvalitetnu opremu, ona vam \u010duva \u201eglavu\u201c;<\/li>\n\n\n\n<li>Ne idite fizi\u010dki nespremni na jake i ozbiljne ture. Ako ste bolesni ili ste tek ozdravili bolje ostanite kod ku\u0107e i odmorite;<\/li>\n\n\n\n<li>Prou\u010dite teren na kome planirate turu, proverite prohodnost puteva, vidite gde su mogu\u0107a skloni\u0161ta (planinarski domovi, bivaci i sl.), procenite potencijalna opasna mesta (lavinozni tereni)&#8230;;<\/li>\n\n\n\n<li>Pratite vremensku prognozu: upamtite, za bek-kantri je va\u017eno poznavati vremenske prilike i pre termina u kojem planirate turu, a ne samo u toku ture;<\/li>\n\n\n\n<li>Neka uvek neko zna gde ste oti\u0161li na turu i kada planirate da se vratite;<\/li>\n\n\n\n<li>Zaboravili ste bitan deo opreme? Pozajmite u lokalu ili odustanite od ture po\u0161to je Marfijev zakon uvek na snazi;<\/li>\n\n\n\n<li>Uvek konsultujte lokalne vodi\u010de, skija\u0161e i snoubordere, koji znaju specifi\u010dnosti te regije;<\/li>\n\n\n\n<li>Unajmite vodi\u010da kad ste u mogu\u0107nosti, uvek mo\u017eete nau\u010diti ne\u0161to novo;<\/li>\n\n\n\n<li>Sonda, biper, astro-folija, kaciga i lopata su neizostavni deo opreme;<\/li>\n\n\n\n<li>Uvek obavestite lokalnu GSS stanicu gde \u0107ete se kretati taj dan i uzmite njihov kontakt;<\/li>\n\n\n\n<li>Mobilni telefoni neka vam budu na 100% baterije; dr\u017eite ih na sigurnom da vam ne ispadnu i \u0161tedite bateriju;<\/li>\n\n\n\n<li>Ponesite dovoljno hrane i vode (u termosima). Istu uzimajte redovno na turi, nemojte je vra\u0107ati u rancu;<\/li>\n\n\n\n<li>GPS ure\u0111aji, pogotovo Garmin In-reach su vi\u0161e nego dobrodo\u0161li;<\/li>\n\n\n\n<li>Dogovorite se oko signalizacije pre spusta;<\/li>\n\n\n\n<li>Po\u0161tujte razmak u vo\u017enji;<\/li>\n\n\n\n<li>Idealna grupa za bek-kantri je do 6 osoba najvi\u0161e;<\/li>\n\n\n\n<li>Pre samog spusta proverite svoju opremu, zatvorite d\u017eepove, ranac, sve dobro fiksirajte i utegnite;<\/li>\n\n\n\n<li>Ne pani\u010dite: ukoliko se ne\u0161to nepredvi\u0111eno desi (povreda, lavina, gubljenje&#8230;) sa\u010duvajte mir i reagujte na najbolji mogu\u0107i na\u010din;<\/li>\n\n\n\n<li>Unapred razradite mogu\u0107i scenario u slu\u010daju nepredvi\u0111enih slu\u010dajeva i dogovorite \u0161ta ko tada radi;<\/li>\n\n\n\n<li>Slu\u0161ajte savete i instrukcije vodi\u010da, sigurno vam to govori iz nekog razloga;<\/li>\n\n\n\n<li>Pametno je nakon ture napraviti kra\u0107u analizu, srediti utiske i izvu\u0107i poneku pouku za slede\u0107i put;<\/li>\n<\/ul>\n\n\n\n<p>I na kraju, ne idite na silu u planinu! Mo\u017eda je prognoza oma\u0161ila i uslovi nisu bezbedni za akciju. Budite pametni i nemojte i\u0107i logikom <em>\u201epre\u0161ao sam toliki put, jedva iskam\u010dio par slobodnih dana i sad kad sam do\u0161ao\/do\u0161la pod planinu nakon 5+ sati vo\u017enje, ima da idem\u201c<\/em>, a napolju je me\u0107ava, slaba vidljivost ili vrlo nestabilan sneg \u2013 jednostavno odustanite. Dovoljno je \u0161to ste sa odabranom ekipom u planini, odmorite se i u\u017eivajte. Planina \u0107e biti tu i slede\u0107i put i za taj ponovni susret se treba sa\u010duvati.<\/p>\n\n\n\n<div class=\"wp-block-buttons is-layout-flex wp-block-buttons-is-layout-flex\">\n<div class=\"wp-block-button\"><a class=\"wp-block-button__link wp-element-button\" href=\"https:\/\/splitboarding.rs\/en\/ekologija\/\">Ekologija \u2192<\/a><\/div>\n<\/div>\n\n\n\n<div style=\"height:64px\" aria-hidden=\"true\" class=\"wp-block-spacer\"><\/div>","protected":false},"excerpt":{"rendered":"<p>Bezbednost na ski-turingu \/ splitbordingu Najbitnija stvar, glupo je to i napisati, ali moramo. Treba uvek imati kao mentalnu zabele\u0161ku \u201evodi ra\u010duna\u201c. Iskustvo je pokazalo tako, treba da trajete i u\u017eivate u ovoj aktivnosti \u010dak i u penziji. To je su\u0161tina. Bezbednost u planini, a posebno u aktivnostima poput ski-turinga i splitbordinga, zavisi od niza [&hellip;]<\/p>\n","protected":false},"author":1,"featured_media":1077,"parent":0,"menu_order":0,"comment_status":"closed","ping_status":"closed","template":"","meta":{"_uag_custom_page_level_css":"","site-sidebar-layout":"default","site-content-layout":"","ast-site-content-layout":"default","site-content-style":"default","site-sidebar-style":"default","ast-global-header-display":"","ast-banner-title-visibility":"","ast-main-header-display":"","ast-hfb-above-header-display":"","ast-hfb-below-header-display":"","ast-hfb-mobile-header-display":"","site-post-title":"","ast-breadcrumbs-content":"","ast-featured-img":"disabled","footer-sml-layout":"","ast-disable-related-posts":"","theme-transparent-header-meta":"","adv-header-id-meta":"","stick-header-meta":"","header-above-stick-meta":"","header-main-stick-meta":"","header-below-stick-meta":"","astra-migrate-meta-layouts":"default","ast-page-background-enabled":"default","ast-page-background-meta":{"desktop":{"background-color":"var(--ast-global-color-4)","background-image":"","background-repeat":"repeat","background-position":"center center","background-size":"auto","background-attachment":"scroll","background-type":"","background-media":"","overlay-type":"","overlay-color":"","overlay-opacity":"","overlay-gradient":""},"tablet":{"background-color":"","background-image":"","background-repeat":"repeat","background-position":"center center","background-size":"auto","background-attachment":"scroll","background-type":"","background-media":"","overlay-type":"","overlay-color":"","overlay-opacity":"","overlay-gradient":""},"mobile":{"background-color":"","background-image":"","background-repeat":"repeat","background-position":"center center","background-size":"auto","background-attachment":"scroll","background-type":"","background-media":"","overlay-type":"","overlay-color":"","overlay-opacity":"","overlay-gradient":""}},"ast-content-background-meta":{"desktop":{"background-color":"var(--ast-global-color-5)","background-image":"","background-repeat":"repeat","background-position":"center center","background-size":"auto","background-attachment":"scroll","background-type":"","background-media":"","overlay-type":"","overlay-color":"","overlay-opacity":"","overlay-gradient":""},"tablet":{"background-color":"var(--ast-global-color-5)","background-image":"","background-repeat":"repeat","background-position":"center center","background-size":"auto","background-attachment":"scroll","background-type":"","background-media":"","overlay-type":"","overlay-color":"","overlay-opacity":"","overlay-gradient":""},"mobile":{"background-color":"var(--ast-global-color-5)","background-image":"","background-repeat":"repeat","background-position":"center center","background-size":"auto","background-attachment":"scroll","background-type":"","background-media":"","overlay-type":"","overlay-color":"","overlay-opacity":"","overlay-gradient":""}},"footnotes":""},"class_list":["post-462","page","type-page","status-publish","has-post-thumbnail","hentry"],"featured_image_src":"https:\/\/splitboarding.rs\/wp-content\/uploads\/2023\/01\/Bezbednost.jpg","yoast_head":"<!-- This site is optimized with the Yoast SEO plugin v27.4 - https:\/\/yoast.com\/product\/yoast-seo-wordpress\/ -->\n<title>Bezbednost - Splitboarding &amp; Skitouring<\/title>\n<meta name=\"description\" content=\"Bezbednost u planini, a posebno u aktivnostima, zavisi od niza razli\u010ditih faktora, me\u0111u kojima se posebno izdvaja jedan \u2013 a to ste vi!\" \/>\n<meta name=\"robots\" content=\"index, follow, max-snippet:-1, max-image-preview:large, max-video-preview:-1\" \/>\n<link rel=\"canonical\" href=\"https:\/\/splitboarding.rs\/en\/bezbednost\/\" \/>\n<meta property=\"og:locale\" content=\"en_US\" \/>\n<meta property=\"og:type\" content=\"article\" \/>\n<meta property=\"og:title\" content=\"Bezbednost - Splitboarding &amp; Skitouring\" \/>\n<meta property=\"og:description\" content=\"Bezbednost u planini, a posebno u aktivnostima, zavisi od niza razli\u010ditih faktora, me\u0111u kojima se posebno izdvaja jedan \u2013 a to ste vi!\" \/>\n<meta property=\"og:url\" content=\"https:\/\/splitboarding.rs\/en\/bezbednost\/\" \/>\n<meta property=\"og:site_name\" content=\"Splitboarding &amp; Skitouring\" \/>\n<meta property=\"article:publisher\" content=\"https:\/\/www.facebook.com\/skitouringsplitboardingBalkans\" \/>\n<meta property=\"article:modified_time\" content=\"2023-01-26T11:44:39+00:00\" \/>\n<meta property=\"og:image\" content=\"https:\/\/splitboarding.rs\/wp-content\/uploads\/2023\/01\/Bezbednost.jpg\" \/>\n\t<meta property=\"og:image:width\" content=\"1920\" \/>\n\t<meta property=\"og:image:height\" content=\"1080\" \/>\n\t<meta property=\"og:image:type\" content=\"image\/jpeg\" \/>\n<meta name=\"twitter:card\" content=\"summary_large_image\" \/>\n<meta name=\"twitter:title\" content=\"Bezbednost - Splitboarding &amp; Skitouring\" \/>\n<meta name=\"twitter:description\" content=\"Bezbednost u planini, a posebno u aktivnostima, zavisi od niza razli\u010ditih faktora, me\u0111u kojima se posebno izdvaja jedan \u2013 a to ste vi!\" \/>\n<meta name=\"twitter:image\" content=\"https:\/\/splitboarding.rs\/wp-content\/uploads\/2023\/01\/Bezbednost.jpg\" \/>\n<meta name=\"twitter:label1\" content=\"Est. reading time\" \/>\n\t<meta name=\"twitter:data1\" content=\"3 minutes\" \/>\n<script type=\"application\/ld+json\" class=\"yoast-schema-graph\">{\"@context\":\"https:\\\/\\\/schema.org\",\"@graph\":[{\"@type\":\"WebPage\",\"@id\":\"https:\\\/\\\/splitboarding.rs\\\/bezbednost\\\/\",\"url\":\"https:\\\/\\\/splitboarding.rs\\\/bezbednost\\\/\",\"name\":\"Bezbednost - Splitboarding &amp; Skitouring\",\"isPartOf\":{\"@id\":\"https:\\\/\\\/splitboarding.rs\\\/#website\"},\"primaryImageOfPage\":{\"@id\":\"https:\\\/\\\/splitboarding.rs\\\/bezbednost\\\/#primaryimage\"},\"image\":{\"@id\":\"https:\\\/\\\/splitboarding.rs\\\/bezbednost\\\/#primaryimage\"},\"thumbnailUrl\":\"https:\\\/\\\/splitboarding.rs\\\/wp-content\\\/uploads\\\/2023\\\/01\\\/Bezbednost.jpg\",\"datePublished\":\"2023-01-04T17:22:37+00:00\",\"dateModified\":\"2023-01-26T11:44:39+00:00\",\"description\":\"Bezbednost u planini, a posebno u aktivnostima, zavisi od niza razli\u010ditih faktora, me\u0111u kojima se posebno izdvaja jedan \u2013 a to ste vi!\",\"breadcrumb\":{\"@id\":\"https:\\\/\\\/splitboarding.rs\\\/bezbednost\\\/#breadcrumb\"},\"inLanguage\":\"en-US\",\"potentialAction\":[{\"@type\":\"ReadAction\",\"target\":[\"https:\\\/\\\/splitboarding.rs\\\/bezbednost\\\/\"]}]},{\"@type\":\"ImageObject\",\"inLanguage\":\"en-US\",\"@id\":\"https:\\\/\\\/splitboarding.rs\\\/bezbednost\\\/#primaryimage\",\"url\":\"https:\\\/\\\/splitboarding.rs\\\/wp-content\\\/uploads\\\/2023\\\/01\\\/Bezbednost.jpg\",\"contentUrl\":\"https:\\\/\\\/splitboarding.rs\\\/wp-content\\\/uploads\\\/2023\\\/01\\\/Bezbednost.jpg\",\"width\":1920,\"height\":1080},{\"@type\":\"BreadcrumbList\",\"@id\":\"https:\\\/\\\/splitboarding.rs\\\/bezbednost\\\/#breadcrumb\",\"itemListElement\":[{\"@type\":\"ListItem\",\"position\":1,\"name\":\"Home\",\"item\":\"https:\\\/\\\/splitboarding.rs\\\/\"},{\"@type\":\"ListItem\",\"position\":2,\"name\":\"Bezbednost\"}]},{\"@type\":\"WebSite\",\"@id\":\"https:\\\/\\\/splitboarding.rs\\\/#website\",\"url\":\"https:\\\/\\\/splitboarding.rs\\\/\",\"name\":\"Splitboarding & Skitouring\",\"description\":\"Tra\u017eite netaknute sne\u017ene padine Balkana, na pravom ste mestu!\",\"publisher\":{\"@id\":\"https:\\\/\\\/splitboarding.rs\\\/#organization\"},\"potentialAction\":[{\"@type\":\"SearchAction\",\"target\":{\"@type\":\"EntryPoint\",\"urlTemplate\":\"https:\\\/\\\/splitboarding.rs\\\/?s={search_term_string}\"},\"query-input\":{\"@type\":\"PropertyValueSpecification\",\"valueRequired\":true,\"valueName\":\"search_term_string\"}}],\"inLanguage\":\"en-US\"},{\"@type\":\"Organization\",\"@id\":\"https:\\\/\\\/splitboarding.rs\\\/#organization\",\"name\":\"Splitboarding & Skitouring\",\"url\":\"https:\\\/\\\/splitboarding.rs\\\/\",\"logo\":{\"@type\":\"ImageObject\",\"inLanguage\":\"en-US\",\"@id\":\"https:\\\/\\\/splitboarding.rs\\\/#\\\/schema\\\/logo\\\/image\\\/\",\"url\":\"https:\\\/\\\/splitboarding.rs\\\/wp-content\\\/uploads\\\/2023\\\/01\\\/logo_full.png\",\"contentUrl\":\"https:\\\/\\\/splitboarding.rs\\\/wp-content\\\/uploads\\\/2023\\\/01\\\/logo_full.png\",\"width\":1000,\"height\":250,\"caption\":\"Splitboarding & Skitouring\"},\"image\":{\"@id\":\"https:\\\/\\\/splitboarding.rs\\\/#\\\/schema\\\/logo\\\/image\\\/\"},\"sameAs\":[\"https:\\\/\\\/www.facebook.com\\\/skitouringsplitboardingBalkans\",\"https:\\\/\\\/www.instagram.com\\\/backcountry_balkans\\\/\"]}]}<\/script>\n<!-- \/ Yoast SEO plugin. -->","yoast_head_json":{"title":"Bezbednost - Splitboarding &amp; Skitouring","description":"Bezbednost u planini, a posebno u aktivnostima, zavisi od niza razli\u010ditih faktora, me\u0111u kojima se posebno izdvaja jedan \u2013 a to ste vi!","robots":{"index":"index","follow":"follow","max-snippet":"max-snippet:-1","max-image-preview":"max-image-preview:large","max-video-preview":"max-video-preview:-1"},"canonical":"https:\/\/splitboarding.rs\/en\/bezbednost\/","og_locale":"en_US","og_type":"article","og_title":"Bezbednost - Splitboarding &amp; Skitouring","og_description":"Bezbednost u planini, a posebno u aktivnostima, zavisi od niza razli\u010ditih faktora, me\u0111u kojima se posebno izdvaja jedan \u2013 a to ste vi!","og_url":"https:\/\/splitboarding.rs\/en\/bezbednost\/","og_site_name":"Splitboarding &amp; Skitouring","article_publisher":"https:\/\/www.facebook.com\/skitouringsplitboardingBalkans","article_modified_time":"2023-01-26T11:44:39+00:00","og_image":[{"width":1920,"height":1080,"url":"https:\/\/splitboarding.rs\/wp-content\/uploads\/2023\/01\/Bezbednost.jpg","type":"image\/jpeg"}],"twitter_card":"summary_large_image","twitter_title":"Bezbednost - Splitboarding &amp; Skitouring","twitter_description":"Bezbednost u planini, a posebno u aktivnostima, zavisi od niza razli\u010ditih faktora, me\u0111u kojima se posebno izdvaja jedan \u2013 a to ste vi!","twitter_image":"https:\/\/splitboarding.rs\/wp-content\/uploads\/2023\/01\/Bezbednost.jpg","twitter_misc":{"Est. reading time":"3 minutes"},"schema":{"@context":"https:\/\/schema.org","@graph":[{"@type":"WebPage","@id":"https:\/\/splitboarding.rs\/bezbednost\/","url":"https:\/\/splitboarding.rs\/bezbednost\/","name":"Bezbednost - Splitboarding &amp; Skitouring","isPartOf":{"@id":"https:\/\/splitboarding.rs\/#website"},"primaryImageOfPage":{"@id":"https:\/\/splitboarding.rs\/bezbednost\/#primaryimage"},"image":{"@id":"https:\/\/splitboarding.rs\/bezbednost\/#primaryimage"},"thumbnailUrl":"https:\/\/splitboarding.rs\/wp-content\/uploads\/2023\/01\/Bezbednost.jpg","datePublished":"2023-01-04T17:22:37+00:00","dateModified":"2023-01-26T11:44:39+00:00","description":"Bezbednost u planini, a posebno u aktivnostima, zavisi od niza razli\u010ditih faktora, me\u0111u kojima se posebno izdvaja jedan \u2013 a to ste vi!","breadcrumb":{"@id":"https:\/\/splitboarding.rs\/bezbednost\/#breadcrumb"},"inLanguage":"en-US","potentialAction":[{"@type":"ReadAction","target":["https:\/\/splitboarding.rs\/bezbednost\/"]}]},{"@type":"ImageObject","inLanguage":"en-US","@id":"https:\/\/splitboarding.rs\/bezbednost\/#primaryimage","url":"https:\/\/splitboarding.rs\/wp-content\/uploads\/2023\/01\/Bezbednost.jpg","contentUrl":"https:\/\/splitboarding.rs\/wp-content\/uploads\/2023\/01\/Bezbednost.jpg","width":1920,"height":1080},{"@type":"BreadcrumbList","@id":"https:\/\/splitboarding.rs\/bezbednost\/#breadcrumb","itemListElement":[{"@type":"ListItem","position":1,"name":"Home","item":"https:\/\/splitboarding.rs\/"},{"@type":"ListItem","position":2,"name":"Bezbednost"}]},{"@type":"WebSite","@id":"https:\/\/splitboarding.rs\/#website","url":"https:\/\/splitboarding.rs\/","name":"Splitboarding & Skitouring","description":"If you are looking for untouched snowy slopes of the Balkans, you are in the right place!","publisher":{"@id":"https:\/\/splitboarding.rs\/#organization"},"potentialAction":[{"@type":"SearchAction","target":{"@type":"EntryPoint","urlTemplate":"https:\/\/splitboarding.rs\/?s={search_term_string}"},"query-input":{"@type":"PropertyValueSpecification","valueRequired":true,"valueName":"search_term_string"}}],"inLanguage":"en-US"},{"@type":"Organization","@id":"https:\/\/splitboarding.rs\/#organization","name":"Splitboarding & Skitouring","url":"https:\/\/splitboarding.rs\/","logo":{"@type":"ImageObject","inLanguage":"en-US","@id":"https:\/\/splitboarding.rs\/#\/schema\/logo\/image\/","url":"https:\/\/splitboarding.rs\/wp-content\/uploads\/2023\/01\/logo_full.png","contentUrl":"https:\/\/splitboarding.rs\/wp-content\/uploads\/2023\/01\/logo_full.png","width":1000,"height":250,"caption":"Splitboarding & Skitouring"},"image":{"@id":"https:\/\/splitboarding.rs\/#\/schema\/logo\/image\/"},"sameAs":["https:\/\/www.facebook.com\/skitouringsplitboardingBalkans","https:\/\/www.instagram.com\/backcountry_balkans\/"]}]}},"uagb_featured_image_src":{"full":["https:\/\/splitboarding.rs\/wp-content\/uploads\/2023\/01\/Bezbednost.jpg",1920,1080,false],"thumbnail":["https:\/\/splitboarding.rs\/wp-content\/uploads\/2023\/01\/Bezbednost-150x150.jpg",150,150,true],"medium":["https:\/\/splitboarding.rs\/wp-content\/uploads\/2023\/01\/Bezbednost-300x169.jpg",300,169,true],"medium_large":["https:\/\/splitboarding.rs\/wp-content\/uploads\/2023\/01\/Bezbednost-768x432.jpg",768,432,true],"large":["https:\/\/splitboarding.rs\/wp-content\/uploads\/2023\/01\/Bezbednost-1024x576.jpg",1024,576,true],"1536x1536":["https:\/\/splitboarding.rs\/wp-content\/uploads\/2023\/01\/Bezbednost-1536x864.jpg",1536,864,true],"2048x2048":["https:\/\/splitboarding.rs\/wp-content\/uploads\/2023\/01\/Bezbednost.jpg",1920,1080,false],"trp-custom-language-flag":["https:\/\/splitboarding.rs\/wp-content\/uploads\/2023\/01\/Bezbednost.jpg",18,10,false]},"uagb_author_info":{"display_name":"splitboarding \/ skitouring","author_link":"http:\/\/splitboarding.rs\/en\/author\/splitboarding\/"},"uagb_comment_info":0,"uagb_excerpt":"Bezbednost na ski-turingu \/ splitbordingu Najbitnija stvar, glupo je to i napisati, ali moramo. Treba uvek imati kao mentalnu zabele\u0161ku \u201evodi ra\u010duna\u201c. Iskustvo je pokazalo tako, treba da trajete i u\u017eivate u ovoj aktivnosti \u010dak i u penziji. To je su\u0161tina. Bezbednost u planini, a posebno u aktivnostima poput ski-turinga i splitbordinga, zavisi od niza&hellip;","_links":{"self":[{"href":"http:\/\/splitboarding.rs\/en\/wp-json\/wp\/v2\/pages\/462","targetHints":{"allow":["GET"]}}],"collection":[{"href":"http:\/\/splitboarding.rs\/en\/wp-json\/wp\/v2\/pages"}],"about":[{"href":"http:\/\/splitboarding.rs\/en\/wp-json\/wp\/v2\/types\/page"}],"author":[{"embeddable":true,"href":"http:\/\/splitboarding.rs\/en\/wp-json\/wp\/v2\/users\/1"}],"replies":[{"embeddable":true,"href":"http:\/\/splitboarding.rs\/en\/wp-json\/wp\/v2\/comments?post=462"}],"version-history":[{"count":5,"href":"http:\/\/splitboarding.rs\/en\/wp-json\/wp\/v2\/pages\/462\/revisions"}],"predecessor-version":[{"id":1086,"href":"http:\/\/splitboarding.rs\/en\/wp-json\/wp\/v2\/pages\/462\/revisions\/1086"}],"wp:featuredmedia":[{"embeddable":true,"href":"http:\/\/splitboarding.rs\/en\/wp-json\/wp\/v2\/media\/1077"}],"wp:attachment":[{"href":"http:\/\/splitboarding.rs\/en\/wp-json\/wp\/v2\/media?parent=462"}],"curies":[{"name":"wp","href":"https:\/\/api.w.org\/{rel}","templated":true}]}}