{"id":380,"date":"2022-12-25T10:55:41","date_gmt":"2022-12-25T10:55:41","guid":{"rendered":"https:\/\/splitboarding.rs\/?page_id=380"},"modified":"2023-01-25T17:37:10","modified_gmt":"2023-01-25T16:37:10","slug":"oprema","status":"publish","type":"page","link":"http:\/\/splitboarding.rs\/en\/oprema\/","title":{"rendered":"Other equipment"},"content":{"rendered":"<figure class=\"wp-block-gallery has-nested-images columns-default wp-block-gallery-1 is-layout-flex wp-block-gallery-is-layout-flex\">\n<figure class=\"wp-block-image size-full\"><a href=\"https:\/\/splitboarding.rs\/wp-content\/uploads\/2023\/01\/Oprema.jpg\"><img loading=\"lazy\" decoding=\"async\" width=\"2000\" height=\"1333\" data-id=\"999\" src=\"https:\/\/splitboarding.rs\/wp-content\/uploads\/2023\/01\/Oprema.jpg\" alt=\"\" class=\"wp-image-999\" srcset=\"https:\/\/splitboarding.rs\/wp-content\/uploads\/2023\/01\/Oprema.jpg 2000w, https:\/\/splitboarding.rs\/wp-content\/uploads\/2023\/01\/Oprema-300x200.jpg 300w, https:\/\/splitboarding.rs\/wp-content\/uploads\/2023\/01\/Oprema-1024x682.jpg 1024w, https:\/\/splitboarding.rs\/wp-content\/uploads\/2023\/01\/Oprema-768x512.jpg 768w, https:\/\/splitboarding.rs\/wp-content\/uploads\/2023\/01\/Oprema-1536x1024.jpg 1536w\" sizes=\"auto, (max-width: 2000px) 100vw, 2000px\" \/><\/a><\/figure>\n<\/figure>\n\n\n\n<p><strong>Ostala oprema za bek-kantri skijanje<\/strong><\/p>\n\n\n\n<p>Osim osnovne opreme za bek-kantri skijanje, bez koje je nemogu\u0107e krenuti na turu, o kojoj mo\u017eete pro\u010ditati vi\u0161e na na\u0161em sajtu, za uspe\u0161no i bezbedno bavljenje ski-turingom i splitbordingom potrebno je imati i jo\u0161 nekoliko delova opreme. Pone\u0161to od ove opreme je tako\u0111e neophodno, a pone\u0161to mo\u017eete imati sa sobom uvek ili samo na odre\u0111enim turama. Neki komad opreme mo\u017eete i izostaviti, ali imajte na umu da ako vam zatreba, grdno \u0107ete se kajati. Elem, krenimo redom&#8230;<\/p>\n\n\n\n<p><strong>\u0160tapovi<\/strong> (neophodno).<\/p>\n\n\n\n<p>\u0160tapovi za ski-turing i splitbording se malo razlikuju od uobi\u010dajenih skija\u0161kih \u0161tapova koje koriste skija\u0161i, kako rekreativci, tako i profesionalni sportisti. Osnovna razlika je u tome \u0161to se \u0161tapovi za bek-kantri mogu sklopiti, kako bi ih odlo\u017eili u ranac kada vam nisu neophodni. Ovo je posebno va\u017eno za splitbordere, kojima su \u0161tapovi potrebni samo prilikom uspona, dok na spustu uop\u0161te ne koriste \u0161tapove, \u0161tavi\u0161e smetaju im. \u0160tapovi na usponu, odnosno u \u201ewalk\u201c modu zna\u010dajno poma\u017eu odr\u017eavanju ravnote\u017ee i bez njih bi hodanje bilo veoma te\u0161ko. Izra\u0111uju se od laganih, a \u010dvrstih materijala (aluminijum, kompozitni materijalli i sl.) Neke konstrukcijske karakteristike \u0161tapova za turing, a koje ih razlikuju od ostalih su:<\/p>\n\n\n\n<ul class=\"wp-block-list\">\n<li><strong>Sklopivi su<\/strong>, kao \u0161to smo ve\u0107 pomenuli; na\u010din sklapanja mo\u017ee biti na principu teleskopa ili na principu preklapanja delova, koji su povezani unutra\u0161njom sajlom. Naravno, mo\u017eete koristiti i obi\u010dne skija\u0161ke \u0161tapove ili \u0161tapove za treking, makar u po\u010detku.<\/li>\n\n\n\n<li><strong>Podesivi su po du\u017eini<\/strong>, sli\u010dno kao i \u0161tapovi za treking; ovo je neophodno zbog razli\u010ditih nagiba terena po kojima \u0107ete se kretati, a na kojima je nekad potrebno imati kra\u0107e, a nekad du\u017ee \u0161tapove;<\/li>\n\n\n\n<li>Imaju <strong>produ\u017een<\/strong> <strong>rukohvat<\/strong>; kako ne biste morali stalno pode\u0161avati du\u017einu \u0161tapova, nekada je lak\u0161e \u0161tap dr\u017eati ni\u017ee u odnosu na standarni rukohvat;<\/li>\n\n\n\n<li><strong>\u0160ire krplje<\/strong>; kako bi oslonac na sne\u017enu povr\u0161inu bio stabilniji, tj. da vam \u0161tapovi ne bi propadali duboko u sneg prilikom hodanja;<\/li>\n\n\n\n<li>Mogu imati kukasti zavr\u0161etak rukohvata koji slu\u017ei da sa njima zate\u017eete ili otpu\u0161tate vezove.<\/li>\n\n\n\n<li>Obavezno moraju imati gurtne na rukohvatu kroz koje provla\u010dite ruke;<\/li>\n<\/ul>\n\n\n\n<p>Osim kao pomagalo za odr\u017eavanje ravnote\u017ee prilikom kretanja, \u0161tapove mo\u017eete koristiti i za izradu sidri\u0161ta (ukopate ih u sneg), krovnu konstrukciju na prinudnom bivaku, improvizovano sredstvo za imobilizaciju preloma (nedajbo\u017ee), da se odbranite od kerova lutalica i tako dalje. U svakom slu\u010daju, neophodno je imati ih i pa\u017eljivo ih koristiti jer spadaju u onu vrstu opreme koja se lako mo\u017ee izgubiti ili o\u0161tetiti.<\/p>\n\n\n\n<p><strong>Kaciga<\/strong> (neophodno)<\/p>\n\n\n\n<p>Kaciga je deo opreme koji neposredno \u0161titi lobanju skija\u0161a \/ bordera. Osim \u0161to je va\u017eno imati je na glavi kada skijate (tokom spusta), na bek-kantri turama je ponekad potrebno kacigu nositi i pri usponu, u slu\u010daju kada se kre\u0107ete na padinama gde iznad vas postoji mogu\u0107nost odrona kamenja. Obi\u010dno se tokom turinga kaciga nosi fiksirana na rancu, pojedini ran\u010deve \u010dak imaju za to posebno predvi\u0111en deo. Birajte kvalitetnu kacigu, jer je ne nosite samo forme radi, ve\u0107 vam mo\u017ee zaista zatrebati.<\/p>\n\n\n\n<p><strong>Komplet za pru\u017eanje prve pomo\u0107i<\/strong> (neophodno)<\/p>\n\n\n\n<p>Komplet za pru\u017eanje prve pomo\u0107i je potrebno da postane (ako ve\u0107 nije) standardni i neodvojivi deo va\u0161e opreme za boravak u prirodi i upra\u017enjavanje raznih aktivnosti. Kod bavljenja ski-turingom i splitbordingom, izlo\u017eeni smo brojnim opasnostima i rizicima po na\u0161e zdravlje i \u017eivot, zbog \u010dega se ovo uop\u0161te ne dovodi u pitanje.<\/p>\n\n\n\n<p>Komplet za prvu pomo\u0107 treba da sadr\u017ei odre\u0111enu medicinsku opremu za imobilizaciju preloma i zaustavljanje krvavljenja (SAM splintovi, zavoji razli\u010ditih \u0161irina, sterilne gaze, hanzaplast i sl.), jer su to naj\u010de\u0161\u0107e povrede koje se mogu desiti skija\u0161ima \/ borderima. Osim toga, dobro je imati i lekove za ubla\u017eavanje bolova i protiv mu\u010dnina i alergija. Me\u0111utim vodite ra\u010duna ako lekove ho\u0107ete da date drugoj osobi, jer mo\u017ee biti alergi\u010dna na neki od sastojaka i time mo\u017eete pogor\u0161ati stvar. To je jo\u0161 jedan od razloga zbog \u010dega je va\u017eno da svako ima svoj komplet prve pomo\u0107i.<\/p>\n\n\n\n<p>Korisna sugestija je da komplet prve pomo\u0107i dr\u017eite u posebnoj torbici, koja je vidno ozna\u010dena kao medicinska oprema (natpis ili crveni krst ili crveni polumesec), kako bi u slu\u010daju potrebe i neko drugi lako i brzo mogao da je prona\u0111e u va\u0161em rancu (recimo, ako ste vi povre\u0111eni i neko drugi treba da vama pru\u017ei medicinsku pomo\u0107).<\/p>\n\n\n\n<p>Na turama je ponekad potrebno imati i ozbiljnije medicinsko obezbe\u0111enje i zahtevniju opremu (ve\u0107a koli\u010dina zavoja, sredstva za imobilizaciju ve\u0107ih preloma ili za imobilizaciju ki\u010dme). Ovu medicinski opremu obi\u010dno koriste spasioci, ali ako je ne\u0161to od nje potrebno nositi na turi, onda je va\u017eno da se ravnomerno podeli na ceo tim, pri \u010demu svi treba da budu upoznati koja se medicinska sredstva kod koga nalaze.<\/p>\n\n\n\n<p><strong>\u010ceona lampa<\/strong> (neophodno)<\/p>\n\n\n\n<p>\u010ceona lampa tako\u0111e spada u deo opreme koji morate imati sa sobom \u010dak i kada ne planirate da se po mraku kre\u0107ete u planini. Akcija ponekad ume da krene mimo plana i da uprkos svemu deo ture morate da idete po mraku ili da \u010dak zano\u0107ite u planini. Dobro i kvalitetno svetlo tada postaje klju\u010dna stvar koja vam je potrebna. Preporu\u010dujemo da obavezno imate sa sobom i rezervne baterije za lampu, a po\u017eeljno je \u010dak da imate i rezervnu lampu negde u rancu. Na tr\u017ei\u0161tu se mo\u017ee na\u0107i veliki broj \u010deonih lampi razli\u010ditog kvaliteta, ali i namene. Odaberite kvalitetnu i pouzdanu lampu, ne previ\u0161e robusnu, koja \u0107e vam raditi u svim vremenskim uslovima, a ne\u0107e vam zauzimati previ\u0161e prostora ili biti komplikovana za upotrebu.<\/p>\n\n\n\n<p><strong>Pribor za sitne opravke<\/strong><\/p>\n\n\n\n<p>Pribor za sitne opravke mo\u017ee zna\u010dajno da vam olak\u0161a muke ukoliko do\u0111e do nekih problema sa opremom na turi i kada je potrebno ne\u0161to popraviti. \u010cesto kvarovi mogu biti takvi da dovedu u pitanje celu akciju. Osim, sad ve\u0107 standarnih multialata (multi tool), koji u sebi sadr\u017ee kle\u0161ta, turpiju, \u0161ilo, odvija\u010d, otvara\u010d za pivo ( \ud83d\ude0a ), u torbicu sa priborom za sitne opravke uvek ubacite par\u010de \u017eice, kanapa, armiranu lepljivu traku (duckt tape), superlepak i sli\u010dne stvar\u010dice, koje vam mogu zatrebati. Iskustvo \u0107e vas nau\u010diti \u0161ta vam je jo\u0161 potrebno, a \u0161ta ne, u zavisnosti od toga koju opremu koristite i gde planirate da idete na turu.<\/p>\n\n\n\n<p><strong>Ranac (neophodno)<\/strong><\/p>\n\n\n\n<p>Ranac za ski-turing \/ splitbording, osim uobi\u010dajenih karakteristika koje imaju skoro svi planinarski ran\u010devi, po\u017eeljno je da na sebi ima nekoliko detalja koji vam mogu biti od velike koristi na turi. Sama veli\u010dina ranca mo\u017ee biti od 20 litara (nekad i manje) do 35\u201340 litara. Ukoliko idete na du\u017ee ture i daleko od blagodeti civilizacije potreban vam je ve\u0107i ranac. Na ekspedicijskim turama ranac mo\u017ee biti i znatno ve\u0107i.<\/p>\n\n\n\n<p>Va\u017ean detalj koji izdvaja ranac za ski-turing su gurtne koje omogu\u0107avaju ka\u010denje skija ili splitborda. Skije se obi\u010dno na rancu nose tako \u0161to se po jedna skija zaka\u010di sa bo\u010dne strane ili se obe skije zajedno zaka\u010de dijagonalno. Splitbord mo\u017ee tako\u0111e da se zaka\u010di na bo\u010dnim stranama, kao i skije, kada je rasklopljen, dok se sklopljeni splitbord obi\u010dno ka\u010di na gurtne tako da stoji popre\u010dno u odnosu na uzdu\u017enu osu ranca. Tako\u0111e, potrebno je da postoje gurtne ili mre\u017eice za no\u0161enje kacige, cepina, dereza, kao i posebne pregrade za krzna i lavinsku opremu. Postoje posebni ran\u010devi sa dodatnom opremom (airbag) za spa\u0161avanje iz lavina, koji se veoma korisni za frirajd.<\/p>\n\n\n\n<p>*Vosak za krzna zna\u010dajno mo\u017ee olak\u0161ati situaciju<\/p>\n\n\n\n<div class=\"wp-block-buttons is-layout-flex wp-block-buttons-is-layout-flex\">\n<div class=\"wp-block-button\"><a class=\"wp-block-button__link wp-element-button\" href=\"https:\/\/splitboarding.rs\/en\/trening\/\">Trening \u2192<\/a><\/div>\n<\/div>\n\n\n\n<div style=\"height:48px\" aria-hidden=\"true\" class=\"wp-block-spacer\"><\/div>\n\n\n\n<h4 class=\"wp-block-heading\">Equipment:<\/h4>\n\n\n\n<div class=\"wp-block-buttons is-content-justification-left is-layout-flex wp-container-core-buttons-is-layout-0e5a4d8e wp-block-buttons-is-layout-flex\">\n<div class=\"wp-block-button is-style-fill\"><a class=\"wp-block-button__link wp-element-button\" href=\"https:\/\/splitboarding.rs\/en\/oprema\/krzna\/\">Fur<\/a><\/div>\n\n\n\n<div class=\"wp-block-button is-style-fill\"><a class=\"wp-block-button__link wp-element-button\" href=\"https:\/\/splitboarding.rs\/en\/oprema\/splitboard-cizme\/\">Splitboard boots<\/a><\/div>\n\n\n\n<div class=\"wp-block-button is-style-fill\"><a class=\"wp-block-button__link wp-element-button\" href=\"https:\/\/splitboarding.rs\/en\/oprema\/daske\/\">Boards<\/a><\/div>\n\n\n\n<div class=\"wp-block-button is-style-fill\"><a class=\"wp-block-button__link wp-element-button\" href=\"https:\/\/splitboarding.rs\/en\/oprema\/splitboard-vezovi\/\">Splitboard bindings<\/a><\/div>\n\n\n\n<div class=\"wp-block-button is-style-fill\"><a class=\"wp-block-button__link wp-element-button\" href=\"https:\/\/splitboarding.rs\/en\/oprema\/turno-skije\/\">Touring skis<\/a><\/div>\n\n\n\n<div class=\"wp-block-button is-style-fill\"><a class=\"wp-block-button__link wp-element-button\" href=\"https:\/\/splitboarding.rs\/en\/oprema\/turno-cipele\/\">Tourno shoes<\/a><\/div>\n\n\n\n<div class=\"wp-block-button is-style-fill\"><a class=\"wp-block-button__link wp-element-button\" href=\"https:\/\/splitboarding.rs\/en\/oprema\/turn-vezovi\/\">Tourno bindings<\/a><\/div>\n\n\n\n<div class=\"wp-block-button is-style-fill\"><a class=\"wp-block-button__link wp-element-button\" href=\"https:\/\/splitboarding.rs\/en\/oprema\/lavinska-oprema\/\">Avalanche equipment<\/a><\/div>\n<\/div>\n\n\n\n<div style=\"height:64px\" aria-hidden=\"true\" class=\"wp-block-spacer\"><\/div>","protected":false},"excerpt":{"rendered":"<p>Ostala oprema za bek-kantri skijanje Osim osnovne opreme za bek-kantri skijanje, bez koje je nemogu\u0107e krenuti na turu, o kojoj mo\u017eete pro\u010ditati vi\u0161e na na\u0161em sajtu, za uspe\u0161no i bezbedno bavljenje ski-turingom i splitbordingom potrebno je imati i jo\u0161 nekoliko delova opreme. Pone\u0161to od ove opreme je tako\u0111e neophodno, a pone\u0161to mo\u017eete imati sa sobom [&hellip;]<\/p>\n","protected":false},"author":1,"featured_media":0,"parent":0,"menu_order":0,"comment_status":"closed","ping_status":"closed","template":"","meta":{"_uag_custom_page_level_css":"","site-sidebar-layout":"default","site-content-layout":"","ast-site-content-layout":"default","site-content-style":"default","site-sidebar-style":"default","ast-global-header-display":"","ast-banner-title-visibility":"","ast-main-header-display":"","ast-hfb-above-header-display":"","ast-hfb-below-header-display":"","ast-hfb-mobile-header-display":"","site-post-title":"","ast-breadcrumbs-content":"","ast-featured-img":"","footer-sml-layout":"","ast-disable-related-posts":"","theme-transparent-header-meta":"","adv-header-id-meta":"","stick-header-meta":"","header-above-stick-meta":"","header-main-stick-meta":"","header-below-stick-meta":"","astra-migrate-meta-layouts":"default","ast-page-background-enabled":"default","ast-page-background-meta":{"desktop":{"background-color":"var(--ast-global-color-4)","background-image":"","background-repeat":"repeat","background-position":"center center","background-size":"auto","background-attachment":"scroll","background-type":"","background-media":"","overlay-type":"","overlay-color":"","overlay-opacity":"","overlay-gradient":""},"tablet":{"background-color":"","background-image":"","background-repeat":"repeat","background-position":"center center","background-size":"auto","background-attachment":"scroll","background-type":"","background-media":"","overlay-type":"","overlay-color":"","overlay-opacity":"","overlay-gradient":""},"mobile":{"background-color":"","background-image":"","background-repeat":"repeat","background-position":"center center","background-size":"auto","background-attachment":"scroll","background-type":"","background-media":"","overlay-type":"","overlay-color":"","overlay-opacity":"","overlay-gradient":""}},"ast-content-background-meta":{"desktop":{"background-color":"var(--ast-global-color-5)","background-image":"","background-repeat":"repeat","background-position":"center center","background-size":"auto","background-attachment":"scroll","background-type":"","background-media":"","overlay-type":"","overlay-color":"","overlay-opacity":"","overlay-gradient":""},"tablet":{"background-color":"var(--ast-global-color-5)","background-image":"","background-repeat":"repeat","background-position":"center center","background-size":"auto","background-attachment":"scroll","background-type":"","background-media":"","overlay-type":"","overlay-color":"","overlay-opacity":"","overlay-gradient":""},"mobile":{"background-color":"var(--ast-global-color-5)","background-image":"","background-repeat":"repeat","background-position":"center center","background-size":"auto","background-attachment":"scroll","background-type":"","background-media":"","overlay-type":"","overlay-color":"","overlay-opacity":"","overlay-gradient":""}},"footnotes":""},"class_list":["post-380","page","type-page","status-publish","hentry"],"featured_image_src":null,"yoast_head":"<!-- This site is optimized with the Yoast SEO plugin v27.4 - https:\/\/yoast.com\/product\/yoast-seo-wordpress\/ -->\n<title>Ostala oprema - Splitboarding &amp; Skitouring<\/title>\n<meta name=\"robots\" content=\"index, follow, max-snippet:-1, max-image-preview:large, max-video-preview:-1\" \/>\n<link rel=\"canonical\" href=\"https:\/\/splitboarding.rs\/en\/oprema\/\" \/>\n<meta property=\"og:locale\" content=\"en_US\" \/>\n<meta property=\"og:type\" content=\"article\" \/>\n<meta property=\"og:title\" content=\"Ostala oprema - Splitboarding &amp; Skitouring\" \/>\n<meta property=\"og:description\" content=\"Ostala oprema za bek-kantri skijanje Osim osnovne opreme za bek-kantri skijanje, bez koje je nemogu\u0107e krenuti na turu, o kojoj mo\u017eete pro\u010ditati vi\u0161e na na\u0161em sajtu, za uspe\u0161no i bezbedno bavljenje ski-turingom i splitbordingom potrebno je imati i jo\u0161 nekoliko delova opreme. Pone\u0161to od ove opreme je tako\u0111e neophodno, a pone\u0161to mo\u017eete imati sa sobom [&hellip;]\" \/>\n<meta property=\"og:url\" content=\"https:\/\/splitboarding.rs\/en\/oprema\/\" \/>\n<meta property=\"og:site_name\" content=\"Splitboarding &amp; Skitouring\" \/>\n<meta property=\"article:publisher\" content=\"https:\/\/www.facebook.com\/skitouringsplitboardingBalkans\" \/>\n<meta property=\"article:modified_time\" content=\"2023-01-25T16:37:10+00:00\" \/>\n<meta property=\"og:image\" content=\"https:\/\/splitboarding.rs\/wp-content\/uploads\/2023\/01\/Oprema.jpg\" \/>\n<meta name=\"twitter:card\" content=\"summary_large_image\" \/>\n<meta name=\"twitter:label1\" content=\"Est. reading time\" \/>\n\t<meta name=\"twitter:data1\" content=\"7 minutes\" \/>\n<script type=\"application\/ld+json\" class=\"yoast-schema-graph\">{\"@context\":\"https:\\\/\\\/schema.org\",\"@graph\":[{\"@type\":\"WebPage\",\"@id\":\"https:\\\/\\\/splitboarding.rs\\\/oprema\\\/\",\"url\":\"https:\\\/\\\/splitboarding.rs\\\/oprema\\\/\",\"name\":\"Ostala oprema - Splitboarding &amp; Skitouring\",\"isPartOf\":{\"@id\":\"https:\\\/\\\/splitboarding.rs\\\/#website\"},\"primaryImageOfPage\":{\"@id\":\"https:\\\/\\\/splitboarding.rs\\\/oprema\\\/#primaryimage\"},\"image\":{\"@id\":\"https:\\\/\\\/splitboarding.rs\\\/oprema\\\/#primaryimage\"},\"thumbnailUrl\":\"https:\\\/\\\/splitboarding.rs\\\/wp-content\\\/uploads\\\/2023\\\/01\\\/Oprema.jpg\",\"datePublished\":\"2022-12-25T10:55:41+00:00\",\"dateModified\":\"2023-01-25T16:37:10+00:00\",\"breadcrumb\":{\"@id\":\"https:\\\/\\\/splitboarding.rs\\\/oprema\\\/#breadcrumb\"},\"inLanguage\":\"en-US\",\"potentialAction\":[{\"@type\":\"ReadAction\",\"target\":[\"https:\\\/\\\/splitboarding.rs\\\/oprema\\\/\"]}]},{\"@type\":\"ImageObject\",\"inLanguage\":\"en-US\",\"@id\":\"https:\\\/\\\/splitboarding.rs\\\/oprema\\\/#primaryimage\",\"url\":\"https:\\\/\\\/splitboarding.rs\\\/wp-content\\\/uploads\\\/2023\\\/01\\\/Oprema.jpg\",\"contentUrl\":\"https:\\\/\\\/splitboarding.rs\\\/wp-content\\\/uploads\\\/2023\\\/01\\\/Oprema.jpg\"},{\"@type\":\"BreadcrumbList\",\"@id\":\"https:\\\/\\\/splitboarding.rs\\\/oprema\\\/#breadcrumb\",\"itemListElement\":[{\"@type\":\"ListItem\",\"position\":1,\"name\":\"Home\",\"item\":\"https:\\\/\\\/splitboarding.rs\\\/\"},{\"@type\":\"ListItem\",\"position\":2,\"name\":\"Ostala oprema\"}]},{\"@type\":\"WebSite\",\"@id\":\"https:\\\/\\\/splitboarding.rs\\\/#website\",\"url\":\"https:\\\/\\\/splitboarding.rs\\\/\",\"name\":\"Splitboarding & Skitouring\",\"description\":\"Tra\u017eite netaknute sne\u017ene padine Balkana, na pravom ste mestu!\",\"publisher\":{\"@id\":\"https:\\\/\\\/splitboarding.rs\\\/#organization\"},\"potentialAction\":[{\"@type\":\"SearchAction\",\"target\":{\"@type\":\"EntryPoint\",\"urlTemplate\":\"https:\\\/\\\/splitboarding.rs\\\/?s={search_term_string}\"},\"query-input\":{\"@type\":\"PropertyValueSpecification\",\"valueRequired\":true,\"valueName\":\"search_term_string\"}}],\"inLanguage\":\"en-US\"},{\"@type\":\"Organization\",\"@id\":\"https:\\\/\\\/splitboarding.rs\\\/#organization\",\"name\":\"Splitboarding & Skitouring\",\"url\":\"https:\\\/\\\/splitboarding.rs\\\/\",\"logo\":{\"@type\":\"ImageObject\",\"inLanguage\":\"en-US\",\"@id\":\"https:\\\/\\\/splitboarding.rs\\\/#\\\/schema\\\/logo\\\/image\\\/\",\"url\":\"https:\\\/\\\/splitboarding.rs\\\/wp-content\\\/uploads\\\/2023\\\/01\\\/logo_full.png\",\"contentUrl\":\"https:\\\/\\\/splitboarding.rs\\\/wp-content\\\/uploads\\\/2023\\\/01\\\/logo_full.png\",\"width\":1000,\"height\":250,\"caption\":\"Splitboarding & Skitouring\"},\"image\":{\"@id\":\"https:\\\/\\\/splitboarding.rs\\\/#\\\/schema\\\/logo\\\/image\\\/\"},\"sameAs\":[\"https:\\\/\\\/www.facebook.com\\\/skitouringsplitboardingBalkans\",\"https:\\\/\\\/www.instagram.com\\\/backcountry_balkans\\\/\"]}]}<\/script>\n<!-- \/ Yoast SEO plugin. -->","yoast_head_json":{"title":"Ostala oprema - Splitboarding &amp; Skitouring","robots":{"index":"index","follow":"follow","max-snippet":"max-snippet:-1","max-image-preview":"max-image-preview:large","max-video-preview":"max-video-preview:-1"},"canonical":"https:\/\/splitboarding.rs\/en\/oprema\/","og_locale":"en_US","og_type":"article","og_title":"Ostala oprema - Splitboarding &amp; Skitouring","og_description":"Ostala oprema za bek-kantri skijanje Osim osnovne opreme za bek-kantri skijanje, bez koje je nemogu\u0107e krenuti na turu, o kojoj mo\u017eete pro\u010ditati vi\u0161e na na\u0161em sajtu, za uspe\u0161no i bezbedno bavljenje ski-turingom i splitbordingom potrebno je imati i jo\u0161 nekoliko delova opreme. Pone\u0161to od ove opreme je tako\u0111e neophodno, a pone\u0161to mo\u017eete imati sa sobom [&hellip;]","og_url":"https:\/\/splitboarding.rs\/en\/oprema\/","og_site_name":"Splitboarding &amp; Skitouring","article_publisher":"https:\/\/www.facebook.com\/skitouringsplitboardingBalkans","article_modified_time":"2023-01-25T16:37:10+00:00","og_image":[{"url":"https:\/\/splitboarding.rs\/wp-content\/uploads\/2023\/01\/Oprema.jpg","type":"","width":"","height":""}],"twitter_card":"summary_large_image","twitter_misc":{"Est. reading time":"7 minutes"},"schema":{"@context":"https:\/\/schema.org","@graph":[{"@type":"WebPage","@id":"https:\/\/splitboarding.rs\/oprema\/","url":"https:\/\/splitboarding.rs\/oprema\/","name":"Ostala oprema - Splitboarding &amp; Skitouring","isPartOf":{"@id":"https:\/\/splitboarding.rs\/#website"},"primaryImageOfPage":{"@id":"https:\/\/splitboarding.rs\/oprema\/#primaryimage"},"image":{"@id":"https:\/\/splitboarding.rs\/oprema\/#primaryimage"},"thumbnailUrl":"https:\/\/splitboarding.rs\/wp-content\/uploads\/2023\/01\/Oprema.jpg","datePublished":"2022-12-25T10:55:41+00:00","dateModified":"2023-01-25T16:37:10+00:00","breadcrumb":{"@id":"https:\/\/splitboarding.rs\/oprema\/#breadcrumb"},"inLanguage":"en-US","potentialAction":[{"@type":"ReadAction","target":["https:\/\/splitboarding.rs\/oprema\/"]}]},{"@type":"ImageObject","inLanguage":"en-US","@id":"https:\/\/splitboarding.rs\/oprema\/#primaryimage","url":"https:\/\/splitboarding.rs\/wp-content\/uploads\/2023\/01\/Oprema.jpg","contentUrl":"https:\/\/splitboarding.rs\/wp-content\/uploads\/2023\/01\/Oprema.jpg"},{"@type":"BreadcrumbList","@id":"https:\/\/splitboarding.rs\/oprema\/#breadcrumb","itemListElement":[{"@type":"ListItem","position":1,"name":"Home","item":"https:\/\/splitboarding.rs\/"},{"@type":"ListItem","position":2,"name":"Ostala oprema"}]},{"@type":"WebSite","@id":"https:\/\/splitboarding.rs\/#website","url":"https:\/\/splitboarding.rs\/","name":"Splitboarding & Skitouring","description":"If you are looking for untouched snowy slopes of the Balkans, you are in the right place!","publisher":{"@id":"https:\/\/splitboarding.rs\/#organization"},"potentialAction":[{"@type":"SearchAction","target":{"@type":"EntryPoint","urlTemplate":"https:\/\/splitboarding.rs\/?s={search_term_string}"},"query-input":{"@type":"PropertyValueSpecification","valueRequired":true,"valueName":"search_term_string"}}],"inLanguage":"en-US"},{"@type":"Organization","@id":"https:\/\/splitboarding.rs\/#organization","name":"Splitboarding & Skitouring","url":"https:\/\/splitboarding.rs\/","logo":{"@type":"ImageObject","inLanguage":"en-US","@id":"https:\/\/splitboarding.rs\/#\/schema\/logo\/image\/","url":"https:\/\/splitboarding.rs\/wp-content\/uploads\/2023\/01\/logo_full.png","contentUrl":"https:\/\/splitboarding.rs\/wp-content\/uploads\/2023\/01\/logo_full.png","width":1000,"height":250,"caption":"Splitboarding & Skitouring"},"image":{"@id":"https:\/\/splitboarding.rs\/#\/schema\/logo\/image\/"},"sameAs":["https:\/\/www.facebook.com\/skitouringsplitboardingBalkans","https:\/\/www.instagram.com\/backcountry_balkans\/"]}]}},"uagb_featured_image_src":{"full":false,"thumbnail":false,"medium":false,"medium_large":false,"large":false,"1536x1536":false,"2048x2048":false,"trp-custom-language-flag":false},"uagb_author_info":{"display_name":"splitboarding \/ skitouring","author_link":"http:\/\/splitboarding.rs\/en\/author\/splitboarding\/"},"uagb_comment_info":0,"uagb_excerpt":"Ostala oprema za bek-kantri skijanje Osim osnovne opreme za bek-kantri skijanje, bez koje je nemogu\u0107e krenuti na turu, o kojoj mo\u017eete pro\u010ditati vi\u0161e na na\u0161em sajtu, za uspe\u0161no i bezbedno bavljenje ski-turingom i splitbordingom potrebno je imati i jo\u0161 nekoliko delova opreme. Pone\u0161to od ove opreme je tako\u0111e neophodno, a pone\u0161to mo\u017eete imati sa sobom&hellip;","_links":{"self":[{"href":"http:\/\/splitboarding.rs\/en\/wp-json\/wp\/v2\/pages\/380","targetHints":{"allow":["GET"]}}],"collection":[{"href":"http:\/\/splitboarding.rs\/en\/wp-json\/wp\/v2\/pages"}],"about":[{"href":"http:\/\/splitboarding.rs\/en\/wp-json\/wp\/v2\/types\/page"}],"author":[{"embeddable":true,"href":"http:\/\/splitboarding.rs\/en\/wp-json\/wp\/v2\/users\/1"}],"replies":[{"embeddable":true,"href":"http:\/\/splitboarding.rs\/en\/wp-json\/wp\/v2\/comments?post=380"}],"version-history":[{"count":7,"href":"http:\/\/splitboarding.rs\/en\/wp-json\/wp\/v2\/pages\/380\/revisions"}],"predecessor-version":[{"id":1096,"href":"http:\/\/splitboarding.rs\/en\/wp-json\/wp\/v2\/pages\/380\/revisions\/1096"}],"wp:attachment":[{"href":"http:\/\/splitboarding.rs\/en\/wp-json\/wp\/v2\/media?parent=380"}],"curies":[{"name":"wp","href":"https:\/\/api.w.org\/{rel}","templated":true}]}}