{"id":168,"date":"2021-12-20T19:41:41","date_gmt":"2021-12-20T19:41:41","guid":{"rendered":"https:\/\/splitboarding.rs\/?page_id=168"},"modified":"2023-01-26T12:51:59","modified_gmt":"2023-01-26T11:51:59","slug":"korab","status":"publish","type":"page","link":"http:\/\/splitboarding.rs\/en\/lokacije\/korab\/","title":{"rendered":"Korab"},"content":{"rendered":"<p>Korab je planinski greben koji deli Makedoniju i Albaniju. Na njemu se nalazi najvi\u0161i vrh ove dve dr\u017eave, Golemi Korab (2764). Neki geografi Korab posmatraju kao prirodni produ\u017eetak \u0161arskog grebena. Velika nadmorska visina i geografski polo\u017eaj ovu planinu \u010dine veoma pogodnom za aktivnosti kao \u0161to su turno skijanje i frirajd, kako sa makedonske, tako i sa albanske strane.<\/p>\n\n\n\n<figure class=\"wp-block-gallery has-nested-images columns-default is-cropped wp-block-gallery-1 is-layout-flex wp-block-gallery-is-layout-flex\">\n<figure class=\"wp-block-image size-full\"><img loading=\"lazy\" decoding=\"async\" width=\"2560\" height=\"1920\" data-id=\"169\" src=\"https:\/\/splitboarding.rs\/wp-content\/uploads\/2021\/12\/IMG_20200118_134648-scaled.jpg\" alt=\"\" class=\"wp-image-169\" srcset=\"https:\/\/splitboarding.rs\/wp-content\/uploads\/2021\/12\/IMG_20200118_134648-scaled.jpg 2560w, https:\/\/splitboarding.rs\/wp-content\/uploads\/2021\/12\/IMG_20200118_134648-300x225.jpg 300w, https:\/\/splitboarding.rs\/wp-content\/uploads\/2021\/12\/IMG_20200118_134648-1024x768.jpg 1024w, https:\/\/splitboarding.rs\/wp-content\/uploads\/2021\/12\/IMG_20200118_134648-768x576.jpg 768w, https:\/\/splitboarding.rs\/wp-content\/uploads\/2021\/12\/IMG_20200118_134648-1536x1152.jpg 1536w, https:\/\/splitboarding.rs\/wp-content\/uploads\/2021\/12\/IMG_20200118_134648-2048x1536.jpg 2048w\" sizes=\"auto, (max-width: 2560px) 100vw, 2560px\" \/><\/figure>\n<\/figure>\n\n\n\n<p>Pristup planini sa albanske strane najlak\u0161e je izvr\u0161iti iz pravca sela Radomir, a sa makedonske iz pravca nekada\u0161nje karaule Strezimir. Iako put mo\u017ee biti zamoran, lepota ove planine je takva da \u0107e vas sasvim sigurno osvojiti, a spust sa nekog od vrhova Koraba \u0107ete sigurno pamtiti.<\/p>\n\n\n\n<p>Posebna pogodnost ovih lokacija, i sa makedonske i sa albanske strane Koraba je to \u0161to osim skijanja na samom Korabu mo\u017eete u svakom trenutku da se predomislite i odlu\u010dite da skijate na nekoj drugoj obli\u017enjoj lokaciju. U Makedoniji su to De\u0161at, Kr\u010din, Medenica, Karbula, a tu je i ski centar Mavrovo, a u Albaniji mo\u017eete odlu\u010diti da odskijate sa \u0110alice ili nekog drugog od okolnih vrhova.<\/p>\n\n\n\n<div style=\"height:64px\" aria-hidden=\"true\" class=\"wp-block-spacer\"><\/div>","protected":false},"excerpt":{"rendered":"<p>Korab je planinski greben koji deli Makedoniju i Albaniju. Na njemu se nalazi najvi\u0161i vrh ove dve dr\u017eave, Golemi Korab (2764). Neki geografi Korab posmatraju kao prirodni produ\u017eetak \u0161arskog grebena. Velika nadmorska visina i geografski polo\u017eaj ovu planinu \u010dine veoma pogodnom za aktivnosti kao \u0161to su turno skijanje i frirajd, kako sa makedonske, tako i [&hellip;]<\/p>\n","protected":false},"author":1,"featured_media":169,"parent":126,"menu_order":0,"comment_status":"closed","ping_status":"closed","template":"","meta":{"_uag_custom_page_level_css":"","site-sidebar-layout":"default","site-content-layout":"","ast-site-content-layout":"default","site-content-style":"default","site-sidebar-style":"default","ast-global-header-display":"","ast-banner-title-visibility":"","ast-main-header-display":"","ast-hfb-above-header-display":"","ast-hfb-below-header-display":"","ast-hfb-mobile-header-display":"","site-post-title":"","ast-breadcrumbs-content":"","ast-featured-img":"disabled","footer-sml-layout":"","ast-disable-related-posts":"","theme-transparent-header-meta":"","adv-header-id-meta":"","stick-header-meta":"","header-above-stick-meta":"","header-main-stick-meta":"","header-below-stick-meta":"","astra-migrate-meta-layouts":"default","ast-page-background-enabled":"default","ast-page-background-meta":{"desktop":{"background-color":"var(--ast-global-color-4)","background-image":"","background-repeat":"repeat","background-position":"center center","background-size":"auto","background-attachment":"scroll","background-type":"","background-media":"","overlay-type":"","overlay-color":"","overlay-opacity":"","overlay-gradient":""},"tablet":{"background-color":"","background-image":"","background-repeat":"repeat","background-position":"center center","background-size":"auto","background-attachment":"scroll","background-type":"","background-media":"","overlay-type":"","overlay-color":"","overlay-opacity":"","overlay-gradient":""},"mobile":{"background-color":"","background-image":"","background-repeat":"repeat","background-position":"center center","background-size":"auto","background-attachment":"scroll","background-type":"","background-media":"","overlay-type":"","overlay-color":"","overlay-opacity":"","overlay-gradient":""}},"ast-content-background-meta":{"desktop":{"background-color":"var(--ast-global-color-5)","background-image":"","background-repeat":"repeat","background-position":"center center","background-size":"auto","background-attachment":"scroll","background-type":"","background-media":"","overlay-type":"","overlay-color":"","overlay-opacity":"","overlay-gradient":""},"tablet":{"background-color":"var(--ast-global-color-5)","background-image":"","background-repeat":"repeat","background-position":"center center","background-size":"auto","background-attachment":"scroll","background-type":"","background-media":"","overlay-type":"","overlay-color":"","overlay-opacity":"","overlay-gradient":""},"mobile":{"background-color":"var(--ast-global-color-5)","background-image":"","background-repeat":"repeat","background-position":"center center","background-size":"auto","background-attachment":"scroll","background-type":"","background-media":"","overlay-type":"","overlay-color":"","overlay-opacity":"","overlay-gradient":""}},"footnotes":""},"class_list":["post-168","page","type-page","status-publish","has-post-thumbnail","hentry"],"featured_image_src":"https:\/\/splitboarding.rs\/wp-content\/uploads\/2021\/12\/IMG_20200118_134648-scaled.jpg","yoast_head":"<!-- This site is optimized with the Yoast SEO plugin v27.4 - https:\/\/yoast.com\/product\/yoast-seo-wordpress\/ -->\n<title>Korab - Splitboarding &amp; Skitouring<\/title>\n<meta name=\"description\" content=\"Korab je planinski greben koji deli Makedoniju i Albaniju. Na njemu se nalazi najvi\u0161i vrh ove dve dr\u017eave, Golemi Korab\" \/>\n<meta name=\"robots\" content=\"index, follow, max-snippet:-1, max-image-preview:large, max-video-preview:-1\" \/>\n<link rel=\"canonical\" href=\"https:\/\/splitboarding.rs\/en\/lokacije\/korab\/\" \/>\n<meta property=\"og:locale\" content=\"en_US\" \/>\n<meta property=\"og:type\" content=\"article\" \/>\n<meta property=\"og:title\" content=\"Korab - Splitboarding &amp; Skitouring\" \/>\n<meta property=\"og:description\" content=\"Korab je planinski greben koji deli Makedoniju i Albaniju. Na njemu se nalazi najvi\u0161i vrh ove dve dr\u017eave, Golemi Korab\" \/>\n<meta property=\"og:url\" content=\"https:\/\/splitboarding.rs\/en\/lokacije\/korab\/\" \/>\n<meta property=\"og:site_name\" content=\"Splitboarding &amp; Skitouring\" \/>\n<meta property=\"article:publisher\" content=\"https:\/\/www.facebook.com\/skitouringsplitboardingBalkans\" \/>\n<meta property=\"article:modified_time\" content=\"2023-01-26T11:51:59+00:00\" \/>\n<meta property=\"og:image\" content=\"https:\/\/splitboarding.rs\/wp-content\/uploads\/2021\/12\/IMG_20200118_134648-scaled.jpg\" \/>\n\t<meta property=\"og:image:width\" content=\"2560\" \/>\n\t<meta property=\"og:image:height\" content=\"1920\" \/>\n\t<meta property=\"og:image:type\" content=\"image\/jpeg\" \/>\n<meta name=\"twitter:card\" content=\"summary_large_image\" \/>\n<meta name=\"twitter:title\" content=\"Korab - Splitboarding &amp; Skitouring\" \/>\n<meta name=\"twitter:description\" content=\"Korab je planinski greben koji deli Makedoniju i Albaniju. Na njemu se nalazi najvi\u0161i vrh ove dve dr\u017eave, Golemi Korab\" \/>\n<meta name=\"twitter:image\" content=\"https:\/\/splitboarding.rs\/wp-content\/uploads\/2021\/12\/IMG_20200118_134648-scaled.jpg\" \/>\n<meta name=\"twitter:label1\" content=\"Est. reading time\" \/>\n\t<meta name=\"twitter:data1\" content=\"1 minute\" \/>\n<script type=\"application\/ld+json\" class=\"yoast-schema-graph\">{\"@context\":\"https:\\\/\\\/schema.org\",\"@graph\":[{\"@type\":\"WebPage\",\"@id\":\"https:\\\/\\\/splitboarding.rs\\\/lokacije\\\/korab\\\/\",\"url\":\"https:\\\/\\\/splitboarding.rs\\\/lokacije\\\/korab\\\/\",\"name\":\"Korab - Splitboarding &amp; Skitouring\",\"isPartOf\":{\"@id\":\"https:\\\/\\\/splitboarding.rs\\\/#website\"},\"primaryImageOfPage\":{\"@id\":\"https:\\\/\\\/splitboarding.rs\\\/lokacije\\\/korab\\\/#primaryimage\"},\"image\":{\"@id\":\"https:\\\/\\\/splitboarding.rs\\\/lokacije\\\/korab\\\/#primaryimage\"},\"thumbnailUrl\":\"https:\\\/\\\/splitboarding.rs\\\/wp-content\\\/uploads\\\/2021\\\/12\\\/IMG_20200118_134648-scaled.jpg\",\"datePublished\":\"2021-12-20T19:41:41+00:00\",\"dateModified\":\"2023-01-26T11:51:59+00:00\",\"description\":\"Korab je planinski greben koji deli Makedoniju i Albaniju. Na njemu se nalazi najvi\u0161i vrh ove dve dr\u017eave, Golemi Korab\",\"breadcrumb\":{\"@id\":\"https:\\\/\\\/splitboarding.rs\\\/lokacije\\\/korab\\\/#breadcrumb\"},\"inLanguage\":\"en-US\",\"potentialAction\":[{\"@type\":\"ReadAction\",\"target\":[\"https:\\\/\\\/splitboarding.rs\\\/lokacije\\\/korab\\\/\"]}]},{\"@type\":\"ImageObject\",\"inLanguage\":\"en-US\",\"@id\":\"https:\\\/\\\/splitboarding.rs\\\/lokacije\\\/korab\\\/#primaryimage\",\"url\":\"https:\\\/\\\/splitboarding.rs\\\/wp-content\\\/uploads\\\/2021\\\/12\\\/IMG_20200118_134648-scaled.jpg\",\"contentUrl\":\"https:\\\/\\\/splitboarding.rs\\\/wp-content\\\/uploads\\\/2021\\\/12\\\/IMG_20200118_134648-scaled.jpg\",\"width\":2560,\"height\":1920},{\"@type\":\"BreadcrumbList\",\"@id\":\"https:\\\/\\\/splitboarding.rs\\\/lokacije\\\/korab\\\/#breadcrumb\",\"itemListElement\":[{\"@type\":\"ListItem\",\"position\":1,\"name\":\"Home\",\"item\":\"https:\\\/\\\/splitboarding.rs\\\/\"},{\"@type\":\"ListItem\",\"position\":2,\"name\":\"Lokacije\",\"item\":\"https:\\\/\\\/splitboarding.rs\\\/lokacije\\\/\"},{\"@type\":\"ListItem\",\"position\":3,\"name\":\"Korab\"}]},{\"@type\":\"WebSite\",\"@id\":\"https:\\\/\\\/splitboarding.rs\\\/#website\",\"url\":\"https:\\\/\\\/splitboarding.rs\\\/\",\"name\":\"Splitboarding & Skitouring\",\"description\":\"Tra\u017eite netaknute sne\u017ene padine Balkana, na pravom ste mestu!\",\"publisher\":{\"@id\":\"https:\\\/\\\/splitboarding.rs\\\/#organization\"},\"potentialAction\":[{\"@type\":\"SearchAction\",\"target\":{\"@type\":\"EntryPoint\",\"urlTemplate\":\"https:\\\/\\\/splitboarding.rs\\\/?s={search_term_string}\"},\"query-input\":{\"@type\":\"PropertyValueSpecification\",\"valueRequired\":true,\"valueName\":\"search_term_string\"}}],\"inLanguage\":\"en-US\"},{\"@type\":\"Organization\",\"@id\":\"https:\\\/\\\/splitboarding.rs\\\/#organization\",\"name\":\"Splitboarding & Skitouring\",\"url\":\"https:\\\/\\\/splitboarding.rs\\\/\",\"logo\":{\"@type\":\"ImageObject\",\"inLanguage\":\"en-US\",\"@id\":\"https:\\\/\\\/splitboarding.rs\\\/#\\\/schema\\\/logo\\\/image\\\/\",\"url\":\"https:\\\/\\\/splitboarding.rs\\\/wp-content\\\/uploads\\\/2023\\\/01\\\/logo_full.png\",\"contentUrl\":\"https:\\\/\\\/splitboarding.rs\\\/wp-content\\\/uploads\\\/2023\\\/01\\\/logo_full.png\",\"width\":1000,\"height\":250,\"caption\":\"Splitboarding & Skitouring\"},\"image\":{\"@id\":\"https:\\\/\\\/splitboarding.rs\\\/#\\\/schema\\\/logo\\\/image\\\/\"},\"sameAs\":[\"https:\\\/\\\/www.facebook.com\\\/skitouringsplitboardingBalkans\",\"https:\\\/\\\/www.instagram.com\\\/backcountry_balkans\\\/\"]}]}<\/script>\n<!-- \/ Yoast SEO plugin. -->","yoast_head_json":{"title":"Korab - Splitboarding &amp; Skitouring","description":"Korab je planinski greben koji deli Makedoniju i Albaniju. Na njemu se nalazi najvi\u0161i vrh ove dve dr\u017eave, Golemi Korab","robots":{"index":"index","follow":"follow","max-snippet":"max-snippet:-1","max-image-preview":"max-image-preview:large","max-video-preview":"max-video-preview:-1"},"canonical":"https:\/\/splitboarding.rs\/en\/lokacije\/korab\/","og_locale":"en_US","og_type":"article","og_title":"Korab - Splitboarding &amp; Skitouring","og_description":"Korab je planinski greben koji deli Makedoniju i Albaniju. Na njemu se nalazi najvi\u0161i vrh ove dve dr\u017eave, Golemi Korab","og_url":"https:\/\/splitboarding.rs\/en\/lokacije\/korab\/","og_site_name":"Splitboarding &amp; Skitouring","article_publisher":"https:\/\/www.facebook.com\/skitouringsplitboardingBalkans","article_modified_time":"2023-01-26T11:51:59+00:00","og_image":[{"width":2560,"height":1920,"url":"https:\/\/splitboarding.rs\/wp-content\/uploads\/2021\/12\/IMG_20200118_134648-scaled.jpg","type":"image\/jpeg"}],"twitter_card":"summary_large_image","twitter_title":"Korab - Splitboarding &amp; Skitouring","twitter_description":"Korab je planinski greben koji deli Makedoniju i Albaniju. Na njemu se nalazi najvi\u0161i vrh ove dve dr\u017eave, Golemi Korab","twitter_image":"https:\/\/splitboarding.rs\/wp-content\/uploads\/2021\/12\/IMG_20200118_134648-scaled.jpg","twitter_misc":{"Est. reading time":"1 minute"},"schema":{"@context":"https:\/\/schema.org","@graph":[{"@type":"WebPage","@id":"https:\/\/splitboarding.rs\/lokacije\/korab\/","url":"https:\/\/splitboarding.rs\/lokacije\/korab\/","name":"Korab - Splitboarding &amp; Skitouring","isPartOf":{"@id":"https:\/\/splitboarding.rs\/#website"},"primaryImageOfPage":{"@id":"https:\/\/splitboarding.rs\/lokacije\/korab\/#primaryimage"},"image":{"@id":"https:\/\/splitboarding.rs\/lokacije\/korab\/#primaryimage"},"thumbnailUrl":"https:\/\/splitboarding.rs\/wp-content\/uploads\/2021\/12\/IMG_20200118_134648-scaled.jpg","datePublished":"2021-12-20T19:41:41+00:00","dateModified":"2023-01-26T11:51:59+00:00","description":"Korab je planinski greben koji deli Makedoniju i Albaniju. Na njemu se nalazi najvi\u0161i vrh ove dve dr\u017eave, Golemi Korab","breadcrumb":{"@id":"https:\/\/splitboarding.rs\/lokacije\/korab\/#breadcrumb"},"inLanguage":"en-US","potentialAction":[{"@type":"ReadAction","target":["https:\/\/splitboarding.rs\/lokacije\/korab\/"]}]},{"@type":"ImageObject","inLanguage":"en-US","@id":"https:\/\/splitboarding.rs\/lokacije\/korab\/#primaryimage","url":"https:\/\/splitboarding.rs\/wp-content\/uploads\/2021\/12\/IMG_20200118_134648-scaled.jpg","contentUrl":"https:\/\/splitboarding.rs\/wp-content\/uploads\/2021\/12\/IMG_20200118_134648-scaled.jpg","width":2560,"height":1920},{"@type":"BreadcrumbList","@id":"https:\/\/splitboarding.rs\/lokacije\/korab\/#breadcrumb","itemListElement":[{"@type":"ListItem","position":1,"name":"Home","item":"https:\/\/splitboarding.rs\/"},{"@type":"ListItem","position":2,"name":"Lokacije","item":"https:\/\/splitboarding.rs\/lokacije\/"},{"@type":"ListItem","position":3,"name":"Korab"}]},{"@type":"WebSite","@id":"https:\/\/splitboarding.rs\/#website","url":"https:\/\/splitboarding.rs\/","name":"Splitboarding & Skitouring","description":"If you are looking for untouched snowy slopes of the Balkans, you are in the right place!","publisher":{"@id":"https:\/\/splitboarding.rs\/#organization"},"potentialAction":[{"@type":"SearchAction","target":{"@type":"EntryPoint","urlTemplate":"https:\/\/splitboarding.rs\/?s={search_term_string}"},"query-input":{"@type":"PropertyValueSpecification","valueRequired":true,"valueName":"search_term_string"}}],"inLanguage":"en-US"},{"@type":"Organization","@id":"https:\/\/splitboarding.rs\/#organization","name":"Splitboarding & Skitouring","url":"https:\/\/splitboarding.rs\/","logo":{"@type":"ImageObject","inLanguage":"en-US","@id":"https:\/\/splitboarding.rs\/#\/schema\/logo\/image\/","url":"https:\/\/splitboarding.rs\/wp-content\/uploads\/2023\/01\/logo_full.png","contentUrl":"https:\/\/splitboarding.rs\/wp-content\/uploads\/2023\/01\/logo_full.png","width":1000,"height":250,"caption":"Splitboarding & Skitouring"},"image":{"@id":"https:\/\/splitboarding.rs\/#\/schema\/logo\/image\/"},"sameAs":["https:\/\/www.facebook.com\/skitouringsplitboardingBalkans","https:\/\/www.instagram.com\/backcountry_balkans\/"]}]}},"uagb_featured_image_src":{"full":["https:\/\/splitboarding.rs\/wp-content\/uploads\/2021\/12\/IMG_20200118_134648-scaled.jpg",2560,1920,false],"thumbnail":["https:\/\/splitboarding.rs\/wp-content\/uploads\/2021\/12\/IMG_20200118_134648-150x150.jpg",150,150,true],"medium":["https:\/\/splitboarding.rs\/wp-content\/uploads\/2021\/12\/IMG_20200118_134648-300x225.jpg",300,225,true],"medium_large":["https:\/\/splitboarding.rs\/wp-content\/uploads\/2021\/12\/IMG_20200118_134648-768x576.jpg",768,576,true],"large":["https:\/\/splitboarding.rs\/wp-content\/uploads\/2021\/12\/IMG_20200118_134648-1024x768.jpg",1024,768,true],"1536x1536":["https:\/\/splitboarding.rs\/wp-content\/uploads\/2021\/12\/IMG_20200118_134648-1536x1152.jpg",1536,1152,true],"2048x2048":["https:\/\/splitboarding.rs\/wp-content\/uploads\/2021\/12\/IMG_20200118_134648-2048x1536.jpg",2048,1536,true],"trp-custom-language-flag":["https:\/\/splitboarding.rs\/wp-content\/uploads\/2021\/12\/IMG_20200118_134648-scaled.jpg",16,12,false]},"uagb_author_info":{"display_name":"splitboarding \/ skitouring","author_link":"http:\/\/splitboarding.rs\/en\/author\/splitboarding\/"},"uagb_comment_info":0,"uagb_excerpt":"Korab je planinski greben koji deli Makedoniju i Albaniju. Na njemu se nalazi najvi\u0161i vrh ove dve dr\u017eave, Golemi Korab (2764). Neki geografi Korab posmatraju kao prirodni produ\u017eetak \u0161arskog grebena. Velika nadmorska visina i geografski polo\u017eaj ovu planinu \u010dine veoma pogodnom za aktivnosti kao \u0161to su turno skijanje i frirajd, kako sa makedonske, tako i&hellip;","_links":{"self":[{"href":"http:\/\/splitboarding.rs\/en\/wp-json\/wp\/v2\/pages\/168","targetHints":{"allow":["GET"]}}],"collection":[{"href":"http:\/\/splitboarding.rs\/en\/wp-json\/wp\/v2\/pages"}],"about":[{"href":"http:\/\/splitboarding.rs\/en\/wp-json\/wp\/v2\/types\/page"}],"author":[{"embeddable":true,"href":"http:\/\/splitboarding.rs\/en\/wp-json\/wp\/v2\/users\/1"}],"replies":[{"embeddable":true,"href":"http:\/\/splitboarding.rs\/en\/wp-json\/wp\/v2\/comments?post=168"}],"version-history":[{"count":4,"href":"http:\/\/splitboarding.rs\/en\/wp-json\/wp\/v2\/pages\/168\/revisions"}],"predecessor-version":[{"id":842,"href":"http:\/\/splitboarding.rs\/en\/wp-json\/wp\/v2\/pages\/168\/revisions\/842"}],"up":[{"embeddable":true,"href":"http:\/\/splitboarding.rs\/en\/wp-json\/wp\/v2\/pages\/126"}],"wp:featuredmedia":[{"embeddable":true,"href":"http:\/\/splitboarding.rs\/en\/wp-json\/wp\/v2\/media\/169"}],"wp:attachment":[{"href":"http:\/\/splitboarding.rs\/en\/wp-json\/wp\/v2\/media?parent=168"}],"curies":[{"name":"wp","href":"https:\/\/api.w.org\/{rel}","templated":true}]}}