{"id":163,"date":"2021-12-20T19:17:08","date_gmt":"2021-12-20T19:17:08","guid":{"rendered":"https:\/\/splitboarding.rs\/?page_id=163"},"modified":"2023-01-26T12:55:01","modified_gmt":"2023-01-26T11:55:01","slug":"zlatibor","status":"publish","type":"page","link":"http:\/\/splitboarding.rs\/en\/lokacije\/zlatibor\/","title":{"rendered":"Zlatibor"},"content":{"rendered":"<p>Zlatibor je, uz Kopaonik, najpoznatija turisti\u010dka planinska destinacija u Srbiji. Me\u0111utim, veoma mali broj posetioca ove planine zna sve njene tajne i \u0161ta sve ona mo\u017ee da pru\u017ei iskrenim ljubiteljima. Pored velikog turisti\u010dkog naselja, koje polako ali sigurno prerasta u grad, Zlatibor je poznat i po skijali\u0161tu Tornik, opremljenog modernim \u017ei\u010darama, od kojih jedna vodi i do samog naselja (gondola). Me\u0111utim, ovo je samo mali deo onoga \u0161to Zlatibor krije.<\/p>\n\n\n\n<figure class=\"wp-block-gallery has-nested-images columns-default is-cropped wp-block-gallery-1 is-layout-flex wp-block-gallery-is-layout-flex\">\n<figure class=\"wp-block-image size-full\"><img loading=\"lazy\" decoding=\"async\" width=\"1875\" height=\"1250\" data-id=\"164\" src=\"https:\/\/splitboarding.rs\/wp-content\/uploads\/2021\/12\/51052029_10157111438217940_2288985086483234816_o.jpg\" alt=\"\" class=\"wp-image-164\" srcset=\"https:\/\/splitboarding.rs\/wp-content\/uploads\/2021\/12\/51052029_10157111438217940_2288985086483234816_o.jpg 1875w, https:\/\/splitboarding.rs\/wp-content\/uploads\/2021\/12\/51052029_10157111438217940_2288985086483234816_o-300x200.jpg 300w, https:\/\/splitboarding.rs\/wp-content\/uploads\/2021\/12\/51052029_10157111438217940_2288985086483234816_o-1024x683.jpg 1024w, https:\/\/splitboarding.rs\/wp-content\/uploads\/2021\/12\/51052029_10157111438217940_2288985086483234816_o-768x512.jpg 768w, https:\/\/splitboarding.rs\/wp-content\/uploads\/2021\/12\/51052029_10157111438217940_2288985086483234816_o-1536x1024.jpg 1536w\" sizes=\"auto, (max-width: 1875px) 100vw, 1875px\" \/><\/figure>\n<\/figure>\n\n\n\n<p>Turno skija\u0161i imaju jedinstvenu priliku da, kada je planina pokrivena snegom, obi\u0111u neke njene delove koji se posebno isti\u010du lepotom. Ovde pre svega \u017ealimo da vam preporu\u010dimo grebenske rute preko Tornika i \u010cigote, obilazak Prerasta u Dobroselici, Murtenice i mnogih drugih lokacija.<\/p>\n\n\n\n<p>Ono \u0161to Zlatibor \u010dini posebno izdvaja je njegova pogodnost da ovde na\u010dinite prve korake (i vo\u017enje) turno skijama i splitbordom. Prostrane i blage padine, pravi planinski ambijent, blizina naselja i pristupnih puteva, udobnost boravka, \u010dine uslove idealnim za po\u010detak bavljenja ski turingom i splitbordingom.<\/p>\n\n\n\n<div style=\"height:64px\" aria-hidden=\"true\" class=\"wp-block-spacer\"><\/div>","protected":false},"excerpt":{"rendered":"<p>Zlatibor je, uz Kopaonik, najpoznatija turisti\u010dka planinska destinacija u Srbiji. Me\u0111utim, veoma mali broj posetioca ove planine zna sve njene tajne i \u0161ta sve ona mo\u017ee da pru\u017ei iskrenim ljubiteljima. Pored velikog turisti\u010dkog naselja, koje polako ali sigurno prerasta u grad, Zlatibor je poznat i po skijali\u0161tu Tornik, opremljenog modernim \u017ei\u010darama, od kojih jedna vodi [&hellip;]<\/p>\n","protected":false},"author":1,"featured_media":164,"parent":126,"menu_order":0,"comment_status":"closed","ping_status":"closed","template":"","meta":{"_uag_custom_page_level_css":"","site-sidebar-layout":"default","site-content-layout":"","ast-site-content-layout":"default","site-content-style":"default","site-sidebar-style":"default","ast-global-header-display":"","ast-banner-title-visibility":"","ast-main-header-display":"","ast-hfb-above-header-display":"","ast-hfb-below-header-display":"","ast-hfb-mobile-header-display":"","site-post-title":"","ast-breadcrumbs-content":"","ast-featured-img":"disabled","footer-sml-layout":"","ast-disable-related-posts":"","theme-transparent-header-meta":"","adv-header-id-meta":"","stick-header-meta":"","header-above-stick-meta":"","header-main-stick-meta":"","header-below-stick-meta":"","astra-migrate-meta-layouts":"default","ast-page-background-enabled":"default","ast-page-background-meta":{"desktop":{"background-color":"var(--ast-global-color-4)","background-image":"","background-repeat":"repeat","background-position":"center center","background-size":"auto","background-attachment":"scroll","background-type":"","background-media":"","overlay-type":"","overlay-color":"","overlay-opacity":"","overlay-gradient":""},"tablet":{"background-color":"","background-image":"","background-repeat":"repeat","background-position":"center center","background-size":"auto","background-attachment":"scroll","background-type":"","background-media":"","overlay-type":"","overlay-color":"","overlay-opacity":"","overlay-gradient":""},"mobile":{"background-color":"","background-image":"","background-repeat":"repeat","background-position":"center center","background-size":"auto","background-attachment":"scroll","background-type":"","background-media":"","overlay-type":"","overlay-color":"","overlay-opacity":"","overlay-gradient":""}},"ast-content-background-meta":{"desktop":{"background-color":"var(--ast-global-color-5)","background-image":"","background-repeat":"repeat","background-position":"center center","background-size":"auto","background-attachment":"scroll","background-type":"","background-media":"","overlay-type":"","overlay-color":"","overlay-opacity":"","overlay-gradient":""},"tablet":{"background-color":"var(--ast-global-color-5)","background-image":"","background-repeat":"repeat","background-position":"center center","background-size":"auto","background-attachment":"scroll","background-type":"","background-media":"","overlay-type":"","overlay-color":"","overlay-opacity":"","overlay-gradient":""},"mobile":{"background-color":"var(--ast-global-color-5)","background-image":"","background-repeat":"repeat","background-position":"center center","background-size":"auto","background-attachment":"scroll","background-type":"","background-media":"","overlay-type":"","overlay-color":"","overlay-opacity":"","overlay-gradient":""}},"footnotes":""},"class_list":["post-163","page","type-page","status-publish","has-post-thumbnail","hentry"],"featured_image_src":"https:\/\/splitboarding.rs\/wp-content\/uploads\/2021\/12\/51052029_10157111438217940_2288985086483234816_o.jpg","yoast_head":"<!-- This site is optimized with the Yoast SEO plugin v27.4 - https:\/\/yoast.com\/product\/yoast-seo-wordpress\/ -->\n<title>Zlatibor - Splitboarding &amp; Skitouring<\/title>\n<meta name=\"description\" content=\"Zlatibor je, uz Kopaonik, najpoznatija turisti\u010dka planinska destinacija u Srbiji. Me\u0111utim, veoma mali broj posetioca ove planine\" \/>\n<meta name=\"robots\" content=\"index, follow, max-snippet:-1, max-image-preview:large, max-video-preview:-1\" \/>\n<link rel=\"canonical\" href=\"https:\/\/splitboarding.rs\/en\/lokacije\/zlatibor\/\" \/>\n<meta property=\"og:locale\" content=\"en_US\" \/>\n<meta property=\"og:type\" content=\"article\" \/>\n<meta property=\"og:title\" content=\"Zlatibor - Splitboarding &amp; Skitouring\" \/>\n<meta property=\"og:description\" content=\"Zlatibor je, uz Kopaonik, najpoznatija turisti\u010dka planinska destinacija u Srbiji. Me\u0111utim, veoma mali broj posetioca ove planine\" \/>\n<meta property=\"og:url\" content=\"https:\/\/splitboarding.rs\/en\/lokacije\/zlatibor\/\" \/>\n<meta property=\"og:site_name\" content=\"Splitboarding &amp; Skitouring\" \/>\n<meta property=\"article:publisher\" content=\"https:\/\/www.facebook.com\/skitouringsplitboardingBalkans\" \/>\n<meta property=\"article:modified_time\" content=\"2023-01-26T11:55:01+00:00\" \/>\n<meta property=\"og:image\" content=\"https:\/\/splitboarding.rs\/wp-content\/uploads\/2021\/12\/51052029_10157111438217940_2288985086483234816_o.jpg\" \/>\n\t<meta property=\"og:image:width\" content=\"1875\" \/>\n\t<meta property=\"og:image:height\" content=\"1250\" \/>\n\t<meta property=\"og:image:type\" content=\"image\/jpeg\" \/>\n<meta name=\"twitter:card\" content=\"summary_large_image\" \/>\n<meta name=\"twitter:title\" content=\"Zlatibor - Splitboarding &amp; Skitouring\" \/>\n<meta name=\"twitter:description\" content=\"Zlatibor je, uz Kopaonik, najpoznatija turisti\u010dka planinska destinacija u Srbiji. Me\u0111utim, veoma mali broj posetioca ove planine\" \/>\n<meta name=\"twitter:image\" content=\"https:\/\/splitboarding.rs\/wp-content\/uploads\/2021\/12\/51052029_10157111438217940_2288985086483234816_o.jpg\" \/>\n<meta name=\"twitter:label1\" content=\"Est. reading time\" \/>\n\t<meta name=\"twitter:data1\" content=\"1 minute\" \/>\n<script type=\"application\/ld+json\" class=\"yoast-schema-graph\">{\"@context\":\"https:\\\/\\\/schema.org\",\"@graph\":[{\"@type\":\"WebPage\",\"@id\":\"https:\\\/\\\/splitboarding.rs\\\/lokacije\\\/zlatibor\\\/\",\"url\":\"https:\\\/\\\/splitboarding.rs\\\/lokacije\\\/zlatibor\\\/\",\"name\":\"Zlatibor - Splitboarding &amp; Skitouring\",\"isPartOf\":{\"@id\":\"https:\\\/\\\/splitboarding.rs\\\/#website\"},\"primaryImageOfPage\":{\"@id\":\"https:\\\/\\\/splitboarding.rs\\\/lokacije\\\/zlatibor\\\/#primaryimage\"},\"image\":{\"@id\":\"https:\\\/\\\/splitboarding.rs\\\/lokacije\\\/zlatibor\\\/#primaryimage\"},\"thumbnailUrl\":\"https:\\\/\\\/splitboarding.rs\\\/wp-content\\\/uploads\\\/2021\\\/12\\\/51052029_10157111438217940_2288985086483234816_o.jpg\",\"datePublished\":\"2021-12-20T19:17:08+00:00\",\"dateModified\":\"2023-01-26T11:55:01+00:00\",\"description\":\"Zlatibor je, uz Kopaonik, najpoznatija turisti\u010dka planinska destinacija u Srbiji. Me\u0111utim, veoma mali broj posetioca ove planine\",\"breadcrumb\":{\"@id\":\"https:\\\/\\\/splitboarding.rs\\\/lokacije\\\/zlatibor\\\/#breadcrumb\"},\"inLanguage\":\"en-US\",\"potentialAction\":[{\"@type\":\"ReadAction\",\"target\":[\"https:\\\/\\\/splitboarding.rs\\\/lokacije\\\/zlatibor\\\/\"]}]},{\"@type\":\"ImageObject\",\"inLanguage\":\"en-US\",\"@id\":\"https:\\\/\\\/splitboarding.rs\\\/lokacije\\\/zlatibor\\\/#primaryimage\",\"url\":\"https:\\\/\\\/splitboarding.rs\\\/wp-content\\\/uploads\\\/2021\\\/12\\\/51052029_10157111438217940_2288985086483234816_o.jpg\",\"contentUrl\":\"https:\\\/\\\/splitboarding.rs\\\/wp-content\\\/uploads\\\/2021\\\/12\\\/51052029_10157111438217940_2288985086483234816_o.jpg\",\"width\":1875,\"height\":1250},{\"@type\":\"BreadcrumbList\",\"@id\":\"https:\\\/\\\/splitboarding.rs\\\/lokacije\\\/zlatibor\\\/#breadcrumb\",\"itemListElement\":[{\"@type\":\"ListItem\",\"position\":1,\"name\":\"Home\",\"item\":\"https:\\\/\\\/splitboarding.rs\\\/\"},{\"@type\":\"ListItem\",\"position\":2,\"name\":\"Lokacije\",\"item\":\"https:\\\/\\\/splitboarding.rs\\\/lokacije\\\/\"},{\"@type\":\"ListItem\",\"position\":3,\"name\":\"Zlatibor\"}]},{\"@type\":\"WebSite\",\"@id\":\"https:\\\/\\\/splitboarding.rs\\\/#website\",\"url\":\"https:\\\/\\\/splitboarding.rs\\\/\",\"name\":\"Splitboarding & Skitouring\",\"description\":\"Tra\u017eite netaknute sne\u017ene padine Balkana, na pravom ste mestu!\",\"publisher\":{\"@id\":\"https:\\\/\\\/splitboarding.rs\\\/#organization\"},\"potentialAction\":[{\"@type\":\"SearchAction\",\"target\":{\"@type\":\"EntryPoint\",\"urlTemplate\":\"https:\\\/\\\/splitboarding.rs\\\/?s={search_term_string}\"},\"query-input\":{\"@type\":\"PropertyValueSpecification\",\"valueRequired\":true,\"valueName\":\"search_term_string\"}}],\"inLanguage\":\"en-US\"},{\"@type\":\"Organization\",\"@id\":\"https:\\\/\\\/splitboarding.rs\\\/#organization\",\"name\":\"Splitboarding & Skitouring\",\"url\":\"https:\\\/\\\/splitboarding.rs\\\/\",\"logo\":{\"@type\":\"ImageObject\",\"inLanguage\":\"en-US\",\"@id\":\"https:\\\/\\\/splitboarding.rs\\\/#\\\/schema\\\/logo\\\/image\\\/\",\"url\":\"https:\\\/\\\/splitboarding.rs\\\/wp-content\\\/uploads\\\/2023\\\/01\\\/logo_full.png\",\"contentUrl\":\"https:\\\/\\\/splitboarding.rs\\\/wp-content\\\/uploads\\\/2023\\\/01\\\/logo_full.png\",\"width\":1000,\"height\":250,\"caption\":\"Splitboarding & Skitouring\"},\"image\":{\"@id\":\"https:\\\/\\\/splitboarding.rs\\\/#\\\/schema\\\/logo\\\/image\\\/\"},\"sameAs\":[\"https:\\\/\\\/www.facebook.com\\\/skitouringsplitboardingBalkans\",\"https:\\\/\\\/www.instagram.com\\\/backcountry_balkans\\\/\"]}]}<\/script>\n<!-- \/ Yoast SEO plugin. -->","yoast_head_json":{"title":"Zlatibor - Splitboarding &amp; Skitouring","description":"Zlatibor je, uz Kopaonik, najpoznatija turisti\u010dka planinska destinacija u Srbiji. Me\u0111utim, veoma mali broj posetioca ove planine","robots":{"index":"index","follow":"follow","max-snippet":"max-snippet:-1","max-image-preview":"max-image-preview:large","max-video-preview":"max-video-preview:-1"},"canonical":"https:\/\/splitboarding.rs\/en\/lokacije\/zlatibor\/","og_locale":"en_US","og_type":"article","og_title":"Zlatibor - Splitboarding &amp; Skitouring","og_description":"Zlatibor je, uz Kopaonik, najpoznatija turisti\u010dka planinska destinacija u Srbiji. Me\u0111utim, veoma mali broj posetioca ove planine","og_url":"https:\/\/splitboarding.rs\/en\/lokacije\/zlatibor\/","og_site_name":"Splitboarding &amp; Skitouring","article_publisher":"https:\/\/www.facebook.com\/skitouringsplitboardingBalkans","article_modified_time":"2023-01-26T11:55:01+00:00","og_image":[{"width":1875,"height":1250,"url":"https:\/\/splitboarding.rs\/wp-content\/uploads\/2021\/12\/51052029_10157111438217940_2288985086483234816_o.jpg","type":"image\/jpeg"}],"twitter_card":"summary_large_image","twitter_title":"Zlatibor - Splitboarding &amp; Skitouring","twitter_description":"Zlatibor je, uz Kopaonik, najpoznatija turisti\u010dka planinska destinacija u Srbiji. Me\u0111utim, veoma mali broj posetioca ove planine","twitter_image":"https:\/\/splitboarding.rs\/wp-content\/uploads\/2021\/12\/51052029_10157111438217940_2288985086483234816_o.jpg","twitter_misc":{"Est. reading time":"1 minute"},"schema":{"@context":"https:\/\/schema.org","@graph":[{"@type":"WebPage","@id":"https:\/\/splitboarding.rs\/lokacije\/zlatibor\/","url":"https:\/\/splitboarding.rs\/lokacije\/zlatibor\/","name":"Zlatibor - Splitboarding &amp; Skitouring","isPartOf":{"@id":"https:\/\/splitboarding.rs\/#website"},"primaryImageOfPage":{"@id":"https:\/\/splitboarding.rs\/lokacije\/zlatibor\/#primaryimage"},"image":{"@id":"https:\/\/splitboarding.rs\/lokacije\/zlatibor\/#primaryimage"},"thumbnailUrl":"https:\/\/splitboarding.rs\/wp-content\/uploads\/2021\/12\/51052029_10157111438217940_2288985086483234816_o.jpg","datePublished":"2021-12-20T19:17:08+00:00","dateModified":"2023-01-26T11:55:01+00:00","description":"Zlatibor je, uz Kopaonik, najpoznatija turisti\u010dka planinska destinacija u Srbiji. Me\u0111utim, veoma mali broj posetioca ove planine","breadcrumb":{"@id":"https:\/\/splitboarding.rs\/lokacije\/zlatibor\/#breadcrumb"},"inLanguage":"en-US","potentialAction":[{"@type":"ReadAction","target":["https:\/\/splitboarding.rs\/lokacije\/zlatibor\/"]}]},{"@type":"ImageObject","inLanguage":"en-US","@id":"https:\/\/splitboarding.rs\/lokacije\/zlatibor\/#primaryimage","url":"https:\/\/splitboarding.rs\/wp-content\/uploads\/2021\/12\/51052029_10157111438217940_2288985086483234816_o.jpg","contentUrl":"https:\/\/splitboarding.rs\/wp-content\/uploads\/2021\/12\/51052029_10157111438217940_2288985086483234816_o.jpg","width":1875,"height":1250},{"@type":"BreadcrumbList","@id":"https:\/\/splitboarding.rs\/lokacije\/zlatibor\/#breadcrumb","itemListElement":[{"@type":"ListItem","position":1,"name":"Home","item":"https:\/\/splitboarding.rs\/"},{"@type":"ListItem","position":2,"name":"Lokacije","item":"https:\/\/splitboarding.rs\/lokacije\/"},{"@type":"ListItem","position":3,"name":"Zlatibor"}]},{"@type":"WebSite","@id":"https:\/\/splitboarding.rs\/#website","url":"https:\/\/splitboarding.rs\/","name":"Splitboarding & Skitouring","description":"If you are looking for untouched snowy slopes of the Balkans, you are in the right place!","publisher":{"@id":"https:\/\/splitboarding.rs\/#organization"},"potentialAction":[{"@type":"SearchAction","target":{"@type":"EntryPoint","urlTemplate":"https:\/\/splitboarding.rs\/?s={search_term_string}"},"query-input":{"@type":"PropertyValueSpecification","valueRequired":true,"valueName":"search_term_string"}}],"inLanguage":"en-US"},{"@type":"Organization","@id":"https:\/\/splitboarding.rs\/#organization","name":"Splitboarding & Skitouring","url":"https:\/\/splitboarding.rs\/","logo":{"@type":"ImageObject","inLanguage":"en-US","@id":"https:\/\/splitboarding.rs\/#\/schema\/logo\/image\/","url":"https:\/\/splitboarding.rs\/wp-content\/uploads\/2023\/01\/logo_full.png","contentUrl":"https:\/\/splitboarding.rs\/wp-content\/uploads\/2023\/01\/logo_full.png","width":1000,"height":250,"caption":"Splitboarding & Skitouring"},"image":{"@id":"https:\/\/splitboarding.rs\/#\/schema\/logo\/image\/"},"sameAs":["https:\/\/www.facebook.com\/skitouringsplitboardingBalkans","https:\/\/www.instagram.com\/backcountry_balkans\/"]}]}},"uagb_featured_image_src":{"full":["https:\/\/splitboarding.rs\/wp-content\/uploads\/2021\/12\/51052029_10157111438217940_2288985086483234816_o.jpg",1875,1250,false],"thumbnail":["https:\/\/splitboarding.rs\/wp-content\/uploads\/2021\/12\/51052029_10157111438217940_2288985086483234816_o-150x150.jpg",150,150,true],"medium":["https:\/\/splitboarding.rs\/wp-content\/uploads\/2021\/12\/51052029_10157111438217940_2288985086483234816_o-300x200.jpg",300,200,true],"medium_large":["https:\/\/splitboarding.rs\/wp-content\/uploads\/2021\/12\/51052029_10157111438217940_2288985086483234816_o-768x512.jpg",768,512,true],"large":["https:\/\/splitboarding.rs\/wp-content\/uploads\/2021\/12\/51052029_10157111438217940_2288985086483234816_o-1024x683.jpg",1024,683,true],"1536x1536":["https:\/\/splitboarding.rs\/wp-content\/uploads\/2021\/12\/51052029_10157111438217940_2288985086483234816_o-1536x1024.jpg",1536,1024,true],"2048x2048":["https:\/\/splitboarding.rs\/wp-content\/uploads\/2021\/12\/51052029_10157111438217940_2288985086483234816_o.jpg",1875,1250,false],"trp-custom-language-flag":["https:\/\/splitboarding.rs\/wp-content\/uploads\/2021\/12\/51052029_10157111438217940_2288985086483234816_o.jpg",18,12,false]},"uagb_author_info":{"display_name":"splitboarding \/ skitouring","author_link":"http:\/\/splitboarding.rs\/en\/author\/splitboarding\/"},"uagb_comment_info":0,"uagb_excerpt":"Zlatibor je, uz Kopaonik, najpoznatija turisti\u010dka planinska destinacija u Srbiji. Me\u0111utim, veoma mali broj posetioca ove planine zna sve njene tajne i \u0161ta sve ona mo\u017ee da pru\u017ei iskrenim ljubiteljima. Pored velikog turisti\u010dkog naselja, koje polako ali sigurno prerasta u grad, Zlatibor je poznat i po skijali\u0161tu Tornik, opremljenog modernim \u017ei\u010darama, od kojih jedna vodi&hellip;","_links":{"self":[{"href":"http:\/\/splitboarding.rs\/en\/wp-json\/wp\/v2\/pages\/163","targetHints":{"allow":["GET"]}}],"collection":[{"href":"http:\/\/splitboarding.rs\/en\/wp-json\/wp\/v2\/pages"}],"about":[{"href":"http:\/\/splitboarding.rs\/en\/wp-json\/wp\/v2\/types\/page"}],"author":[{"embeddable":true,"href":"http:\/\/splitboarding.rs\/en\/wp-json\/wp\/v2\/users\/1"}],"replies":[{"embeddable":true,"href":"http:\/\/splitboarding.rs\/en\/wp-json\/wp\/v2\/comments?post=163"}],"version-history":[{"count":6,"href":"http:\/\/splitboarding.rs\/en\/wp-json\/wp\/v2\/pages\/163\/revisions"}],"predecessor-version":[{"id":849,"href":"http:\/\/splitboarding.rs\/en\/wp-json\/wp\/v2\/pages\/163\/revisions\/849"}],"up":[{"embeddable":true,"href":"http:\/\/splitboarding.rs\/en\/wp-json\/wp\/v2\/pages\/126"}],"wp:featuredmedia":[{"embeddable":true,"href":"http:\/\/splitboarding.rs\/en\/wp-json\/wp\/v2\/media\/164"}],"wp:attachment":[{"href":"http:\/\/splitboarding.rs\/en\/wp-json\/wp\/v2\/media?parent=163"}],"curies":[{"name":"wp","href":"https:\/\/api.w.org\/{rel}","templated":true}]}}