{"id":158,"date":"2021-12-20T18:53:11","date_gmt":"2021-12-20T18:53:11","guid":{"rendered":"https:\/\/splitboarding.rs\/?page_id=158"},"modified":"2023-01-26T12:50:54","modified_gmt":"2023-01-26T11:50:54","slug":"durmitor","status":"publish","type":"page","link":"http:\/\/splitboarding.rs\/en\/lokacije\/durmitor\/","title":{"rendered":"Durmitor"},"content":{"rendered":"<p>Durmitor sasvim sigurno ne nosi uzalud titulu \u201edirektora\u201c svih planina. Nalazi se u severozapadnom delu Crne Gore, najvi\u0161i vrh je Bobotov kuk (2523). Ova planina predstavlja omiljenu destinaciju planinara, alpinista, skija\u0161a i drugih ljubitelja prirode. Gradi\u0107 \u017dabljak u podno\u017eju planine polako prerasta u pravi alpski turisti\u010dki centar, koji pru\u017ea sve pogodnosti za bavljenje planinskim aktivnostima. Ljubiteljima skijanja na raspolaganju je i manji ski centar Savin kuk u neposrednoj blizini mesta.<\/p>\n\n\n\n<figure class=\"wp-block-gallery has-nested-images columns-default is-cropped wp-block-gallery-1 is-layout-flex wp-block-gallery-is-layout-flex\">\n<figure class=\"wp-block-image size-full\"><img loading=\"lazy\" decoding=\"async\" width=\"2560\" height=\"1894\" data-id=\"160\" src=\"https:\/\/splitboarding.rs\/wp-content\/uploads\/2021\/12\/IMG_20200311_105012-scaled.jpg\" alt=\"\" class=\"wp-image-160\" srcset=\"https:\/\/splitboarding.rs\/wp-content\/uploads\/2021\/12\/IMG_20200311_105012-scaled.jpg 2560w, https:\/\/splitboarding.rs\/wp-content\/uploads\/2021\/12\/IMG_20200311_105012-300x222.jpg 300w, https:\/\/splitboarding.rs\/wp-content\/uploads\/2021\/12\/IMG_20200311_105012-1024x758.jpg 1024w, https:\/\/splitboarding.rs\/wp-content\/uploads\/2021\/12\/IMG_20200311_105012-768x568.jpg 768w, https:\/\/splitboarding.rs\/wp-content\/uploads\/2021\/12\/IMG_20200311_105012-1536x1137.jpg 1536w, https:\/\/splitboarding.rs\/wp-content\/uploads\/2021\/12\/IMG_20200311_105012-2048x1516.jpg 2048w\" sizes=\"auto, (max-width: 2560px) 100vw, 2560px\" \/><\/figure>\n<\/figure>\n\n\n\n<p>Naravno, turno skija\u0161i imaju zna\u010dajno vi\u0161e mogu\u0107nosti za u\u017eivanje i avanturu. Na Durmitoru mo\u017eete jednostavno planinariti na skijama, u\u017eivati u prelepim vidikovcima, a tako\u0111e mo\u017eete voziti odli\u010dan frirajd. Spust sa Savinog kuka, \u0160ljemena ili Planinice sasvim sigurno \u0107e vam ostati u lepom se\u0107anju i sigurno \u0107ete \u017eeleti da tako ne\u0161to opet ponovite.<\/p>\n\n\n\n<p>Posebno nam je drago da najavimo da \u0107e na ovoj prelepoj planini biti organizovan i na\u0161 ski turing i frirajd kamp po\u010detkom februara. O\u010dekujemo vas da nam se pridru\u017eite u ovoj nezaboravnoj avanturi.<\/p>\n\n\n\n<div style=\"height:64px\" aria-hidden=\"true\" class=\"wp-block-spacer\"><\/div>","protected":false},"excerpt":{"rendered":"<p>Durmitor sasvim sigurno ne nosi uzalud titulu \u201edirektora\u201c svih planina. Nalazi se u severozapadnom delu Crne Gore, najvi\u0161i vrh je Bobotov kuk (2523). Ova planina predstavlja omiljenu destinaciju planinara, alpinista, skija\u0161a i drugih ljubitelja prirode. Gradi\u0107 \u017dabljak u podno\u017eju planine polako prerasta u pravi alpski turisti\u010dki centar, koji pru\u017ea sve pogodnosti za bavljenje planinskim aktivnostima. [&hellip;]<\/p>\n","protected":false},"author":1,"featured_media":160,"parent":126,"menu_order":0,"comment_status":"closed","ping_status":"closed","template":"","meta":{"_uag_custom_page_level_css":"","site-sidebar-layout":"default","site-content-layout":"","ast-site-content-layout":"default","site-content-style":"default","site-sidebar-style":"default","ast-global-header-display":"","ast-banner-title-visibility":"","ast-main-header-display":"","ast-hfb-above-header-display":"","ast-hfb-below-header-display":"","ast-hfb-mobile-header-display":"","site-post-title":"","ast-breadcrumbs-content":"","ast-featured-img":"disabled","footer-sml-layout":"","ast-disable-related-posts":"","theme-transparent-header-meta":"","adv-header-id-meta":"","stick-header-meta":"","header-above-stick-meta":"","header-main-stick-meta":"","header-below-stick-meta":"","astra-migrate-meta-layouts":"default","ast-page-background-enabled":"default","ast-page-background-meta":{"desktop":{"background-color":"var(--ast-global-color-4)","background-image":"","background-repeat":"repeat","background-position":"center center","background-size":"auto","background-attachment":"scroll","background-type":"","background-media":"","overlay-type":"","overlay-color":"","overlay-opacity":"","overlay-gradient":""},"tablet":{"background-color":"","background-image":"","background-repeat":"repeat","background-position":"center center","background-size":"auto","background-attachment":"scroll","background-type":"","background-media":"","overlay-type":"","overlay-color":"","overlay-opacity":"","overlay-gradient":""},"mobile":{"background-color":"","background-image":"","background-repeat":"repeat","background-position":"center center","background-size":"auto","background-attachment":"scroll","background-type":"","background-media":"","overlay-type":"","overlay-color":"","overlay-opacity":"","overlay-gradient":""}},"ast-content-background-meta":{"desktop":{"background-color":"var(--ast-global-color-5)","background-image":"","background-repeat":"repeat","background-position":"center center","background-size":"auto","background-attachment":"scroll","background-type":"","background-media":"","overlay-type":"","overlay-color":"","overlay-opacity":"","overlay-gradient":""},"tablet":{"background-color":"var(--ast-global-color-5)","background-image":"","background-repeat":"repeat","background-position":"center center","background-size":"auto","background-attachment":"scroll","background-type":"","background-media":"","overlay-type":"","overlay-color":"","overlay-opacity":"","overlay-gradient":""},"mobile":{"background-color":"var(--ast-global-color-5)","background-image":"","background-repeat":"repeat","background-position":"center center","background-size":"auto","background-attachment":"scroll","background-type":"","background-media":"","overlay-type":"","overlay-color":"","overlay-opacity":"","overlay-gradient":""}},"footnotes":""},"class_list":["post-158","page","type-page","status-publish","has-post-thumbnail","hentry"],"featured_image_src":"https:\/\/splitboarding.rs\/wp-content\/uploads\/2021\/12\/IMG_20200311_105012-scaled.jpg","yoast_head":"<!-- This site is optimized with the Yoast SEO plugin v27.4 - https:\/\/yoast.com\/product\/yoast-seo-wordpress\/ -->\n<title>Durmitor - Splitboarding &amp; Skitouring<\/title>\n<meta name=\"description\" content=\"Durmitor sasvim sigurno ne nosi uzalud titulu \u201edirektora\u201c svih planina. Nalazi se u severozapadnom delu Crne Gore\" \/>\n<meta name=\"robots\" content=\"index, follow, max-snippet:-1, max-image-preview:large, max-video-preview:-1\" \/>\n<link rel=\"canonical\" href=\"https:\/\/splitboarding.rs\/en\/lokacije\/durmitor\/\" \/>\n<meta property=\"og:locale\" content=\"en_US\" \/>\n<meta property=\"og:type\" content=\"article\" \/>\n<meta property=\"og:title\" content=\"Durmitor - Splitboarding &amp; Skitouring\" \/>\n<meta property=\"og:description\" content=\"Durmitor sasvim sigurno ne nosi uzalud titulu \u201edirektora\u201c svih planina. Nalazi se u severozapadnom delu Crne Gore\" \/>\n<meta property=\"og:url\" content=\"https:\/\/splitboarding.rs\/en\/lokacije\/durmitor\/\" \/>\n<meta property=\"og:site_name\" content=\"Splitboarding &amp; Skitouring\" \/>\n<meta property=\"article:publisher\" content=\"https:\/\/www.facebook.com\/skitouringsplitboardingBalkans\" \/>\n<meta property=\"article:modified_time\" content=\"2023-01-26T11:50:54+00:00\" \/>\n<meta property=\"og:image\" content=\"https:\/\/splitboarding.rs\/wp-content\/uploads\/2021\/12\/IMG_20200311_105012-scaled.jpg\" \/>\n\t<meta property=\"og:image:width\" content=\"2560\" \/>\n\t<meta property=\"og:image:height\" content=\"1894\" \/>\n\t<meta property=\"og:image:type\" content=\"image\/jpeg\" \/>\n<meta name=\"twitter:card\" content=\"summary_large_image\" \/>\n<meta name=\"twitter:title\" content=\"Durmitor - Splitboarding &amp; Skitouring\" \/>\n<meta name=\"twitter:description\" content=\"Durmitor sasvim sigurno ne nosi uzalud titulu \u201edirektora\u201c svih planina. Nalazi se u severozapadnom delu Crne Gore\" \/>\n<meta name=\"twitter:image\" content=\"https:\/\/splitboarding.rs\/wp-content\/uploads\/2021\/12\/IMG_20200311_105012-scaled.jpg\" \/>\n<meta name=\"twitter:label1\" content=\"Est. reading time\" \/>\n\t<meta name=\"twitter:data1\" content=\"1 minute\" \/>\n<script type=\"application\/ld+json\" class=\"yoast-schema-graph\">{\"@context\":\"https:\\\/\\\/schema.org\",\"@graph\":[{\"@type\":\"WebPage\",\"@id\":\"https:\\\/\\\/splitboarding.rs\\\/lokacije\\\/durmitor\\\/\",\"url\":\"https:\\\/\\\/splitboarding.rs\\\/lokacije\\\/durmitor\\\/\",\"name\":\"Durmitor - Splitboarding &amp; Skitouring\",\"isPartOf\":{\"@id\":\"https:\\\/\\\/splitboarding.rs\\\/#website\"},\"primaryImageOfPage\":{\"@id\":\"https:\\\/\\\/splitboarding.rs\\\/lokacije\\\/durmitor\\\/#primaryimage\"},\"image\":{\"@id\":\"https:\\\/\\\/splitboarding.rs\\\/lokacije\\\/durmitor\\\/#primaryimage\"},\"thumbnailUrl\":\"https:\\\/\\\/splitboarding.rs\\\/wp-content\\\/uploads\\\/2021\\\/12\\\/IMG_20200311_105012-scaled.jpg\",\"datePublished\":\"2021-12-20T18:53:11+00:00\",\"dateModified\":\"2023-01-26T11:50:54+00:00\",\"description\":\"Durmitor sasvim sigurno ne nosi uzalud titulu \u201edirektora\u201c svih planina. Nalazi se u severozapadnom delu Crne Gore\",\"breadcrumb\":{\"@id\":\"https:\\\/\\\/splitboarding.rs\\\/lokacije\\\/durmitor\\\/#breadcrumb\"},\"inLanguage\":\"en-US\",\"potentialAction\":[{\"@type\":\"ReadAction\",\"target\":[\"https:\\\/\\\/splitboarding.rs\\\/lokacije\\\/durmitor\\\/\"]}]},{\"@type\":\"ImageObject\",\"inLanguage\":\"en-US\",\"@id\":\"https:\\\/\\\/splitboarding.rs\\\/lokacije\\\/durmitor\\\/#primaryimage\",\"url\":\"https:\\\/\\\/splitboarding.rs\\\/wp-content\\\/uploads\\\/2021\\\/12\\\/IMG_20200311_105012-scaled.jpg\",\"contentUrl\":\"https:\\\/\\\/splitboarding.rs\\\/wp-content\\\/uploads\\\/2021\\\/12\\\/IMG_20200311_105012-scaled.jpg\",\"width\":2560,\"height\":1894},{\"@type\":\"BreadcrumbList\",\"@id\":\"https:\\\/\\\/splitboarding.rs\\\/lokacije\\\/durmitor\\\/#breadcrumb\",\"itemListElement\":[{\"@type\":\"ListItem\",\"position\":1,\"name\":\"Home\",\"item\":\"https:\\\/\\\/splitboarding.rs\\\/\"},{\"@type\":\"ListItem\",\"position\":2,\"name\":\"Lokacije\",\"item\":\"https:\\\/\\\/splitboarding.rs\\\/lokacije\\\/\"},{\"@type\":\"ListItem\",\"position\":3,\"name\":\"Durmitor\"}]},{\"@type\":\"WebSite\",\"@id\":\"https:\\\/\\\/splitboarding.rs\\\/#website\",\"url\":\"https:\\\/\\\/splitboarding.rs\\\/\",\"name\":\"Splitboarding & Skitouring\",\"description\":\"Tra\u017eite netaknute sne\u017ene padine Balkana, na pravom ste mestu!\",\"publisher\":{\"@id\":\"https:\\\/\\\/splitboarding.rs\\\/#organization\"},\"potentialAction\":[{\"@type\":\"SearchAction\",\"target\":{\"@type\":\"EntryPoint\",\"urlTemplate\":\"https:\\\/\\\/splitboarding.rs\\\/?s={search_term_string}\"},\"query-input\":{\"@type\":\"PropertyValueSpecification\",\"valueRequired\":true,\"valueName\":\"search_term_string\"}}],\"inLanguage\":\"en-US\"},{\"@type\":\"Organization\",\"@id\":\"https:\\\/\\\/splitboarding.rs\\\/#organization\",\"name\":\"Splitboarding & Skitouring\",\"url\":\"https:\\\/\\\/splitboarding.rs\\\/\",\"logo\":{\"@type\":\"ImageObject\",\"inLanguage\":\"en-US\",\"@id\":\"https:\\\/\\\/splitboarding.rs\\\/#\\\/schema\\\/logo\\\/image\\\/\",\"url\":\"https:\\\/\\\/splitboarding.rs\\\/wp-content\\\/uploads\\\/2023\\\/01\\\/logo_full.png\",\"contentUrl\":\"https:\\\/\\\/splitboarding.rs\\\/wp-content\\\/uploads\\\/2023\\\/01\\\/logo_full.png\",\"width\":1000,\"height\":250,\"caption\":\"Splitboarding & Skitouring\"},\"image\":{\"@id\":\"https:\\\/\\\/splitboarding.rs\\\/#\\\/schema\\\/logo\\\/image\\\/\"},\"sameAs\":[\"https:\\\/\\\/www.facebook.com\\\/skitouringsplitboardingBalkans\",\"https:\\\/\\\/www.instagram.com\\\/backcountry_balkans\\\/\"]}]}<\/script>\n<!-- \/ Yoast SEO plugin. -->","yoast_head_json":{"title":"Durmitor - Splitboarding &amp; Skitouring","description":"Durmitor sasvim sigurno ne nosi uzalud titulu \u201edirektora\u201c svih planina. Nalazi se u severozapadnom delu Crne Gore","robots":{"index":"index","follow":"follow","max-snippet":"max-snippet:-1","max-image-preview":"max-image-preview:large","max-video-preview":"max-video-preview:-1"},"canonical":"https:\/\/splitboarding.rs\/en\/lokacije\/durmitor\/","og_locale":"en_US","og_type":"article","og_title":"Durmitor - Splitboarding &amp; Skitouring","og_description":"Durmitor sasvim sigurno ne nosi uzalud titulu \u201edirektora\u201c svih planina. Nalazi se u severozapadnom delu Crne Gore","og_url":"https:\/\/splitboarding.rs\/en\/lokacije\/durmitor\/","og_site_name":"Splitboarding &amp; Skitouring","article_publisher":"https:\/\/www.facebook.com\/skitouringsplitboardingBalkans","article_modified_time":"2023-01-26T11:50:54+00:00","og_image":[{"width":2560,"height":1894,"url":"https:\/\/splitboarding.rs\/wp-content\/uploads\/2021\/12\/IMG_20200311_105012-scaled.jpg","type":"image\/jpeg"}],"twitter_card":"summary_large_image","twitter_title":"Durmitor - Splitboarding &amp; Skitouring","twitter_description":"Durmitor sasvim sigurno ne nosi uzalud titulu \u201edirektora\u201c svih planina. Nalazi se u severozapadnom delu Crne Gore","twitter_image":"https:\/\/splitboarding.rs\/wp-content\/uploads\/2021\/12\/IMG_20200311_105012-scaled.jpg","twitter_misc":{"Est. reading time":"1 minute"},"schema":{"@context":"https:\/\/schema.org","@graph":[{"@type":"WebPage","@id":"https:\/\/splitboarding.rs\/lokacije\/durmitor\/","url":"https:\/\/splitboarding.rs\/lokacije\/durmitor\/","name":"Durmitor - Splitboarding &amp; Skitouring","isPartOf":{"@id":"https:\/\/splitboarding.rs\/#website"},"primaryImageOfPage":{"@id":"https:\/\/splitboarding.rs\/lokacije\/durmitor\/#primaryimage"},"image":{"@id":"https:\/\/splitboarding.rs\/lokacije\/durmitor\/#primaryimage"},"thumbnailUrl":"https:\/\/splitboarding.rs\/wp-content\/uploads\/2021\/12\/IMG_20200311_105012-scaled.jpg","datePublished":"2021-12-20T18:53:11+00:00","dateModified":"2023-01-26T11:50:54+00:00","description":"Durmitor sasvim sigurno ne nosi uzalud titulu \u201edirektora\u201c svih planina. Nalazi se u severozapadnom delu Crne Gore","breadcrumb":{"@id":"https:\/\/splitboarding.rs\/lokacije\/durmitor\/#breadcrumb"},"inLanguage":"en-US","potentialAction":[{"@type":"ReadAction","target":["https:\/\/splitboarding.rs\/lokacije\/durmitor\/"]}]},{"@type":"ImageObject","inLanguage":"en-US","@id":"https:\/\/splitboarding.rs\/lokacije\/durmitor\/#primaryimage","url":"https:\/\/splitboarding.rs\/wp-content\/uploads\/2021\/12\/IMG_20200311_105012-scaled.jpg","contentUrl":"https:\/\/splitboarding.rs\/wp-content\/uploads\/2021\/12\/IMG_20200311_105012-scaled.jpg","width":2560,"height":1894},{"@type":"BreadcrumbList","@id":"https:\/\/splitboarding.rs\/lokacije\/durmitor\/#breadcrumb","itemListElement":[{"@type":"ListItem","position":1,"name":"Home","item":"https:\/\/splitboarding.rs\/"},{"@type":"ListItem","position":2,"name":"Lokacije","item":"https:\/\/splitboarding.rs\/lokacije\/"},{"@type":"ListItem","position":3,"name":"Durmitor"}]},{"@type":"WebSite","@id":"https:\/\/splitboarding.rs\/#website","url":"https:\/\/splitboarding.rs\/","name":"Splitboarding & Skitouring","description":"If you are looking for untouched snowy slopes of the Balkans, you are in the right place!","publisher":{"@id":"https:\/\/splitboarding.rs\/#organization"},"potentialAction":[{"@type":"SearchAction","target":{"@type":"EntryPoint","urlTemplate":"https:\/\/splitboarding.rs\/?s={search_term_string}"},"query-input":{"@type":"PropertyValueSpecification","valueRequired":true,"valueName":"search_term_string"}}],"inLanguage":"en-US"},{"@type":"Organization","@id":"https:\/\/splitboarding.rs\/#organization","name":"Splitboarding & Skitouring","url":"https:\/\/splitboarding.rs\/","logo":{"@type":"ImageObject","inLanguage":"en-US","@id":"https:\/\/splitboarding.rs\/#\/schema\/logo\/image\/","url":"https:\/\/splitboarding.rs\/wp-content\/uploads\/2023\/01\/logo_full.png","contentUrl":"https:\/\/splitboarding.rs\/wp-content\/uploads\/2023\/01\/logo_full.png","width":1000,"height":250,"caption":"Splitboarding & Skitouring"},"image":{"@id":"https:\/\/splitboarding.rs\/#\/schema\/logo\/image\/"},"sameAs":["https:\/\/www.facebook.com\/skitouringsplitboardingBalkans","https:\/\/www.instagram.com\/backcountry_balkans\/"]}]}},"uagb_featured_image_src":{"full":["https:\/\/splitboarding.rs\/wp-content\/uploads\/2021\/12\/IMG_20200311_105012-scaled.jpg",2560,1894,false],"thumbnail":["https:\/\/splitboarding.rs\/wp-content\/uploads\/2021\/12\/IMG_20200311_105012-150x150.jpg",150,150,true],"medium":["https:\/\/splitboarding.rs\/wp-content\/uploads\/2021\/12\/IMG_20200311_105012-300x222.jpg",300,222,true],"medium_large":["https:\/\/splitboarding.rs\/wp-content\/uploads\/2021\/12\/IMG_20200311_105012-768x568.jpg",768,568,true],"large":["https:\/\/splitboarding.rs\/wp-content\/uploads\/2021\/12\/IMG_20200311_105012-1024x758.jpg",1024,758,true],"1536x1536":["https:\/\/splitboarding.rs\/wp-content\/uploads\/2021\/12\/IMG_20200311_105012-1536x1137.jpg",1536,1137,true],"2048x2048":["https:\/\/splitboarding.rs\/wp-content\/uploads\/2021\/12\/IMG_20200311_105012-2048x1516.jpg",2048,1516,true],"trp-custom-language-flag":["https:\/\/splitboarding.rs\/wp-content\/uploads\/2021\/12\/IMG_20200311_105012-scaled.jpg",16,12,false]},"uagb_author_info":{"display_name":"splitboarding \/ skitouring","author_link":"http:\/\/splitboarding.rs\/en\/author\/splitboarding\/"},"uagb_comment_info":0,"uagb_excerpt":"Durmitor sasvim sigurno ne nosi uzalud titulu \u201edirektora\u201c svih planina. Nalazi se u severozapadnom delu Crne Gore, najvi\u0161i vrh je Bobotov kuk (2523). Ova planina predstavlja omiljenu destinaciju planinara, alpinista, skija\u0161a i drugih ljubitelja prirode. Gradi\u0107 \u017dabljak u podno\u017eju planine polako prerasta u pravi alpski turisti\u010dki centar, koji pru\u017ea sve pogodnosti za bavljenje planinskim aktivnostima.&hellip;","_links":{"self":[{"href":"http:\/\/splitboarding.rs\/en\/wp-json\/wp\/v2\/pages\/158","targetHints":{"allow":["GET"]}}],"collection":[{"href":"http:\/\/splitboarding.rs\/en\/wp-json\/wp\/v2\/pages"}],"about":[{"href":"http:\/\/splitboarding.rs\/en\/wp-json\/wp\/v2\/types\/page"}],"author":[{"embeddable":true,"href":"http:\/\/splitboarding.rs\/en\/wp-json\/wp\/v2\/users\/1"}],"replies":[{"embeddable":true,"href":"http:\/\/splitboarding.rs\/en\/wp-json\/wp\/v2\/comments?post=158"}],"version-history":[{"count":8,"href":"http:\/\/splitboarding.rs\/en\/wp-json\/wp\/v2\/pages\/158\/revisions"}],"predecessor-version":[{"id":841,"href":"http:\/\/splitboarding.rs\/en\/wp-json\/wp\/v2\/pages\/158\/revisions\/841"}],"up":[{"embeddable":true,"href":"http:\/\/splitboarding.rs\/en\/wp-json\/wp\/v2\/pages\/126"}],"wp:featuredmedia":[{"embeddable":true,"href":"http:\/\/splitboarding.rs\/en\/wp-json\/wp\/v2\/media\/160"}],"wp:attachment":[{"href":"http:\/\/splitboarding.rs\/en\/wp-json\/wp\/v2\/media?parent=158"}],"curies":[{"name":"wp","href":"https:\/\/api.w.org\/{rel}","templated":true}]}}