{"id":151,"date":"2021-12-20T18:26:59","date_gmt":"2021-12-20T18:26:59","guid":{"rendered":"https:\/\/splitboarding.rs\/?page_id=151"},"modified":"2023-01-26T12:53:01","modified_gmt":"2023-01-26T11:53:01","slug":"prokletije","status":"publish","type":"page","link":"http:\/\/splitboarding.rs\/en\/lokacije\/prokletije\/","title":{"rendered":"Prokletije"},"content":{"rendered":"<p>Prokletije su, verovatno, naj\u017eivopisniji planinski lanac na Balkanu. Pru\u017eaju se u jugozapadnom delu Srbije, na severu Albanije i istoku Crne Gore. Najvi\u0161i vrh je Jezerski vrh (2694). Prokletije obiluju veoma raznolikim reljefnim oblicima: visoke litice, vrhovi, grebeni, cirkovi, jame, ledni\u010dke doline, jezera, pe\u0107ine&#8230; Dovoljno je da jednom posetite ove jedinstvene planine i da vam zauvek ostanu u srcu i oku. Zbog jo\u0161 uvek nepotpune istra\u017eenosti Prokletije predstavljaju posebnu dra\u017e u svetu planinarenja, skijanja, alpinizma i drugih planinskih sportova.<\/p>\n\n\n\n<figure class=\"wp-block-gallery has-nested-images columns-default is-cropped wp-block-gallery-1 is-layout-flex wp-block-gallery-is-layout-flex\">\n<figure class=\"wp-block-image size-full\"><img loading=\"lazy\" decoding=\"async\" width=\"2560\" height=\"1617\" data-id=\"152\" src=\"https:\/\/splitboarding.rs\/wp-content\/uploads\/2021\/12\/IMG_20200124_135522-scaled.jpg\" alt=\"\" class=\"wp-image-152\" srcset=\"https:\/\/splitboarding.rs\/wp-content\/uploads\/2021\/12\/IMG_20200124_135522-scaled.jpg 2560w, https:\/\/splitboarding.rs\/wp-content\/uploads\/2021\/12\/IMG_20200124_135522-300x189.jpg 300w, https:\/\/splitboarding.rs\/wp-content\/uploads\/2021\/12\/IMG_20200124_135522-1024x647.jpg 1024w, https:\/\/splitboarding.rs\/wp-content\/uploads\/2021\/12\/IMG_20200124_135522-768x485.jpg 768w, https:\/\/splitboarding.rs\/wp-content\/uploads\/2021\/12\/IMG_20200124_135522-1536x970.jpg 1536w, https:\/\/splitboarding.rs\/wp-content\/uploads\/2021\/12\/IMG_20200124_135522-2048x1293.jpg 2048w\" sizes=\"auto, (max-width: 2560px) 100vw, 2560px\" \/><\/figure>\n\n\n\n<figure class=\"wp-block-image size-full\"><img loading=\"lazy\" decoding=\"async\" width=\"2560\" height=\"1894\" data-id=\"153\" src=\"https:\/\/splitboarding.rs\/wp-content\/uploads\/2021\/12\/IMG_20200122_132043-scaled.jpg\" alt=\"\" class=\"wp-image-153\" srcset=\"https:\/\/splitboarding.rs\/wp-content\/uploads\/2021\/12\/IMG_20200122_132043-scaled.jpg 2560w, https:\/\/splitboarding.rs\/wp-content\/uploads\/2021\/12\/IMG_20200122_132043-300x222.jpg 300w, https:\/\/splitboarding.rs\/wp-content\/uploads\/2021\/12\/IMG_20200122_132043-1024x758.jpg 1024w, https:\/\/splitboarding.rs\/wp-content\/uploads\/2021\/12\/IMG_20200122_132043-768x568.jpg 768w, https:\/\/splitboarding.rs\/wp-content\/uploads\/2021\/12\/IMG_20200122_132043-1536x1137.jpg 1536w, https:\/\/splitboarding.rs\/wp-content\/uploads\/2021\/12\/IMG_20200122_132043-2048x1516.jpg 2048w\" sizes=\"auto, (max-width: 2560px) 100vw, 2560px\" \/><\/figure>\n<\/figure>\n\n\n\n<p>Brojne ledni\u010dke doline i prirodni amfiteatri zadr\u017eavaju velike koli\u010dine snega, a njihova udaljenost od naseljenih mesta je pravi izazov za ljubitelje turno skijanja i spli<\/p>\n\n\n\n<p>tbordinga. Skijanje na Prokletijama jeste istinska avantura koja mo\u017ee ispitati granice va\u0161ih mogu\u0107nosti i osigurati vam jedinstven i neponovljiv do\u017eivljaj. Od poznatih lokacija pogodnih za skituring i frirajd posebno se isti\u010du Bogi\u0107evica, Babino polje, Starac, \u0106emena, Popadija i mnoge druge, koje tek \u010dekaju da budu otkrivene.<\/p>\n\n\n\n<div style=\"height:64px\" aria-hidden=\"true\" class=\"wp-block-spacer\"><\/div>","protected":false},"excerpt":{"rendered":"<p>Prokletije su, verovatno, naj\u017eivopisniji planinski lanac na Balkanu. Pru\u017eaju se u jugozapadnom delu Srbije, na severu Albanije i istoku Crne Gore. Najvi\u0161i vrh je Jezerski vrh (2694). Prokletije obiluju veoma raznolikim reljefnim oblicima: visoke litice, vrhovi, grebeni, cirkovi, jame, ledni\u010dke doline, jezera, pe\u0107ine&#8230; Dovoljno je da jednom posetite ove jedinstvene planine i da vam zauvek [&hellip;]<\/p>\n","protected":false},"author":1,"featured_media":152,"parent":126,"menu_order":0,"comment_status":"closed","ping_status":"closed","template":"","meta":{"_uag_custom_page_level_css":"","site-sidebar-layout":"default","site-content-layout":"","ast-site-content-layout":"default","site-content-style":"default","site-sidebar-style":"default","ast-global-header-display":"","ast-banner-title-visibility":"","ast-main-header-display":"","ast-hfb-above-header-display":"","ast-hfb-below-header-display":"","ast-hfb-mobile-header-display":"","site-post-title":"","ast-breadcrumbs-content":"","ast-featured-img":"disabled","footer-sml-layout":"","ast-disable-related-posts":"","theme-transparent-header-meta":"","adv-header-id-meta":"","stick-header-meta":"","header-above-stick-meta":"","header-main-stick-meta":"","header-below-stick-meta":"","astra-migrate-meta-layouts":"default","ast-page-background-enabled":"default","ast-page-background-meta":{"desktop":{"background-color":"var(--ast-global-color-4)","background-image":"","background-repeat":"repeat","background-position":"center center","background-size":"auto","background-attachment":"scroll","background-type":"","background-media":"","overlay-type":"","overlay-color":"","overlay-opacity":"","overlay-gradient":""},"tablet":{"background-color":"","background-image":"","background-repeat":"repeat","background-position":"center center","background-size":"auto","background-attachment":"scroll","background-type":"","background-media":"","overlay-type":"","overlay-color":"","overlay-opacity":"","overlay-gradient":""},"mobile":{"background-color":"","background-image":"","background-repeat":"repeat","background-position":"center center","background-size":"auto","background-attachment":"scroll","background-type":"","background-media":"","overlay-type":"","overlay-color":"","overlay-opacity":"","overlay-gradient":""}},"ast-content-background-meta":{"desktop":{"background-color":"var(--ast-global-color-5)","background-image":"","background-repeat":"repeat","background-position":"center center","background-size":"auto","background-attachment":"scroll","background-type":"","background-media":"","overlay-type":"","overlay-color":"","overlay-opacity":"","overlay-gradient":""},"tablet":{"background-color":"var(--ast-global-color-5)","background-image":"","background-repeat":"repeat","background-position":"center center","background-size":"auto","background-attachment":"scroll","background-type":"","background-media":"","overlay-type":"","overlay-color":"","overlay-opacity":"","overlay-gradient":""},"mobile":{"background-color":"var(--ast-global-color-5)","background-image":"","background-repeat":"repeat","background-position":"center center","background-size":"auto","background-attachment":"scroll","background-type":"","background-media":"","overlay-type":"","overlay-color":"","overlay-opacity":"","overlay-gradient":""}},"footnotes":""},"class_list":["post-151","page","type-page","status-publish","has-post-thumbnail","hentry"],"featured_image_src":"https:\/\/splitboarding.rs\/wp-content\/uploads\/2021\/12\/IMG_20200124_135522-scaled.jpg","yoast_head":"<!-- This site is optimized with the Yoast SEO plugin v27.4 - https:\/\/yoast.com\/product\/yoast-seo-wordpress\/ -->\n<title>Prokletije - Splitboarding &amp; Skitouring<\/title>\n<meta name=\"description\" content=\"Prokletije su, verovatno, naj\u017eivopisniji planinski lanac na Balkanu. Pru\u017eaju se u jugozapadnom delu Srbije\" \/>\n<meta name=\"robots\" content=\"index, follow, max-snippet:-1, max-image-preview:large, max-video-preview:-1\" \/>\n<link rel=\"canonical\" href=\"https:\/\/splitboarding.rs\/en\/lokacije\/prokletije\/\" \/>\n<meta property=\"og:locale\" content=\"en_US\" \/>\n<meta property=\"og:type\" content=\"article\" \/>\n<meta property=\"og:title\" content=\"Prokletije - Splitboarding &amp; Skitouring\" \/>\n<meta property=\"og:description\" content=\"Prokletije su, verovatno, naj\u017eivopisniji planinski lanac na Balkanu. Pru\u017eaju se u jugozapadnom delu Srbije\" \/>\n<meta property=\"og:url\" content=\"https:\/\/splitboarding.rs\/en\/lokacije\/prokletije\/\" \/>\n<meta property=\"og:site_name\" content=\"Splitboarding &amp; Skitouring\" \/>\n<meta property=\"article:publisher\" content=\"https:\/\/www.facebook.com\/skitouringsplitboardingBalkans\" \/>\n<meta property=\"article:modified_time\" content=\"2023-01-26T11:53:01+00:00\" \/>\n<meta property=\"og:image\" content=\"https:\/\/splitboarding.rs\/wp-content\/uploads\/2021\/12\/IMG_20200124_135522-scaled.jpg\" \/>\n\t<meta property=\"og:image:width\" content=\"2560\" \/>\n\t<meta property=\"og:image:height\" content=\"1617\" \/>\n\t<meta property=\"og:image:type\" content=\"image\/jpeg\" \/>\n<meta name=\"twitter:card\" content=\"summary_large_image\" \/>\n<meta name=\"twitter:title\" content=\"Prokletije - Splitboarding &amp; Skitouring\" \/>\n<meta name=\"twitter:description\" content=\"Prokletije su, verovatno, naj\u017eivopisniji planinski lanac na Balkanu. Pru\u017eaju se u jugozapadnom delu Srbije\" \/>\n<meta name=\"twitter:image\" content=\"https:\/\/splitboarding.rs\/wp-content\/uploads\/2021\/12\/IMG_20200124_135522-scaled.jpg\" \/>\n<meta name=\"twitter:label1\" content=\"Est. reading time\" \/>\n\t<meta name=\"twitter:data1\" content=\"2 minutes\" \/>\n<script type=\"application\/ld+json\" class=\"yoast-schema-graph\">{\"@context\":\"https:\\\/\\\/schema.org\",\"@graph\":[{\"@type\":\"WebPage\",\"@id\":\"https:\\\/\\\/splitboarding.rs\\\/lokacije\\\/prokletije\\\/\",\"url\":\"https:\\\/\\\/splitboarding.rs\\\/lokacije\\\/prokletije\\\/\",\"name\":\"Prokletije - Splitboarding &amp; Skitouring\",\"isPartOf\":{\"@id\":\"https:\\\/\\\/splitboarding.rs\\\/#website\"},\"primaryImageOfPage\":{\"@id\":\"https:\\\/\\\/splitboarding.rs\\\/lokacije\\\/prokletije\\\/#primaryimage\"},\"image\":{\"@id\":\"https:\\\/\\\/splitboarding.rs\\\/lokacije\\\/prokletije\\\/#primaryimage\"},\"thumbnailUrl\":\"https:\\\/\\\/splitboarding.rs\\\/wp-content\\\/uploads\\\/2021\\\/12\\\/IMG_20200124_135522-scaled.jpg\",\"datePublished\":\"2021-12-20T18:26:59+00:00\",\"dateModified\":\"2023-01-26T11:53:01+00:00\",\"description\":\"Prokletije su, verovatno, naj\u017eivopisniji planinski lanac na Balkanu. Pru\u017eaju se u jugozapadnom delu Srbije\",\"breadcrumb\":{\"@id\":\"https:\\\/\\\/splitboarding.rs\\\/lokacije\\\/prokletije\\\/#breadcrumb\"},\"inLanguage\":\"en-US\",\"potentialAction\":[{\"@type\":\"ReadAction\",\"target\":[\"https:\\\/\\\/splitboarding.rs\\\/lokacije\\\/prokletije\\\/\"]}]},{\"@type\":\"ImageObject\",\"inLanguage\":\"en-US\",\"@id\":\"https:\\\/\\\/splitboarding.rs\\\/lokacije\\\/prokletije\\\/#primaryimage\",\"url\":\"https:\\\/\\\/splitboarding.rs\\\/wp-content\\\/uploads\\\/2021\\\/12\\\/IMG_20200124_135522-scaled.jpg\",\"contentUrl\":\"https:\\\/\\\/splitboarding.rs\\\/wp-content\\\/uploads\\\/2021\\\/12\\\/IMG_20200124_135522-scaled.jpg\",\"width\":2560,\"height\":1617},{\"@type\":\"BreadcrumbList\",\"@id\":\"https:\\\/\\\/splitboarding.rs\\\/lokacije\\\/prokletije\\\/#breadcrumb\",\"itemListElement\":[{\"@type\":\"ListItem\",\"position\":1,\"name\":\"Home\",\"item\":\"https:\\\/\\\/splitboarding.rs\\\/\"},{\"@type\":\"ListItem\",\"position\":2,\"name\":\"Lokacije\",\"item\":\"https:\\\/\\\/splitboarding.rs\\\/lokacije\\\/\"},{\"@type\":\"ListItem\",\"position\":3,\"name\":\"Prokletije\"}]},{\"@type\":\"WebSite\",\"@id\":\"https:\\\/\\\/splitboarding.rs\\\/#website\",\"url\":\"https:\\\/\\\/splitboarding.rs\\\/\",\"name\":\"Splitboarding & Skitouring\",\"description\":\"Tra\u017eite netaknute sne\u017ene padine Balkana, na pravom ste mestu!\",\"publisher\":{\"@id\":\"https:\\\/\\\/splitboarding.rs\\\/#organization\"},\"potentialAction\":[{\"@type\":\"SearchAction\",\"target\":{\"@type\":\"EntryPoint\",\"urlTemplate\":\"https:\\\/\\\/splitboarding.rs\\\/?s={search_term_string}\"},\"query-input\":{\"@type\":\"PropertyValueSpecification\",\"valueRequired\":true,\"valueName\":\"search_term_string\"}}],\"inLanguage\":\"en-US\"},{\"@type\":\"Organization\",\"@id\":\"https:\\\/\\\/splitboarding.rs\\\/#organization\",\"name\":\"Splitboarding & Skitouring\",\"url\":\"https:\\\/\\\/splitboarding.rs\\\/\",\"logo\":{\"@type\":\"ImageObject\",\"inLanguage\":\"en-US\",\"@id\":\"https:\\\/\\\/splitboarding.rs\\\/#\\\/schema\\\/logo\\\/image\\\/\",\"url\":\"https:\\\/\\\/splitboarding.rs\\\/wp-content\\\/uploads\\\/2023\\\/01\\\/logo_full.png\",\"contentUrl\":\"https:\\\/\\\/splitboarding.rs\\\/wp-content\\\/uploads\\\/2023\\\/01\\\/logo_full.png\",\"width\":1000,\"height\":250,\"caption\":\"Splitboarding & Skitouring\"},\"image\":{\"@id\":\"https:\\\/\\\/splitboarding.rs\\\/#\\\/schema\\\/logo\\\/image\\\/\"},\"sameAs\":[\"https:\\\/\\\/www.facebook.com\\\/skitouringsplitboardingBalkans\",\"https:\\\/\\\/www.instagram.com\\\/backcountry_balkans\\\/\"]}]}<\/script>\n<!-- \/ Yoast SEO plugin. -->","yoast_head_json":{"title":"Prokletije - Splitboarding &amp; Skitouring","description":"Prokletije su, verovatno, naj\u017eivopisniji planinski lanac na Balkanu. Pru\u017eaju se u jugozapadnom delu Srbije","robots":{"index":"index","follow":"follow","max-snippet":"max-snippet:-1","max-image-preview":"max-image-preview:large","max-video-preview":"max-video-preview:-1"},"canonical":"https:\/\/splitboarding.rs\/en\/lokacije\/prokletije\/","og_locale":"en_US","og_type":"article","og_title":"Prokletije - Splitboarding &amp; Skitouring","og_description":"Prokletije su, verovatno, naj\u017eivopisniji planinski lanac na Balkanu. Pru\u017eaju se u jugozapadnom delu Srbije","og_url":"https:\/\/splitboarding.rs\/en\/lokacije\/prokletije\/","og_site_name":"Splitboarding &amp; Skitouring","article_publisher":"https:\/\/www.facebook.com\/skitouringsplitboardingBalkans","article_modified_time":"2023-01-26T11:53:01+00:00","og_image":[{"width":2560,"height":1617,"url":"https:\/\/splitboarding.rs\/wp-content\/uploads\/2021\/12\/IMG_20200124_135522-scaled.jpg","type":"image\/jpeg"}],"twitter_card":"summary_large_image","twitter_title":"Prokletije - Splitboarding &amp; Skitouring","twitter_description":"Prokletije su, verovatno, naj\u017eivopisniji planinski lanac na Balkanu. Pru\u017eaju se u jugozapadnom delu Srbije","twitter_image":"https:\/\/splitboarding.rs\/wp-content\/uploads\/2021\/12\/IMG_20200124_135522-scaled.jpg","twitter_misc":{"Est. reading time":"2 minutes"},"schema":{"@context":"https:\/\/schema.org","@graph":[{"@type":"WebPage","@id":"https:\/\/splitboarding.rs\/lokacije\/prokletije\/","url":"https:\/\/splitboarding.rs\/lokacije\/prokletije\/","name":"Prokletije - Splitboarding &amp; Skitouring","isPartOf":{"@id":"https:\/\/splitboarding.rs\/#website"},"primaryImageOfPage":{"@id":"https:\/\/splitboarding.rs\/lokacije\/prokletije\/#primaryimage"},"image":{"@id":"https:\/\/splitboarding.rs\/lokacije\/prokletije\/#primaryimage"},"thumbnailUrl":"https:\/\/splitboarding.rs\/wp-content\/uploads\/2021\/12\/IMG_20200124_135522-scaled.jpg","datePublished":"2021-12-20T18:26:59+00:00","dateModified":"2023-01-26T11:53:01+00:00","description":"Prokletije su, verovatno, naj\u017eivopisniji planinski lanac na Balkanu. Pru\u017eaju se u jugozapadnom delu Srbije","breadcrumb":{"@id":"https:\/\/splitboarding.rs\/lokacije\/prokletije\/#breadcrumb"},"inLanguage":"en-US","potentialAction":[{"@type":"ReadAction","target":["https:\/\/splitboarding.rs\/lokacije\/prokletije\/"]}]},{"@type":"ImageObject","inLanguage":"en-US","@id":"https:\/\/splitboarding.rs\/lokacije\/prokletije\/#primaryimage","url":"https:\/\/splitboarding.rs\/wp-content\/uploads\/2021\/12\/IMG_20200124_135522-scaled.jpg","contentUrl":"https:\/\/splitboarding.rs\/wp-content\/uploads\/2021\/12\/IMG_20200124_135522-scaled.jpg","width":2560,"height":1617},{"@type":"BreadcrumbList","@id":"https:\/\/splitboarding.rs\/lokacije\/prokletije\/#breadcrumb","itemListElement":[{"@type":"ListItem","position":1,"name":"Home","item":"https:\/\/splitboarding.rs\/"},{"@type":"ListItem","position":2,"name":"Lokacije","item":"https:\/\/splitboarding.rs\/lokacije\/"},{"@type":"ListItem","position":3,"name":"Prokletije"}]},{"@type":"WebSite","@id":"https:\/\/splitboarding.rs\/#website","url":"https:\/\/splitboarding.rs\/","name":"Splitboarding & Skitouring","description":"If you are looking for untouched snowy slopes of the Balkans, you are in the right place!","publisher":{"@id":"https:\/\/splitboarding.rs\/#organization"},"potentialAction":[{"@type":"SearchAction","target":{"@type":"EntryPoint","urlTemplate":"https:\/\/splitboarding.rs\/?s={search_term_string}"},"query-input":{"@type":"PropertyValueSpecification","valueRequired":true,"valueName":"search_term_string"}}],"inLanguage":"en-US"},{"@type":"Organization","@id":"https:\/\/splitboarding.rs\/#organization","name":"Splitboarding & Skitouring","url":"https:\/\/splitboarding.rs\/","logo":{"@type":"ImageObject","inLanguage":"en-US","@id":"https:\/\/splitboarding.rs\/#\/schema\/logo\/image\/","url":"https:\/\/splitboarding.rs\/wp-content\/uploads\/2023\/01\/logo_full.png","contentUrl":"https:\/\/splitboarding.rs\/wp-content\/uploads\/2023\/01\/logo_full.png","width":1000,"height":250,"caption":"Splitboarding & Skitouring"},"image":{"@id":"https:\/\/splitboarding.rs\/#\/schema\/logo\/image\/"},"sameAs":["https:\/\/www.facebook.com\/skitouringsplitboardingBalkans","https:\/\/www.instagram.com\/backcountry_balkans\/"]}]}},"uagb_featured_image_src":{"full":["https:\/\/splitboarding.rs\/wp-content\/uploads\/2021\/12\/IMG_20200124_135522-scaled.jpg",2560,1617,false],"thumbnail":["https:\/\/splitboarding.rs\/wp-content\/uploads\/2021\/12\/IMG_20200124_135522-150x150.jpg",150,150,true],"medium":["https:\/\/splitboarding.rs\/wp-content\/uploads\/2021\/12\/IMG_20200124_135522-300x189.jpg",300,189,true],"medium_large":["https:\/\/splitboarding.rs\/wp-content\/uploads\/2021\/12\/IMG_20200124_135522-768x485.jpg",768,485,true],"large":["https:\/\/splitboarding.rs\/wp-content\/uploads\/2021\/12\/IMG_20200124_135522-1024x647.jpg",1024,647,true],"1536x1536":["https:\/\/splitboarding.rs\/wp-content\/uploads\/2021\/12\/IMG_20200124_135522-1536x970.jpg",1536,970,true],"2048x2048":["https:\/\/splitboarding.rs\/wp-content\/uploads\/2021\/12\/IMG_20200124_135522-2048x1293.jpg",2048,1293,true],"trp-custom-language-flag":["https:\/\/splitboarding.rs\/wp-content\/uploads\/2021\/12\/IMG_20200124_135522-scaled.jpg",18,12,false]},"uagb_author_info":{"display_name":"splitboarding \/ skitouring","author_link":"http:\/\/splitboarding.rs\/en\/author\/splitboarding\/"},"uagb_comment_info":0,"uagb_excerpt":"Prokletije su, verovatno, naj\u017eivopisniji planinski lanac na Balkanu. Pru\u017eaju se u jugozapadnom delu Srbije, na severu Albanije i istoku Crne Gore. Najvi\u0161i vrh je Jezerski vrh (2694). Prokletije obiluju veoma raznolikim reljefnim oblicima: visoke litice, vrhovi, grebeni, cirkovi, jame, ledni\u010dke doline, jezera, pe\u0107ine&#8230; Dovoljno je da jednom posetite ove jedinstvene planine i da vam zauvek&hellip;","_links":{"self":[{"href":"http:\/\/splitboarding.rs\/en\/wp-json\/wp\/v2\/pages\/151","targetHints":{"allow":["GET"]}}],"collection":[{"href":"http:\/\/splitboarding.rs\/en\/wp-json\/wp\/v2\/pages"}],"about":[{"href":"http:\/\/splitboarding.rs\/en\/wp-json\/wp\/v2\/types\/page"}],"author":[{"embeddable":true,"href":"http:\/\/splitboarding.rs\/en\/wp-json\/wp\/v2\/users\/1"}],"replies":[{"embeddable":true,"href":"http:\/\/splitboarding.rs\/en\/wp-json\/wp\/v2\/comments?post=151"}],"version-history":[{"count":8,"href":"http:\/\/splitboarding.rs\/en\/wp-json\/wp\/v2\/pages\/151\/revisions"}],"predecessor-version":[{"id":861,"href":"http:\/\/splitboarding.rs\/en\/wp-json\/wp\/v2\/pages\/151\/revisions\/861"}],"up":[{"embeddable":true,"href":"http:\/\/splitboarding.rs\/en\/wp-json\/wp\/v2\/pages\/126"}],"wp:featuredmedia":[{"embeddable":true,"href":"http:\/\/splitboarding.rs\/en\/wp-json\/wp\/v2\/media\/152"}],"wp:attachment":[{"href":"http:\/\/splitboarding.rs\/en\/wp-json\/wp\/v2\/media?parent=151"}],"curies":[{"name":"wp","href":"https:\/\/api.w.org\/{rel}","templated":true}]}}