{"id":126,"date":"2021-12-02T16:59:26","date_gmt":"2021-12-02T16:59:26","guid":{"rendered":"https:\/\/splitboarding.rs\/?page_id=126"},"modified":"2023-01-26T12:49:37","modified_gmt":"2023-01-26T11:49:37","slug":"lokacije","status":"publish","type":"page","link":"http:\/\/splitboarding.rs\/en\/lokacije\/","title":{"rendered":"Locations"},"content":{"rendered":"<p>Iako su planine Balkanskog poluostrva relativno ni\u017ee od Alpa, one itekako mogu biti zanimljive za razli\u010dite vrste planinskih sportova i aktivnosti, u koje, razume se, spada i turno skijanje. Raznolikost geografskog polo\u017eaja, topografskih i fizi\u010dkih karakteristika planina u na\u0161em regionu, pru\u017ea razli\u010dite mogu\u0107nosti za bavljenje ovom aktivno\u0161\u0107u. Uz pomo\u0107 turno skija ili splitborda mo\u017eete planinariti usred zime, skijati van gu\u017eve, u\u017eivati frirajdu ili neverovatnom pogledu sa vrhova. \u017delimo da vas ovde upoznamo sa najatraktivnijim i najpogodnijim lokacijama za turno skijanje na Balkanu. Za vi\u0161e detalja o organizaciji tura i planiranih termina, pratite objave na sajtu i na na\u0161im stranicama na dru\u0161tvenim mre\u017eama ili nas kontaktirajte preko imejl adresa: <a rel=\"noreferrer noopener\" href=\"mailto:office@splitboarding.rs\" target=\"_blank\">\u2709<\/a> <a href=\"mailto:splitboardingserbia@gmail.com\" target=\"_blank\" rel=\"noreferrer noopener\">splitboardingserbia@gmail.com<\/a> ili <a rel=\"noreferrer noopener\" href=\"mailto:office@splitboarding.rs\" target=\"_blank\">\u2709<\/a> <a href=\"mailto:skitouringserbia@gmail.com\" target=\"_blank\" rel=\"noreferrer noopener\">skitouringserbia@gmail.com<\/a>.<\/p>\n\n\n\n<div style=\"height:64px\" aria-hidden=\"true\" class=\"wp-block-spacer\"><\/div>\n\n\n\n<div class=\"wp-block-cover alignfull is-light has-parallax lokacije_wrap\" style=\"min-height:900px;aspect-ratio:unset;\"><span aria-hidden=\"true\" class=\"wp-block-cover__background has-background-dim\"><\/span><div role=\"img\" class=\"wp-block-cover__image-background wp-image-1036 has-parallax\" style=\"background-position:50% 50%;background-image:url(https:\/\/splitboarding.rs\/wp-content\/uploads\/2023\/01\/IMG_0545.jpg)\"><\/div><div class=\"wp-block-cover__inner-container is-layout-flow wp-block-cover-is-layout-flow\">\n<div class=\"wp-block-columns is-layout-flex wp-container-core-columns-is-layout-28f84493 wp-block-columns-is-layout-flex\">\n<div class=\"wp-block-column is-layout-flow wp-block-column-is-layout-flow\">\n<figure class=\"wp-block-image aligncenter size-full is-style-default\"><a href=\"https:\/\/splitboarding.rs\/en\/lokacije\/durmitor\/\"><img loading=\"lazy\" decoding=\"async\" width=\"1024\" height=\"678\" src=\"https:\/\/splitboarding.rs\/wp-content\/uploads\/2023\/01\/Durmitor_1.jpg\" alt=\"\" class=\"wp-image-721\" srcset=\"https:\/\/splitboarding.rs\/wp-content\/uploads\/2023\/01\/Durmitor_1.jpg 1024w, https:\/\/splitboarding.rs\/wp-content\/uploads\/2023\/01\/Durmitor_1-300x199.jpg 300w, https:\/\/splitboarding.rs\/wp-content\/uploads\/2023\/01\/Durmitor_1-768x509.jpg 768w\" sizes=\"auto, (max-width: 1024px) 100vw, 1024px\" \/><\/a><figcaption class=\"wp-element-caption\"><a href=\"https:\/\/splitboarding.rs\/en\/lokacije\/durmitor\/\" data-type=\"page\" data-id=\"158\">Durmitor<\/a><\/figcaption><\/figure>\n<\/div>\n\n\n\n<div class=\"wp-block-column is-layout-flow wp-block-column-is-layout-flow\">\n<figure class=\"wp-block-image aligncenter size-full is-style-default\"><a href=\"https:\/\/splitboarding.rs\/en\/lokacije\/korab\/\"><img loading=\"lazy\" decoding=\"async\" width=\"1024\" height=\"678\" src=\"https:\/\/splitboarding.rs\/wp-content\/uploads\/2023\/01\/Korab-1.jpg\" alt=\"\" class=\"wp-image-722\" srcset=\"https:\/\/splitboarding.rs\/wp-content\/uploads\/2023\/01\/Korab-1.jpg 1024w, https:\/\/splitboarding.rs\/wp-content\/uploads\/2023\/01\/Korab-1-300x199.jpg 300w, https:\/\/splitboarding.rs\/wp-content\/uploads\/2023\/01\/Korab-1-768x509.jpg 768w\" sizes=\"auto, (max-width: 1024px) 100vw, 1024px\" \/><\/a><figcaption class=\"wp-element-caption\"><a href=\"https:\/\/splitboarding.rs\/en\/lokacije\/korab\/\" data-type=\"page\" data-id=\"168\">Korab<\/a><\/figcaption><\/figure>\n<\/div>\n\n\n\n<div class=\"wp-block-column is-layout-flow wp-block-column-is-layout-flow\">\n<figure class=\"wp-block-image aligncenter size-full is-style-default\"><a href=\"https:\/\/splitboarding.rs\/en\/lokacije\/prokletije\/\"><img loading=\"lazy\" decoding=\"async\" width=\"1024\" height=\"678\" src=\"https:\/\/splitboarding.rs\/wp-content\/uploads\/2023\/01\/Prokletije-1.jpg\" alt=\"\" class=\"wp-image-723\" srcset=\"https:\/\/splitboarding.rs\/wp-content\/uploads\/2023\/01\/Prokletije-1.jpg 1024w, https:\/\/splitboarding.rs\/wp-content\/uploads\/2023\/01\/Prokletije-1-300x199.jpg 300w, https:\/\/splitboarding.rs\/wp-content\/uploads\/2023\/01\/Prokletije-1-768x509.jpg 768w\" sizes=\"auto, (max-width: 1024px) 100vw, 1024px\" \/><\/a><figcaption class=\"wp-element-caption\"><a href=\"https:\/\/splitboarding.rs\/en\/lokacije\/prokletije\/\" data-type=\"page\" data-id=\"151\">Prokletije<\/a><\/figcaption><\/figure>\n<\/div>\n<\/div>\n\n\n\n<div class=\"wp-block-columns is-layout-flex wp-container-core-columns-is-layout-28f84493 wp-block-columns-is-layout-flex\">\n<div class=\"wp-block-column is-layout-flow wp-block-column-is-layout-flow\">\n<figure class=\"wp-block-image aligncenter size-full\"><a href=\"https:\/\/splitboarding.rs\/en\/lokacije\/zlatibor\/\"><img loading=\"lazy\" decoding=\"async\" width=\"1024\" height=\"678\" src=\"https:\/\/splitboarding.rs\/wp-content\/uploads\/2023\/01\/Zlatibor-1.jpg\" alt=\"\" class=\"wp-image-728\" srcset=\"https:\/\/splitboarding.rs\/wp-content\/uploads\/2023\/01\/Zlatibor-1.jpg 1024w, https:\/\/splitboarding.rs\/wp-content\/uploads\/2023\/01\/Zlatibor-1-300x199.jpg 300w, https:\/\/splitboarding.rs\/wp-content\/uploads\/2023\/01\/Zlatibor-1-768x509.jpg 768w\" sizes=\"auto, (max-width: 1024px) 100vw, 1024px\" \/><\/a><figcaption class=\"wp-element-caption\"><a href=\"https:\/\/splitboarding.rs\/en\/lokacije\/zlatibor\/\" data-type=\"page\" data-id=\"163\">Zlatibor<\/a><\/figcaption><\/figure>\n<\/div>\n\n\n\n<div class=\"wp-block-column is-layout-flow wp-block-column-is-layout-flow\">\n<figure class=\"wp-block-image aligncenter size-full\"><a href=\"https:\/\/splitboarding.rs\/en\/lokacije\/kopaonik\/\"><img loading=\"lazy\" decoding=\"async\" width=\"1024\" height=\"678\" src=\"https:\/\/splitboarding.rs\/wp-content\/uploads\/2023\/01\/Kopaonik-1.jpg\" alt=\"\" class=\"wp-image-729\" srcset=\"https:\/\/splitboarding.rs\/wp-content\/uploads\/2023\/01\/Kopaonik-1.jpg 1024w, https:\/\/splitboarding.rs\/wp-content\/uploads\/2023\/01\/Kopaonik-1-300x199.jpg 300w, https:\/\/splitboarding.rs\/wp-content\/uploads\/2023\/01\/Kopaonik-1-768x509.jpg 768w\" sizes=\"auto, (max-width: 1024px) 100vw, 1024px\" \/><\/a><figcaption class=\"wp-element-caption\"><a href=\"https:\/\/splitboarding.rs\/en\/lokacije\/kopaonik\/\" data-type=\"page\" data-id=\"41\">Kopaonik<\/a><\/figcaption><\/figure>\n<\/div>\n\n\n\n<div class=\"wp-block-column is-layout-flow wp-block-column-is-layout-flow\">\n<figure class=\"wp-block-image aligncenter size-full\"><a href=\"https:\/\/splitboarding.rs\/en\/lokacije\/sar-planina\/\"><img loading=\"lazy\" decoding=\"async\" width=\"1024\" height=\"678\" src=\"https:\/\/splitboarding.rs\/wp-content\/uploads\/2023\/01\/SarPlanina.jpg\" alt=\"\" class=\"wp-image-730\" srcset=\"https:\/\/splitboarding.rs\/wp-content\/uploads\/2023\/01\/SarPlanina.jpg 1024w, https:\/\/splitboarding.rs\/wp-content\/uploads\/2023\/01\/SarPlanina-300x199.jpg 300w, https:\/\/splitboarding.rs\/wp-content\/uploads\/2023\/01\/SarPlanina-768x509.jpg 768w\" sizes=\"auto, (max-width: 1024px) 100vw, 1024px\" \/><\/a><figcaption class=\"wp-element-caption\"><a href=\"https:\/\/splitboarding.rs\/en\/lokacije\/sar-planina\/\" data-type=\"page\" data-id=\"115\">\u0160ar Planina<\/a><\/figcaption><\/figure>\n<\/div>\n\n\n\n<div class=\"wp-block-column is-layout-flow wp-block-column-is-layout-flow\">\n<figure class=\"wp-block-image aligncenter size-full\"><a href=\"https:\/\/splitboarding.rs\/en\/lokacije\/stara-planina\/\"><img loading=\"lazy\" decoding=\"async\" width=\"1024\" height=\"678\" src=\"https:\/\/splitboarding.rs\/wp-content\/uploads\/2023\/01\/Stara-planina.jpg\" alt=\"\" class=\"wp-image-731\" srcset=\"https:\/\/splitboarding.rs\/wp-content\/uploads\/2023\/01\/Stara-planina.jpg 1024w, https:\/\/splitboarding.rs\/wp-content\/uploads\/2023\/01\/Stara-planina-300x199.jpg 300w, https:\/\/splitboarding.rs\/wp-content\/uploads\/2023\/01\/Stara-planina-768x509.jpg 768w\" sizes=\"auto, (max-width: 1024px) 100vw, 1024px\" \/><\/a><figcaption class=\"wp-element-caption\"><a href=\"https:\/\/splitboarding.rs\/en\/lokacije\/stara-planina\/\" data-type=\"page\" data-id=\"105\">Stara Planina<\/a><\/figcaption><\/figure>\n<\/div>\n<\/div>\n<\/div><\/div>","protected":false},"excerpt":{"rendered":"<p>Iako su planine Balkanskog poluostrva relativno ni\u017ee od Alpa, one itekako mogu biti zanimljive za razli\u010dite vrste planinskih sportova i aktivnosti, u koje, razume se, spada i turno skijanje. Raznolikost geografskog polo\u017eaja, topografskih i fizi\u010dkih karakteristika planina u na\u0161em regionu, pru\u017ea razli\u010dite mogu\u0107nosti za bavljenje ovom aktivno\u0161\u0107u. Uz pomo\u0107 turno skija ili splitborda mo\u017eete planinariti [&hellip;]<\/p>\n","protected":false},"author":1,"featured_media":584,"parent":0,"menu_order":0,"comment_status":"closed","ping_status":"closed","template":"","meta":{"_uag_custom_page_level_css":"","site-sidebar-layout":"default","site-content-layout":"","ast-site-content-layout":"default","site-content-style":"default","site-sidebar-style":"default","ast-global-header-display":"","ast-banner-title-visibility":"","ast-main-header-display":"","ast-hfb-above-header-display":"","ast-hfb-below-header-display":"","ast-hfb-mobile-header-display":"","site-post-title":"","ast-breadcrumbs-content":"","ast-featured-img":"disabled","footer-sml-layout":"","ast-disable-related-posts":"","theme-transparent-header-meta":"","adv-header-id-meta":"","stick-header-meta":"","header-above-stick-meta":"","header-main-stick-meta":"","header-below-stick-meta":"","astra-migrate-meta-layouts":"default","ast-page-background-enabled":"default","ast-page-background-meta":{"desktop":{"background-color":"var(--ast-global-color-4)","background-image":"","background-repeat":"repeat","background-position":"center center","background-size":"auto","background-attachment":"scroll","background-type":"","background-media":"","overlay-type":"","overlay-color":"","overlay-opacity":"","overlay-gradient":""},"tablet":{"background-color":"","background-image":"","background-repeat":"repeat","background-position":"center center","background-size":"auto","background-attachment":"scroll","background-type":"","background-media":"","overlay-type":"","overlay-color":"","overlay-opacity":"","overlay-gradient":""},"mobile":{"background-color":"","background-image":"","background-repeat":"repeat","background-position":"center center","background-size":"auto","background-attachment":"scroll","background-type":"","background-media":"","overlay-type":"","overlay-color":"","overlay-opacity":"","overlay-gradient":""}},"ast-content-background-meta":{"desktop":{"background-color":"var(--ast-global-color-5)","background-image":"","background-repeat":"repeat","background-position":"center center","background-size":"auto","background-attachment":"scroll","background-type":"","background-media":"","overlay-type":"","overlay-color":"","overlay-opacity":"","overlay-gradient":""},"tablet":{"background-color":"var(--ast-global-color-5)","background-image":"","background-repeat":"repeat","background-position":"center center","background-size":"auto","background-attachment":"scroll","background-type":"","background-media":"","overlay-type":"","overlay-color":"","overlay-opacity":"","overlay-gradient":""},"mobile":{"background-color":"var(--ast-global-color-5)","background-image":"","background-repeat":"repeat","background-position":"center center","background-size":"auto","background-attachment":"scroll","background-type":"","background-media":"","overlay-type":"","overlay-color":"","overlay-opacity":"","overlay-gradient":""}},"footnotes":""},"class_list":["post-126","page","type-page","status-publish","has-post-thumbnail","hentry"],"featured_image_src":"https:\/\/splitboarding.rs\/wp-content\/uploads\/2023\/01\/Durmitor-1-2-scaled.jpg","yoast_head":"<!-- This site is optimized with the Yoast SEO plugin v27.4 - https:\/\/yoast.com\/product\/yoast-seo-wordpress\/ -->\n<title>Lokacije - Splitboarding &amp; Skitouring<\/title>\n<meta name=\"description\" content=\"Iako su planine Balkanskog poluostrva relativno ni\u017ee od Alpa, one itekako mogu biti zanimljive za razli\u010dite vrste planinskih sportova\" \/>\n<meta name=\"robots\" content=\"index, follow, max-snippet:-1, max-image-preview:large, max-video-preview:-1\" \/>\n<link rel=\"canonical\" href=\"https:\/\/splitboarding.rs\/en\/lokacije\/\" \/>\n<meta property=\"og:locale\" content=\"en_US\" \/>\n<meta property=\"og:type\" content=\"article\" \/>\n<meta property=\"og:title\" content=\"Lokacije - Splitboarding &amp; Skitouring\" \/>\n<meta property=\"og:description\" content=\"Iako su planine Balkanskog poluostrva relativno ni\u017ee od Alpa, one itekako mogu biti zanimljive za razli\u010dite vrste planinskih sportova\" \/>\n<meta property=\"og:url\" content=\"https:\/\/splitboarding.rs\/en\/lokacije\/\" \/>\n<meta property=\"og:site_name\" content=\"Splitboarding &amp; Skitouring\" \/>\n<meta property=\"article:publisher\" content=\"https:\/\/www.facebook.com\/skitouringsplitboardingBalkans\" \/>\n<meta property=\"article:modified_time\" content=\"2023-01-26T11:49:37+00:00\" \/>\n<meta property=\"og:image\" content=\"https:\/\/splitboarding.rs\/wp-content\/uploads\/2023\/01\/Durmitor-1-2-scaled.jpg\" \/>\n\t<meta property=\"og:image:width\" content=\"2560\" \/>\n\t<meta property=\"og:image:height\" content=\"1707\" \/>\n\t<meta property=\"og:image:type\" content=\"image\/jpeg\" \/>\n<meta name=\"twitter:card\" content=\"summary_large_image\" \/>\n<meta name=\"twitter:title\" content=\"Lokacije - Splitboarding &amp; Skitouring\" \/>\n<meta name=\"twitter:description\" content=\"Iako su planine Balkanskog poluostrva relativno ni\u017ee od Alpa, one itekako mogu biti zanimljive za razli\u010dite vrste planinskih sportova\" \/>\n<meta name=\"twitter:image\" content=\"https:\/\/splitboarding.rs\/wp-content\/uploads\/2023\/01\/Durmitor-1-2-scaled.jpg\" \/>\n<meta name=\"twitter:label1\" content=\"Est. reading time\" \/>\n\t<meta name=\"twitter:data1\" content=\"1 minute\" \/>\n<script type=\"application\/ld+json\" class=\"yoast-schema-graph\">{\"@context\":\"https:\\\/\\\/schema.org\",\"@graph\":[{\"@type\":\"WebPage\",\"@id\":\"https:\\\/\\\/splitboarding.rs\\\/lokacije\\\/\",\"url\":\"https:\\\/\\\/splitboarding.rs\\\/lokacije\\\/\",\"name\":\"Lokacije - Splitboarding &amp; Skitouring\",\"isPartOf\":{\"@id\":\"https:\\\/\\\/splitboarding.rs\\\/#website\"},\"primaryImageOfPage\":{\"@id\":\"https:\\\/\\\/splitboarding.rs\\\/lokacije\\\/#primaryimage\"},\"image\":{\"@id\":\"https:\\\/\\\/splitboarding.rs\\\/lokacije\\\/#primaryimage\"},\"thumbnailUrl\":\"https:\\\/\\\/splitboarding.rs\\\/wp-content\\\/uploads\\\/2023\\\/01\\\/Durmitor-1-2-scaled.jpg\",\"datePublished\":\"2021-12-02T16:59:26+00:00\",\"dateModified\":\"2023-01-26T11:49:37+00:00\",\"description\":\"Iako su planine Balkanskog poluostrva relativno ni\u017ee od Alpa, one itekako mogu biti zanimljive za razli\u010dite vrste planinskih sportova\",\"breadcrumb\":{\"@id\":\"https:\\\/\\\/splitboarding.rs\\\/lokacije\\\/#breadcrumb\"},\"inLanguage\":\"en-US\",\"potentialAction\":[{\"@type\":\"ReadAction\",\"target\":[\"https:\\\/\\\/splitboarding.rs\\\/lokacije\\\/\"]}]},{\"@type\":\"ImageObject\",\"inLanguage\":\"en-US\",\"@id\":\"https:\\\/\\\/splitboarding.rs\\\/lokacije\\\/#primaryimage\",\"url\":\"https:\\\/\\\/splitboarding.rs\\\/wp-content\\\/uploads\\\/2023\\\/01\\\/Durmitor-1-2-scaled.jpg\",\"contentUrl\":\"https:\\\/\\\/splitboarding.rs\\\/wp-content\\\/uploads\\\/2023\\\/01\\\/Durmitor-1-2-scaled.jpg\",\"width\":2560,\"height\":1707},{\"@type\":\"BreadcrumbList\",\"@id\":\"https:\\\/\\\/splitboarding.rs\\\/lokacije\\\/#breadcrumb\",\"itemListElement\":[{\"@type\":\"ListItem\",\"position\":1,\"name\":\"Home\",\"item\":\"https:\\\/\\\/splitboarding.rs\\\/\"},{\"@type\":\"ListItem\",\"position\":2,\"name\":\"Lokacije\"}]},{\"@type\":\"WebSite\",\"@id\":\"https:\\\/\\\/splitboarding.rs\\\/#website\",\"url\":\"https:\\\/\\\/splitboarding.rs\\\/\",\"name\":\"Splitboarding & Skitouring\",\"description\":\"Tra\u017eite netaknute sne\u017ene padine Balkana, na pravom ste mestu!\",\"publisher\":{\"@id\":\"https:\\\/\\\/splitboarding.rs\\\/#organization\"},\"potentialAction\":[{\"@type\":\"SearchAction\",\"target\":{\"@type\":\"EntryPoint\",\"urlTemplate\":\"https:\\\/\\\/splitboarding.rs\\\/?s={search_term_string}\"},\"query-input\":{\"@type\":\"PropertyValueSpecification\",\"valueRequired\":true,\"valueName\":\"search_term_string\"}}],\"inLanguage\":\"en-US\"},{\"@type\":\"Organization\",\"@id\":\"https:\\\/\\\/splitboarding.rs\\\/#organization\",\"name\":\"Splitboarding & Skitouring\",\"url\":\"https:\\\/\\\/splitboarding.rs\\\/\",\"logo\":{\"@type\":\"ImageObject\",\"inLanguage\":\"en-US\",\"@id\":\"https:\\\/\\\/splitboarding.rs\\\/#\\\/schema\\\/logo\\\/image\\\/\",\"url\":\"https:\\\/\\\/splitboarding.rs\\\/wp-content\\\/uploads\\\/2023\\\/01\\\/logo_full.png\",\"contentUrl\":\"https:\\\/\\\/splitboarding.rs\\\/wp-content\\\/uploads\\\/2023\\\/01\\\/logo_full.png\",\"width\":1000,\"height\":250,\"caption\":\"Splitboarding & Skitouring\"},\"image\":{\"@id\":\"https:\\\/\\\/splitboarding.rs\\\/#\\\/schema\\\/logo\\\/image\\\/\"},\"sameAs\":[\"https:\\\/\\\/www.facebook.com\\\/skitouringsplitboardingBalkans\",\"https:\\\/\\\/www.instagram.com\\\/backcountry_balkans\\\/\"]}]}<\/script>\n<!-- \/ Yoast SEO plugin. -->","yoast_head_json":{"title":"Lokacije - Splitboarding &amp; Skitouring","description":"Iako su planine Balkanskog poluostrva relativno ni\u017ee od Alpa, one itekako mogu biti zanimljive za razli\u010dite vrste planinskih sportova","robots":{"index":"index","follow":"follow","max-snippet":"max-snippet:-1","max-image-preview":"max-image-preview:large","max-video-preview":"max-video-preview:-1"},"canonical":"https:\/\/splitboarding.rs\/en\/lokacije\/","og_locale":"en_US","og_type":"article","og_title":"Lokacije - Splitboarding &amp; Skitouring","og_description":"Iako su planine Balkanskog poluostrva relativno ni\u017ee od Alpa, one itekako mogu biti zanimljive za razli\u010dite vrste planinskih sportova","og_url":"https:\/\/splitboarding.rs\/en\/lokacije\/","og_site_name":"Splitboarding &amp; Skitouring","article_publisher":"https:\/\/www.facebook.com\/skitouringsplitboardingBalkans","article_modified_time":"2023-01-26T11:49:37+00:00","og_image":[{"width":2560,"height":1707,"url":"https:\/\/splitboarding.rs\/wp-content\/uploads\/2023\/01\/Durmitor-1-2-scaled.jpg","type":"image\/jpeg"}],"twitter_card":"summary_large_image","twitter_title":"Lokacije - Splitboarding &amp; Skitouring","twitter_description":"Iako su planine Balkanskog poluostrva relativno ni\u017ee od Alpa, one itekako mogu biti zanimljive za razli\u010dite vrste planinskih sportova","twitter_image":"https:\/\/splitboarding.rs\/wp-content\/uploads\/2023\/01\/Durmitor-1-2-scaled.jpg","twitter_misc":{"Est. reading time":"1 minute"},"schema":{"@context":"https:\/\/schema.org","@graph":[{"@type":"WebPage","@id":"https:\/\/splitboarding.rs\/lokacije\/","url":"https:\/\/splitboarding.rs\/lokacije\/","name":"Lokacije - Splitboarding &amp; Skitouring","isPartOf":{"@id":"https:\/\/splitboarding.rs\/#website"},"primaryImageOfPage":{"@id":"https:\/\/splitboarding.rs\/lokacije\/#primaryimage"},"image":{"@id":"https:\/\/splitboarding.rs\/lokacije\/#primaryimage"},"thumbnailUrl":"https:\/\/splitboarding.rs\/wp-content\/uploads\/2023\/01\/Durmitor-1-2-scaled.jpg","datePublished":"2021-12-02T16:59:26+00:00","dateModified":"2023-01-26T11:49:37+00:00","description":"Iako su planine Balkanskog poluostrva relativno ni\u017ee od Alpa, one itekako mogu biti zanimljive za razli\u010dite vrste planinskih sportova","breadcrumb":{"@id":"https:\/\/splitboarding.rs\/lokacije\/#breadcrumb"},"inLanguage":"en-US","potentialAction":[{"@type":"ReadAction","target":["https:\/\/splitboarding.rs\/lokacije\/"]}]},{"@type":"ImageObject","inLanguage":"en-US","@id":"https:\/\/splitboarding.rs\/lokacije\/#primaryimage","url":"https:\/\/splitboarding.rs\/wp-content\/uploads\/2023\/01\/Durmitor-1-2-scaled.jpg","contentUrl":"https:\/\/splitboarding.rs\/wp-content\/uploads\/2023\/01\/Durmitor-1-2-scaled.jpg","width":2560,"height":1707},{"@type":"BreadcrumbList","@id":"https:\/\/splitboarding.rs\/lokacije\/#breadcrumb","itemListElement":[{"@type":"ListItem","position":1,"name":"Home","item":"https:\/\/splitboarding.rs\/"},{"@type":"ListItem","position":2,"name":"Lokacije"}]},{"@type":"WebSite","@id":"https:\/\/splitboarding.rs\/#website","url":"https:\/\/splitboarding.rs\/","name":"Splitboarding & Skitouring","description":"If you are looking for untouched snowy slopes of the Balkans, you are in the right place!","publisher":{"@id":"https:\/\/splitboarding.rs\/#organization"},"potentialAction":[{"@type":"SearchAction","target":{"@type":"EntryPoint","urlTemplate":"https:\/\/splitboarding.rs\/?s={search_term_string}"},"query-input":{"@type":"PropertyValueSpecification","valueRequired":true,"valueName":"search_term_string"}}],"inLanguage":"en-US"},{"@type":"Organization","@id":"https:\/\/splitboarding.rs\/#organization","name":"Splitboarding & Skitouring","url":"https:\/\/splitboarding.rs\/","logo":{"@type":"ImageObject","inLanguage":"en-US","@id":"https:\/\/splitboarding.rs\/#\/schema\/logo\/image\/","url":"https:\/\/splitboarding.rs\/wp-content\/uploads\/2023\/01\/logo_full.png","contentUrl":"https:\/\/splitboarding.rs\/wp-content\/uploads\/2023\/01\/logo_full.png","width":1000,"height":250,"caption":"Splitboarding & Skitouring"},"image":{"@id":"https:\/\/splitboarding.rs\/#\/schema\/logo\/image\/"},"sameAs":["https:\/\/www.facebook.com\/skitouringsplitboardingBalkans","https:\/\/www.instagram.com\/backcountry_balkans\/"]}]}},"uagb_featured_image_src":{"full":["https:\/\/splitboarding.rs\/wp-content\/uploads\/2023\/01\/Durmitor-1-2-scaled.jpg",2560,1707,false],"thumbnail":["https:\/\/splitboarding.rs\/wp-content\/uploads\/2023\/01\/Durmitor-1-2-150x150.jpg",150,150,true],"medium":["https:\/\/splitboarding.rs\/wp-content\/uploads\/2023\/01\/Durmitor-1-2-300x200.jpg",300,200,true],"medium_large":["https:\/\/splitboarding.rs\/wp-content\/uploads\/2023\/01\/Durmitor-1-2-768x512.jpg",768,512,true],"large":["https:\/\/splitboarding.rs\/wp-content\/uploads\/2023\/01\/Durmitor-1-2-1024x683.jpg",1024,683,true],"1536x1536":["https:\/\/splitboarding.rs\/wp-content\/uploads\/2023\/01\/Durmitor-1-2-1536x1024.jpg",1536,1024,true],"2048x2048":["https:\/\/splitboarding.rs\/wp-content\/uploads\/2023\/01\/Durmitor-1-2-2048x1365.jpg",2048,1365,true],"trp-custom-language-flag":["https:\/\/splitboarding.rs\/wp-content\/uploads\/2023\/01\/Durmitor-1-2-scaled.jpg",18,12,false]},"uagb_author_info":{"display_name":"splitboarding \/ skitouring","author_link":"http:\/\/splitboarding.rs\/en\/author\/splitboarding\/"},"uagb_comment_info":0,"uagb_excerpt":"Iako su planine Balkanskog poluostrva relativno ni\u017ee od Alpa, one itekako mogu biti zanimljive za razli\u010dite vrste planinskih sportova i aktivnosti, u koje, razume se, spada i turno skijanje. Raznolikost geografskog polo\u017eaja, topografskih i fizi\u010dkih karakteristika planina u na\u0161em regionu, pru\u017ea razli\u010dite mogu\u0107nosti za bavljenje ovom aktivno\u0161\u0107u. Uz pomo\u0107 turno skija ili splitborda mo\u017eete planinariti&hellip;","_links":{"self":[{"href":"http:\/\/splitboarding.rs\/en\/wp-json\/wp\/v2\/pages\/126","targetHints":{"allow":["GET"]}}],"collection":[{"href":"http:\/\/splitboarding.rs\/en\/wp-json\/wp\/v2\/pages"}],"about":[{"href":"http:\/\/splitboarding.rs\/en\/wp-json\/wp\/v2\/types\/page"}],"author":[{"embeddable":true,"href":"http:\/\/splitboarding.rs\/en\/wp-json\/wp\/v2\/users\/1"}],"replies":[{"embeddable":true,"href":"http:\/\/splitboarding.rs\/en\/wp-json\/wp\/v2\/comments?post=126"}],"version-history":[{"count":11,"href":"http:\/\/splitboarding.rs\/en\/wp-json\/wp\/v2\/pages\/126\/revisions"}],"predecessor-version":[{"id":1028,"href":"http:\/\/splitboarding.rs\/en\/wp-json\/wp\/v2\/pages\/126\/revisions\/1028"}],"wp:featuredmedia":[{"embeddable":true,"href":"http:\/\/splitboarding.rs\/en\/wp-json\/wp\/v2\/media\/584"}],"wp:attachment":[{"href":"http:\/\/splitboarding.rs\/en\/wp-json\/wp\/v2\/media?parent=126"}],"curies":[{"name":"wp","href":"https:\/\/api.w.org\/{rel}","templated":true}]}}