{"id":115,"date":"2021-12-02T16:27:49","date_gmt":"2021-12-02T16:27:49","guid":{"rendered":"https:\/\/splitboarding.rs\/?page_id=115"},"modified":"2023-01-26T12:58:51","modified_gmt":"2023-01-26T11:58:51","slug":"sar-planina","status":"publish","type":"page","link":"http:\/\/splitboarding.rs\/en\/lokacije\/sar-planina\/","title":{"rendered":"\u0160ar planina"},"content":{"rendered":"<p>\u0160ar planina je planinski venac dug preko 80 km na krajnjem jugu Srbije, du\u017e granice sa Makedonijom. Povoljan geografski polo\u017eaj i relativno visoka nadmorska visina (brojni vrhovi preko 2000 m) doprinose velikim koli\u010dinama sne\u017enih padavina. Sneg se na severnim padinama i pojedinim kuloarima zadr\u017eava i do juna.<\/p>\n\n\n\n<p>Na \u0160ar planini postoji veliki broj terena pogodnih za turno skijanje \/ splitbording, a posebno za frirajd (freeride). U delu planine koji pripada op\u0161tini \u0160trpce je izgra\u0111eno skijali\u0161te Brezovica, koje predstavlja poseban raritet u svetu skijanja, a i odli\u010dnu bazu za izvo\u0111enje tura. Osim Brezovice, za ski turing i frirajd, izuzetno su pogodni brojni vrhovi i amfiteatri, po\u010dev od Ljubotena, pa dalje preko Crnog vrha, Peskova, Konju\u0161ke, Kobilice, Rudoke, Vrace,&#8230;<\/p>\n\n\n\n<figure class=\"wp-block-gallery has-nested-images columns-default is-cropped wp-block-gallery-1 is-layout-flex wp-block-gallery-is-layout-flex\">\n<figure class=\"wp-block-image size-full\"><img loading=\"lazy\" decoding=\"async\" width=\"2560\" height=\"1141\" data-id=\"120\" src=\"https:\/\/splitboarding.rs\/wp-content\/uploads\/2021\/12\/IMG_20180310_103641-scaled.jpg\" alt=\"\" class=\"wp-image-120\" srcset=\"https:\/\/splitboarding.rs\/wp-content\/uploads\/2021\/12\/IMG_20180310_103641-scaled.jpg 2560w, https:\/\/splitboarding.rs\/wp-content\/uploads\/2021\/12\/IMG_20180310_103641-300x134.jpg 300w, https:\/\/splitboarding.rs\/wp-content\/uploads\/2021\/12\/IMG_20180310_103641-1024x456.jpg 1024w, https:\/\/splitboarding.rs\/wp-content\/uploads\/2021\/12\/IMG_20180310_103641-768x342.jpg 768w, https:\/\/splitboarding.rs\/wp-content\/uploads\/2021\/12\/IMG_20180310_103641-1536x685.jpg 1536w, https:\/\/splitboarding.rs\/wp-content\/uploads\/2021\/12\/IMG_20180310_103641-2048x913.jpg 2048w\" sizes=\"auto, (max-width: 2560px) 100vw, 2560px\" \/><\/figure>\n\n\n\n<figure class=\"wp-block-image size-full\"><img loading=\"lazy\" decoding=\"async\" width=\"2560\" height=\"1280\" data-id=\"117\" src=\"https:\/\/splitboarding.rs\/wp-content\/uploads\/2021\/12\/IMG_20190208_130721-scaled.jpg\" alt=\"\" class=\"wp-image-117\" srcset=\"https:\/\/splitboarding.rs\/wp-content\/uploads\/2021\/12\/IMG_20190208_130721-scaled.jpg 2560w, https:\/\/splitboarding.rs\/wp-content\/uploads\/2021\/12\/IMG_20190208_130721-300x150.jpg 300w, https:\/\/splitboarding.rs\/wp-content\/uploads\/2021\/12\/IMG_20190208_130721-1024x512.jpg 1024w, https:\/\/splitboarding.rs\/wp-content\/uploads\/2021\/12\/IMG_20190208_130721-768x384.jpg 768w, https:\/\/splitboarding.rs\/wp-content\/uploads\/2021\/12\/IMG_20190208_130721-1536x768.jpg 1536w, https:\/\/splitboarding.rs\/wp-content\/uploads\/2021\/12\/IMG_20190208_130721-2048x1024.jpg 2048w\" sizes=\"auto, (max-width: 2560px) 100vw, 2560px\" \/><\/figure>\n\n\n\n<figure class=\"wp-block-image size-full\"><img loading=\"lazy\" decoding=\"async\" width=\"2560\" height=\"1267\" data-id=\"118\" src=\"https:\/\/splitboarding.rs\/wp-content\/uploads\/2021\/12\/IMG_20190208_132002-scaled.jpg\" alt=\"\" class=\"wp-image-118\" srcset=\"https:\/\/splitboarding.rs\/wp-content\/uploads\/2021\/12\/IMG_20190208_132002-scaled.jpg 2560w, https:\/\/splitboarding.rs\/wp-content\/uploads\/2021\/12\/IMG_20190208_132002-300x148.jpg 300w, https:\/\/splitboarding.rs\/wp-content\/uploads\/2021\/12\/IMG_20190208_132002-1024x507.jpg 1024w, https:\/\/splitboarding.rs\/wp-content\/uploads\/2021\/12\/IMG_20190208_132002-768x380.jpg 768w, https:\/\/splitboarding.rs\/wp-content\/uploads\/2021\/12\/IMG_20190208_132002-1536x760.jpg 1536w, https:\/\/splitboarding.rs\/wp-content\/uploads\/2021\/12\/IMG_20190208_132002-2048x1013.jpg 2048w\" sizes=\"auto, (max-width: 2560px) 100vw, 2560px\" \/><\/figure>\n\n\n\n<figure class=\"wp-block-image size-full\"><img loading=\"lazy\" decoding=\"async\" width=\"2560\" height=\"1307\" data-id=\"119\" src=\"https:\/\/splitboarding.rs\/wp-content\/uploads\/2021\/12\/IMG_20190208_132530-scaled.jpg\" alt=\"\" class=\"wp-image-119\" srcset=\"https:\/\/splitboarding.rs\/wp-content\/uploads\/2021\/12\/IMG_20190208_132530-scaled.jpg 2560w, https:\/\/splitboarding.rs\/wp-content\/uploads\/2021\/12\/IMG_20190208_132530-300x153.jpg 300w, https:\/\/splitboarding.rs\/wp-content\/uploads\/2021\/12\/IMG_20190208_132530-1024x523.jpg 1024w, https:\/\/splitboarding.rs\/wp-content\/uploads\/2021\/12\/IMG_20190208_132530-768x392.jpg 768w, https:\/\/splitboarding.rs\/wp-content\/uploads\/2021\/12\/IMG_20190208_132530-1536x784.jpg 1536w, https:\/\/splitboarding.rs\/wp-content\/uploads\/2021\/12\/IMG_20190208_132530-2048x1046.jpg 2048w\" sizes=\"auto, (max-width: 2560px) 100vw, 2560px\" \/><\/figure>\n<\/figure>\n\n\n\n<p>Na delu planine u Makedoniji, tako\u0111e postoji skijali\u0161te na Popovoj \u0160apki, koje je samo po sebi raj za frirajdere i turno skija\u0161e. U njegovoj blizini je i najvi\u0161a ta\u010dka planine, Titov vrh (2747 m).<\/p>\n\n\n\n<p>Ogromno prostransrvo \u0160ar planine, bogatstvo snegom i netaknuta priroda \u010dine da ova planina bude neiscrpno igrali\u0161te za ljubitelje skijanja.<\/p>\n\n\n\n<div style=\"height:64px\" aria-hidden=\"true\" class=\"wp-block-spacer\"><\/div>","protected":false},"excerpt":{"rendered":"<p>\u0160ar planina je planinski venac dug preko 80 km na krajnjem jugu Srbije, du\u017e granice sa Makedonijom. Povoljan geografski polo\u017eaj i relativno visoka nadmorska visina (brojni vrhovi preko 2000 m) doprinose velikim koli\u010dinama sne\u017enih padavina. Sneg se na severnim padinama i pojedinim kuloarima zadr\u017eava i do juna. Na \u0160ar planini postoji veliki broj terena pogodnih [&hellip;]<\/p>\n","protected":false},"author":1,"featured_media":119,"parent":126,"menu_order":1,"comment_status":"closed","ping_status":"closed","template":"","meta":{"_uag_custom_page_level_css":"","site-sidebar-layout":"default","site-content-layout":"","ast-site-content-layout":"default","site-content-style":"default","site-sidebar-style":"default","ast-global-header-display":"","ast-banner-title-visibility":"","ast-main-header-display":"","ast-hfb-above-header-display":"","ast-hfb-below-header-display":"","ast-hfb-mobile-header-display":"","site-post-title":"","ast-breadcrumbs-content":"","ast-featured-img":"disabled","footer-sml-layout":"","ast-disable-related-posts":"","theme-transparent-header-meta":"","adv-header-id-meta":"","stick-header-meta":"","header-above-stick-meta":"","header-main-stick-meta":"","header-below-stick-meta":"","astra-migrate-meta-layouts":"default","ast-page-background-enabled":"default","ast-page-background-meta":{"desktop":{"background-color":"var(--ast-global-color-4)","background-image":"","background-repeat":"repeat","background-position":"center center","background-size":"auto","background-attachment":"scroll","background-type":"","background-media":"","overlay-type":"","overlay-color":"","overlay-opacity":"","overlay-gradient":""},"tablet":{"background-color":"","background-image":"","background-repeat":"repeat","background-position":"center center","background-size":"auto","background-attachment":"scroll","background-type":"","background-media":"","overlay-type":"","overlay-color":"","overlay-opacity":"","overlay-gradient":""},"mobile":{"background-color":"","background-image":"","background-repeat":"repeat","background-position":"center center","background-size":"auto","background-attachment":"scroll","background-type":"","background-media":"","overlay-type":"","overlay-color":"","overlay-opacity":"","overlay-gradient":""}},"ast-content-background-meta":{"desktop":{"background-color":"var(--ast-global-color-5)","background-image":"","background-repeat":"repeat","background-position":"center center","background-size":"auto","background-attachment":"scroll","background-type":"","background-media":"","overlay-type":"","overlay-color":"","overlay-opacity":"","overlay-gradient":""},"tablet":{"background-color":"var(--ast-global-color-5)","background-image":"","background-repeat":"repeat","background-position":"center center","background-size":"auto","background-attachment":"scroll","background-type":"","background-media":"","overlay-type":"","overlay-color":"","overlay-opacity":"","overlay-gradient":""},"mobile":{"background-color":"var(--ast-global-color-5)","background-image":"","background-repeat":"repeat","background-position":"center center","background-size":"auto","background-attachment":"scroll","background-type":"","background-media":"","overlay-type":"","overlay-color":"","overlay-opacity":"","overlay-gradient":""}},"footnotes":""},"class_list":["post-115","page","type-page","status-publish","has-post-thumbnail","hentry"],"featured_image_src":"https:\/\/splitboarding.rs\/wp-content\/uploads\/2021\/12\/IMG_20190208_132530-scaled.jpg","yoast_head":"<!-- This site is optimized with the Yoast SEO plugin v27.4 - https:\/\/yoast.com\/product\/yoast-seo-wordpress\/ -->\n<title>\u0160ar planina - Splitboarding &amp; Skitouring<\/title>\n<meta name=\"description\" content=\"\u0160ar planina je planinski venac dug preko 80 km na krajnjem jugu Srbije, du\u017e granice sa Makedonijom. Povoljan geografski polo\u017eaj\" \/>\n<meta name=\"robots\" content=\"index, follow, max-snippet:-1, max-image-preview:large, max-video-preview:-1\" \/>\n<link rel=\"canonical\" href=\"https:\/\/splitboarding.rs\/en\/lokacije\/sar-planina\/\" \/>\n<meta property=\"og:locale\" content=\"en_US\" \/>\n<meta property=\"og:type\" content=\"article\" \/>\n<meta property=\"og:title\" content=\"\u0160ar planina - Splitboarding &amp; Skitouring\" \/>\n<meta property=\"og:description\" content=\"\u0160ar planina je planinski venac dug preko 80 km na krajnjem jugu Srbije, du\u017e granice sa Makedonijom. Povoljan geografski polo\u017eaj\" \/>\n<meta property=\"og:url\" content=\"https:\/\/splitboarding.rs\/en\/lokacije\/sar-planina\/\" \/>\n<meta property=\"og:site_name\" content=\"Splitboarding &amp; Skitouring\" \/>\n<meta property=\"article:publisher\" content=\"https:\/\/www.facebook.com\/skitouringsplitboardingBalkans\" \/>\n<meta property=\"article:modified_time\" content=\"2023-01-26T11:58:51+00:00\" \/>\n<meta property=\"og:image\" content=\"https:\/\/splitboarding.rs\/wp-content\/uploads\/2021\/12\/IMG_20190208_132530-scaled.jpg\" \/>\n\t<meta property=\"og:image:width\" content=\"2560\" \/>\n\t<meta property=\"og:image:height\" content=\"1307\" \/>\n\t<meta property=\"og:image:type\" content=\"image\/jpeg\" \/>\n<meta name=\"twitter:card\" content=\"summary_large_image\" \/>\n<meta name=\"twitter:title\" content=\"\u0160ar planina - Splitboarding &amp; Skitouring\" \/>\n<meta name=\"twitter:description\" content=\"\u0160ar planina je planinski venac dug preko 80 km na krajnjem jugu Srbije, du\u017e granice sa Makedonijom. Povoljan geografski polo\u017eaj\" \/>\n<meta name=\"twitter:image\" content=\"https:\/\/splitboarding.rs\/wp-content\/uploads\/2021\/12\/IMG_20190208_132530-scaled.jpg\" \/>\n<meta name=\"twitter:label1\" content=\"Est. reading time\" \/>\n\t<meta name=\"twitter:data1\" content=\"2 minutes\" \/>\n<script type=\"application\/ld+json\" class=\"yoast-schema-graph\">{\"@context\":\"https:\\\/\\\/schema.org\",\"@graph\":[{\"@type\":\"WebPage\",\"@id\":\"https:\\\/\\\/splitboarding.rs\\\/lokacije\\\/sar-planina\\\/\",\"url\":\"https:\\\/\\\/splitboarding.rs\\\/lokacije\\\/sar-planina\\\/\",\"name\":\"\u0160ar planina - Splitboarding &amp; Skitouring\",\"isPartOf\":{\"@id\":\"https:\\\/\\\/splitboarding.rs\\\/#website\"},\"primaryImageOfPage\":{\"@id\":\"https:\\\/\\\/splitboarding.rs\\\/lokacije\\\/sar-planina\\\/#primaryimage\"},\"image\":{\"@id\":\"https:\\\/\\\/splitboarding.rs\\\/lokacije\\\/sar-planina\\\/#primaryimage\"},\"thumbnailUrl\":\"https:\\\/\\\/splitboarding.rs\\\/wp-content\\\/uploads\\\/2021\\\/12\\\/IMG_20190208_132530-scaled.jpg\",\"datePublished\":\"2021-12-02T16:27:49+00:00\",\"dateModified\":\"2023-01-26T11:58:51+00:00\",\"description\":\"\u0160ar planina je planinski venac dug preko 80 km na krajnjem jugu Srbije, du\u017e granice sa Makedonijom. Povoljan geografski polo\u017eaj\",\"breadcrumb\":{\"@id\":\"https:\\\/\\\/splitboarding.rs\\\/lokacije\\\/sar-planina\\\/#breadcrumb\"},\"inLanguage\":\"en-US\",\"potentialAction\":[{\"@type\":\"ReadAction\",\"target\":[\"https:\\\/\\\/splitboarding.rs\\\/lokacije\\\/sar-planina\\\/\"]}]},{\"@type\":\"ImageObject\",\"inLanguage\":\"en-US\",\"@id\":\"https:\\\/\\\/splitboarding.rs\\\/lokacije\\\/sar-planina\\\/#primaryimage\",\"url\":\"https:\\\/\\\/splitboarding.rs\\\/wp-content\\\/uploads\\\/2021\\\/12\\\/IMG_20190208_132530-scaled.jpg\",\"contentUrl\":\"https:\\\/\\\/splitboarding.rs\\\/wp-content\\\/uploads\\\/2021\\\/12\\\/IMG_20190208_132530-scaled.jpg\",\"width\":2560,\"height\":1307},{\"@type\":\"BreadcrumbList\",\"@id\":\"https:\\\/\\\/splitboarding.rs\\\/lokacije\\\/sar-planina\\\/#breadcrumb\",\"itemListElement\":[{\"@type\":\"ListItem\",\"position\":1,\"name\":\"Home\",\"item\":\"https:\\\/\\\/splitboarding.rs\\\/\"},{\"@type\":\"ListItem\",\"position\":2,\"name\":\"Lokacije\",\"item\":\"https:\\\/\\\/splitboarding.rs\\\/lokacije\\\/\"},{\"@type\":\"ListItem\",\"position\":3,\"name\":\"\u0160ar planina\"}]},{\"@type\":\"WebSite\",\"@id\":\"https:\\\/\\\/splitboarding.rs\\\/#website\",\"url\":\"https:\\\/\\\/splitboarding.rs\\\/\",\"name\":\"Splitboarding & Skitouring\",\"description\":\"Tra\u017eite netaknute sne\u017ene padine Balkana, na pravom ste mestu!\",\"publisher\":{\"@id\":\"https:\\\/\\\/splitboarding.rs\\\/#organization\"},\"potentialAction\":[{\"@type\":\"SearchAction\",\"target\":{\"@type\":\"EntryPoint\",\"urlTemplate\":\"https:\\\/\\\/splitboarding.rs\\\/?s={search_term_string}\"},\"query-input\":{\"@type\":\"PropertyValueSpecification\",\"valueRequired\":true,\"valueName\":\"search_term_string\"}}],\"inLanguage\":\"en-US\"},{\"@type\":\"Organization\",\"@id\":\"https:\\\/\\\/splitboarding.rs\\\/#organization\",\"name\":\"Splitboarding & Skitouring\",\"url\":\"https:\\\/\\\/splitboarding.rs\\\/\",\"logo\":{\"@type\":\"ImageObject\",\"inLanguage\":\"en-US\",\"@id\":\"https:\\\/\\\/splitboarding.rs\\\/#\\\/schema\\\/logo\\\/image\\\/\",\"url\":\"https:\\\/\\\/splitboarding.rs\\\/wp-content\\\/uploads\\\/2023\\\/01\\\/logo_full.png\",\"contentUrl\":\"https:\\\/\\\/splitboarding.rs\\\/wp-content\\\/uploads\\\/2023\\\/01\\\/logo_full.png\",\"width\":1000,\"height\":250,\"caption\":\"Splitboarding & Skitouring\"},\"image\":{\"@id\":\"https:\\\/\\\/splitboarding.rs\\\/#\\\/schema\\\/logo\\\/image\\\/\"},\"sameAs\":[\"https:\\\/\\\/www.facebook.com\\\/skitouringsplitboardingBalkans\",\"https:\\\/\\\/www.instagram.com\\\/backcountry_balkans\\\/\"]}]}<\/script>\n<!-- \/ Yoast SEO plugin. -->","yoast_head_json":{"title":"\u0160ar planina - Splitboarding &amp; Skitouring","description":"\u0160ar planina je planinski venac dug preko 80 km na krajnjem jugu Srbije, du\u017e granice sa Makedonijom. Povoljan geografski polo\u017eaj","robots":{"index":"index","follow":"follow","max-snippet":"max-snippet:-1","max-image-preview":"max-image-preview:large","max-video-preview":"max-video-preview:-1"},"canonical":"https:\/\/splitboarding.rs\/en\/lokacije\/sar-planina\/","og_locale":"en_US","og_type":"article","og_title":"\u0160ar planina - Splitboarding &amp; Skitouring","og_description":"\u0160ar planina je planinski venac dug preko 80 km na krajnjem jugu Srbije, du\u017e granice sa Makedonijom. Povoljan geografski polo\u017eaj","og_url":"https:\/\/splitboarding.rs\/en\/lokacije\/sar-planina\/","og_site_name":"Splitboarding &amp; Skitouring","article_publisher":"https:\/\/www.facebook.com\/skitouringsplitboardingBalkans","article_modified_time":"2023-01-26T11:58:51+00:00","og_image":[{"width":2560,"height":1307,"url":"https:\/\/splitboarding.rs\/wp-content\/uploads\/2021\/12\/IMG_20190208_132530-scaled.jpg","type":"image\/jpeg"}],"twitter_card":"summary_large_image","twitter_title":"\u0160ar planina - Splitboarding &amp; Skitouring","twitter_description":"\u0160ar planina je planinski venac dug preko 80 km na krajnjem jugu Srbije, du\u017e granice sa Makedonijom. Povoljan geografski polo\u017eaj","twitter_image":"https:\/\/splitboarding.rs\/wp-content\/uploads\/2021\/12\/IMG_20190208_132530-scaled.jpg","twitter_misc":{"Est. reading time":"2 minutes"},"schema":{"@context":"https:\/\/schema.org","@graph":[{"@type":"WebPage","@id":"https:\/\/splitboarding.rs\/lokacije\/sar-planina\/","url":"https:\/\/splitboarding.rs\/lokacije\/sar-planina\/","name":"\u0160ar planina - Splitboarding &amp; Skitouring","isPartOf":{"@id":"https:\/\/splitboarding.rs\/#website"},"primaryImageOfPage":{"@id":"https:\/\/splitboarding.rs\/lokacije\/sar-planina\/#primaryimage"},"image":{"@id":"https:\/\/splitboarding.rs\/lokacije\/sar-planina\/#primaryimage"},"thumbnailUrl":"https:\/\/splitboarding.rs\/wp-content\/uploads\/2021\/12\/IMG_20190208_132530-scaled.jpg","datePublished":"2021-12-02T16:27:49+00:00","dateModified":"2023-01-26T11:58:51+00:00","description":"\u0160ar planina je planinski venac dug preko 80 km na krajnjem jugu Srbije, du\u017e granice sa Makedonijom. Povoljan geografski polo\u017eaj","breadcrumb":{"@id":"https:\/\/splitboarding.rs\/lokacije\/sar-planina\/#breadcrumb"},"inLanguage":"en-US","potentialAction":[{"@type":"ReadAction","target":["https:\/\/splitboarding.rs\/lokacije\/sar-planina\/"]}]},{"@type":"ImageObject","inLanguage":"en-US","@id":"https:\/\/splitboarding.rs\/lokacije\/sar-planina\/#primaryimage","url":"https:\/\/splitboarding.rs\/wp-content\/uploads\/2021\/12\/IMG_20190208_132530-scaled.jpg","contentUrl":"https:\/\/splitboarding.rs\/wp-content\/uploads\/2021\/12\/IMG_20190208_132530-scaled.jpg","width":2560,"height":1307},{"@type":"BreadcrumbList","@id":"https:\/\/splitboarding.rs\/lokacije\/sar-planina\/#breadcrumb","itemListElement":[{"@type":"ListItem","position":1,"name":"Home","item":"https:\/\/splitboarding.rs\/"},{"@type":"ListItem","position":2,"name":"Lokacije","item":"https:\/\/splitboarding.rs\/lokacije\/"},{"@type":"ListItem","position":3,"name":"\u0160ar planina"}]},{"@type":"WebSite","@id":"https:\/\/splitboarding.rs\/#website","url":"https:\/\/splitboarding.rs\/","name":"Splitboarding & Skitouring","description":"If you are looking for untouched snowy slopes of the Balkans, you are in the right place!","publisher":{"@id":"https:\/\/splitboarding.rs\/#organization"},"potentialAction":[{"@type":"SearchAction","target":{"@type":"EntryPoint","urlTemplate":"https:\/\/splitboarding.rs\/?s={search_term_string}"},"query-input":{"@type":"PropertyValueSpecification","valueRequired":true,"valueName":"search_term_string"}}],"inLanguage":"en-US"},{"@type":"Organization","@id":"https:\/\/splitboarding.rs\/#organization","name":"Splitboarding & Skitouring","url":"https:\/\/splitboarding.rs\/","logo":{"@type":"ImageObject","inLanguage":"en-US","@id":"https:\/\/splitboarding.rs\/#\/schema\/logo\/image\/","url":"https:\/\/splitboarding.rs\/wp-content\/uploads\/2023\/01\/logo_full.png","contentUrl":"https:\/\/splitboarding.rs\/wp-content\/uploads\/2023\/01\/logo_full.png","width":1000,"height":250,"caption":"Splitboarding & Skitouring"},"image":{"@id":"https:\/\/splitboarding.rs\/#\/schema\/logo\/image\/"},"sameAs":["https:\/\/www.facebook.com\/skitouringsplitboardingBalkans","https:\/\/www.instagram.com\/backcountry_balkans\/"]}]}},"uagb_featured_image_src":{"full":["https:\/\/splitboarding.rs\/wp-content\/uploads\/2021\/12\/IMG_20190208_132530-scaled.jpg",2560,1307,false],"thumbnail":["https:\/\/splitboarding.rs\/wp-content\/uploads\/2021\/12\/IMG_20190208_132530-150x150.jpg",150,150,true],"medium":["https:\/\/splitboarding.rs\/wp-content\/uploads\/2021\/12\/IMG_20190208_132530-300x153.jpg",300,153,true],"medium_large":["https:\/\/splitboarding.rs\/wp-content\/uploads\/2021\/12\/IMG_20190208_132530-768x392.jpg",768,392,true],"large":["https:\/\/splitboarding.rs\/wp-content\/uploads\/2021\/12\/IMG_20190208_132530-1024x523.jpg",1024,523,true],"1536x1536":["https:\/\/splitboarding.rs\/wp-content\/uploads\/2021\/12\/IMG_20190208_132530-1536x784.jpg",1536,784,true],"2048x2048":["https:\/\/splitboarding.rs\/wp-content\/uploads\/2021\/12\/IMG_20190208_132530-2048x1046.jpg",2048,1046,true],"trp-custom-language-flag":["https:\/\/splitboarding.rs\/wp-content\/uploads\/2021\/12\/IMG_20190208_132530-scaled.jpg",18,9,false]},"uagb_author_info":{"display_name":"splitboarding \/ skitouring","author_link":"http:\/\/splitboarding.rs\/en\/author\/splitboarding\/"},"uagb_comment_info":0,"uagb_excerpt":"\u0160ar planina je planinski venac dug preko 80 km na krajnjem jugu Srbije, du\u017e granice sa Makedonijom. Povoljan geografski polo\u017eaj i relativno visoka nadmorska visina (brojni vrhovi preko 2000 m) doprinose velikim koli\u010dinama sne\u017enih padavina. Sneg se na severnim padinama i pojedinim kuloarima zadr\u017eava i do juna. Na \u0160ar planini postoji veliki broj terena pogodnih&hellip;","_links":{"self":[{"href":"http:\/\/splitboarding.rs\/en\/wp-json\/wp\/v2\/pages\/115","targetHints":{"allow":["GET"]}}],"collection":[{"href":"http:\/\/splitboarding.rs\/en\/wp-json\/wp\/v2\/pages"}],"about":[{"href":"http:\/\/splitboarding.rs\/en\/wp-json\/wp\/v2\/types\/page"}],"author":[{"embeddable":true,"href":"http:\/\/splitboarding.rs\/en\/wp-json\/wp\/v2\/users\/1"}],"replies":[{"embeddable":true,"href":"http:\/\/splitboarding.rs\/en\/wp-json\/wp\/v2\/comments?post=115"}],"version-history":[{"count":10,"href":"http:\/\/splitboarding.rs\/en\/wp-json\/wp\/v2\/pages\/115\/revisions"}],"predecessor-version":[{"id":858,"href":"http:\/\/splitboarding.rs\/en\/wp-json\/wp\/v2\/pages\/115\/revisions\/858"}],"up":[{"embeddable":true,"href":"http:\/\/splitboarding.rs\/en\/wp-json\/wp\/v2\/pages\/126"}],"wp:featuredmedia":[{"embeddable":true,"href":"http:\/\/splitboarding.rs\/en\/wp-json\/wp\/v2\/media\/119"}],"wp:attachment":[{"href":"http:\/\/splitboarding.rs\/en\/wp-json\/wp\/v2\/media?parent=115"}],"curies":[{"name":"wp","href":"https:\/\/api.w.org\/{rel}","templated":true}]}}